{"id":10073,"date":"2018-04-06T10:40:58","date_gmt":"2018-04-06T07:40:58","guid":{"rendered":"https:\/\/riin.eu\/yhteystiedot\/tietosuojakaytanto\/"},"modified":"2025-05-21T10:47:42","modified_gmt":"2025-05-21T07:47:42","slug":"tietosuojakaytanto","status":"publish","type":"page","link":"https:\/\/riin.eu\/fi\/yhteystiedot\/tietosuojakaytanto\/","title":{"rendered":"Tietosuojak\u00e4yt\u00e4nt\u00f6"},"content":{"rendered":"<section id=\"section-5b15280e4a096\" class=\" fw-main-row-custom fw-main-row-top auto fw-section-position-back tf-sh-606054abfd9905c77006654d8f2f44a6 \">\n<div class=\"fw-container\">\n<div class=\"fw-row\">\n<div id=\"column-5b15280e4a30c\" class=\"fw-col-sm-12 tf-sh-18d03a419b7eaf90fe3a48841d24a179\">\n<div class=\"fw-wrap-col-inner clearfix \">\n<div class=\"fw-col-inner\">\n<div class=\"fw-divider-space space-md clearfix\"><span style=\"font-size: inherit; font-family: -apple-system, BlinkMacSystemFont, 'Segoe UI', Roboto, 'Helvetica Neue', Arial, 'Noto Sans', sans-serif, 'Apple Color Emoji', 'Segoe UI Emoji', 'Segoe UI Symbol', 'Noto Color Emoji';\">Voimassa 25.05.2018 alkaen<\/span><\/div>\n<\/div>\n<\/div>\n<\/div>\n<\/div>\n<div class=\"fw-row\">\n<div id=\"column-5b15280e4a7a1\" class=\"fw-col-sm-12 tf-sh-18d03a419b7eaf90fe3a48841d24a179\">\n<div class=\"fw-wrap-col-inner clearfix \">\n<div class=\"fw-col-inner\">\n<div class=\"fw-text-box tf-sh-ac524de5f9b620bc72281ce4f783fdc8 \">\n<div class=\"fw-text-inner\">\n<p>T\u00e4m\u00e4 tietosuojak\u00e4yt\u00e4nt\u00f6 koskee henkil\u00f6tietojen k\u00e4sittely\u00e4 ja ev\u00e4steiden k\u00e4ytt\u00f6\u00e4 RA Meedia O\u00dc:n (j\u00e4ljemp\u00e4n\u00e4 RA Meedia O\u00dc tai riin.eu) verkkosivustolla https:\/\/riin.eu (j\u00e4ljemp\u00e4n\u00e4 verkkosivusto).<\/p>\n<p>Lue tietosuojak\u00e4yt\u00e4nt\u00f6 huolellisesti, jotta ymm\u00e4rr\u00e4t, miten voimme k\u00e4sitell\u00e4 tietojasi.<\/p>\n<p>RA Media O\u00dc:n verkkosivusto osoitteessa https:\/\/riin.eu on suunniteltu suojaamaan asiakkaidemme ja k\u00e4ytt\u00e4jien yksityisyytt\u00e4. T\u00e4ss\u00e4 tietosuojak\u00e4yt\u00e4nn\u00f6ss\u00e4 esitell\u00e4\u00e4n k\u00e4yt\u00e4nt\u00f6mme tietojen ker\u00e4\u00e4misen ja k\u00e4yt\u00f6n osalta. RA Media O\u00dc pid\u00e4tt\u00e4\u00e4 oikeuden muuttaa t\u00e4t\u00e4 tietosuojak\u00e4yt\u00e4nt\u00f6\u00e4 yksipuolisesti ja ilman ennakkoilmoitusta varmistaakseen lain noudattamisen. Tietosuojak\u00e4yt\u00e4nn\u00f6n uusin versio on aina saatavilla verkkosivustolla.   <\/p>\n<h3><strong>M\u00c4\u00c4RITELM\u00c4T<\/strong><\/h3>\n<p><strong>Henkil\u00f6tietojen k\u00e4sittely<\/strong> on mit\u00e4 tahansa verkkosivuston k\u00e4ytt\u00e4j\u00e4n (j\u00e4ljemp\u00e4n\u00e4 &#8217; <em>k\u00e4ytt\u00e4j\u00e4<\/em>&#8217;) henkil\u00f6tietojen ker\u00e4\u00e4mist\u00e4, k\u00e4sittely\u00e4, tallentamista, korjaamista tai poistamista.<\/p>\n<p><strong>K\u00e4ytt\u00e4ji\u00e4<\/strong> ovat kaikki henkil\u00f6t, jotka vierailevat verkkosivustolla, k\u00e4ytt\u00e4v\u00e4t palveluja tai antavat tietoja RA Meedia O\u00dc:lle. Esimerkiksi lukemalla artikkeleita, tilaamalla palveluja tai ottamalla yhteytt\u00e4 RA Meedia O\u00dc:hen s\u00e4hk\u00f6postitse ja tililomakkeella. <\/p>\n<p><strong>Palvelut<\/strong> ovat kaikki RA Media O\u00dc:n tarjoamat ilmaiset ja maksulliset tuotteet ja palvelut, mukaan lukien e-kirjat, videokoulutukset, video-oppaat jne.<\/p>\n<h3>HENKIL\u00d6TIETOJEN K\u00c4SITTELY<\/h3>\n<p>K\u00e4ytt\u00e4m\u00e4ll\u00e4 verkkosivustoa k\u00e4ytt\u00e4j\u00e4 antaa suostumuksensa tietojensa k\u00e4sittelyyn n\u00e4iden tietosuojak\u00e4yt\u00e4nt\u00f6jen mukaisesti.<\/p>\n<p>RA Meedia O\u00dc ker\u00e4\u00e4 seuraavia k\u00e4ytt\u00e4jien henkil\u00f6tietoja verkkosivuston kautta alla kuvatuilla tavoilla:<\/p>\n<ul>\n<li><strong>k\u00e4ytt\u00e4j\u00e4n s\u00e4hk\u00f6postiosoite<\/strong> \u2013 kun k\u00e4ytt\u00e4j\u00e4 tilaa postituslistan tai l\u00e4hett\u00e4\u00e4 s\u00e4hk\u00f6postia;<\/li>\n<li><strong>k\u00e4ytt\u00e4j\u00e4n nimi ja s\u00e4hk\u00f6postiosoite <\/strong>\u2013 kun k\u00e4ytt\u00e4j\u00e4 l\u00e4hett\u00e4\u00e4 yhteydenottolomakkeen;<\/li>\n<li><strong>verkkosivuston liikennetilastot<\/strong> \u2013 Google Analyticsin ja Facebook Pixel -palvelun avulla.<\/li>\n<\/ul>\n<h3>HENKIL\u00d6TIETOJEN K\u00c4YTT\u00d6<\/h3>\n<p>RA Media O\u00dc k\u00e4ytt\u00e4\u00e4 henkil\u00f6tietoja:<\/p>\n<ul>\n<li><strong>palvelun tarjoaminen<\/strong> k\u00e4ytt\u00e4j\u00e4lle, kuten sopimuksen tekeminen ja toteuttaminen, yhteydenpito k\u00e4ytt\u00e4j\u00e4\u00e4n, laskutus k\u00e4ytt\u00e4j\u00e4lt\u00e4;<\/li>\n<li><strong>l\u00e4hett\u00e4\u00e4<\/strong> k\u00e4ytt\u00e4j\u00e4n s\u00e4hk\u00f6postiosoitteeseen <strong>ilmoituksia<\/strong> uusista artikkeleista, palveluista ja kampanjoista, mutta vain k\u00e4ytt\u00e4j\u00e4n etuk\u00e4teen antamalla suostumuksella.<\/li>\n<\/ul>\n<p>RA Media k\u00e4ytt\u00e4\u00e4 verkkosivuston liikennetilastoja <strong>parantaakseen <\/strong>verkkosivuston <strong>k\u00e4ytt\u00e4j\u00e4kokemusta <\/strong>ja <strong>tehostaakseen markkinointia.<\/strong><\/p>\n<p>K\u00e4ytt\u00e4j\u00e4ll\u00e4 on milloin tahansa oikeus vastustaa henkil\u00f6tietojensa k\u00e4sittely\u00e4, paitsi jos se on tarpeen sopimusvaatimuksen t\u00e4ytt\u00e4miseksi, mukaan lukien palvelun tarjoaminen.<\/p>\n<h3><strong>HENKIL\u00d6TIETOJEN SIIRTO KOLMANSILLE OSAPUOLILLE  <\/strong><\/h3>\n<p><strong>Kolmas osapuoli<\/strong> on RA Media LLC:n sopimuskumppani, joka k\u00e4sittelee henkil\u00f6tietoja ja jonka tuotteen tai palvelun kautta RA Media LLC tarjoaa palveluja k\u00e4ytt\u00e4j\u00e4lle.<\/p>\n<p>RA Media O\u00dc k\u00e4ytt\u00e4\u00e4 p\u00e4ivitt\u00e4isess\u00e4 toiminnassaan kolmansia osapuolia, jotka tarjoavat:<\/p>\n<ul>\n<li>s\u00e4hk\u00f6postin v\u00e4litys- ja hallintaj\u00e4rjestelm\u00e4,<\/li>\n<li>verkkosivuston majoitus,<\/li>\n<li>verkkosivuston k\u00e4ytt\u00f6tilastojen analysointi;<\/li>\n<li>sosiaalisen median k\u00e4ytt\u00f6 ja sosiaalisen median tilastojen analysointi,<\/li>\n<li>kirjanpito-ohjelmiston k\u00e4ytt\u00f6.<\/li>\n<li>yhteisty\u00f6kumppanille siin\u00e4 m\u00e4\u00e4rin kuin on tarpeen palvelun tarjoamiseksi k\u00e4ytt\u00e4j\u00e4lle.<\/li>\n<\/ul>\n<p>Edell\u00e4 mainittujen lis\u00e4ksi RA Media O\u00dc luovuttaa k\u00e4ytt\u00e4j\u00e4tietoja valtuutetuille viranomaisille, lainvalvontaviranomaisille ja tuomioistuimille. Lis\u00e4ksi voimme jakaa tietoja tutkiaksemme, est\u00e4\u00e4kseen tai ryhty\u00e4ksemme toimiin laittoman toiminnan tai petosep\u00e4ilyjen osalta. <\/p>\n<h3><strong>HENKIL\u00d6TIETOJEN S\u00c4ILYTYS JA TURVALLISUUS<\/strong><\/h3>\n<p>RA Media O\u00dc s\u00e4ilytt\u00e4\u00e4 henkil\u00f6tietoja niin kauan kuin se on tarpeen sit\u00e4 tarkoitusta varten, johon ne on ker\u00e4tty, tai niin kauan kuin laki sit\u00e4 vaatii. Esim: <\/p>\n<ul>\n<li>kirjanpitoaineisto s\u00e4ilytet\u00e4\u00e4n 7 vuotta tilikauden p\u00e4\u00e4ttymisest\u00e4.<\/li>\n<li>s\u00e4hk\u00f6postiosoite postituslistalla, kunnes k\u00e4ytt\u00e4j\u00e4 pyyt\u00e4\u00e4 sen poistamista postituslistalta.<\/li>\n<li>yhteydenottolomakkeella l\u00e4hetetyt tiedot, kunnes k\u00e4ytt\u00e4j\u00e4 on saanut vastauksen.<\/li>\n<\/ul>\n<p>RA Meedia O\u00dc toteuttaa kaikki kohtuulliset toimenpiteet k\u00e4sittelemiemme henkil\u00f6tietojen suojaamiseksi. P\u00e4\u00e4sy henkil\u00f6tietojen muuttamiseen ja k\u00e4sittelyyn on rajoitettu vain valtuutetuille henkil\u00f6ille, ja kaikkien k\u00e4ytt\u00e4jien henkil\u00f6tietoja k\u00e4sitell\u00e4\u00e4n luottamuksellisina tietoina. <\/p>\n<p>Jos napsautat verkkosivustollamme olevaa linkki\u00e4, joka ohjaa sinut riin.eu-sivustolta kolmannen osapuolen organisaation tai yrityksen verkkosivustolle, vaikka verkkosivustojen v\u00e4lill\u00e4 olisikin linkki, RA Media LLC:ll\u00e4 ei ole m\u00e4\u00e4r\u00e4ysvaltaa kolmannen osapuolen verkkosivustoon eik\u00e4 se ole vastuussa kolmannen osapuolen toimista. Kun siirryt verkkosivustoltamme kolmannen osapuolen verkkosivustolle, sinun on syyt\u00e4 lukea kyseisen sivuston tietosuojak\u00e4yt\u00e4nt\u00f6 erikseen ennen tietojen jakamista. <\/p>\n<h3><strong>K\u00c4YTT\u00c4J\u00c4N OIKEUDET<\/strong><\/h3>\n<p>K\u00e4ytt\u00e4j\u00e4ll\u00e4 on oikeus milloin tahansa:<\/p>\n<ul>\n<li>pyyt\u00e4\u00e4 p\u00e4\u00e4sy\u00e4 tietoihinsa;<\/li>\n<li>pyyt\u00e4\u00e4 henkil\u00f6tietojen korjaamista, t\u00e4ydent\u00e4mist\u00e4 tai poistamista laissa s\u00e4\u00e4detyin edellytyksin;<\/li>\n<li>pyyt\u00e4\u00e4 henkil\u00f6tietojen k\u00e4sittelyn rajoittamista;<\/li>\n<li>pyyt\u00e4\u00e4 henkil\u00f6tietojen siirtoa.<\/li>\n<\/ul>\n<p>K\u00e4ytt\u00e4jien on oikeuksiensa k\u00e4ytt\u00e4miseksi l\u00e4hetett\u00e4v\u00e4 t\u00e4t\u00e4 koskeva pyynt\u00f6 osoitteeseen kirjuta@riin.eu.<\/p>\n<p>Jos k\u00e4ytt\u00e4j\u00e4 on RA Meedia O\u00dc:n postituslistan j\u00e4sen, h\u00e4n voi poistaa itsens\u00e4 postituslistalta ja peruuttaa tilauksensa uusista s\u00e4hk\u00f6posteista s\u00e4hk\u00f6postin lopussa olevan linkin kautta.<\/p>\n<p>K\u00e4ytt\u00e4j\u00e4 voi <strong>rajoittaa ev\u00e4steiden<\/strong> k\u00e4ytt\u00f6\u00e4 asettamalla selaimensa asetuksiin asianmukaiset vaihtoehdot.<\/p>\n<p>Jos k\u00e4ytt\u00e4j\u00e4 katsoo, ett\u00e4 h\u00e4nen oikeuksiaan on loukattu henkil\u00f6tietojen k\u00e4sittelyss\u00e4, h\u00e4nell\u00e4 on oikeus ottaa yhteytt\u00e4 tietosuojavaltuutettuun.<\/p>\n<h3><strong>MISSIONS<\/strong><\/h3>\n<p>Riin.eu-sivusto k\u00e4ytt\u00e4\u00e4 ev\u00e4steit\u00e4 tarjotakseen sinulle paremman k\u00e4ytt\u00f6kokemuksen, parantaakseen markkinointia ja ker\u00e4t\u00e4kseen k\u00e4ytt\u00f6tilastoja.<\/p>\n<p>K\u00e4ytt\u00e4m\u00e4ll\u00e4 riin.eu-sivustoa k\u00e4ytt\u00e4j\u00e4 hyv\u00e4ksyy ev\u00e4steiden k\u00e4yt\u00f6n t\u00e4ss\u00e4 politiikassa kuvatulla tavalla.<\/p>\n<p><strong>Ev\u00e4ste<\/strong> on pieni tekstitiedosto, jonka verkkoselain tallentaa automaattisesti k\u00e4ytt\u00e4j\u00e4n k\u00e4ytt\u00e4m\u00e4\u00e4n laitteeseen. Ev\u00e4steit\u00e4 voivat luoda eri palveluntarjoajat, kuten Google ja Facebook. Ev\u00e4stetiedostot eiv\u00e4t ole vaarallisia tietokoneellesi.  <\/p>\n<p>Ev\u00e4steit\u00e4 on kahdenlaisia:<\/p>\n<p style=\"padding-left: 30px;\"><strong>Pysyv\u00e4t ev\u00e4steet<\/strong>, jotka j\u00e4\u00e4v\u00e4t pysyv\u00e4sti k\u00e4ytt\u00e4j\u00e4n tietokoneen ev\u00e4stetiedostoon. Niit\u00e4 voidaan k\u00e4ytt\u00e4\u00e4 esimerkiksi tunnistamaan k\u00e4ytt\u00e4j\u00e4 toistuvaksi k\u00e4vij\u00e4ksi verkkosivustolla ja mukauttamaan verkkosivuston sis\u00e4lt\u00f6\u00e4 k\u00e4ytt\u00e4j\u00e4n tarpeisiin tai ker\u00e4\u00e4m\u00e4\u00e4n tilastotietoja. <\/p>\n<p style=\"padding-left: 30px;\"><strong>Istuntoev\u00e4steet<\/strong> ovat tilap\u00e4isi\u00e4 ja h\u00e4vi\u00e4v\u00e4t, kun k\u00e4ytt\u00e4j\u00e4 poistuu verkkosivustolta tai sulkee selaimensa. Istuntoev\u00e4steiden avulla voidaan mahdollistaa tietyt verkkosivuston ominaisuudet, kuten palvelun tai tuotteen pyyt\u00e4minen jne. <\/p>\n<p>Ev\u00e4steiden avulla ker\u00e4t\u00e4\u00e4n tietoa siit\u00e4, miten verkkosivustoa k\u00e4ytet\u00e4\u00e4n, jotta siit\u00e4 voidaan tehd\u00e4 henkil\u00f6kohtaisempi ja k\u00e4ytt\u00e4j\u00e4yst\u00e4v\u00e4llisempi k\u00e4ytt\u00e4jille. Lis\u00e4ksi ev\u00e4steet auttavat ker\u00e4\u00e4m\u00e4\u00e4n k\u00e4ytt\u00e4j\u00e4aikaisia tilastoja, joita voidaan k\u00e4ytt\u00e4\u00e4 verkkosivuston suorituskyvyn mittaamiseen ja parantamiseen ja jotka tarjoavat perustiedot tehokkaiden markkinointitoimien toteuttamiseksi. <\/p>\n<p>K\u00e4ytt\u00e4j\u00e4n katsotaan hyv\u00e4ksyneen ev\u00e4steet, jos ev\u00e4steet on otettu k\u00e4ytt\u00f6\u00f6n h\u00e4nen selaimensa asetuksissa. Monissa tapauksissa selaimet sallivat ev\u00e4steiden tallentamisen laitteeseen oletusarvoisesti. <\/p>\n<p>K\u00e4ytt\u00e4jill\u00e4 on oikeus kielt\u00e4\u00e4 ev\u00e4steiden tallentaminen tietokoneelleen. Jos haluat tehd\u00e4 niin, sinun on muutettava selaimesi asetuksia. <\/p>\n<p>Oppaita suosituimpien verkkoselaimien k\u00e4ytt\u00f6\u00f6notosta:<\/p>\n<p style=\"padding-left: 30px;\"><a href=\"http:\/\/support.microsoft.com\/kb\/278835\" target=\"_blank\" rel=\"noopener noreferrer\">Internet Explorer<\/a><\/p>\n<p style=\"padding-left: 30px;\"><a href=\"https:\/\/support.google.com\/chrome\/answer\/95647?hl=en\" target=\"_blank\" rel=\"noopener noreferrer\">Crome<\/a><\/p>\n<p style=\"padding-left: 30px;\"><a href=\"http:\/\/support.mozilla.org\/en-US\/kb\/Clear%20Recent%20History\" target=\"_blank\" rel=\"noopener noreferrer\">Firefox<\/a><\/p>\n<p style=\"padding-left: 30px;\"><a href=\"http:\/\/www.opera.com\/browser\/tutorials\/security\/privacy\" target=\"_blank\" rel=\"noopener noreferrer\">Opera<\/a><\/p>\n<p style=\"padding-left: 30px;\"><a href=\"https:\/\/support.apple.com\/guide\/safari\/manage-cookies-and-website-data-sfri11471\/mac\" target=\"_blank\" rel=\"noopener noreferrer\">Safari<\/a><\/p>\n<p>Jos k\u00e4ytt\u00e4j\u00e4 est\u00e4\u00e4 ev\u00e4steiden k\u00e4yt\u00f6n, h\u00e4nen tulee olla tietoinen siit\u00e4, ett\u00e4 kaikki verkkosivuston toiminnot ja j\u00e4rjest\u00e4m\u00e4mme kampanjat eiv\u00e4t v\u00e4ltt\u00e4m\u00e4tt\u00e4 ole en\u00e4\u00e4 k\u00e4ytt\u00e4j\u00e4n k\u00e4ytett\u00e4viss\u00e4.<\/p>\n<p>K\u00e4ytt\u00f6tilastojen ker\u00e4\u00e4miseksi RA Media O\u00dc k\u00e4ytt\u00e4\u00e4 Google Analyticsia ker\u00e4t\u00e4kseen tietoja vierailuista alasivuille, vierailuajasta, vierailujen m\u00e4\u00e4r\u00e4st\u00e4, k\u00e4ytetyist\u00e4 laitteista, saapumiskanavista ja muista tilastoista.<\/p>\n<p>Google Analytics voi kuitenkin ker\u00e4t\u00e4 tietoja k\u00e4ytt\u00e4j\u00e4n toiminnasta my\u00f6s ilman ev\u00e4stetiedostoja. Est\u00e4\u00e4kseen Google Analyticsia k\u00e4ytt\u00e4m\u00e4st\u00e4 tietoja k\u00e4ytt\u00e4j\u00e4 voi asentaa laitteeseensa Google Analyticsin <a href=\"https:\/\/tools.google.com\/dlpage\/gaoptout?hl=en\" target=\"_blank\" rel=\"noopener\">kieltosovelluksen<\/a>. <\/p>\n<p>L\u00f6yd\u00e4t lis\u00e4tietoja <a href=\"https:\/\/www.facebook.com\/ads\/about\/\" target=\"_blank\" rel=\"noopener\">Facebook-mainoksista<\/a> ja <a href=\"https:\/\/www.facebook.com\/business\/a\/facebook-pixel-tracking-benefits\" target=\"_blank\" rel=\"noopener\">Facebook Pixelist\u00e4<\/a> alla olevien linkkien kautta.<\/p>\n<h3><strong>YKSITYISYYDEN SUOJAA KOSKEVIIN EHTOIHIN TEHDYT MUUTOKSET<\/strong><\/h3>\n<p>RA Media LLC pid\u00e4tt\u00e4\u00e4 oikeuden muuttaa tietosuojaselostetta yksipuolisesti ja ilman ennakkoilmoitusta lain noudattamisen varmistamiseksi. Tietosuojak\u00e4yt\u00e4nn\u00f6n uusin versio on aina saatavilla verkkosivustolla. <\/p>\n<p>Jos sinulla on kysytt\u00e4v\u00e4\u00e4 tietosuojak\u00e4yt\u00e4nn\u00f6st\u00e4mme ja tietojenk\u00e4sittelyst\u00e4, ota meihin yhteytt\u00e4 osoitteessa <a href=\"mailto:kirjuta@riin.eu\">kirjuta@riin.eu.<\/a><\/p>\n<h3>TEKIJ\u00c4NOIKEUDET<\/h3>\n<p>Ellei toisin mainita, t\u00e4m\u00e4n verkkosivuston kaiken sis\u00e4ll\u00f6n tekij\u00e4noikeuden haltija on RA Media O\u00dc. T\u00e4m\u00e4 tarkoittaa, ett\u00e4 sis\u00e4ll\u00f6n k\u00e4ytt\u00f6 miss\u00e4 tahansa muodossa (my\u00f6s osittain) on sallittua vain RA Meedia O\u00dc:n luvalla. <\/p>\n<p>Jokaiseen kappaleeseen on liitett\u00e4v\u00e4 linkki t\u00e4lle verkkosivustolle.<\/p>\n<p><strong>Vastaamme mielell\u00e4mme kaikkiin tietosuojaperiaatteitamme ja tietojenk\u00e4sittely\u00e4 koskeviin lis\u00e4kysymyksiin, ja ota meihin yhteytt\u00e4 osoitteessa kirjuta@riin.eu.<\/strong><\/p>\n<p><strong> <\/strong><\/p>\n<\/div>\n<\/div>\n<\/div>\n<\/div>\n<\/div>\n<\/div>\n<\/div>\n<\/section>\n<p><!-- 4a6127221652332eaf8e34978e1d9b31 --><\/p>\n","protected":false},"excerpt":{"rendered":"<p>Voimassa 25.05.2018 alkaen T\u00e4m\u00e4 tietosuojak\u00e4yt\u00e4nt\u00f6 koskee henkil\u00f6tietojen k\u00e4sittely\u00e4 ja ev\u00e4steiden k\u00e4ytt\u00f6\u00e4 RA Meedia O\u00dc:n (j\u00e4ljemp\u00e4n\u00e4 RA Meedia O\u00dc tai riin.eu) verkkosivustolla https:\/\/riin.eu (j\u00e4ljemp\u00e4n\u00e4 verkkosivusto). Lue tietosuojak\u00e4yt\u00e4nt\u00f6 huolellisesti, jotta ymm\u00e4rr\u00e4t, miten voimme k\u00e4sitell\u00e4 tietojasi. RA Media O\u00dc:n verkkosivusto osoitteessa https:\/\/riin.eu on suunniteltu suojaamaan asiakkaidemme ja k\u00e4ytt\u00e4jien yksityisyytt\u00e4. T\u00e4ss\u00e4 tietosuojak\u00e4yt\u00e4nn\u00f6ss\u00e4 esitell\u00e4\u00e4n k\u00e4yt\u00e4nt\u00f6mme tietojen ker\u00e4\u00e4misen ja k\u00e4yt\u00f6n osalta. [&hellip;]<\/p>\n","protected":false},"author":1,"featured_media":0,"parent":10037,"menu_order":0,"comment_status":"closed","ping_status":"closed","template":"","meta":{"footnotes":""},"class_list":["post-10073","page","type-page","status-publish","hentry"],"astra-portfolio-type":null,"astra-site-call-to-action":null,"_links":{"self":[{"href":"https:\/\/riin.eu\/fi\/wp-json\/wp\/v2\/pages\/10073","targetHints":{"allow":["GET"]}}],"collection":[{"href":"https:\/\/riin.eu\/fi\/wp-json\/wp\/v2\/pages"}],"about":[{"href":"https:\/\/riin.eu\/fi\/wp-json\/wp\/v2\/types\/page"}],"author":[{"embeddable":true,"href":"https:\/\/riin.eu\/fi\/wp-json\/wp\/v2\/users\/1"}],"replies":[{"embeddable":true,"href":"https:\/\/riin.eu\/fi\/wp-json\/wp\/v2\/comments?post=10073"}],"version-history":[{"count":1,"href":"https:\/\/riin.eu\/fi\/wp-json\/wp\/v2\/pages\/10073\/revisions"}],"predecessor-version":[{"id":10523,"href":"https:\/\/riin.eu\/fi\/wp-json\/wp\/v2\/pages\/10073\/revisions\/10523"}],"up":[{"embeddable":true,"href":"https:\/\/riin.eu\/fi\/wp-json\/wp\/v2\/pages\/10037"}],"wp:attachment":[{"href":"https:\/\/riin.eu\/fi\/wp-json\/wp\/v2\/media?parent=10073"}],"curies":[{"name":"wp","href":"https:\/\/api.w.org\/{rel}","templated":true}]}}