{"id":10066,"date":"2024-01-28T22:58:51","date_gmt":"2024-01-28T20:58:51","guid":{"rendered":"https:\/\/riin.eu\/kuukausittaisen-verkkosivuston-tilaamisen-ehdot-ja-edellytykset\/"},"modified":"2025-10-20T09:24:13","modified_gmt":"2025-10-20T06:24:13","slug":"kuukausittaisen-verkkosivuston-tilaamisen-ehdot-ja-edellytykset","status":"publish","type":"page","link":"https:\/\/riin.eu\/fi\/kuukausittaisen-verkkosivuston-tilaamisen-ehdot-ja-edellytykset\/","title":{"rendered":"Kuukausittaisen verkkosivuston tilaamisen ehdot ja edellytykset"},"content":{"rendered":"\t\t<div data-elementor-type=\"wp-page\" data-elementor-id=\"10066\" class=\"elementor elementor-10066 elementor-6611\" data-elementor-post-type=\"page\">\n\t\t\t\t\t\t<section class=\"elementor-section elementor-top-section elementor-element elementor-element-bf3d814 elementor-section-boxed elementor-section-height-default elementor-section-height-default\" data-id=\"bf3d814\" data-element_type=\"section\" data-e-type=\"section\">\n\t\t\t\t\t\t<div class=\"elementor-container elementor-column-gap-default\">\n\t\t\t\t\t<div class=\"elementor-column elementor-col-100 elementor-top-column elementor-element elementor-element-e1b4b68\" data-id=\"e1b4b68\" data-element_type=\"column\" data-e-type=\"column\">\n\t\t\t<div class=\"elementor-widget-wrap elementor-element-populated\">\n\t\t\t\t\t\t<div class=\"elementor-element elementor-element-58d39e0 elementor-widget elementor-widget-text-editor\" data-id=\"58d39e0\" data-element_type=\"widget\" data-e-type=\"widget\" data-widget_type=\"text-editor.default\">\n\t\t\t\t<div class=\"elementor-widget-container\">\n\t\t\t\t\t\t\t\t\t<ol>\n<li><span data-contrast=\"auto\">Maksullisessa verkkosivustopalvelussa maksat verkkosivuston luomisesta ja julkaisemisesta kuukausimaksun paketissa m\u00e4\u00e4ritellyn ajanjakson ajan.&nbsp;<\/span><span data-ccp-props=\"{\"134233118\":false,\"335559739\":200}\">&nbsp;<\/span><\/li>\n<li><span data-contrast=\"auto\">Kuukausimaksuun sis\u00e4ltyv\u00e4t palvelut (ja poissuljetut palvelut) riippuvat valitsemastasi paketista. Pakettivalikoima julkaistaan RA Median verkkosivuilla. Kiinnit\u00e4 huomiota paketin ulkopuolella saatavilla oleviin lis\u00e4palveluihin ja niist\u00e4 aiheutuviin lis\u00e4kustannuksiin.  &nbsp;<\/span><span data-ccp-props=\"{\"134233118\":false,\"335559739\":200}\">&nbsp;<\/span><\/li>\n<li><span data-contrast=\"auto\">Kun olet valinnut itsellesi sopivan paketin ja l\u00e4hett\u00e4nyt tilauksesi, sinut ohjataan maksamaan <b>ensimm\u00e4inen er\u00e4 maksulinkin kautta.<\/b>&nbsp;<\/span><span data-ccp-props=\"{\"134233118\":false,\"335559739\":200}\">&nbsp;<br><\/span><b style=\"background-color: transparent;\"><span data-contrast=\"auto\">NB<\/span><\/b><span style=\"background-color: transparent;\" data-contrast=\"auto\"> Tilaamalla paketin ja maksamalla ensimm\u00e4isen laskun hyv\u00e4ksyt palvelun ehdot ja sitoudut maksamaan paketin kuukausimaksun paketin p\u00e4\u00e4ttymiseen saakka riippumatta siit\u00e4, k\u00e4yt\u00e4tk\u00f6 paketin tarjoamaa palvelua koko paketin voimassaoloaikana ja miss\u00e4 m\u00e4\u00e4rin. <\/span><span style=\"background-color: transparent;\" data-ccp-props=\"{\"134233118\":false,\"335559685\":720,\"335559739\":200,\"335559991\":0}\">&nbsp;<br><\/span><b style=\"background-color: transparent;\"><span data-contrast=\"auto\">NB<\/span><\/b><span style=\"background-color: transparent;\" data-contrast=\"auto\"> Verkkosivuston luominen ja julkaiseminen on henkil\u00f6kohtainen palvelu, joten et voi peruuttaa tilaustasi tai peruuttaa pakettisi ennenaikaisesti. <\/span><span style=\"background-color: transparent;\" data-ccp-props=\"{\"134233117\":false,\"134233118\":false,\"201341983\":0,\"335551550\":1,\"335551620\":1,\"335559685\":720,\"335559731\":0,\"335559737\":0,\"335559738\":0,\"335559739\":200,\"335559740\":259}\">&nbsp;<\/span><\/li>\n<li><span data-contrast=\"auto\">Palvelun alkamisp\u00e4iv\u00e4 on ensimm\u00e4isen laskun maksup\u00e4iv\u00e4, ja paketti on voimassa seuraavat 12 kuukautta. Seuraavat 11 laskua l\u00e4hetet\u00e4\u00e4n sinulle kuukausittain paketin aloitusp\u00e4iv\u00e4n\u00e4, ja maksuaikaa on 7 p\u00e4iv\u00e4\u00e4. <\/span><span data-ccp-props=\"{\"134233118\":false,\"335559739\":200}\">&nbsp;<br><\/span>Esimerkki: maksoit ensimm\u00e4isen laskun 15.03. Seuraavat laskut l\u00e4hetet\u00e4\u00e4n 15.04, 15.05 &#8230;. aina viimeiseen laskuun 15.02. seuraavana vuonna sen vuoden j\u00e4lkeen, jona tilasit palvelun.  &nbsp;<span style=\"background-color: transparent;\" data-ccp-props=\"{\"134233118\":false,\"335559685\":720,\"335559739\":200,\"335559991\":720}\">&nbsp;<\/span><\/li>\n<li><span data-contrast=\"auto\">Kolmen ty\u00f6p\u00e4iv\u00e4n kuluessa maksusta annan sinulle p\u00e4\u00e4syn itsepalveluymp\u00e4rist\u00f6\u00f6n tietojen vaihtoa varten.  <br>Jos tilaukseen sis\u00e4ltyy verkkotunnuksen rekister\u00f6inti ja s\u00e4hk\u00f6postin m\u00e4\u00e4ritys, tarjoan n\u00e4m\u00e4 itsepalvelupalvelun kautta.&nbsp;<\/span><span data-ccp-props=\"{\"134233117\":false,\"134233118\":false,\"201341983\":0,\"335551550\":1,\"335551620\":1,\"335559685\":720,\"335559737\":0,\"335559738\":0,\"335559739\":200,\"335559740\":259,\"335559991\":360}\">&nbsp;<\/span><\/li>\n<li><span data-contrast=\"auto\">Jos et maksa palvelua koskevaa laskua ajoissa paketin voimassaoloaikana etk\u00e4 maksa maksua edes muistutuksen l\u00e4hett\u00e4misen j\u00e4lkeen, pid\u00e4t\u00e4mme oikeuden keskeytt\u00e4\u00e4 verkkosivuston luomisen ja\/tai julkaisupalvelun, kunnes kaikki maksamattomat summat on saatu. Jos sinulla on yli kahden kuukauden kuukausimaksun (arvonlis\u00e4vero mukaan luettuna) maksur\u00e4stej\u00e4, meill\u00e4 on oikeus yksipuolisesti irtisanoa palvelusopimus. T\u00e4llaisen palvelusopimuksen irtisanominen tekee paketin koko j\u00e4ljell\u00e4 olevan m\u00e4\u00e4r\u00e4n v\u00e4litt\u00f6m\u00e4sti er\u00e4\u00e4ntyneeksi ja maksettavaksi.  <\/span><span data-ccp-props=\"{\"134233117\":false,\"134233118\":false,\"201341983\":0,\"335551550\":1,\"335551620\":1,\"335559685\":720,\"335559737\":0,\"335559738\":0,\"335559739\":200,\"335559740\":259,\"335559991\":360}\">&nbsp;<\/span><\/li>\n<li><span data-contrast=\"auto\">Sopimuksen yksipuolisen irtisanomisen j\u00e4lkeen s\u00e4ilyt\u00e4n projektiin liittyv\u00e4t materiaalit ja oikeudet <b>yhden kuukauden<\/b> ajan siirt\u00e4mist\u00e4si varten. Materiaalien ja oikeuksien siirto tapahtuu vasta, kun kaikki er\u00e4\u00e4ntyneet summat on maksettu. Jos et ole maksanut laskuja kuukauden kuluessa emmek\u00e4 ole p\u00e4\u00e4sseet sopimukseen, poistan lopullisesti kaiken tehdyn ty\u00f6n. &nbsp;<\/span><span data-ccp-props=\"{\"134233117\":false,\"134233118\":false,\"201341983\":0,\"335551550\":1,\"335551620\":1,\"335559685\":720,\"335559737\":0,\"335559738\":0,\"335559739\":200,\"335559740\":259,\"335559991\":360}\">&nbsp;<\/span><\/li>\n<li><span data-contrast=\"auto\">Palvelumme ja pakettimme eiv\u00e4t sis\u00e4ll\u00e4 sis\u00e4ll\u00f6n luomista. Verkkosivustosi ja yrityssivustosi sis\u00e4ll\u00f6n (visuaaliset elementit, tekstit, tietokent\u00e4t jne.) on oltava sinun tuottamaasi. Itsepalveluymp\u00e4rist\u00f6mme opastaa sinua n\u00e4iss\u00e4 asioissa.  &nbsp;<\/span><span data-ccp-props=\"{\"134233117\":false,\"134233118\":false,\"201341983\":0,\"335551550\":1,\"335551620\":1,\"335559685\":720,\"335559737\":0,\"335559738\":0,\"335559739\":200,\"335559740\":259,\"335559991\":360}\">&nbsp;<\/span><\/li>\n<li><span data-contrast=\"auto\">Verkkosivustoosi liittyv\u00e4 tietojenvaihto hoidetaan kokonaan itsepalveluymp\u00e4rist\u00f6n kautta. \u00c4l\u00e4 l\u00e4het\u00e4 verkkosivustoon liittyvi\u00e4 tietoja muiden kanavien kautta, ellei toisin ole sovittu. N\u00e4in my\u00f6s sinun on helppo hallita verkkosivustoprojektia.  &nbsp;<\/span><span data-ccp-props=\"{\"134233117\":false,\"134233118\":false,\"201341983\":0,\"335551550\":1,\"335551620\":1,\"335559685\":720,\"335559737\":0,\"335559738\":0,\"335559739\":200,\"335559740\":259,\"335559991\":360}\">&nbsp;<\/span><\/li>\n<li><span data-contrast=\"auto\">Huomaa, ett\u00e4 verkkosivuston valmistumisnopeus riippuu my\u00f6s sinun panoksestasi. Palvelu edellytt\u00e4\u00e4, ett\u00e4 toimitat meille t\u00e4ydelliset ja lopulliset tiedot verkkosivustosta kolmen viikon kuluessa itsepalveluyhteyden perustamisesta. Takaamme, ett\u00e4 verkkosivustosi on valmis julkaistavaksi valitsemassasi sis\u00e4ll\u00f6ss\u00e4 14 p\u00e4iv\u00e4n kuluessa siit\u00e4, kun olet antanut kaikki tarvittavat tiedot itsepalveluymp\u00e4rist\u00f6ss\u00e4.  &nbsp;<\/span><span data-ccp-props=\"{\"134233117\":false,\"134233118\":false,\"201341983\":0,\"335551550\":1,\"335551620\":1,\"335559685\":720,\"335559737\":0,\"335559738\":0,\"335559739\":200,\"335559740\":259,\"335559991\":360}\">&nbsp;<\/span><\/li>\n<li><span data-contrast=\"auto\">Sin\u00e4 p\u00e4\u00e4t\u00e4t, haluatko julkaista verkkosivuston.&nbsp;<\/span><span data-ccp-props=\"{\"134233117\":false,\"134233118\":false,\"201341983\":0,\"335551550\":1,\"335551620\":1,\"335559685\":720,\"335559737\":0,\"335559738\":0,\"335559739\":200,\"335559740\":259,\"335559991\":360}\">&nbsp;maksaa<\/span><\/li>\n<\/ol>\t\t\t\t\t\t\t\t<\/div>\n\t\t\t\t<\/div>\n\t\t\t\t\t<\/div>\n\t\t<\/div>\n\t\t\t\t\t<\/div>\n\t\t<\/section>\n\t\t\t\t<\/div>\n\t\t","protected":false},"excerpt":{"rendered":"<p>Maksullisessa verkkosivustopalvelussa maksat verkkosivuston luomisesta ja julkaisemisesta kuukausimaksun paketissa m\u00e4\u00e4ritellyn ajanjakson ajan.&nbsp;&nbsp; Kuukausimaksuun sis\u00e4ltyv\u00e4t palvelut (ja poissuljetut palvelut) riippuvat valitsemastasi paketista. Pakettivalikoima julkaistaan RA Median verkkosivuilla. Kiinnit\u00e4 huomiota paketin ulkopuolella saatavilla oleviin lis\u00e4palveluihin ja niist\u00e4 aiheutuviin lis\u00e4kustannuksiin. &nbsp;&nbsp; Kun olet valinnut itsellesi sopivan paketin ja l\u00e4hett\u00e4nyt tilauksesi, sinut ohjataan maksamaan ensimm\u00e4inen er\u00e4 maksulinkin kautta.&nbsp;&nbsp;NB Tilaamalla [&hellip;]<\/p>\n","protected":false},"author":1,"featured_media":0,"parent":0,"menu_order":0,"comment_status":"closed","ping_status":"closed","template":"","meta":{"footnotes":""},"class_list":["post-10066","page","type-page","status-publish","hentry"],"astra-portfolio-type":null,"astra-site-call-to-action":null,"_links":{"self":[{"href":"https:\/\/riin.eu\/fi\/wp-json\/wp\/v2\/pages\/10066","targetHints":{"allow":["GET"]}}],"collection":[{"href":"https:\/\/riin.eu\/fi\/wp-json\/wp\/v2\/pages"}],"about":[{"href":"https:\/\/riin.eu\/fi\/wp-json\/wp\/v2\/types\/page"}],"author":[{"embeddable":true,"href":"https:\/\/riin.eu\/fi\/wp-json\/wp\/v2\/users\/1"}],"replies":[{"embeddable":true,"href":"https:\/\/riin.eu\/fi\/wp-json\/wp\/v2\/comments?post=10066"}],"version-history":[{"count":1,"href":"https:\/\/riin.eu\/fi\/wp-json\/wp\/v2\/pages\/10066\/revisions"}],"predecessor-version":[{"id":10068,"href":"https:\/\/riin.eu\/fi\/wp-json\/wp\/v2\/pages\/10066\/revisions\/10068"}],"wp:attachment":[{"href":"https:\/\/riin.eu\/fi\/wp-json\/wp\/v2\/media?parent=10066"}],"curies":[{"name":"wp","href":"https:\/\/api.w.org\/{rel}","templated":true}]}}