{"id":10038,"date":"2017-03-23T22:12:37","date_gmt":"2017-03-23T20:12:37","guid":{"rendered":"https:\/\/riin.eu\/sosiaalisen-median-hallinta\/"},"modified":"2026-02-22T02:54:57","modified_gmt":"2026-02-22T00:54:57","slug":"sosiaalisen-median-hallinta","status":"publish","type":"page","link":"https:\/\/riin.eu\/fi\/sosiaalisen-median-hallinta\/","title":{"rendered":"Sosiaalisen median hallinta"},"content":{"rendered":"\t\t<div data-elementor-type=\"wp-page\" data-elementor-id=\"10038\" class=\"elementor elementor-10038 elementor-3460\" data-elementor-post-type=\"page\">\n\t\t\t\t\t\t<section class=\"elementor-section elementor-top-section elementor-element elementor-element-7d878312 elementor-section-boxed elementor-section-height-default elementor-section-height-default\" data-id=\"7d878312\" data-element_type=\"section\" data-e-type=\"section\">\n\t\t\t\t\t\t<div class=\"elementor-container elementor-column-gap-default\">\n\t\t\t\t\t<div class=\"elementor-column elementor-col-66 elementor-top-column elementor-element elementor-element-40e8995f\" data-id=\"40e8995f\" data-element_type=\"column\" data-e-type=\"column\">\n\t\t\t<div class=\"elementor-widget-wrap elementor-element-populated\">\n\t\t\t\t\t\t<div class=\"elementor-element elementor-element-531a5bf elementor-widget elementor-widget-spacer\" data-id=\"531a5bf\" data-element_type=\"widget\" data-e-type=\"widget\" data-widget_type=\"spacer.default\">\n\t\t\t\t<div class=\"elementor-widget-container\">\n\t\t\t\t\t\t\t<div class=\"elementor-spacer\">\n\t\t\t<div class=\"elementor-spacer-inner\"><\/div>\n\t\t<\/div>\n\t\t\t\t\t\t<\/div>\n\t\t\t\t<\/div>\n\t\t\t\t<div class=\"elementor-element elementor-element-6c85428 elementor-widget elementor-widget-heading\" data-id=\"6c85428\" data-element_type=\"widget\" data-e-type=\"widget\" data-widget_type=\"heading.default\">\n\t\t\t\t<div class=\"elementor-widget-container\">\n\t\t\t\t\t<h1 class=\"elementor-heading-title elementor-size-default\">Sosiaalisen median hallinta<\/h1>\t\t\t\t<\/div>\n\t\t\t\t<\/div>\n\t\t\t\t<div class=\"elementor-element elementor-element-cee7e99 elementor-widget elementor-widget-heading\" data-id=\"cee7e99\" data-element_type=\"widget\" data-e-type=\"widget\" data-widget_type=\"heading.default\">\n\t\t\t\t<div class=\"elementor-widget-container\">\n\t\t\t\t\t<h5 class=\"elementor-heading-title elementor-size-default\">Sosiaalisen median kanavia hallinnoitaessa sek\u00e4 suunnittelu ett\u00e4 sis\u00e4lt\u00f6 ovat t\u00e4rkeit\u00e4.<\/h5>\t\t\t\t<\/div>\n\t\t\t\t<\/div>\n\t\t\t\t<div class=\"elementor-element elementor-element-1e777693 elementor-widget elementor-widget-text-editor\" data-id=\"1e777693\" data-element_type=\"widget\" data-e-type=\"widget\" data-widget_type=\"text-editor.default\">\n\t\t\t\t<div class=\"elementor-widget-container\">\n\t\t\t\t\t\t\t\t\t<p>Rakennan sinulle hyvin toimivan Facebook- ja\/tai Instagram-sivun \u2013 autan sinua br\u00e4nd\u00e4yksess\u00e4, hallinnoin ja luon sis\u00e4lt\u00f6\u00e4, luon ja seuraan pelej\u00e4, <a style=\"box-sizing: border-box; outline: none;\" href=\"https:\/\/riin.eu\/teenused\/facebooki-reklaamid\/\">suunnittelen ja hallinnoin mainoksia<\/a> jne.<\/p><p>Facebookissa voit my\u00f6s saada minulta apua HTML-sivujen\/v\u00e4lilehtien luomiseen (esim. uutiskirjeeseen liittyminen jne.) sek\u00e4 tuotteiden lis\u00e4\u00e4miseen. Voin my\u00f6s kouluttaa sinut Facebook-asiantuntijaksi. Instagramissa voit tavoittaa asiakkaita, jotka haluavat inspiroitua ja l\u00f6yt\u00e4\u00e4 mieleisens\u00e4. K\u00e4ytt\u00e4m\u00e4ll\u00e4 Instagramia voit esitell\u00e4 yrityksesi haluamallasi tavalla kuvien ja videoiden avulla! 60 % Instagramin k\u00e4ytt\u00e4jist\u00e4 sanoo, ett\u00e4 he l\u00f6yt\u00e4v\u00e4t uuden tuotteen Instagramin kautta.    <\/p><p>Autan sinua luomaan Instagram-strategian, luomaan postauksia, luomaan kuvia ja auttamaan sinua my\u00f6s hashtagien (#) kanssa.<\/p><p>Autan sinua my\u00f6s lukemaan raportteja ja k\u00e4ytt\u00e4m\u00e4\u00e4n tietoja postausten onnistumisen analysointiin ja tulevien kampanjoiden suunnitteluun.<\/p>\t\t\t\t\t\t\t\t<\/div>\n\t\t\t\t<\/div>\n\t\t\t\t\t<\/div>\n\t\t<\/div>\n\t\t\t\t<div class=\"elementor-column elementor-col-33 elementor-top-column elementor-element elementor-element-2240d83\" data-id=\"2240d83\" data-element_type=\"column\" data-e-type=\"column\">\n\t\t\t<div class=\"elementor-widget-wrap elementor-element-populated\">\n\t\t\t\t\t\t<div class=\"elementor-element elementor-element-6ba3110 elementor-widget elementor-widget-image\" data-id=\"6ba3110\" data-element_type=\"widget\" data-e-type=\"widget\" data-widget_type=\"image.default\">\n\t\t\t\t<div class=\"elementor-widget-container\">\n\t\t\t\t\t\t\t\t\t\t\t\t\t\t\t<img fetchpriority=\"high\" decoding=\"async\" width=\"800\" height=\"800\" src=\"https:\/\/riin.eu\/wp-content\/uploads\/2020\/04\/Untitled-design.webp\" class=\"attachment-large size-large wp-image-10042\" alt=\"\" \/>\t\t\t\t\t\t\t\t\t\t\t\t\t\t\t<\/div>\n\t\t\t\t<\/div>\n\t\t\t\t\t<\/div>\n\t\t<\/div>\n\t\t\t\t\t<\/div>\n\t\t<\/section>\n\t\t\t\t<section class=\"elementor-section elementor-top-section elementor-element elementor-element-33a30d7 elementor-section-content-middle elementor-section-boxed elementor-section-height-default elementor-section-height-default\" data-id=\"33a30d7\" data-element_type=\"section\" data-e-type=\"section\" data-settings=\"{&quot;background_background&quot;:&quot;classic&quot;}\">\n\t\t\t\t\t\t<div class=\"elementor-container elementor-column-gap-default\">\n\t\t\t\t\t<div class=\"elementor-column elementor-col-100 elementor-top-column elementor-element elementor-element-009d8cc\" data-id=\"009d8cc\" data-element_type=\"column\" data-e-type=\"column\">\n\t\t\t<div class=\"elementor-widget-wrap elementor-element-populated\">\n\t\t\t\t\t\t<div class=\"elementor-element elementor-element-9bb9471 elementor-widget elementor-widget-global elementor-global-10351 elementor-global-6019 elementor-widget-text-editor\" data-id=\"9bb9471\" data-element_type=\"widget\" data-e-type=\"widget\" data-widget_type=\"text-editor.default\">\n\t\t\t\t<div class=\"elementor-widget-container\">\n\t\t\t\t\t\t\t\t\t<p>Kiitos mielenkiinnostasi \u2013 t\u00e4ll\u00e4 hetkell\u00e4 en ota vastaan uusia asiakkaita sosiaalisen median hallintaan! Ota minuun yhteytt\u00e4, jos tarvitset apua <a href=\"https:\/\/riin.eu\/fi\/verkkokauppa\/\">verkkokauppasi perust <\/a> amisessa tai <a href=\"https:\/\/riin.eu\/fi\/verkkosivuston-yllapito\/\">hallinnoinnissa<\/a>. <\/p>\t\t\t\t\t\t\t\t<\/div>\n\t\t\t\t<\/div>\n\t\t\t\t\t<\/div>\n\t\t<\/div>\n\t\t\t\t\t<\/div>\n\t\t<\/section>\n\t\t\t\t<section class=\"elementor-section elementor-top-section elementor-element elementor-element-908d196 elementor-section-boxed elementor-section-height-default elementor-section-height-default\" data-id=\"908d196\" data-element_type=\"section\" data-e-type=\"section\" data-settings=\"{&quot;background_background&quot;:&quot;classic&quot;}\">\n\t\t\t\t\t\t<div class=\"elementor-container elementor-column-gap-default\">\n\t\t\t\t\t<div class=\"elementor-column elementor-col-100 elementor-top-column elementor-element elementor-element-c53f778\" data-id=\"c53f778\" data-element_type=\"column\" data-e-type=\"column\">\n\t\t\t<div class=\"elementor-widget-wrap elementor-element-populated\">\n\t\t\t\t\t\t<div class=\"elementor-element elementor-element-f53483d elementor-widget elementor-widget-heading\" data-id=\"f53483d\" data-element_type=\"widget\" data-e-type=\"widget\" data-widget_type=\"heading.default\">\n\t\t\t\t<div class=\"elementor-widget-container\">\n\t\t\t\t\t<h2 class=\"elementor-heading-title elementor-size-default\">Sosiaalisen median hallintaprosessi<\/h2>\t\t\t\t<\/div>\n\t\t\t\t<\/div>\n\t\t\t\t<div class=\"elementor-element elementor-element-d8698e2 elementor-widget elementor-widget-spacer\" data-id=\"d8698e2\" data-element_type=\"widget\" data-e-type=\"widget\" data-widget_type=\"spacer.default\">\n\t\t\t\t<div class=\"elementor-widget-container\">\n\t\t\t\t\t\t\t<div class=\"elementor-spacer\">\n\t\t\t<div class=\"elementor-spacer-inner\"><\/div>\n\t\t<\/div>\n\t\t\t\t\t\t<\/div>\n\t\t\t\t<\/div>\n\t\t\t\t<section class=\"elementor-section elementor-inner-section elementor-element elementor-element-b95381d elementor-section-boxed elementor-section-height-default elementor-section-height-default\" data-id=\"b95381d\" data-element_type=\"section\" data-e-type=\"section\">\n\t\t\t\t\t\t<div class=\"elementor-container elementor-column-gap-default\">\n\t\t\t\t\t<div class=\"elementor-column elementor-col-25 elementor-inner-column elementor-element elementor-element-daf9a1e\" data-id=\"daf9a1e\" data-element_type=\"column\" data-e-type=\"column\">\n\t\t\t<div class=\"elementor-widget-wrap elementor-element-populated\">\n\t\t\t\t\t\t<div class=\"elementor-element elementor-element-b8dd0a9 elementor-widget elementor-widget-heading\" data-id=\"b8dd0a9\" data-element_type=\"widget\" data-e-type=\"widget\" data-widget_type=\"heading.default\">\n\t\t\t\t<div class=\"elementor-widget-container\">\n\t\t\t\t\t<p class=\"elementor-heading-title elementor-size-default\">1. Sis\u00e4ll\u00f6ntuotanto<\/p>\t\t\t\t<\/div>\n\t\t\t\t<\/div>\n\t\t\t\t<div class=\"elementor-element elementor-element-2a2990c elementor-widget elementor-widget-text-editor\" data-id=\"2a2990c\" data-element_type=\"widget\" data-e-type=\"widget\" data-widget_type=\"text-editor.default\">\n\t\t\t\t<div class=\"elementor-widget-container\">\n\t\t\t\t\t\t\t\t\t<p>Oikein t\u00e4ytetyn Facebook- ja Instagram-sivun perusta \u2013 autan sinua optimoimaan sosiaalisen median sivusi. S\u00e4\u00e4nn\u00f6llisiss\u00e4 tapaamisissa sovimme seuraavan kauden postausten sis\u00e4ll\u00f6st\u00e4 sek\u00e4 suurista kampanjoista. <\/p>\t\t\t\t\t\t\t\t<\/div>\n\t\t\t\t<\/div>\n\t\t\t\t\t<\/div>\n\t\t<\/div>\n\t\t\t\t<div class=\"elementor-column elementor-col-25 elementor-inner-column elementor-element elementor-element-3be71a4\" data-id=\"3be71a4\" data-element_type=\"column\" data-e-type=\"column\">\n\t\t\t<div class=\"elementor-widget-wrap elementor-element-populated\">\n\t\t\t\t\t\t<div class=\"elementor-element elementor-element-08dfae3 elementor-widget elementor-widget-heading\" data-id=\"08dfae3\" data-element_type=\"widget\" data-e-type=\"widget\" data-widget_type=\"heading.default\">\n\t\t\t\t<div class=\"elementor-widget-container\">\n\t\t\t\t\t<p class=\"elementor-heading-title elementor-size-default\">2.Sis\u00e4ll\u00f6n luominen<\/p>\t\t\t\t<\/div>\n\t\t\t\t<\/div>\n\t\t\t\t<div class=\"elementor-element elementor-element-99e1bd5 elementor-widget elementor-widget-text-editor\" data-id=\"99e1bd5\" data-element_type=\"widget\" data-e-type=\"widget\" data-widget_type=\"text-editor.default\">\n\t\t\t\t<div class=\"elementor-widget-container\">\n\t\t\t\t\t\t\t\t\t<p>Facebook ja Instagram edellytt\u00e4v\u00e4t erilaista l\u00e4hestymistapaa sis\u00e4ll\u00f6n luomiseen sek\u00e4 tekstin ett\u00e4 kuvien osalta. Varmistan, ett\u00e4 kaikki postaukset tehd\u00e4\u00e4n sosiaalisen median kanavan vaatimukset ja erityispiirteet huomioon ottaen. <\/p>\t\t\t\t\t\t\t\t<\/div>\n\t\t\t\t<\/div>\n\t\t\t\t\t<\/div>\n\t\t<\/div>\n\t\t\t\t<div class=\"elementor-column elementor-col-25 elementor-inner-column elementor-element elementor-element-72870e5\" data-id=\"72870e5\" data-element_type=\"column\" data-e-type=\"column\">\n\t\t\t<div class=\"elementor-widget-wrap elementor-element-populated\">\n\t\t\t\t\t\t<div class=\"elementor-element elementor-element-4d35d5f elementor-widget elementor-widget-heading\" data-id=\"4d35d5f\" data-element_type=\"widget\" data-e-type=\"widget\" data-widget_type=\"heading.default\">\n\t\t\t\t<div class=\"elementor-widget-container\">\n\t\t\t\t\t<p class=\"elementor-heading-title elementor-size-default\">3. Ensimm\u00e4inen asiakaskontakti<\/p>\t\t\t\t<\/div>\n\t\t\t\t<\/div>\n\t\t\t\t<div class=\"elementor-element elementor-element-be193b0 elementor-widget elementor-widget-text-editor\" data-id=\"be193b0\" data-element_type=\"widget\" data-e-type=\"widget\" data-widget_type=\"text-editor.default\">\n\t\t\t\t<div class=\"elementor-widget-container\">\n\t\t\t\t\t\t\t\t\t<p>Voin my\u00f6s auttaa asiakkaiden ensikontaktoinnissa. Yh\u00e4 useammat asiakkaat haluavat saada nopeaa palautetta sek\u00e4 kommentistaan ett\u00e4 viestist\u00e4\u00e4n \u2013 min\u00e4 varmistan, ett\u00e4 he saavat sen. <\/p>\t\t\t\t\t\t\t\t<\/div>\n\t\t\t\t<\/div>\n\t\t\t\t\t<\/div>\n\t\t<\/div>\n\t\t\t\t<div class=\"elementor-column elementor-col-25 elementor-inner-column elementor-element elementor-element-b7bf5f9\" data-id=\"b7bf5f9\" data-element_type=\"column\" data-e-type=\"column\">\n\t\t\t<div class=\"elementor-widget-wrap elementor-element-populated\">\n\t\t\t\t\t\t<div class=\"elementor-element elementor-element-27aeaca elementor-widget elementor-widget-heading\" data-id=\"27aeaca\" data-element_type=\"widget\" data-e-type=\"widget\" data-widget_type=\"heading.default\">\n\t\t\t\t<div class=\"elementor-widget-container\">\n\t\t\t\t\t<p class=\"elementor-heading-title elementor-size-default\">4. Analyysi ja raportointi<\/p>\t\t\t\t<\/div>\n\t\t\t\t<\/div>\n\t\t\t\t<div class=\"elementor-element elementor-element-3acb715 elementor-widget elementor-widget-text-editor\" data-id=\"3acb715\" data-element_type=\"widget\" data-e-type=\"widget\" data-widget_type=\"text-editor.default\">\n\t\t\t\t<div class=\"elementor-widget-container\">\n\t\t\t\t\t\t\t\t\t<p>Voimme mitata kirjausten onnistumista sopivalla tiheydell\u00e4 tuotettujen raporttien avulla. Analyysin j\u00e4lkeen voimme suunnitella tulevia toimintoja kohdeyleis\u00f6si mieltymysten perusteella. <\/p>\t\t\t\t\t\t\t\t<\/div>\n\t\t\t\t<\/div>\n\t\t\t\t\t<\/div>\n\t\t<\/div>\n\t\t\t\t\t<\/div>\n\t\t<\/section>\n\t\t\t\t\t<\/div>\n\t\t<\/div>\n\t\t\t\t\t<\/div>\n\t\t<\/section>\n\t\t\t\t<section class=\"elementor-section elementor-top-section elementor-element elementor-element-2fc028f elementor-section-content-middle elementor-section-boxed elementor-section-height-default elementor-section-height-default\" data-id=\"2fc028f\" data-element_type=\"section\" data-e-type=\"section\">\n\t\t\t\t\t\t<div class=\"elementor-container elementor-column-gap-default\">\n\t\t\t\t\t<div class=\"elementor-column elementor-col-50 elementor-top-column elementor-element elementor-element-2676638\" data-id=\"2676638\" data-element_type=\"column\" data-e-type=\"column\">\n\t\t\t<div class=\"elementor-widget-wrap elementor-element-populated\">\n\t\t\t\t\t\t<div class=\"elementor-element elementor-element-a108da0 elementor-widget elementor-widget-text-editor\" data-id=\"a108da0\" data-element_type=\"widget\" data-e-type=\"widget\" data-widget_type=\"text-editor.default\">\n\t\t\t\t<div class=\"elementor-widget-container\">\n\t\t\t\t\t\t\t\t\t<div class=\"fw-heading fw-heading-left tf-sh-615530d3c9d6bcd566185c8eb6afdafc\"><h2 class=\"fw-special-title\">Sosiaalisessa mediassa &#8230;<\/h2><\/div><div class=\"fw-text-box tf-sh-40b6d487caca97f669c7bfcdaf7a0b01 \"><div class=\"fw-text-inner\"><p>\u2713 tehosta markkinointistrategiaasi<br>\u2713 tavoita potentiaaliset asiakkaat nopeammin<br>\u2713 saat parannusideoita kuuntelemalla seuraajiasi<br>\u2713 lis\u00e4\u00e4 br\u00e4ndin tunnettuutta ja asiakasuskollisuutta<br>\u2713 tee siit\u00e4 nopein ja paras asiakaspalvelukanava<br>\u2713 lis\u00e4\u00e4 liikennett\u00e4 verkkosivuillesi<br>\u2713 v\u00e4lit\u00e4 tietoa nopeasti<br>\u2713 ole asiakkaidesi k\u00e4ytett\u00e4viss\u00e4 reaaliaikaisesti.<\/p><\/div><\/div>\t\t\t\t\t\t\t\t<\/div>\n\t\t\t\t<\/div>\n\t\t\t\t\t<\/div>\n\t\t<\/div>\n\t\t\t\t<div class=\"elementor-column elementor-col-50 elementor-top-column elementor-element elementor-element-6f13e4c\" data-id=\"6f13e4c\" data-element_type=\"column\" data-e-type=\"column\">\n\t\t\t<div class=\"elementor-widget-wrap elementor-element-populated\">\n\t\t\t\t\t\t<div class=\"elementor-element elementor-element-85052f9 elementor-align-center elementor-widget elementor-widget-global elementor-global-10137 elementor-global-4867 elementor-widget-button\" data-id=\"85052f9\" data-element_type=\"widget\" data-e-type=\"widget\" data-widget_type=\"button.default\">\n\t\t\t\t<div class=\"elementor-widget-container\">\n\t\t\t\t\t\t\t\t\t<div class=\"elementor-button-wrapper\">\n\t\t\t\t\t<a class=\"elementor-button elementor-button-link elementor-size-md\" href=\"https:\/\/riin.eu\/tehtud\/\">\n\t\t\t\t\t\t<span class=\"elementor-button-content-wrapper\">\n\t\t\t\t\t\t\t\t\t<span class=\"elementor-button-text\">Tutustu tehtyyn ty\u00f6h\u00f6n<\/span>\n\t\t\t\t\t<\/span>\n\t\t\t\t\t<\/a>\n\t\t\t\t<\/div>\n\t\t\t\t\t\t\t\t<\/div>\n\t\t\t\t<\/div>\n\t\t\t\t<div class=\"elementor-element elementor-element-23435cd elementor-align-center elementor-widget elementor-widget-global elementor-global-10160 elementor-global-4870 elementor-widget-button\" data-id=\"23435cd\" data-element_type=\"widget\" data-e-type=\"widget\" data-widget_type=\"button.default\">\n\t\t\t\t<div class=\"elementor-widget-container\">\n\t\t\t\t\t\t\t\t\t<div class=\"elementor-button-wrapper\">\n\t\t\t\t\t<a class=\"elementor-button elementor-button-link elementor-size-md\" href=\"https:\/\/riin.eu\/fi\/yhteystiedot\/\">\n\t\t\t\t\t\t<span class=\"elementor-button-content-wrapper\">\n\t\t\t\t\t\t\t\t\t<span class=\"elementor-button-text\">Ota yhteytt\u00e4<\/span>\n\t\t\t\t\t<\/span>\n\t\t\t\t\t<\/a>\n\t\t\t\t<\/div>\n\t\t\t\t\t\t\t\t<\/div>\n\t\t\t\t<\/div>\n\t\t\t\t\t<\/div>\n\t\t<\/div>\n\t\t\t\t\t<\/div>\n\t\t<\/section>\n\t\t\t\t<\/div>\n\t\t","protected":false},"excerpt":{"rendered":"<p>Sosiaalisen median kanavia hallinnoitaessa sek\u00e4 suunnittelu ett\u00e4 sis\u00e4lt\u00f6 ovat t\u00e4rkeit\u00e4. Rakennan sinulle hyvin toimivan Facebook- ja\/tai Instagram-sivun \u2013 autan sinua br\u00e4nd\u00e4yksess\u00e4, hallinnoin ja luon sis\u00e4lt\u00f6\u00e4, luon ja seuraan pelej\u00e4, suunnittelen ja hallinnoin mainoksia jne. Facebookissa voit my\u00f6s saada minulta apua HTML-sivujen\/v\u00e4lilehtien luomiseen (esim. uutiskirjeeseen liittyminen jne.) sek\u00e4 tuotteiden lis\u00e4\u00e4miseen. Voin my\u00f6s kouluttaa sinut Facebook-asiantuntijaksi. Instagramissa [&hellip;]<\/p>\n","protected":false},"author":1,"featured_media":0,"parent":0,"menu_order":0,"comment_status":"closed","ping_status":"closed","template":"","meta":{"footnotes":""},"class_list":["post-10038","page","type-page","status-publish","hentry"],"astra-portfolio-type":null,"astra-site-call-to-action":null,"_links":{"self":[{"href":"https:\/\/riin.eu\/fi\/wp-json\/wp\/v2\/pages\/10038","targetHints":{"allow":["GET"]}}],"collection":[{"href":"https:\/\/riin.eu\/fi\/wp-json\/wp\/v2\/pages"}],"about":[{"href":"https:\/\/riin.eu\/fi\/wp-json\/wp\/v2\/types\/page"}],"author":[{"embeddable":true,"href":"https:\/\/riin.eu\/fi\/wp-json\/wp\/v2\/users\/1"}],"replies":[{"embeddable":true,"href":"https:\/\/riin.eu\/fi\/wp-json\/wp\/v2\/comments?post=10038"}],"version-history":[{"count":3,"href":"https:\/\/riin.eu\/fi\/wp-json\/wp\/v2\/pages\/10038\/revisions"}],"predecessor-version":[{"id":11732,"href":"https:\/\/riin.eu\/fi\/wp-json\/wp\/v2\/pages\/10038\/revisions\/11732"}],"wp:attachment":[{"href":"https:\/\/riin.eu\/fi\/wp-json\/wp\/v2\/media?parent=10038"}],"curies":[{"name":"wp","href":"https:\/\/api.w.org\/{rel}","templated":true}]}}