{"id":10021,"date":"2017-01-18T21:58:31","date_gmt":"2017-01-18T19:58:31","guid":{"rendered":"https:\/\/riin.eu\/facebook-mainonta\/"},"modified":"2026-02-22T02:54:58","modified_gmt":"2026-02-22T00:54:58","slug":"facebook-mainonta","status":"publish","type":"page","link":"https:\/\/riin.eu\/fi\/facebook-mainonta\/","title":{"rendered":"Facebook-mainonta"},"content":{"rendered":"\t\t<div data-elementor-type=\"wp-page\" data-elementor-id=\"10021\" class=\"elementor elementor-10021 elementor-3242\" data-elementor-post-type=\"page\">\n\t\t\t\t\t\t<section class=\"elementor-section elementor-top-section elementor-element elementor-element-1cd9ed0 elementor-section-content-middle elementor-section-boxed elementor-section-height-default elementor-section-height-default\" data-id=\"1cd9ed0\" data-element_type=\"section\" data-e-type=\"section\">\n\t\t\t\t\t\t<div class=\"elementor-container elementor-column-gap-default\">\n\t\t\t\t\t<div class=\"elementor-column elementor-col-66 elementor-top-column elementor-element elementor-element-54ec52d0\" data-id=\"54ec52d0\" data-element_type=\"column\" data-e-type=\"column\">\n\t\t\t<div class=\"elementor-widget-wrap elementor-element-populated\">\n\t\t\t\t\t\t<div class=\"elementor-element elementor-element-fbd9afe elementor-widget elementor-widget-heading\" data-id=\"fbd9afe\" data-element_type=\"widget\" data-e-type=\"widget\" data-widget_type=\"heading.default\">\n\t\t\t\t<div class=\"elementor-widget-container\">\n\t\t\t\t\t<h1 class=\"elementor-heading-title elementor-size-default\">Facebook-mainonta<\/h1>\t\t\t\t<\/div>\n\t\t\t\t<\/div>\n\t\t\t\t<div class=\"elementor-element elementor-element-61b9cfee elementor-widget elementor-widget-text-editor\" data-id=\"61b9cfee\" data-element_type=\"widget\" data-e-type=\"widget\" data-widget_type=\"text-editor.default\">\n\t\t\t\t<div class=\"elementor-widget-container\">\n\t\t\t\t\t\t\t\t\tLuo yrityksellesi Facebook- ja Instagram-mainoksia, jotka erottuvat ja kohdistuvat kohderyhm\u00e4\u00e4si. Facebook-mainokset tavoittavat ihmiset, jotka haluavat ja tarvitsevat niit\u00e4! Voin auttaa sinua luomaan Facebook-mainoksia, joissa otetaan huomioon demografiset kohderyhm\u00e4t, kuten ik\u00e4 ja sijainti. Lis\u00e4ksi kohdeyleis\u00f6 voidaan valita k\u00e4ytt\u00e4ytymisen, kiinnostuksen kohteiden, ty\u00f6paikan jne. perusteella. Mainokset mukautuvat eri laitekokoihin. Voin auttaa yrityst\u00e4si luomaan mainoksia, joissa on teksti\u00e4, kuvia ja videoita. raportteja voidaan luoda kampanjan aikana ja sen lopussa, ja mainosten tuloksia voidaan tarkastella. Analysoimalla voit tehd\u00e4 tulevista mainoskampanjoista entist\u00e4 kannattavampia. Facebook-mainonnasta on tulossa osa <a href=\"https:\/\/riin.eu\/teenused\/sotsiaalmeedia-haldamine\/\">sosiaalisen median hallintapalvelua<\/a>, ja ne tukevat toisiaan eritt\u00e4in onnistuneesti.       \t\t\t\t\t\t\t\t<\/div>\n\t\t\t\t<\/div>\n\t\t\t\t\t<\/div>\n\t\t<\/div>\n\t\t\t\t<div class=\"elementor-column elementor-col-33 elementor-top-column elementor-element elementor-element-a432a39\" data-id=\"a432a39\" data-element_type=\"column\" data-e-type=\"column\">\n\t\t\t<div class=\"elementor-widget-wrap elementor-element-populated\">\n\t\t\t\t\t\t<div class=\"elementor-element elementor-element-d5c0acf elementor-widget elementor-widget-image\" data-id=\"d5c0acf\" data-element_type=\"widget\" data-e-type=\"widget\" data-widget_type=\"image.default\">\n\t\t\t\t<div class=\"elementor-widget-container\">\n\t\t\t\t\t\t\t\t\t\t\t\t\t\t\t<img fetchpriority=\"high\" decoding=\"async\" width=\"900\" height=\"900\" src=\"https:\/\/riin.eu\/wp-content\/uploads\/2020\/04\/Untitled-design.webp\" class=\"attachment-full size-full wp-image-10042\" alt=\"\" \/>\t\t\t\t\t\t\t\t\t\t\t\t\t\t\t<\/div>\n\t\t\t\t<\/div>\n\t\t\t\t\t<\/div>\n\t\t<\/div>\n\t\t\t\t\t<\/div>\n\t\t<\/section>\n\t\t\t\t<section class=\"elementor-section elementor-top-section elementor-element elementor-element-1dbdf27 elementor-section-boxed elementor-section-height-default elementor-section-height-default\" data-id=\"1dbdf27\" data-element_type=\"section\" data-e-type=\"section\" data-settings=\"{&quot;background_background&quot;:&quot;classic&quot;}\">\n\t\t\t\t\t\t<div class=\"elementor-container elementor-column-gap-default\">\n\t\t\t\t\t<div class=\"elementor-column elementor-col-100 elementor-top-column elementor-element elementor-element-2310c0f\" data-id=\"2310c0f\" data-element_type=\"column\" data-e-type=\"column\">\n\t\t\t<div class=\"elementor-widget-wrap elementor-element-populated\">\n\t\t\t\t\t\t<div class=\"elementor-element elementor-element-b35ca8a elementor-widget elementor-widget-global elementor-global-10351 elementor-global-6019 elementor-widget-text-editor\" data-id=\"b35ca8a\" data-element_type=\"widget\" data-e-type=\"widget\" data-widget_type=\"text-editor.default\">\n\t\t\t\t<div class=\"elementor-widget-container\">\n\t\t\t\t\t\t\t\t\t<p>Kiitos mielenkiinnostasi \u2013 t\u00e4ll\u00e4 hetkell\u00e4 en ota vastaan uusia asiakkaita sosiaalisen median hallintaan! Ota minuun yhteytt\u00e4, jos tarvitset apua <a href=\"https:\/\/riin.eu\/fi\/verkkokauppa\/\">verkkokauppasi perust <\/a> amisessa tai <a href=\"https:\/\/riin.eu\/fi\/verkkosivuston-yllapito\/\">hallinnoinnissa<\/a>. <\/p>\t\t\t\t\t\t\t\t<\/div>\n\t\t\t\t<\/div>\n\t\t\t\t\t<\/div>\n\t\t<\/div>\n\t\t\t\t\t<\/div>\n\t\t<\/section>\n\t\t\t\t<section class=\"elementor-section elementor-top-section elementor-element elementor-element-6a15def elementor-section-boxed elementor-section-height-default elementor-section-height-default\" data-id=\"6a15def\" data-element_type=\"section\" data-e-type=\"section\" data-settings=\"{&quot;background_background&quot;:&quot;classic&quot;}\">\n\t\t\t\t\t\t<div class=\"elementor-container elementor-column-gap-default\">\n\t\t\t\t\t<div class=\"elementor-column elementor-col-100 elementor-top-column elementor-element elementor-element-16e1acf\" data-id=\"16e1acf\" data-element_type=\"column\" data-e-type=\"column\">\n\t\t\t<div class=\"elementor-widget-wrap elementor-element-populated\">\n\t\t\t\t\t\t<div class=\"elementor-element elementor-element-77f262e elementor-widget elementor-widget-heading\" data-id=\"77f262e\" data-element_type=\"widget\" data-e-type=\"widget\" data-widget_type=\"heading.default\">\n\t\t\t\t<div class=\"elementor-widget-container\">\n\t\t\t\t\t<h2 class=\"elementor-heading-title elementor-size-default\">Miten se toimii<\/h2>\t\t\t\t<\/div>\n\t\t\t\t<\/div>\n\t\t\t\t<div class=\"elementor-element elementor-element-453fd71 elementor-widget elementor-widget-spacer\" data-id=\"453fd71\" data-element_type=\"widget\" data-e-type=\"widget\" data-widget_type=\"spacer.default\">\n\t\t\t\t<div class=\"elementor-widget-container\">\n\t\t\t\t\t\t\t<div class=\"elementor-spacer\">\n\t\t\t<div class=\"elementor-spacer-inner\"><\/div>\n\t\t<\/div>\n\t\t\t\t\t\t<\/div>\n\t\t\t\t<\/div>\n\t\t\t\t<section class=\"elementor-section elementor-inner-section elementor-element elementor-element-3a5d108 elementor-section-boxed elementor-section-height-default elementor-section-height-default\" data-id=\"3a5d108\" data-element_type=\"section\" data-e-type=\"section\">\n\t\t\t\t\t\t<div class=\"elementor-container elementor-column-gap-default\">\n\t\t\t\t\t<div class=\"elementor-column elementor-col-25 elementor-inner-column elementor-element elementor-element-16f5967\" data-id=\"16f5967\" data-element_type=\"column\" data-e-type=\"column\">\n\t\t\t<div class=\"elementor-widget-wrap elementor-element-populated\">\n\t\t\t\t\t\t<div class=\"elementor-element elementor-element-1bf7de4 elementor-widget elementor-widget-heading\" data-id=\"1bf7de4\" data-element_type=\"widget\" data-e-type=\"widget\" data-widget_type=\"heading.default\">\n\t\t\t\t<div class=\"elementor-widget-container\">\n\t\t\t\t\t<h3 class=\"elementor-heading-title elementor-size-default\">1. Aseta mainonnalle tavoite!<\/h3>\t\t\t\t<\/div>\n\t\t\t\t<\/div>\n\t\t\t\t<div class=\"elementor-element elementor-element-4e4b342 elementor-widget elementor-widget-text-editor\" data-id=\"4e4b342\" data-element_type=\"widget\" data-e-type=\"widget\" data-widget_type=\"text-editor.default\">\n\t\t\t\t<div class=\"elementor-widget-container\">\n\t\t\t\t\t\t\t\t\t<p>Facebook tarjoaa loistavan mahdollisuuden lis\u00e4t\u00e4 yrityksesi n\u00e4kyvyytt\u00e4 mainonnan avulla \u2013 olipa kyse sitten br\u00e4ndin tunnettuuden lis\u00e4\u00e4misest\u00e4, asiakkaiden ohjaamisesta verkkosivustollesi, tuotteen tai palvelun esittelyst\u00e4 tai muusta.<\/p>\t\t\t\t\t\t\t\t<\/div>\n\t\t\t\t<\/div>\n\t\t\t\t\t<\/div>\n\t\t<\/div>\n\t\t\t\t<div class=\"elementor-column elementor-col-25 elementor-inner-column elementor-element elementor-element-6e293ad\" data-id=\"6e293ad\" data-element_type=\"column\" data-e-type=\"column\">\n\t\t\t<div class=\"elementor-widget-wrap elementor-element-populated\">\n\t\t\t\t\t\t<div class=\"elementor-element elementor-element-e67cb72 elementor-widget elementor-widget-heading\" data-id=\"e67cb72\" data-element_type=\"widget\" data-e-type=\"widget\" data-widget_type=\"heading.default\">\n\t\t\t\t<div class=\"elementor-widget-container\">\n\t\t\t\t\t<h3 class=\"elementor-heading-title elementor-size-default\">2. Valitse kohderyhm\u00e4si<\/h3>\t\t\t\t<\/div>\n\t\t\t\t<\/div>\n\t\t\t\t<div class=\"elementor-element elementor-element-cea2f68 elementor-widget elementor-widget-text-editor\" data-id=\"cea2f68\" data-element_type=\"widget\" data-e-type=\"widget\" data-widget_type=\"text-editor.default\">\n\t\t\t\t<div class=\"elementor-widget-container\">\n\t\t\t\t\t\t\t\t\t<p>Kun mainostat Facebookissa, voit m\u00e4\u00e4ritt\u00e4\u00e4 tarkasti, kenelle haluat n\u00e4ytt\u00e4\u00e4 mainoksesi. N\u00e4in k\u00e4yt\u00e4t v\u00e4hemm\u00e4n rahaa ja vain ne ihmiset, jotka todella haluavat n\u00e4hd\u00e4 yrityksesi, saavat tiet\u00e4\u00e4 siit\u00e4. Voit kohdentaa yleis\u00f6si demografisten tietojen sek\u00e4 kiinnostuksen kohteiden, ammattien ja muiden mieltymysten perusteella.  <\/p>\t\t\t\t\t\t\t\t<\/div>\n\t\t\t\t<\/div>\n\t\t\t\t\t<\/div>\n\t\t<\/div>\n\t\t\t\t<div class=\"elementor-column elementor-col-25 elementor-inner-column elementor-element elementor-element-c15aa26\" data-id=\"c15aa26\" data-element_type=\"column\" data-e-type=\"column\">\n\t\t\t<div class=\"elementor-widget-wrap elementor-element-populated\">\n\t\t\t\t\t\t<div class=\"elementor-element elementor-element-c83dd26 elementor-widget elementor-widget-heading\" data-id=\"c83dd26\" data-element_type=\"widget\" data-e-type=\"widget\" data-widget_type=\"heading.default\">\n\t\t\t\t<div class=\"elementor-widget-container\">\n\t\t\t\t\t<h3 class=\"elementor-heading-title elementor-size-default\">3. Kohdista mainokset olemassa olevalle asiakkaalle<\/h3>\t\t\t\t<\/div>\n\t\t\t\t<\/div>\n\t\t\t\t<div class=\"elementor-element elementor-element-6a0c0ec elementor-widget elementor-widget-text-editor\" data-id=\"6a0c0ec\" data-element_type=\"widget\" data-e-type=\"widget\" data-widget_type=\"text-editor.default\">\n\t\t\t\t<div class=\"elementor-widget-container\">\n\t\t\t\t\t\t\t\t\t<p>Facebook antaa sinulle mahdollisuuden kohdentaa mainoksia asiakkaille, jotka ovat jo tehneet ostoksen tai k\u00e4yneet verkkosivustollasi. Voit sovittaa oman yrityksesi tiedot (kuten s\u00e4hk\u00f6postiosoite tai puhelinnumero) Facebookin tietoihin. Se on loistava tapa muistuttaa asiakastasi ja ohjata h\u00e4net takaisin tekem\u00e4\u00e4n ostos.  <\/p>\t\t\t\t\t\t\t\t<\/div>\n\t\t\t\t<\/div>\n\t\t\t\t\t<\/div>\n\t\t<\/div>\n\t\t\t\t<div class=\"elementor-column elementor-col-25 elementor-inner-column elementor-element elementor-element-2b7608d\" data-id=\"2b7608d\" data-element_type=\"column\" data-e-type=\"column\">\n\t\t\t<div class=\"elementor-widget-wrap elementor-element-populated\">\n\t\t\t\t\t\t<div class=\"elementor-element elementor-element-660d86c elementor-widget elementor-widget-heading\" data-id=\"660d86c\" data-element_type=\"widget\" data-e-type=\"widget\" data-widget_type=\"heading.default\">\n\t\t\t\t<div class=\"elementor-widget-container\">\n\t\t\t\t\t<h3 class=\"elementor-heading-title elementor-size-default\">4. Mainosta s\u00e4\u00e4nn\u00f6llisesti<\/h3>\t\t\t\t<\/div>\n\t\t\t\t<\/div>\n\t\t\t\t<div class=\"elementor-element elementor-element-aea29fc elementor-widget elementor-widget-text-editor\" data-id=\"aea29fc\" data-element_type=\"widget\" data-e-type=\"widget\" data-widget_type=\"text-editor.default\">\n\t\t\t\t<div class=\"elementor-widget-container\">\n\t\t\t\t\t\t\t\t\t<p>Yrityksesi n\u00e4kyvyyden lis\u00e4\u00e4miseksi kannattaa mainostaa s\u00e4\u00e4nn\u00f6llisesti. N\u00e4yt\u00e4 s\u00e4\u00e4nn\u00f6llisesti kampanjatarjouksia, n\u00e4yt\u00e4 blogikirjoituksia tai mainosta yrityst\u00e4si! Mahdollisuudet ovat rajattomat, tarkasti kohdennettuja ja edullisia.  <\/p>\t\t\t\t\t\t\t\t<\/div>\n\t\t\t\t<\/div>\n\t\t\t\t\t<\/div>\n\t\t<\/div>\n\t\t\t\t\t<\/div>\n\t\t<\/section>\n\t\t\t\t\t<\/div>\n\t\t<\/div>\n\t\t\t\t\t<\/div>\n\t\t<\/section>\n\t\t\t\t<section class=\"elementor-section elementor-top-section elementor-element elementor-element-31a07e1 elementor-section-content-middle elementor-section-boxed elementor-section-height-default elementor-section-height-default\" data-id=\"31a07e1\" data-element_type=\"section\" data-e-type=\"section\">\n\t\t\t\t\t\t<div class=\"elementor-container elementor-column-gap-default\">\n\t\t\t\t\t<div class=\"elementor-column elementor-col-50 elementor-top-column elementor-element elementor-element-cc190f6\" data-id=\"cc190f6\" data-element_type=\"column\" data-e-type=\"column\">\n\t\t\t<div class=\"elementor-widget-wrap elementor-element-populated\">\n\t\t\t\t\t\t<div class=\"elementor-element elementor-element-34be25f elementor-widget elementor-widget-text-editor\" data-id=\"34be25f\" data-element_type=\"widget\" data-e-type=\"widget\" data-widget_type=\"text-editor.default\">\n\t\t\t\t<div class=\"elementor-widget-container\">\n\t\t\t\t\t\t\t\t\t<div class=\"fw-heading fw-heading-left tf-sh-615530d3c9d6bcd566185c8eb6afdafc\"><h2 class=\"fw-special-title\">Mainos Facebookissa &#8230;<\/h2><\/div><div class=\"fw-text-box tf-sh-40b6d487caca97f669c7bfcdaf7a0b01 \"><div class=\"fw-text-inner\"><p>\u2713 tarjoaa mahdollisuuden esitell\u00e4 itse\u00e4\u00e4n sek\u00e4 nykyisille ett\u00e4 potentiaalisille asiakkaille<br>\u2713 auttaa kohdentamaan mainonnan tietylle kohderyhm\u00e4lle<br>\u2713 on edullinen, mutta eritt\u00e4in menestyksek\u00e4s mainoskanava<br>\u2713 tarjoaa mahdollisuuden luoda sis\u00e4ll\u00f6lt\u00e4\u00e4n erilaisia kampanjoita<br>\u2713 voidaan k\u00e4ytt\u00e4\u00e4 edullisena tiedotuskanavana.<\/p><\/div><\/div>\t\t\t\t\t\t\t\t<\/div>\n\t\t\t\t<\/div>\n\t\t\t\t\t<\/div>\n\t\t<\/div>\n\t\t\t\t<div class=\"elementor-column elementor-col-50 elementor-top-column elementor-element elementor-element-071029f\" data-id=\"071029f\" data-element_type=\"column\" data-e-type=\"column\">\n\t\t\t<div class=\"elementor-widget-wrap elementor-element-populated\">\n\t\t\t\t\t\t<div class=\"elementor-element elementor-element-c68fa5e elementor-align-center elementor-widget elementor-widget-global elementor-global-10137 elementor-global-4867 elementor-widget-button\" data-id=\"c68fa5e\" data-element_type=\"widget\" data-e-type=\"widget\" data-widget_type=\"button.default\">\n\t\t\t\t<div class=\"elementor-widget-container\">\n\t\t\t\t\t\t\t\t\t<div class=\"elementor-button-wrapper\">\n\t\t\t\t\t<a class=\"elementor-button elementor-button-link elementor-size-md\" href=\"https:\/\/riin.eu\/tehtud\/\">\n\t\t\t\t\t\t<span class=\"elementor-button-content-wrapper\">\n\t\t\t\t\t\t\t\t\t<span class=\"elementor-button-text\">Tutustu tehtyyn ty\u00f6h\u00f6n<\/span>\n\t\t\t\t\t<\/span>\n\t\t\t\t\t<\/a>\n\t\t\t\t<\/div>\n\t\t\t\t\t\t\t\t<\/div>\n\t\t\t\t<\/div>\n\t\t\t\t<div class=\"elementor-element elementor-element-d129d44 elementor-align-center elementor-widget elementor-widget-global elementor-global-10160 elementor-global-4870 elementor-widget-button\" data-id=\"d129d44\" data-element_type=\"widget\" data-e-type=\"widget\" data-widget_type=\"button.default\">\n\t\t\t\t<div class=\"elementor-widget-container\">\n\t\t\t\t\t\t\t\t\t<div class=\"elementor-button-wrapper\">\n\t\t\t\t\t<a class=\"elementor-button elementor-button-link elementor-size-md\" href=\"https:\/\/riin.eu\/fi\/yhteystiedot\/\">\n\t\t\t\t\t\t<span class=\"elementor-button-content-wrapper\">\n\t\t\t\t\t\t\t\t\t<span class=\"elementor-button-text\">Ota yhteytt\u00e4<\/span>\n\t\t\t\t\t<\/span>\n\t\t\t\t\t<\/a>\n\t\t\t\t<\/div>\n\t\t\t\t\t\t\t\t<\/div>\n\t\t\t\t<\/div>\n\t\t\t\t\t<\/div>\n\t\t<\/div>\n\t\t\t\t\t<\/div>\n\t\t<\/section>\n\t\t\t\t<\/div>\n\t\t","protected":false},"excerpt":{"rendered":"<p>Luo yrityksellesi Facebook- ja Instagram-mainoksia, jotka erottuvat ja kohdistuvat kohderyhm\u00e4\u00e4si. Facebook-mainokset tavoittavat ihmiset, jotka haluavat ja tarvitsevat niit\u00e4! Voin auttaa sinua luomaan Facebook-mainoksia, joissa otetaan huomioon demografiset kohderyhm\u00e4t, kuten ik\u00e4 ja sijainti. Lis\u00e4ksi kohdeyleis\u00f6 voidaan valita k\u00e4ytt\u00e4ytymisen, kiinnostuksen kohteiden, ty\u00f6paikan jne. perusteella. Mainokset mukautuvat eri laitekokoihin. Voin auttaa yrityst\u00e4si luomaan mainoksia, joissa on teksti\u00e4, kuvia [&hellip;]<\/p>\n","protected":false},"author":1,"featured_media":0,"parent":0,"menu_order":0,"comment_status":"closed","ping_status":"closed","template":"","meta":{"footnotes":""},"class_list":["post-10021","page","type-page","status-publish","hentry"],"astra-portfolio-type":null,"astra-site-call-to-action":null,"_links":{"self":[{"href":"https:\/\/riin.eu\/fi\/wp-json\/wp\/v2\/pages\/10021","targetHints":{"allow":["GET"]}}],"collection":[{"href":"https:\/\/riin.eu\/fi\/wp-json\/wp\/v2\/pages"}],"about":[{"href":"https:\/\/riin.eu\/fi\/wp-json\/wp\/v2\/types\/page"}],"author":[{"embeddable":true,"href":"https:\/\/riin.eu\/fi\/wp-json\/wp\/v2\/users\/1"}],"replies":[{"embeddable":true,"href":"https:\/\/riin.eu\/fi\/wp-json\/wp\/v2\/comments?post=10021"}],"version-history":[{"count":3,"href":"https:\/\/riin.eu\/fi\/wp-json\/wp\/v2\/pages\/10021\/revisions"}],"predecessor-version":[{"id":11733,"href":"https:\/\/riin.eu\/fi\/wp-json\/wp\/v2\/pages\/10021\/revisions\/11733"}],"wp:attachment":[{"href":"https:\/\/riin.eu\/fi\/wp-json\/wp\/v2\/media?parent=10021"}],"curies":[{"name":"wp","href":"https:\/\/api.w.org\/{rel}","templated":true}]}}