{"id":10018,"date":"2018-04-09T05:39:58","date_gmt":"2018-04-09T02:39:58","guid":{"rendered":"https:\/\/riin.eu\/video-ja-animaatio\/"},"modified":"2026-02-22T04:22:39","modified_gmt":"2026-02-22T02:22:39","slug":"video-ja-animaatio","status":"publish","type":"page","link":"https:\/\/riin.eu\/fi\/video-ja-animaatio\/","title":{"rendered":"Video ja animaatio"},"content":{"rendered":"\t\t<div data-elementor-type=\"wp-page\" data-elementor-id=\"10018\" class=\"elementor elementor-10018 elementor-4353\" data-elementor-post-type=\"page\">\n\t\t\t\t\t\t<section class=\"elementor-section elementor-top-section elementor-element elementor-element-26a8432 elementor-section-content-middle elementor-section-boxed elementor-section-height-default elementor-section-height-default\" data-id=\"26a8432\" data-element_type=\"section\" data-e-type=\"section\">\n\t\t\t\t\t\t<div class=\"elementor-container elementor-column-gap-default\">\n\t\t\t\t\t<div class=\"elementor-column elementor-col-66 elementor-top-column elementor-element elementor-element-f7d1bba\" data-id=\"f7d1bba\" data-element_type=\"column\" data-e-type=\"column\">\n\t\t\t<div class=\"elementor-widget-wrap elementor-element-populated\">\n\t\t\t\t\t\t<div class=\"elementor-element elementor-element-d12952e elementor-widget elementor-widget-heading\" data-id=\"d12952e\" data-element_type=\"widget\" data-e-type=\"widget\" data-widget_type=\"heading.default\">\n\t\t\t\t<div class=\"elementor-widget-container\">\n\t\t\t\t\t<h1 class=\"elementor-heading-title elementor-size-default\">Video ja animaatio<\/h1>\t\t\t\t<\/div>\n\t\t\t\t<\/div>\n\t\t\t\t<div class=\"elementor-element elementor-element-32bccc3 elementor-widget elementor-widget-text-editor\" data-id=\"32bccc3\" data-element_type=\"widget\" data-e-type=\"widget\" data-widget_type=\"text-editor.default\">\n\t\t\t\t<div class=\"elementor-widget-container\">\n\t\t\t\t\t\t\t\t\t<p style=\"text-align: left;\"><strong>Jos yksi kuva kertoo tuhat sanaa, videolla voitte kertoa katsojalle kokonaisen tarinan!<\/strong> Video, jossa k\u00e4ytet\u00e4\u00e4n yrityksenne v\u00e4rimaailmaa, fontteja ja graafista ilmett\u00e4, tekee siit\u00e4 tunnistettavan ja helposti l\u00e4hestytt\u00e4v\u00e4n.<\/p><p style=\"text-align: left;\" align=\"center\">Luon yrityksellenne videon ja\/tai animaation, jonka tavoitteena on esitell\u00e4 tuotettanne tai palveluanne, lis\u00e4t\u00e4 verkkokaupan ostoja tai parantaa n\u00e4kyvyytt\u00e4nne internetiss\u00e4 ja sosiaalisessa mediassa.<br>Videoita on erilaisia \u2013 tarinan kertova <em>explainer<\/em>-video, n\u00e4ytt\u00f6tallenteena toteutettu opetusvideo ohjelmiston esittelyyn tai vaikkapa vauhdikas infografiikka. Animaatioiden luominen ja yrityksenne viestin v\u00e4litt\u00e4minen niiden avulla on yksi viime aikojen suosikkit\u00f6ist\u00e4ni. <a href=\"https:\/\/riin.eu\/fi\/yhteystiedot\/\">Ottakaa yhteytt\u00e4<\/a>, niin keskustellaan lis\u00e4\u00e4 ja l\u00f6ydet\u00e4\u00e4n teille sopiva ratkaisu! <\/p>\t\t\t\t\t\t\t\t<\/div>\n\t\t\t\t<\/div>\n\t\t\t\t\t<\/div>\n\t\t<\/div>\n\t\t\t\t<div class=\"elementor-column elementor-col-33 elementor-top-column elementor-element elementor-element-de8d5c1\" data-id=\"de8d5c1\" data-element_type=\"column\" data-e-type=\"column\">\n\t\t\t<div class=\"elementor-widget-wrap elementor-element-populated\">\n\t\t\t\t\t\t<div class=\"elementor-element elementor-element-3b8d83a elementor-widget elementor-widget-image\" data-id=\"3b8d83a\" data-element_type=\"widget\" data-e-type=\"widget\" data-widget_type=\"image.default\">\n\t\t\t\t<div class=\"elementor-widget-container\">\n\t\t\t\t\t\t\t\t\t\t\t\t\t\t\t<img fetchpriority=\"high\" decoding=\"async\" width=\"500\" height=\"500\" src=\"https:\/\/riin.eu\/wp-content\/uploads\/2018\/04\/Untitled-design-2-1.webp\" class=\"attachment-full size-full wp-image-11755\" alt=\"Video ja animaatio | Riin.eu\" srcset=\"https:\/\/riin.eu\/wp-content\/uploads\/2018\/04\/Untitled-design-2-1.webp 500w, https:\/\/riin.eu\/wp-content\/uploads\/2018\/04\/Untitled-design-2-1-400x400.webp 400w, https:\/\/riin.eu\/wp-content\/uploads\/2018\/04\/Untitled-design-2-1-150x150.webp 150w\" sizes=\"(max-width: 500px) 100vw, 500px\" \/>\t\t\t\t\t\t\t\t\t\t\t\t\t\t\t<\/div>\n\t\t\t\t<\/div>\n\t\t\t\t\t<\/div>\n\t\t<\/div>\n\t\t\t\t\t<\/div>\n\t\t<\/section>\n\t\t\t\t<section class=\"elementor-section elementor-top-section elementor-element elementor-element-c3fc84d elementor-section-boxed elementor-section-height-default elementor-section-height-default\" data-id=\"c3fc84d\" data-element_type=\"section\" data-e-type=\"section\" data-settings=\"{&quot;background_background&quot;:&quot;classic&quot;}\">\n\t\t\t\t\t\t<div class=\"elementor-container elementor-column-gap-default\">\n\t\t\t\t\t<div class=\"elementor-column elementor-col-100 elementor-top-column elementor-element elementor-element-3d652d0\" data-id=\"3d652d0\" data-element_type=\"column\" data-e-type=\"column\">\n\t\t\t<div class=\"elementor-widget-wrap elementor-element-populated\">\n\t\t\t\t\t\t<div class=\"elementor-element elementor-element-7d0c9f0 elementor-widget elementor-widget-heading\" data-id=\"7d0c9f0\" data-element_type=\"widget\" data-e-type=\"widget\" data-widget_type=\"heading.default\">\n\t\t\t\t<div class=\"elementor-widget-container\">\n\t\t\t\t\t<h2 class=\"elementor-heading-title elementor-size-default\">Katso esimerkki!<\/h2>\t\t\t\t<\/div>\n\t\t\t\t<\/div>\n\t\t\t\t<section class=\"elementor-section elementor-inner-section elementor-element elementor-element-658e644 elementor-section-boxed elementor-section-height-default elementor-section-height-default\" data-id=\"658e644\" data-element_type=\"section\" data-e-type=\"section\">\n\t\t\t\t\t\t<div class=\"elementor-container elementor-column-gap-default\">\n\t\t\t\t\t<div class=\"elementor-column elementor-col-50 elementor-inner-column elementor-element elementor-element-b799015\" data-id=\"b799015\" data-element_type=\"column\" data-e-type=\"column\">\n\t\t\t<div class=\"elementor-widget-wrap elementor-element-populated\">\n\t\t\t\t\t\t<div class=\"elementor-element elementor-element-1757ac3 elementor-widget elementor-widget-video\" data-id=\"1757ac3\" data-element_type=\"widget\" data-e-type=\"widget\" data-settings=\"{&quot;video_type&quot;:&quot;hosted&quot;,&quot;controls&quot;:&quot;yes&quot;}\" data-widget_type=\"video.default\">\n\t\t\t\t<div class=\"elementor-widget-container\">\n\t\t\t\t\t\t\t<div class=\"e-hosted-video elementor-wrapper elementor-open-inline\">\n\t\t\t\t\t<video class=\"elementor-video\" src=\"https:\/\/riin.eu\/wp-content\/uploads\/2020\/04\/YqGZPGgf19oiwpt.mp4\" controls=\"\" preload=\"metadata\" controlsList=\"nodownload\"><\/video>\n\t\t\t\t<\/div>\n\t\t\t\t\t\t<\/div>\n\t\t\t\t<\/div>\n\t\t\t\t\t<\/div>\n\t\t<\/div>\n\t\t\t\t<div class=\"elementor-column elementor-col-50 elementor-inner-column elementor-element elementor-element-bfb5e0d\" data-id=\"bfb5e0d\" data-element_type=\"column\" data-e-type=\"column\">\n\t\t\t<div class=\"elementor-widget-wrap elementor-element-populated\">\n\t\t\t\t\t\t<div class=\"elementor-element elementor-element-54d93eb elementor-widget elementor-widget-video\" data-id=\"54d93eb\" data-element_type=\"widget\" data-e-type=\"widget\" data-settings=\"{&quot;youtube_url&quot;:&quot;https:\\\/\\\/youtu.be\\\/KfkIrWev3z8&quot;,&quot;video_type&quot;:&quot;youtube&quot;,&quot;controls&quot;:&quot;yes&quot;}\" data-widget_type=\"video.default\">\n\t\t\t\t<div class=\"elementor-widget-container\">\n\t\t\t\t\t\t\t<div class=\"elementor-wrapper elementor-open-inline\">\n\t\t\t<div class=\"elementor-video\"><\/div>\t\t<\/div>\n\t\t\t\t\t\t<\/div>\n\t\t\t\t<\/div>\n\t\t\t\t\t<\/div>\n\t\t<\/div>\n\t\t\t\t\t<\/div>\n\t\t<\/section>\n\t\t\t\t\t<\/div>\n\t\t<\/div>\n\t\t\t\t\t<\/div>\n\t\t<\/section>\n\t\t\t\t<section class=\"elementor-section elementor-top-section elementor-element elementor-element-3ecd093 elementor-section-content-middle elementor-section-boxed elementor-section-height-default elementor-section-height-default\" data-id=\"3ecd093\" data-element_type=\"section\" data-e-type=\"section\">\n\t\t\t\t\t\t<div class=\"elementor-container elementor-column-gap-default\">\n\t\t\t\t\t<div class=\"elementor-column elementor-col-50 elementor-top-column elementor-element elementor-element-141f193\" data-id=\"141f193\" data-element_type=\"column\" data-e-type=\"column\">\n\t\t\t<div class=\"elementor-widget-wrap elementor-element-populated\">\n\t\t\t\t\t\t<div class=\"elementor-element elementor-element-6a8ec85 elementor-widget elementor-widget-text-editor\" data-id=\"6a8ec85\" data-element_type=\"widget\" data-e-type=\"widget\" data-widget_type=\"text-editor.default\">\n\t\t\t\t<div class=\"elementor-widget-container\">\n\t\t\t\t\t\t\t\t\t<div><h2>Uusi videonne tai animaationne &#8230;<\/h2><\/div><div><div><p>\u2713 K\u00e4ytt\u00e4\u00e4 yrityksenne graafista ilmett\u00e4 ja on katsojalle tunnistettava<br>\u2713 Pystyy selitt\u00e4m\u00e4\u00e4n asiakkaalle lyhyess\u00e4 ajassa sek\u00e4 ongelman ett\u00e4 ratkaisun<br>\u2713 K\u00e4ytt\u00e4\u00e4 yrityksenne graafista ilmett\u00e4, jolloin olette asiakkaalle tuttu<br>\u2713 Parantaa n\u00e4kyvyytt\u00e4nne internetiss\u00e4<br>\u2713 Kasvattaa verkkokaupan konversioastetta<\/p><\/div><\/div>\t\t\t\t\t\t\t\t<\/div>\n\t\t\t\t<\/div>\n\t\t\t\t\t<\/div>\n\t\t<\/div>\n\t\t\t\t<div class=\"elementor-column elementor-col-50 elementor-top-column elementor-element elementor-element-55b92ef\" data-id=\"55b92ef\" data-element_type=\"column\" data-e-type=\"column\">\n\t\t\t<div class=\"elementor-widget-wrap elementor-element-populated\">\n\t\t\t\t\t\t<div class=\"elementor-element elementor-element-74285e9 elementor-align-center elementor-widget elementor-widget-global elementor-global-10137 elementor-global-4867 elementor-widget-button\" data-id=\"74285e9\" data-element_type=\"widget\" data-e-type=\"widget\" data-widget_type=\"button.default\">\n\t\t\t\t<div class=\"elementor-widget-container\">\n\t\t\t\t\t\t\t\t\t<div class=\"elementor-button-wrapper\">\n\t\t\t\t\t<a class=\"elementor-button elementor-button-link elementor-size-md\" href=\"https:\/\/riin.eu\/tehtud\/\">\n\t\t\t\t\t\t<span class=\"elementor-button-content-wrapper\">\n\t\t\t\t\t\t\t\t\t<span class=\"elementor-button-text\">Tutustu tehtyyn ty\u00f6h\u00f6n<\/span>\n\t\t\t\t\t<\/span>\n\t\t\t\t\t<\/a>\n\t\t\t\t<\/div>\n\t\t\t\t\t\t\t\t<\/div>\n\t\t\t\t<\/div>\n\t\t\t\t<div class=\"elementor-element elementor-element-8725093 elementor-align-center elementor-widget elementor-widget-global elementor-global-10160 elementor-global-4870 elementor-widget-button\" data-id=\"8725093\" data-element_type=\"widget\" data-e-type=\"widget\" data-widget_type=\"button.default\">\n\t\t\t\t<div class=\"elementor-widget-container\">\n\t\t\t\t\t\t\t\t\t<div class=\"elementor-button-wrapper\">\n\t\t\t\t\t<a class=\"elementor-button elementor-button-link elementor-size-md\" href=\"https:\/\/riin.eu\/fi\/yhteystiedot\/\">\n\t\t\t\t\t\t<span class=\"elementor-button-content-wrapper\">\n\t\t\t\t\t\t\t\t\t<span class=\"elementor-button-text\">Ota yhteytt\u00e4<\/span>\n\t\t\t\t\t<\/span>\n\t\t\t\t\t<\/a>\n\t\t\t\t<\/div>\n\t\t\t\t\t\t\t\t<\/div>\n\t\t\t\t<\/div>\n\t\t\t\t\t<\/div>\n\t\t<\/div>\n\t\t\t\t\t<\/div>\n\t\t<\/section>\n\t\t\t\t<\/div>\n\t\t","protected":false},"excerpt":{"rendered":"<p>Jos yksi kuva kertoo tuhat sanaa, videolla voitte kertoa katsojalle kokonaisen tarinan! Video, jossa k\u00e4ytet\u00e4\u00e4n yrityksenne v\u00e4rimaailmaa, fontteja ja graafista ilmett\u00e4, tekee siit\u00e4 tunnistettavan ja helposti l\u00e4hestytt\u00e4v\u00e4n. Luon yrityksellenne videon ja\/tai animaation, jonka tavoitteena on esitell\u00e4 tuotettanne tai palveluanne, lis\u00e4t\u00e4 verkkokaupan ostoja tai parantaa n\u00e4kyvyytt\u00e4nne internetiss\u00e4 ja sosiaalisessa mediassa.Videoita on erilaisia \u2013 tarinan kertova explainer-video, [&hellip;]<\/p>\n","protected":false},"author":1,"featured_media":0,"parent":0,"menu_order":0,"comment_status":"closed","ping_status":"closed","template":"","meta":{"footnotes":""},"class_list":["post-10018","page","type-page","status-publish","hentry"],"astra-portfolio-type":null,"astra-site-call-to-action":null,"_links":{"self":[{"href":"https:\/\/riin.eu\/fi\/wp-json\/wp\/v2\/pages\/10018","targetHints":{"allow":["GET"]}}],"collection":[{"href":"https:\/\/riin.eu\/fi\/wp-json\/wp\/v2\/pages"}],"about":[{"href":"https:\/\/riin.eu\/fi\/wp-json\/wp\/v2\/types\/page"}],"author":[{"embeddable":true,"href":"https:\/\/riin.eu\/fi\/wp-json\/wp\/v2\/users\/1"}],"replies":[{"embeddable":true,"href":"https:\/\/riin.eu\/fi\/wp-json\/wp\/v2\/comments?post=10018"}],"version-history":[{"count":3,"href":"https:\/\/riin.eu\/fi\/wp-json\/wp\/v2\/pages\/10018\/revisions"}],"predecessor-version":[{"id":11756,"href":"https:\/\/riin.eu\/fi\/wp-json\/wp\/v2\/pages\/10018\/revisions\/11756"}],"wp:attachment":[{"href":"https:\/\/riin.eu\/fi\/wp-json\/wp\/v2\/media?parent=10018"}],"curies":[{"name":"wp","href":"https:\/\/api.w.org\/{rel}","templated":true}]}}