{"id":10009,"date":"2016-09-19T21:09:11","date_gmt":"2016-09-19T18:09:11","guid":{"rendered":"https:\/\/riin.eu\/palvelut\/"},"modified":"2026-02-21T21:02:55","modified_gmt":"2026-02-21T19:02:55","slug":"palvelut","status":"publish","type":"page","link":"https:\/\/riin.eu\/fi\/palvelut\/","title":{"rendered":"PALVELUT"},"content":{"rendered":"\t\t<div data-elementor-type=\"wp-page\" data-elementor-id=\"10009\" class=\"elementor elementor-10009 elementor-204\" data-elementor-post-type=\"page\">\n\t\t\t\t\t\t<section class=\"elementor-section elementor-top-section elementor-element elementor-element-5a4dcab9 elementor-section-boxed elementor-section-height-default elementor-section-height-default\" data-id=\"5a4dcab9\" data-element_type=\"section\" data-e-type=\"section\" data-settings=\"{&quot;background_background&quot;:&quot;classic&quot;}\">\n\t\t\t\t\t\t<div class=\"elementor-container elementor-column-gap-no\">\n\t\t\t\t\t<div class=\"elementor-column elementor-col-100 elementor-top-column elementor-element elementor-element-665a814c\" data-id=\"665a814c\" data-element_type=\"column\" data-e-type=\"column\">\n\t\t\t<div class=\"elementor-widget-wrap elementor-element-populated\">\n\t\t\t\t\t\t<div class=\"elementor-element elementor-element-2a45087b elementor-widget elementor-widget-heading\" data-id=\"2a45087b\" data-element_type=\"widget\" data-e-type=\"widget\" data-widget_type=\"heading.default\">\n\t\t\t\t<div class=\"elementor-widget-container\">\n\t\t\t\t\t<h2 class=\"elementor-heading-title elementor-size-default\">Palvelut<\/h2>\t\t\t\t<\/div>\n\t\t\t\t<\/div>\n\t\t\t\t\t<\/div>\n\t\t<\/div>\n\t\t\t\t\t<\/div>\n\t\t<\/section>\n\t\t\t\t<section class=\"elementor-section elementor-top-section elementor-element elementor-element-bef3c17 elementor-section-boxed elementor-section-height-default elementor-section-height-default\" data-id=\"bef3c17\" data-element_type=\"section\" data-e-type=\"section\" data-settings=\"{&quot;background_background&quot;:&quot;classic&quot;}\">\n\t\t\t\t\t\t<div class=\"elementor-container elementor-column-gap-no\">\n\t\t\t\t\t<div class=\"elementor-column elementor-col-100 elementor-top-column elementor-element elementor-element-7e619a83\" data-id=\"7e619a83\" data-element_type=\"column\" data-e-type=\"column\">\n\t\t\t<div class=\"elementor-widget-wrap elementor-element-populated\">\n\t\t\t\t\t\t<section class=\"elementor-section elementor-inner-section elementor-element elementor-element-3467c66e elementor-section-height-min-height elementor-section-content-middle elementor-section-boxed elementor-section-height-default\" data-id=\"3467c66e\" data-element_type=\"section\" data-e-type=\"section\">\n\t\t\t\t\t\t<div class=\"elementor-container elementor-column-gap-default\">\n\t\t\t\t\t<div class=\"elementor-column elementor-col-33 elementor-inner-column elementor-element elementor-element-74be272b\" data-id=\"74be272b\" data-element_type=\"column\" data-e-type=\"column\">\n\t\t\t<div class=\"elementor-widget-wrap elementor-element-populated\">\n\t\t\t\t\t\t<div class=\"elementor-element elementor-element-36a2ff6d elementor-position-top elementor-invisible elementor-widget elementor-widget-image-box\" data-id=\"36a2ff6d\" data-element_type=\"widget\" data-e-type=\"widget\" data-settings=\"{&quot;_animation&quot;:&quot;fadeIn&quot;,&quot;_animation_delay&quot;:0.3}\" data-widget_type=\"image-box.default\">\n\t\t\t\t<div class=\"elementor-widget-container\">\n\t\t\t\t\t<div class=\"elementor-image-box-wrapper\"><figure class=\"elementor-image-box-img\"><a href=\"https:\/\/riin.eu\/fi\/chatbot\/\" tabindex=\"-1\"><img fetchpriority=\"high\" decoding=\"async\" width=\"675\" height=\"675\" src=\"https:\/\/riin.eu\/wp-content\/uploads\/2024\/01\/Riin.eu-juturobot.webp\" class=\"attachment-full size-full wp-image-10080\" alt=\"\" \/><\/a><\/figure><div class=\"elementor-image-box-content\"><h3 class=\"elementor-image-box-title\"><a href=\"https:\/\/riin.eu\/fi\/chatbot\/\">Chatbot verkkosivustolle tai verkkokauppaan<\/a><\/h3><p class=\"elementor-image-box-description\">Chatbotit ovat tulleet j\u00e4\u00e4d\u00e4kseen! Luon Chatbotin, joka hoitaa ik\u00e4v\u00e4n mutta tarpeellisen asiakaspalvelun, v\u00e4litt\u00e4\u00e4 k\u00e4vij\u00e4lle markkinointiviestej\u00e4 tai kouluttaa jopa spesifisest\u00e4 aiheesta. Vaihtoehtoja on paljon!  <\/p><\/div><\/div>\t\t\t\t<\/div>\n\t\t\t\t<\/div>\n\t\t\t\t\t<\/div>\n\t\t<\/div>\n\t\t\t\t<div class=\"elementor-column elementor-col-33 elementor-inner-column elementor-element elementor-element-261c302e\" data-id=\"261c302e\" data-element_type=\"column\" data-e-type=\"column\">\n\t\t\t<div class=\"elementor-widget-wrap elementor-element-populated\">\n\t\t\t\t\t\t<div class=\"elementor-element elementor-element-168fa9b elementor-position-top elementor-invisible elementor-widget elementor-widget-image-box\" data-id=\"168fa9b\" data-element_type=\"widget\" data-e-type=\"widget\" data-settings=\"{&quot;_animation&quot;:&quot;fadeIn&quot;,&quot;_animation_delay&quot;:0.3}\" data-widget_type=\"image-box.default\">\n\t\t\t\t<div class=\"elementor-widget-container\">\n\t\t\t\t\t<div class=\"elementor-image-box-wrapper\"><figure class=\"elementor-image-box-img\"><a href=\"https:\/\/riin.eu\/fi\/sahkopostimarkkinointi\/\" tabindex=\"-1\"><img decoding=\"async\" width=\"900\" height=\"900\" src=\"https:\/\/riin.eu\/wp-content\/uploads\/2019\/06\/riin.eu-uudiskiri.jpg\" class=\"attachment-full size-full wp-image-11099\" alt=\"\" srcset=\"https:\/\/riin.eu\/wp-content\/uploads\/2019\/06\/riin.eu-uudiskiri.jpg 900w, https:\/\/riin.eu\/wp-content\/uploads\/2019\/06\/riin.eu-uudiskiri-400x400.jpg 400w, https:\/\/riin.eu\/wp-content\/uploads\/2019\/06\/riin.eu-uudiskiri-150x150.jpg 150w, https:\/\/riin.eu\/wp-content\/uploads\/2019\/06\/riin.eu-uudiskiri-768x768.jpg 768w\" sizes=\"(max-width: 900px) 100vw, 900px\" \/><\/a><\/figure><div class=\"elementor-image-box-content\"><h3 class=\"elementor-image-box-title\"><a href=\"https:\/\/riin.eu\/fi\/sahkopostimarkkinointi\/\">S\u00e4hk\u00f6postikampanjat ja automaatiot<\/a><\/h3><p class=\"elementor-image-box-description\">S\u00e4hk\u00f6postit ovat myynnin ja asiakassuhteiden perusta. Luon j\u00e4rjestelm\u00e4n, joka l\u00e4hett\u00e4\u00e4 oikeat viestit oikeaan aikaan \u2013 tervehdykset, muistutukset ja kampanjat, jotka toimivat silloinkin, kun sin\u00e4 lep\u00e4\u00e4t. <\/p><\/div><\/div>\t\t\t\t<\/div>\n\t\t\t\t<\/div>\n\t\t\t\t\t<\/div>\n\t\t<\/div>\n\t\t\t\t<div class=\"elementor-column elementor-col-33 elementor-inner-column elementor-element elementor-element-386367d9\" data-id=\"386367d9\" data-element_type=\"column\" data-e-type=\"column\">\n\t\t\t<div class=\"elementor-widget-wrap elementor-element-populated\">\n\t\t\t\t\t\t<div class=\"elementor-element elementor-element-5eda6558 elementor-position-top elementor-invisible elementor-widget elementor-widget-image-box\" data-id=\"5eda6558\" data-element_type=\"widget\" data-e-type=\"widget\" data-settings=\"{&quot;_animation&quot;:&quot;fadeIn&quot;,&quot;_animation_delay&quot;:0.3}\" data-widget_type=\"image-box.default\">\n\t\t\t\t<div class=\"elementor-widget-container\">\n\t\t\t\t\t<div class=\"elementor-image-box-wrapper\"><figure class=\"elementor-image-box-img\"><a href=\"https:\/\/riin.eu\/fi\/ai-automaatio\/\" tabindex=\"-1\"><img decoding=\"async\" width=\"500\" height=\"500\" src=\"https:\/\/riin.eu\/wp-content\/uploads\/2025\/10\/riin.eu-automatsioon.webp\" class=\"attachment-full size-full wp-image-11098\" alt=\"\" \/><\/a><\/figure><div class=\"elementor-image-box-content\"><h3 class=\"elementor-image-box-title\"><a href=\"https:\/\/riin.eu\/fi\/ai-automaatio\/\">Liiketoiminta-automaatiot ja ty\u00f6nkulut<\/a><\/h3><p class=\"elementor-image-box-description\">Automatisoi toistuvat toiminnot ja vapauta aikaa luovaan ty\u00f6h\u00f6n. Luon \u00e4lykk\u00e4\u00e4t ty\u00f6nkulut, jotka yhdist\u00e4v\u00e4t suosikkity\u00f6kalusi, l\u00e4hett\u00e4v\u00e4t tietoja eteenp\u00e4in ja pit\u00e4v\u00e4t koko j\u00e4rjestelm\u00e4n sujuvasti toiminnassa \u2013 automaattisesti. \n<\/p><\/div><\/div>\t\t\t\t<\/div>\n\t\t\t\t<\/div>\n\t\t\t\t\t<\/div>\n\t\t<\/div>\n\t\t\t\t\t<\/div>\n\t\t<\/section>\n\t\t\t\t<section class=\"elementor-section elementor-inner-section elementor-element elementor-element-743163e6 elementor-section-height-min-height elementor-section-content-middle elementor-section-boxed elementor-section-height-default\" data-id=\"743163e6\" data-element_type=\"section\" data-e-type=\"section\">\n\t\t\t\t\t\t<div class=\"elementor-container elementor-column-gap-default\">\n\t\t\t\t\t<div class=\"elementor-column elementor-col-33 elementor-inner-column elementor-element elementor-element-14168d09\" data-id=\"14168d09\" data-element_type=\"column\" data-e-type=\"column\">\n\t\t\t<div class=\"elementor-widget-wrap elementor-element-populated\">\n\t\t\t\t\t\t<div class=\"elementor-element elementor-element-44e3079a elementor-position-top elementor-invisible elementor-widget elementor-widget-image-box\" data-id=\"44e3079a\" data-element_type=\"widget\" data-e-type=\"widget\" data-settings=\"{&quot;_animation&quot;:&quot;fadeIn&quot;,&quot;_animation_delay&quot;:0.3}\" data-widget_type=\"image-box.default\">\n\t\t\t\t<div class=\"elementor-widget-container\">\n\t\t\t\t\t<div class=\"elementor-image-box-wrapper\"><figure class=\"elementor-image-box-img\"><a href=\"https:\/\/riin.eu\/fi\/verkkosivuston-yllapito\/\" tabindex=\"-1\"><img loading=\"lazy\" decoding=\"async\" width=\"75\" height=\"75\" src=\"https:\/\/riin.eu\/wp-content\/uploads\/2016\/09\/setting2.png\" class=\"attachment-full size-full wp-image-11090\" alt=\"Riin.eu-kotisivun yll\u00e4pito, verkkosivuston yll\u00e4pito\" \/><\/a><\/figure><div class=\"elementor-image-box-content\"><h3 class=\"elementor-image-box-title\"><a href=\"https:\/\/riin.eu\/fi\/verkkosivuston-yllapito\/\">Verkkosivuston yll\u00e4pito<\/a><\/h3><p class=\"elementor-image-box-description\">Luon ja hallinnoin verkkosivustoja WordPress-sis\u00e4ll\u00f6nhallintaohjelmistolla. Hyvin toimiva verkkosivusto ei ole vain yrityksesi k\u00e4yntikortti, vaan my\u00f6s arvokas myyntikanava. <\/p><\/div><\/div>\t\t\t\t<\/div>\n\t\t\t\t<\/div>\n\t\t\t\t\t<\/div>\n\t\t<\/div>\n\t\t\t\t<div class=\"elementor-column elementor-col-33 elementor-inner-column elementor-element elementor-element-3043cb6c\" data-id=\"3043cb6c\" data-element_type=\"column\" data-e-type=\"column\">\n\t\t\t<div class=\"elementor-widget-wrap elementor-element-populated\">\n\t\t\t\t\t\t<div class=\"elementor-element elementor-element-1f7ac308 elementor-position-top elementor-invisible elementor-widget elementor-widget-image-box\" data-id=\"1f7ac308\" data-element_type=\"widget\" data-e-type=\"widget\" data-settings=\"{&quot;_animation&quot;:&quot;fadeIn&quot;,&quot;_animation_delay&quot;:0.3}\" data-widget_type=\"image-box.default\">\n\t\t\t\t<div class=\"elementor-widget-container\">\n\t\t\t\t\t<div class=\"elementor-image-box-wrapper\"><figure class=\"elementor-image-box-img\"><a href=\"https:\/\/riin.eu\/fi\/verkkosivusto\/\" tabindex=\"-1\"><img loading=\"lazy\" decoding=\"async\" width=\"75\" height=\"75\" src=\"https:\/\/riin.eu\/wp-content\/uploads\/2016\/09\/monitor.png\" class=\"attachment-full size-full wp-image-11089\" alt=\"Riin.eu verkkosivustot, verkkokauppa, verkkosivuston luominen\" \/><\/a><\/figure><div class=\"elementor-image-box-content\"><h3 class=\"elementor-image-box-title\"><a href=\"https:\/\/riin.eu\/fi\/verkkosivusto\/\">WordPress-kotisivut<\/a><\/h3><p class=\"elementor-image-box-description\">Oikealle laitteelle r\u00e4\u00e4t\u00e4l\u00f6idyt laskeutumissivut, jotka vetoavat asiakkaaseen heti ensi silm\u00e4yksell\u00e4. Verkkosivuston rakentaminen suosituimmalla sis\u00e4ll\u00f6nhallintaj\u00e4rjestelm\u00e4ll\u00e4 - WordPressill\u00e4.   <\/p><\/div><\/div>\t\t\t\t<\/div>\n\t\t\t\t<\/div>\n\t\t\t\t\t<\/div>\n\t\t<\/div>\n\t\t\t\t<div class=\"elementor-column elementor-col-33 elementor-inner-column elementor-element elementor-element-23c613a1\" data-id=\"23c613a1\" data-element_type=\"column\" data-e-type=\"column\">\n\t\t\t<div class=\"elementor-widget-wrap elementor-element-populated\">\n\t\t\t\t\t\t<div class=\"elementor-element elementor-element-52fec9bc elementor-position-top elementor-invisible elementor-widget elementor-widget-image-box\" data-id=\"52fec9bc\" data-element_type=\"widget\" data-e-type=\"widget\" data-settings=\"{&quot;_animation&quot;:&quot;fadeIn&quot;,&quot;_animation_delay&quot;:0.3}\" data-widget_type=\"image-box.default\">\n\t\t\t\t<div class=\"elementor-widget-container\">\n\t\t\t\t\t<div class=\"elementor-image-box-wrapper\"><figure class=\"elementor-image-box-img\"><a href=\"https:\/\/riin.eu\/fi\/verkkokauppa\/\" tabindex=\"-1\"><img loading=\"lazy\" decoding=\"async\" width=\"900\" height=\"900\" src=\"https:\/\/riin.eu\/wp-content\/uploads\/2020\/12\/Untitled-design.jpg\" class=\"attachment-full size-full wp-image-10071\" alt=\"verkkokauppa, verkkokaupan rakentaminen, verkkokaupan luominen\" srcset=\"https:\/\/riin.eu\/wp-content\/uploads\/2020\/12\/Untitled-design.jpg 900w, https:\/\/riin.eu\/wp-content\/uploads\/2020\/12\/Untitled-design-400x400.jpg 400w, https:\/\/riin.eu\/wp-content\/uploads\/2020\/12\/Untitled-design-150x150.jpg 150w, https:\/\/riin.eu\/wp-content\/uploads\/2020\/12\/Untitled-design-768x768.jpg 768w, https:\/\/riin.eu\/wp-content\/uploads\/2020\/12\/elementor\/thumbs\/Untitled-design-p0hvnw70nubdxab2j2jq3uroqor6n1uaux33j1hr84.jpg 322w\" sizes=\"(max-width: 900px) 100vw, 900px\" \/><\/a><\/figure><div class=\"elementor-image-box-content\"><h3 class=\"elementor-image-box-title\"><a href=\"https:\/\/riin.eu\/fi\/verkkokauppa\/\">Verkkokauppa<\/a><\/h3><p class=\"elementor-image-box-description\">Verkkokauppa on hyv\u00e4 tapa parantaa liiketoimintamahdollisuuksia. Rakennan verkkokaupan, jossa voit myyd\u00e4 sek\u00e4 virtuaalisia ett\u00e4 fyysisi\u00e4 tuotteita. <\/p><\/div><\/div>\t\t\t\t<\/div>\n\t\t\t\t<\/div>\n\t\t\t\t\t<\/div>\n\t\t<\/div>\n\t\t\t\t\t<\/div>\n\t\t<\/section>\n\t\t\t\t<section class=\"elementor-section elementor-inner-section elementor-element elementor-element-77cec058 elementor-section-height-min-height elementor-section-content-middle elementor-section-boxed elementor-section-height-default\" data-id=\"77cec058\" data-element_type=\"section\" data-e-type=\"section\">\n\t\t\t\t\t\t<div class=\"elementor-container elementor-column-gap-default\">\n\t\t\t\t\t<div class=\"elementor-column elementor-col-100 elementor-inner-column elementor-element elementor-element-4a27de96\" data-id=\"4a27de96\" data-element_type=\"column\" data-e-type=\"column\">\n\t\t\t<div class=\"elementor-widget-wrap elementor-element-populated\">\n\t\t\t\t\t\t<div class=\"elementor-element elementor-element-1edd6f3f elementor-position-top elementor-invisible elementor-widget elementor-widget-image-box\" data-id=\"1edd6f3f\" data-element_type=\"widget\" data-e-type=\"widget\" data-settings=\"{&quot;_animation&quot;:&quot;fadeIn&quot;,&quot;_animation_delay&quot;:0.3}\" data-widget_type=\"image-box.default\">\n\t\t\t\t<div class=\"elementor-widget-container\">\n\t\t\t\t\t<div class=\"elementor-image-box-wrapper\"><figure class=\"elementor-image-box-img\"><a href=\"https:\/\/riin.eu\/fi\/yhteystiedot\/\" tabindex=\"-1\"><img loading=\"lazy\" decoding=\"async\" width=\"75\" height=\"75\" src=\"https:\/\/riin.eu\/wp-content\/uploads\/2016\/09\/email.png\" class=\"attachment-full size-full wp-image-11092\" alt=\"Riin.eu uutiskirje\" \/><\/a><\/figure><div class=\"elementor-image-box-content\"><h3 class=\"elementor-image-box-title\"><a href=\"https:\/\/riin.eu\/fi\/yhteystiedot\/\">Verkkopalvelu, jota ei ole lueteltu t\u00e4ss\u00e4<\/a><\/h3><p class=\"elementor-image-box-description\">Olen aina valmis uuteen haasteeseen, joten odotan innolla soittoasi\n\n<br><br> Kirjoita osoitteeseen riin@riin.eu.  <\/p><\/div><\/div>\t\t\t\t<\/div>\n\t\t\t\t<\/div>\n\t\t\t\t\t<\/div>\n\t\t<\/div>\n\t\t\t\t\t<\/div>\n\t\t<\/section>\n\t\t\t\t\t<\/div>\n\t\t<\/div>\n\t\t\t\t\t<\/div>\n\t\t<\/section>\n\t\t\t\t<\/div>\n\t\t","protected":false},"excerpt":{"rendered":"<p>Palvelut Chatbot verkkosivustolle tai verkkokauppaan Chatbotit ovat tulleet j\u00e4\u00e4d\u00e4kseen! Luon Chatbotin, joka hoitaa ik\u00e4v\u00e4n mutta tarpeellisen asiakaspalvelun, v\u00e4litt\u00e4\u00e4 k\u00e4vij\u00e4lle markkinointiviestej\u00e4 tai kouluttaa jopa spesifisest\u00e4 aiheesta. Vaihtoehtoja on paljon! S\u00e4hk\u00f6postikampanjat ja automaatiot S\u00e4hk\u00f6postit ovat myynnin ja asiakassuhteiden perusta. Luon j\u00e4rjestelm\u00e4n, joka l\u00e4hett\u00e4\u00e4 oikeat viestit oikeaan aikaan \u2013 tervehdykset, muistutukset ja kampanjat, jotka toimivat silloinkin, kun sin\u00e4 [&hellip;]<\/p>\n","protected":false},"author":1,"featured_media":0,"parent":0,"menu_order":0,"comment_status":"closed","ping_status":"closed","template":"","meta":{"footnotes":""},"class_list":["post-10009","page","type-page","status-publish","hentry"],"astra-portfolio-type":null,"astra-site-call-to-action":null,"_links":{"self":[{"href":"https:\/\/riin.eu\/fi\/wp-json\/wp\/v2\/pages\/10009","targetHints":{"allow":["GET"]}}],"collection":[{"href":"https:\/\/riin.eu\/fi\/wp-json\/wp\/v2\/pages"}],"about":[{"href":"https:\/\/riin.eu\/fi\/wp-json\/wp\/v2\/types\/page"}],"author":[{"embeddable":true,"href":"https:\/\/riin.eu\/fi\/wp-json\/wp\/v2\/users\/1"}],"replies":[{"embeddable":true,"href":"https:\/\/riin.eu\/fi\/wp-json\/wp\/v2\/comments?post=10009"}],"version-history":[{"count":3,"href":"https:\/\/riin.eu\/fi\/wp-json\/wp\/v2\/pages\/10009\/revisions"}],"predecessor-version":[{"id":11716,"href":"https:\/\/riin.eu\/fi\/wp-json\/wp\/v2\/pages\/10009\/revisions\/11716"}],"wp:attachment":[{"href":"https:\/\/riin.eu\/fi\/wp-json\/wp\/v2\/media?parent=10009"}],"curies":[{"name":"wp","href":"https:\/\/api.w.org\/{rel}","templated":true}]}}