{"id":14026,"date":"2026-05-15T13:18:09","date_gmt":"2026-05-15T10:18:09","guid":{"rendered":"https:\/\/riin.eu\/auditoria-de-condiciones-de-desistimiento\/"},"modified":"2026-05-15T16:35:17","modified_gmt":"2026-05-15T13:35:17","slug":"auditoria-de-condiciones-de-desistimiento","status":"publish","type":"page","link":"https:\/\/riin.eu\/es\/auditoria-de-condiciones-de-desistimiento\/","title":{"rendered":"Auditor\u00eda de condiciones de desistimiento"},"content":{"rendered":"\t\t<div data-elementor-type=\"wp-page\" data-elementor-id=\"14026\" class=\"elementor elementor-14026 elementor-14021\" data-elementor-post-type=\"page\">\n\t\t\t\t\t\t<section class=\"elementor-section elementor-top-section elementor-element elementor-element-35c059ef elementor-section-content-middle elementor-section-height-min-height elementor-section-boxed elementor-section-height-default elementor-section-items-middle\" data-id=\"35c059ef\" data-element_type=\"section\" data-e-type=\"section\" data-settings=\"{&quot;background_background&quot;:&quot;classic&quot;}\">\n\t\t\t\t\t\t<div class=\"elementor-container elementor-column-gap-default\">\n\t\t\t\t\t<div class=\"elementor-column elementor-col-100 elementor-top-column elementor-element elementor-element-7f2112d8\" data-id=\"7f2112d8\" data-element_type=\"column\" data-e-type=\"column\">\n\t\t\t<div class=\"elementor-widget-wrap elementor-element-populated\">\n\t\t\t\t\t\t<div class=\"elementor-element elementor-element-7bd66b19 elementor-align-center elementor-widget elementor-widget-button\" data-id=\"7bd66b19\" data-element_type=\"widget\" data-e-type=\"widget\" data-widget_type=\"button.default\">\n\t\t\t\t<div class=\"elementor-widget-container\">\n\t\t\t\t\t\t\t\t\t<div class=\"elementor-button-wrapper\">\n\t\t\t\t\t<a class=\"elementor-button elementor-size-sm\" role=\"button\">\n\t\t\t\t\t\t<span class=\"elementor-button-content-wrapper\">\n\t\t\t\t\t\t\t\t\t<span class=\"elementor-button-text\">\u26a1 NUEVOS REQUISITOS DE LA UE A PARTIR DEL 19-06-2026<\/span>\n\t\t\t\t\t<\/span>\n\t\t\t\t\t<\/a>\n\t\t\t\t<\/div>\n\t\t\t\t\t\t\t\t<\/div>\n\t\t\t\t<\/div>\n\t\t\t\t<div class=\"elementor-element elementor-element-598ff253 elementor-widget elementor-widget-heading\" data-id=\"598ff253\" data-element_type=\"widget\" data-e-type=\"widget\" data-widget_type=\"heading.default\">\n\t\t\t\t<div class=\"elementor-widget-container\">\n\t\t\t\t\t<h1 class=\"elementor-heading-title elementor-size-default\">Auditor\u00eda gratuita de condiciones de desistimiento \u2014 env\u00edo en 24 h\n\n<\/h1>\t\t\t\t<\/div>\n\t\t\t\t<\/div>\n\t\t\t\t<div class=\"elementor-element elementor-element-607c272d elementor-widget elementor-widget-text-editor\" data-id=\"607c272d\" data-element_type=\"widget\" data-e-type=\"widget\" data-widget_type=\"text-editor.default\">\n\t\t\t\t<div class=\"elementor-widget-container\">\n\t\t\t\t\t\t\t\t\t<p>Para el 19 de junio de 2026, todas las tiendas online de la UE deben cumplir con la Directiva 2023\/2673. Env\u00ede sus condiciones y recibir\u00e1 un informe en PDF con una lista de verificaci\u00f3n. <\/p>\t\t\t\t\t\t\t\t<\/div>\n\t\t\t\t<\/div>\n\t\t\t\t\t<\/div>\n\t\t<\/div>\n\t\t\t\t\t<\/div>\n\t\t<\/section>\n\t\t<div class=\"elementor-element elementor-element-415226f0 e-flex e-con-boxed e-con e-parent\" data-id=\"415226f0\" data-element_type=\"container\" data-e-type=\"container\">\n\t\t\t\t\t<div class=\"e-con-inner\">\n\t\t<div class=\"elementor-element elementor-element-2217add7 e-con-full e-flex e-con e-child\" data-id=\"2217add7\" data-element_type=\"container\" data-e-type=\"container\">\n\t\t\t\t<div class=\"elementor-element elementor-element-1363c493 elementor-widget elementor-widget-heading\" data-id=\"1363c493\" data-element_type=\"widget\" data-e-type=\"widget\" data-widget_type=\"heading.default\">\n\t\t\t\t<div class=\"elementor-widget-container\">\n\t\t\t\t\t<h2 class=\"elementor-heading-title elementor-size-default\">Directiva de la UE 2023\/2673 \u2014 \u00bfqu\u00e9 significa para su tienda online?<\/h2>\t\t\t\t<\/div>\n\t\t\t\t<\/div>\n\t\t\t\t<div class=\"elementor-element elementor-element-752fb21c elementor-widget elementor-widget-text-editor\" data-id=\"752fb21c\" data-element_type=\"widget\" data-e-type=\"widget\" data-widget_type=\"text-editor.default\">\n\t\t\t\t<div class=\"elementor-widget-container\">\n\t\t\t\t\t\t\t\t\tLa nueva directiva de protecci\u00f3n al consumidor de la Uni\u00f3n Europea exige que cada tienda online tenga un bot\u00f3n de desistimiento claro y sencillo. Ya no es solo una p\u00e1gina de \u00abpol\u00edtica de devoluciones\u00bb; se requiere un proceso activo de 4 pasos. \n\n<span style=\"color: #000000;\">Si su tienda online no cumple con los requisitos para el 19 de junio de 2026, se arriesga a multas y a la p\u00e9rdida de confianza de los clientes. <\/span>\t\t\t\t\t\t\t\t<\/div>\n\t\t\t\t<\/div>\n\t\t\t\t<\/div>\n\t\t<div class=\"elementor-element elementor-element-7ea677e0 e-con-full e-flex e-con e-child\" data-id=\"7ea677e0\" data-element_type=\"container\" data-e-type=\"container\">\n\t\t<div class=\"elementor-element elementor-element-64100fba e-grid e-con-full e-con e-child\" data-id=\"64100fba\" data-element_type=\"container\" data-e-type=\"container\">\n\t\t\t\t<div class=\"elementor-element elementor-element-c786905 elementor-cta--valign-middle elementor-cta--skin-classic elementor-animated-content elementor-bg-transform elementor-bg-transform-zoom-in elementor-widget elementor-widget-call-to-action\" data-id=\"c786905\" data-element_type=\"widget\" data-e-type=\"widget\" data-widget_type=\"call-to-action.default\">\n\t\t\t\t<div class=\"elementor-widget-container\">\n\t\t\t\t\t\t\t<div class=\"elementor-cta\">\n\t\t\t\t\t\t\t<div class=\"elementor-cta__content\">\n\t\t\t\t\n\t\t\t\t\t\t\t\t\t<span class=\"elementor-cta__title elementor-cta__content-item elementor-content-item\">\n\t\t\t\t\t\t19.06.26\t\t\t\t\t<\/span>\n\t\t\t\t\n\t\t\t\t\t\t\t\t\t<div class=\"elementor-cta__description elementor-cta__content-item elementor-content-item\">\n\t\t\t\t\t\tPlazo para el desarrollo\t\t\t\t\t<\/div>\n\t\t\t\t\n\t\t\t\t\t\t\t<\/div>\n\t\t\t\t\t\t<\/div>\n\t\t\t\t\t\t<\/div>\n\t\t\t\t<\/div>\n\t\t\t\t<div class=\"elementor-element elementor-element-325faf18 elementor-cta--valign-middle elementor-cta--skin-classic elementor-animated-content elementor-bg-transform elementor-bg-transform-zoom-in elementor-widget elementor-widget-call-to-action\" data-id=\"325faf18\" data-element_type=\"widget\" data-e-type=\"widget\" data-widget_type=\"call-to-action.default\">\n\t\t\t\t<div class=\"elementor-widget-container\">\n\t\t\t\t\t\t\t<div class=\"elementor-cta\">\n\t\t\t\t\t\t\t<div class=\"elementor-cta__content\">\n\t\t\t\t\n\t\t\t\t\t\t\t\t\t<span class=\"elementor-cta__title elementor-cta__content-item elementor-content-item\">\n\t\t\t\t\t\t4\t\t\t\t\t<\/span>\n\t\t\t\t\n\t\t\t\t\t\t\t\t\t<div class=\"elementor-cta__description elementor-cta__content-item elementor-content-item\">\n\t\t\t\t\t\tpasos obligatorios\n\t\t\t\t\t<\/div>\n\t\t\t\t\n\t\t\t\t\t\t\t<\/div>\n\t\t\t\t\t\t<\/div>\n\t\t\t\t\t\t<\/div>\n\t\t\t\t<\/div>\n\t\t\t\t<div class=\"elementor-element elementor-element-7658f5b8 elementor-cta--valign-middle elementor-cta--skin-classic elementor-animated-content elementor-bg-transform elementor-bg-transform-zoom-in elementor-widget elementor-widget-call-to-action\" data-id=\"7658f5b8\" data-element_type=\"widget\" data-e-type=\"widget\" data-widget_type=\"call-to-action.default\">\n\t\t\t\t<div class=\"elementor-widget-container\">\n\t\t\t\t\t\t\t<div class=\"elementor-cta\">\n\t\t\t\t\t\t\t<div class=\"elementor-cta__content\">\n\t\t\t\t\n\t\t\t\t\t\t\t\t\t<span class=\"elementor-cta__title elementor-cta__content-item elementor-content-item\">\n\t\t\t\t\t\t14\t\t\t\t\t<\/span>\n\t\t\t\t\n\t\t\t\t\t\t\t\t\t<div class=\"elementor-cta__description elementor-cta__content-item elementor-content-item\">\n\t\t\t\t\t\td\u00edas de plazo de desistimiento\t\t\t\t\t<\/div>\n\t\t\t\t\n\t\t\t\t\t\t\t<\/div>\n\t\t\t\t\t\t<\/div>\n\t\t\t\t\t\t<\/div>\n\t\t\t\t<\/div>\n\t\t\t\t<div class=\"elementor-element elementor-element-20cce154 elementor-cta--valign-middle elementor-cta--skin-classic elementor-animated-content elementor-bg-transform elementor-bg-transform-zoom-in elementor-widget elementor-widget-call-to-action\" data-id=\"20cce154\" data-element_type=\"widget\" data-e-type=\"widget\" data-widget_type=\"call-to-action.default\">\n\t\t\t\t<div class=\"elementor-widget-container\">\n\t\t\t\t\t\t\t<div class=\"elementor-cta\">\n\t\t\t\t\t\t\t<div class=\"elementor-cta__content\">\n\t\t\t\t\n\t\t\t\t\t\t\t\t\t<span class=\"elementor-cta__title elementor-cta__content-item elementor-content-item\">\n\t\t\t\t\t\t27 +  \t\t\t\t\t<\/span>\n\t\t\t\t\n\t\t\t\t\t\t\t\t\t<div class=\"elementor-cta__description elementor-cta__content-item elementor-content-item\">\n\t\t\t\t\t\tpa\u00eds de la UE \t\t\t\t\t<\/div>\n\t\t\t\t\n\t\t\t\t\t\t\t<\/div>\n\t\t\t\t\t\t<\/div>\n\t\t\t\t\t\t<\/div>\n\t\t\t\t<\/div>\n\t\t\t\t<\/div>\n\t\t\t\t<\/div>\n\t\t\t\t\t<\/div>\n\t\t\t\t<\/div>\n\t\t<div class=\"elementor-element elementor-element-7df9abff e-flex e-con-boxed e-con e-parent\" data-id=\"7df9abff\" data-element_type=\"container\" data-e-type=\"container\" data-settings=\"{&quot;background_background&quot;:&quot;classic&quot;}\">\n\t\t\t\t\t<div class=\"e-con-inner\">\n\t\t<div class=\"elementor-element elementor-element-20afc911 e-con-full e-flex e-con e-child\" data-id=\"20afc911\" data-element_type=\"container\" data-e-type=\"container\">\n\t\t\t\t<div class=\"elementor-element elementor-element-1c751daa elementor-widget elementor-widget-heading\" data-id=\"1c751daa\" data-element_type=\"widget\" data-e-type=\"widget\" data-widget_type=\"heading.default\">\n\t\t\t\t<div class=\"elementor-widget-container\">\n\t\t\t\t\t<h2 class=\"elementor-heading-title elementor-size-default\">\u00bfQu\u00e9 recibir\u00e1 al solicitar una auditor\u00eda gratuita? <br><\/h2>\t\t\t\t<\/div>\n\t\t\t\t<\/div>\n\t\t\t\t<div class=\"elementor-element elementor-element-fd0763d elementor-widget elementor-widget-text-editor\" data-id=\"fd0763d\" data-element_type=\"widget\" data-e-type=\"widget\" data-widget_type=\"text-editor.default\">\n\t\t\t\t<div class=\"elementor-widget-container\">\n\t\t\t\t\t\t\t\t\t<p>He creado un plugin que hace que su sitio web cumpla <strong>t\u00e9cnicamente<\/strong> con los requisitos de la UE. El plugin resuelve la parte t\u00e9cnica: bot\u00f3n, formulario y notificaciones al cliente. <\/p><div data-line=\"2\" data-line-type=\"context\" data-line-index=\"1\">Pero antes de la instalaci\u00f3n, tambi\u00e9n conviene revisar la <strong>secci\u00f3n de desistimiento de las condiciones de venta,<\/strong> que debe cumplir con la Directiva de la UE 2023\/2673.<\/div><div data-line=\"4\" data-line-type=\"context\" data-line-index=\"3\"> <\/div><div data-line=\"5\" data-line-type=\"context\" data-line-index=\"4\">Env\u00edeme su secci\u00f3n actual de desistimiento de las condiciones de venta.<\/div><div data-line=\"5\" data-line-type=\"context\" data-line-index=\"4\">Enviar\u00e9 una auditor\u00eda gratuita en 24 h: un informe en PDF con una redacci\u00f3n corregida y recomendaciones de mejora.<\/div>\t\t\t\t\t\t\t\t<\/div>\n\t\t\t\t<\/div>\n\t\t<div class=\"elementor-element elementor-element-3829eb2b e-grid e-con-full e-con e-child\" data-id=\"3829eb2b\" data-element_type=\"container\" data-e-type=\"container\">\n\t\t\t\t<div class=\"elementor-element elementor-element-1335d31 elementor-invisible elementor-widget elementor-widget-image-box\" data-id=\"1335d31\" data-element_type=\"widget\" data-e-type=\"widget\" data-settings=\"{&quot;_animation&quot;:&quot;fadeIn&quot;,&quot;_animation_delay&quot;:0.3}\" data-widget_type=\"image-box.default\">\n\t\t\t\t<div class=\"elementor-widget-container\">\n\t\t\t\t\t<div class=\"elementor-image-box-wrapper\"><div class=\"elementor-image-box-content\"><h3 class=\"elementor-image-box-title\">Informe en PDF<\/h3><p class=\"elementor-image-box-description\">Sus condiciones actuales comparadas con la Directiva de la UE y la ley de protecci\u00f3n al consumidor de su pa\u00eds de destino.\n<\/p><\/div><\/div>\t\t\t\t<\/div>\n\t\t\t\t<\/div>\n\t\t\t\t<div class=\"elementor-element elementor-element-55019391 elementor-invisible elementor-widget elementor-widget-image-box\" data-id=\"55019391\" data-element_type=\"widget\" data-e-type=\"widget\" data-settings=\"{&quot;_animation&quot;:&quot;fadeIn&quot;,&quot;_animation_delay&quot;:0.3}\" data-widget_type=\"image-box.default\">\n\t\t\t\t<div class=\"elementor-widget-container\">\n\t\t\t\t\t<div class=\"elementor-image-box-wrapper\"><div class=\"elementor-image-box-content\"><h3 class=\"elementor-image-box-title\">Redacci\u00f3n recomendada <\/h3><p class=\"elementor-image-box-description\">Condiciones de desistimiento corregidas con [placeholders]: copie y adapte a sus datos.<\/p><\/div><\/div>\t\t\t\t<\/div>\n\t\t\t\t<\/div>\n\t\t\t\t<div class=\"elementor-element elementor-element-3c31b0b2 elementor-invisible elementor-widget elementor-widget-image-box\" data-id=\"3c31b0b2\" data-element_type=\"widget\" data-e-type=\"widget\" data-settings=\"{&quot;_animation&quot;:&quot;fadeIn&quot;,&quot;_animation_delay&quot;:0.3}\" data-widget_type=\"image-box.default\">\n\t\t\t\t<div class=\"elementor-widget-container\">\n\t\t\t\t\t<div class=\"elementor-image-box-wrapper\"><div class=\"elementor-image-box-content\"><h3 class=\"elementor-image-box-title\">Lista de verificaci\u00f3n<\/h3><p class=\"elementor-image-box-description\">Una lista concreta de acciones. Trabajo enfocado para cumplir con los requisitos de cumplimiento. \n\n<\/p><\/div><\/div>\t\t\t\t<\/div>\n\t\t\t\t<\/div>\n\t\t\t\t<\/div>\n\t\t\t\t<\/div>\n\t\t\t\t\t<\/div>\n\t\t\t\t<\/div>\n\t\t<div class=\"elementor-element elementor-element-ada196d e-flex e-con-boxed e-con e-parent\" data-id=\"ada196d\" data-element_type=\"container\" data-e-type=\"container\">\n\t\t\t\t\t<div class=\"e-con-inner\">\n\t\t\t\t<div class=\"elementor-element elementor-element-6992377 elementor-widget elementor-widget-heading\" data-id=\"6992377\" data-element_type=\"widget\" data-e-type=\"widget\" data-widget_type=\"heading.default\">\n\t\t\t\t<div class=\"elementor-widget-container\">\n\t\t\t\t\t<h2 class=\"elementor-heading-title elementor-size-default\">\u00bfDesea enviar sus condiciones para realizar la auditor\u00eda? <br><\/h2>\t\t\t\t<\/div>\n\t\t\t\t<\/div>\n\t\t\t\t<div class=\"elementor-element elementor-element-3e4f89c elementor-button-align-start elementor-widget elementor-widget-form\" data-id=\"3e4f89c\" data-element_type=\"widget\" data-e-type=\"widget\" data-settings=\"{&quot;step_next_label&quot;:&quot;Siguiente&quot;,&quot;step_previous_label&quot;:&quot;Anterior&quot;,&quot;button_width&quot;:&quot;100&quot;,&quot;step_type&quot;:&quot;number_text&quot;,&quot;step_icon_shape&quot;:&quot;circle&quot;}\" data-widget_type=\"form.default\">\n\t\t\t\t<div class=\"elementor-widget-container\">\n\t\t\t\t\t\t\t<form class=\"elementor-form\" method=\"post\" name=\"Auditor\u00eda de condiciones de desistimiento\" aria-label=\"Auditor\u00eda de condiciones de desistimiento\">\n\t\t\t<input type=\"hidden\" name=\"post_id\" value=\"14026\"\/>\n\t\t\t<input type=\"hidden\" name=\"form_id\" value=\"3e4f89c\"\/>\n\t\t\t<input type=\"hidden\" name=\"referer_title\" value=\"Auditor\u00eda de condiciones de desistimiento | Riin.eu\" \/>\n\n\t\t\t\t\t\t\t<input type=\"hidden\" name=\"queried_id\" value=\"14026\"\/>\n\t\t\t\n\t\t\t<div class=\"elementor-form-fields-wrapper elementor-labels-above\">\n\t\t\t\t\t\t\t\t<div class=\"elementor-field-type-text elementor-field-group elementor-column elementor-field-group-name elementor-col-50 elementor-field-required elementor-mark-required\">\n\t\t\t\t\t\t\t\t\t\t\t\t<label for=\"form-field-name\" class=\"elementor-field-label\">\n\t\t\t\t\t\t\t\tNombre\t\t\t\t\t\t\t<\/label>\n\t\t\t\t\t\t\t\t\t\t\t\t\t\t<input size=\"1\" type=\"text\" name=\"form_fields[name]\" id=\"form-field-name\" class=\"elementor-field elementor-size-sm  elementor-field-textual\" placeholder=\"Su nombre\" required=\"required\">\n\t\t\t\t\t\t\t\t\t\t\t<\/div>\n\t\t\t\t\t\t\t\t<div class=\"elementor-field-type-email elementor-field-group elementor-column elementor-field-group-field_34c22e7 elementor-col-50 elementor-field-required elementor-mark-required\">\n\t\t\t\t\t\t\t\t\t\t\t\t<label for=\"form-field-field_34c22e7\" class=\"elementor-field-label\">\n\t\t\t\t\t\t\t\tCorreo electr\u00f3nico\t\t\t\t\t\t\t<\/label>\n\t\t\t\t\t\t\t\t\t\t\t\t\t\t<input size=\"1\" type=\"email\" name=\"form_fields[field_34c22e7]\" id=\"form-field-field_34c22e7\" class=\"elementor-field elementor-size-sm  elementor-field-textual\" placeholder=\"Direcci\u00f3n de correo electr\u00f3nico\" required=\"required\">\n\t\t\t\t\t\t\t\t\t\t\t<\/div>\n\t\t\t\t\t\t\t\t<div class=\"elementor-field-type-url elementor-field-group elementor-column elementor-field-group-field_a06e170 elementor-col-100 elementor-field-required elementor-mark-required\">\n\t\t\t\t\t\t\t\t\t\t\t\t<label for=\"form-field-field_a06e170\" class=\"elementor-field-label\">\n\t\t\t\t\t\t\t\tDirecci\u00f3n de su tienda online\t\t\t\t\t\t\t<\/label>\n\t\t\t\t\t\t\t\t\t\t\t\t\t\t<input size=\"1\" type=\"url\" name=\"form_fields[field_a06e170]\" id=\"form-field-field_a06e170\" class=\"elementor-field elementor-size-sm  elementor-field-textual\" placeholder=\"https:\/\/\u2026\" required=\"required\">\n\t\t\t\t\t\t\t\t\t\t\t<\/div>\n\t\t\t\t\t\t\t\t<div class=\"elementor-field-type-text elementor-field-group elementor-column elementor-field-group-field_ac0863e elementor-col-100 elementor-field-required elementor-mark-required\">\n\t\t\t\t\t\t\t\t\t\t\t\t<label for=\"form-field-field_ac0863e\" class=\"elementor-field-label\">\n\t\t\t\t\t\t\t\tPa\u00edses donde vende su tienda\t\t\t\t\t\t\t<\/label>\n\t\t\t\t\t\t\t\t\t\t\t\t\t\t<input size=\"1\" type=\"text\" name=\"form_fields[field_ac0863e]\" id=\"form-field-field_ac0863e\" class=\"elementor-field elementor-size-sm  elementor-field-textual\" placeholder=\"Estonia \/ Estonia, Finlandia \/ toda Europa\" required=\"required\">\n\t\t\t\t\t\t\t\t\t\t\t<\/div>\n\t\t\t\t\t\t\t\t<div class=\"elementor-field-type-text elementor-field-group elementor-column elementor-field-group-field_ac525f8 elementor-col-100 elementor-field-required elementor-mark-required\">\n\t\t\t\t\t\t\t\t\t\t\t\t<label for=\"form-field-field_ac525f8\" class=\"elementor-field-label\">\n\t\t\t\t\t\t\t\tQu\u00e9 vende su tienda (una frase)\t\t\t\t\t\t\t<\/label>\n\t\t\t\t\t\t\t\t\t\t\t\t\t\t<input size=\"1\" type=\"text\" name=\"form_fields[field_ac525f8]\" id=\"form-field-field_ac525f8\" class=\"elementor-field elementor-size-sm  elementor-field-textual\" placeholder=\"\u00bfQu\u00e9 vende su tienda (una frase)? p. ej., art\u00edculos deportivos y ropa; suministros de artesan\u00eda, accesorios de cosm\u00e9tica, etc.  \" required=\"required\">\n\t\t\t\t\t\t\t\t\t\t\t<\/div>\n\t\t\t\t\t\t\t\t<div class=\"elementor-field-type-radio elementor-field-group elementor-column elementor-field-group-field_a0beb73 elementor-col-100 elementor-field-required elementor-mark-required\">\n\t\t\t\t\t\t\t\t\t\t\t\t<label for=\"form-field-field_a0beb73\" class=\"elementor-field-label\">\n\t\t\t\t\t\t\t\t\u00bfEst\u00e1n las condiciones de venta traducidas a otros idiomas?\t\t\t\t\t\t\t<\/label>\n\t\t\t\t\t\t<div class=\"elementor-field-subgroup  elementor-subgroup-inline\"><span class=\"elementor-field-option\"><input type=\"radio\" value=\"S\u00ed\" id=\"form-field-field_a0beb73-0\" name=\"form_fields[field_a0beb73]\" required=\"required\"> <label for=\"form-field-field_a0beb73-0\">S\u00ed<\/label><\/span><span class=\"elementor-field-option\"><input type=\"radio\" value=\"No\" id=\"form-field-field_a0beb73-1\" name=\"form_fields[field_a0beb73]\" required=\"required\"> <label for=\"form-field-field_a0beb73-1\">No<\/label><\/span><span class=\"elementor-field-option\"><input type=\"radio\" value=\"No estoy seguro\" id=\"form-field-field_a0beb73-2\" name=\"form_fields[field_a0beb73]\" required=\"required\"> <label for=\"form-field-field_a0beb73-2\">No estoy seguro<\/label><\/span><\/div>\t\t\t\t<\/div>\n\t\t\t\t\t\t\t\t<div class=\"elementor-field-type-textarea elementor-field-group elementor-column elementor-field-group-message elementor-col-100 elementor-field-required elementor-mark-required\">\n\t\t\t\t\t\t\t\t\t\t\t\t<label for=\"form-field-message\" class=\"elementor-field-label\">\n\t\t\t\t\t\t\t\tCondiciones de desistimiento actuales\t\t\t\t\t\t\t<\/label>\n\t\t\t\t\t\t<textarea class=\"elementor-field-textual elementor-field  elementor-size-sm\" name=\"form_fields[message]\" id=\"form-field-message\" rows=\"5\" placeholder=\"Pegue sus condiciones de desistimiento actuales\" required=\"required\"><\/textarea>\t\t\t\t<\/div>\n\t\t\t\t\t\t\t\t<div class=\"elementor-field-type-acceptance elementor-field-group elementor-column elementor-field-group-field_0a0f11f elementor-col-100 elementor-field-required elementor-mark-required\">\n\t\t\t\t\t\t\t<div class=\"elementor-field-subgroup\">\n\t\t\t<span class=\"elementor-field-option\">\n\t\t\t\t<input type=\"checkbox\" name=\"form_fields[field_0a0f11f]\" id=\"form-field-field_0a0f11f\" class=\"elementor-field elementor-size-sm  elementor-acceptance-field\" required=\"required\" checked=\"checked\">\n\t\t\t\t<label for=\"form-field-field_0a0f11f\">Acepto recibir el bolet\u00edn sobre temas de cumplimiento de la UE<\/label>\t\t\t<\/span>\n\t\t<\/div>\n\t\t\t\t\t\t<\/div>\n\t\t\t\t\t\t\t\t<div class=\"elementor-field-type-acceptance elementor-field-group elementor-column elementor-field-group-field_04d94fe elementor-col-100 elementor-field-required elementor-mark-required\">\n\t\t\t\t\t\t\t<div class=\"elementor-field-subgroup\">\n\t\t\t<span class=\"elementor-field-option\">\n\t\t\t\t<input type=\"checkbox\" name=\"form_fields[field_04d94fe]\" id=\"form-field-field_04d94fe\" class=\"elementor-field elementor-size-sm  elementor-acceptance-field\" required=\"required\">\n\t\t\t\t<label for=\"form-field-field_04d94fe\">He le\u00eddo la <a href=\"https:\/\/riin.eu\/es\/contacto\/politica-de-privacidad\/\" target:_blank=\"\"> pol\u00edtica de privacidad<\/a><\/label>\t\t\t<\/span>\n\t\t<\/div>\n\t\t\t\t\t\t<\/div>\n\t\t\t\t\t\t\t\t<div class=\"elementor-field-group elementor-column elementor-field-type-submit elementor-col-100 e-form__buttons\">\n\t\t\t\t\t<button class=\"elementor-button elementor-size-sm\" type=\"submit\">\n\t\t\t\t\t\t<span class=\"elementor-button-content-wrapper\">\n\t\t\t\t\t\t\t\t\t\t\t\t\t\t\t<span class=\"elementor-button-icon\">\n\t\t\t\t\t\t\t\t\t<i aria-hidden=\"true\" class=\"fas fa-long-arrow-alt-right\"><\/i>\t\t\t\t\t\t\t\t\t\t\t\t\t\t\t\t\t<\/span>\n\t\t\t\t\t\t\t\t\t\t\t\t\t\t\t\t\t\t\t\t\t\t<span class=\"elementor-button-text\">Enviarme la auditor\u00eda <\/span>\n\t\t\t\t\t\t\t\t\t\t\t\t\t<\/span>\n\t\t\t\t\t<\/button>\n\t\t\t\t<\/div>\n\t\t\t<\/div>\n\t\t<\/form>\n\t\t\t\t\t\t<\/div>\n\t\t\t\t<\/div>\n\t\t\t\t\t<\/div>\n\t\t\t\t<\/div>\n\t\t\t\t<\/div>\n\t\t","protected":false},"excerpt":{"rendered":"<p>\u26a1 NUEVOS REQUISITOS DE LA UE A PARTIR DEL 19-06-2026 Auditor\u00eda gratuita de condiciones de desistimiento \u2014 env\u00edo en 24 h Para el 19 de junio de 2026, todas las tiendas online de la UE deben cumplir con la Directiva 2023\/2673. Env\u00ede sus condiciones y recibir\u00e1 un informe en PDF con una lista de verificaci\u00f3n. [&hellip;]<\/p>\n","protected":false},"author":1,"featured_media":14289,"parent":0,"menu_order":0,"comment_status":"closed","ping_status":"closed","template":"","meta":{"footnotes":""},"class_list":["post-14026","page","type-page","status-publish","has-post-thumbnail","hentry"],"astra-portfolio-type":null,"astra-site-call-to-action":null,"_links":{"self":[{"href":"https:\/\/riin.eu\/es\/wp-json\/wp\/v2\/pages\/14026","targetHints":{"allow":["GET"]}}],"collection":[{"href":"https:\/\/riin.eu\/es\/wp-json\/wp\/v2\/pages"}],"about":[{"href":"https:\/\/riin.eu\/es\/wp-json\/wp\/v2\/types\/page"}],"author":[{"embeddable":true,"href":"https:\/\/riin.eu\/es\/wp-json\/wp\/v2\/users\/1"}],"replies":[{"embeddable":true,"href":"https:\/\/riin.eu\/es\/wp-json\/wp\/v2\/comments?post=14026"}],"version-history":[{"count":3,"href":"https:\/\/riin.eu\/es\/wp-json\/wp\/v2\/pages\/14026\/revisions"}],"predecessor-version":[{"id":14283,"href":"https:\/\/riin.eu\/es\/wp-json\/wp\/v2\/pages\/14026\/revisions\/14283"}],"wp:featuredmedia":[{"embeddable":true,"href":"https:\/\/riin.eu\/es\/wp-json\/wp\/v2\/media\/14289"}],"wp:attachment":[{"href":"https:\/\/riin.eu\/es\/wp-json\/wp\/v2\/media?parent=14026"}],"curies":[{"name":"wp","href":"https:\/\/api.w.org\/{rel}","templated":true}]}}