{"id":13016,"date":"2025-10-20T09:46:02","date_gmt":"2025-10-20T06:46:02","guid":{"rendered":"https:\/\/riin.eu\/automatizacion-con-ia\/"},"modified":"2026-04-25T13:36:28","modified_gmt":"2026-04-25T10:36:28","slug":"automatizacion-con-ia","status":"publish","type":"page","link":"https:\/\/riin.eu\/es\/automatizacion-con-ia\/","title":{"rendered":"Automatizaci\u00f3n con IA"},"content":{"rendered":"\t\t<div data-elementor-type=\"wp-page\" data-elementor-id=\"13016\" class=\"elementor elementor-13016 elementor-11189\" data-elementor-post-type=\"page\">\n\t\t\t\t\t\t<section class=\"elementor-section elementor-top-section elementor-element elementor-element-5004cb7 elementor-section-content-middle elementor-section-height-min-height elementor-section-boxed elementor-section-height-default elementor-section-items-middle\" data-id=\"5004cb7\" data-element_type=\"section\" data-e-type=\"section\" data-settings=\"{&quot;background_background&quot;:&quot;classic&quot;}\">\n\t\t\t\t\t\t<div class=\"elementor-container elementor-column-gap-default\">\n\t\t\t\t\t<div class=\"elementor-column elementor-col-100 elementor-top-column elementor-element elementor-element-67d24552\" data-id=\"67d24552\" data-element_type=\"column\" data-e-type=\"column\">\n\t\t\t<div class=\"elementor-widget-wrap elementor-element-populated\">\n\t\t\t\t\t\t<div class=\"elementor-element elementor-element-3817235c elementor-widget elementor-widget-heading\" data-id=\"3817235c\" data-element_type=\"widget\" data-e-type=\"widget\" data-widget_type=\"heading.default\">\n\t\t\t\t<div class=\"elementor-widget-container\">\n\t\t\t\t\t<h1 class=\"elementor-heading-title elementor-size-default\">Hacemos que su negocio funcione de manera m\u00e1s inteligente: la IA se encarga del trabajo repetitivo para que las personas se centren en lo que realmente importa.\n<\/h1>\t\t\t\t<\/div>\n\t\t\t\t<\/div>\n\t\t\t\t<div class=\"elementor-element elementor-element-168ca320 elementor-widget elementor-widget-text-editor\" data-id=\"168ca320\" data-element_type=\"widget\" data-e-type=\"widget\" data-widget_type=\"text-editor.default\">\n\t\t\t\t<div class=\"elementor-widget-container\">\n\t\t\t\t\t\t\t\t\t<p>Creamos flujos de trabajo basados en inteligencia artificial que automatizan las actividades repetitivas, el an\u00e1lisis y la comunicaci\u00f3n.<br>El resultado es menos trabajo manual, decisiones m\u00e1s r\u00e1pidas y una mejor experiencia del cliente.<\/p>\t\t\t\t\t\t\t\t<\/div>\n\t\t\t\t<\/div>\n\t\t\t\t\t<\/div>\n\t\t<\/div>\n\t\t\t\t\t<\/div>\n\t\t<\/section>\n\t\t\t\t<section class=\"elementor-section elementor-top-section elementor-element elementor-element-208c2396 elementor-section-boxed elementor-section-height-default elementor-section-height-default\" data-id=\"208c2396\" data-element_type=\"section\" data-e-type=\"section\">\n\t\t\t\t\t\t<div class=\"elementor-container elementor-column-gap-default\">\n\t\t\t\t\t<div class=\"elementor-column elementor-col-100 elementor-top-column elementor-element elementor-element-1842ef99\" data-id=\"1842ef99\" data-element_type=\"column\" data-e-type=\"column\">\n\t\t\t<div class=\"elementor-widget-wrap elementor-element-populated\">\n\t\t\t\t\t\t<section class=\"elementor-section elementor-inner-section elementor-element elementor-element-58282dfd elementor-section-boxed elementor-section-height-default elementor-section-height-default\" data-id=\"58282dfd\" data-element_type=\"section\" data-e-type=\"section\">\n\t\t\t\t\t\t<div class=\"elementor-container elementor-column-gap-default\">\n\t\t\t\t\t<div class=\"elementor-column elementor-col-50 elementor-inner-column elementor-element elementor-element-52052c22\" data-id=\"52052c22\" data-element_type=\"column\" data-e-type=\"column\">\n\t\t\t<div class=\"elementor-widget-wrap elementor-element-populated\">\n\t\t\t\t\t\t<div class=\"elementor-element elementor-element-f4c061a elementor-widget elementor-widget-heading\" data-id=\"f4c061a\" data-element_type=\"widget\" data-e-type=\"widget\" data-widget_type=\"heading.default\">\n\t\t\t\t<div class=\"elementor-widget-container\">\n\t\t\t\t\t<h2 class=\"elementor-heading-title elementor-size-default\">La IA no sustituye a las personas. Las libera del trabajo repetitivo. <\/h2>\t\t\t\t<\/div>\n\t\t\t\t<\/div>\n\t\t\t\t<div class=\"elementor-element elementor-element-12b1f1f3 elementor-widget elementor-widget-text-editor\" data-id=\"12b1f1f3\" data-element_type=\"widget\" data-e-type=\"widget\" data-widget_type=\"text-editor.default\">\n\t\t\t\t<div class=\"elementor-widget-container\">\n\t\t\t\t\t\t\t\t\t<p style=\"text-align: left;\">La automatizaci\u00f3n no es solo \u201ctrabajo manual m\u00e1s r\u00e1pido\u201d, sino una toma de decisiones m\u00e1s inteligente.<br>La IA aprende, se adapta y optimiza los procesos con el tiempo.<\/p><ul><li style=\"text-align: left;\">Menos trabajo manual y errores<\/li><li style=\"text-align: left;\">Toma de decisiones y flujo de informaci\u00f3n m\u00e1s r\u00e1pidos<\/li><li style=\"text-align: left;\">Ahorro de tiempo de trabajo y costes<\/li><li style=\"text-align: left;\">Resultados que se pueden medir<\/li><\/ul>\t\t\t\t\t\t\t\t<\/div>\n\t\t\t\t<\/div>\n\t\t\t\t\t<\/div>\n\t\t<\/div>\n\t\t\t\t<div class=\"elementor-column elementor-col-50 elementor-inner-column elementor-element elementor-element-74d5dc05\" data-id=\"74d5dc05\" data-element_type=\"column\" data-e-type=\"column\" data-settings=\"{&quot;background_background&quot;:&quot;classic&quot;}\">\n\t\t\t<div class=\"elementor-widget-wrap elementor-element-populated\">\n\t\t\t\t\t\t<div class=\"elementor-element elementor-element-522ae21 elementor-widget elementor-widget-heading\" data-id=\"522ae21\" data-element_type=\"widget\" data-e-type=\"widget\" data-widget_type=\"heading.default\">\n\t\t\t\t<div class=\"elementor-widget-container\">\n\t\t\t\t\t<h2 class=\"elementor-heading-title elementor-size-default\">Ejemplos de uso<\/h2>\t\t\t\t<\/div>\n\t\t\t\t<\/div>\n\t\t\t\t<div class=\"elementor-element elementor-element-8a304f8 elementor-widget elementor-widget-text-editor\" data-id=\"8a304f8\" data-element_type=\"widget\" data-e-type=\"widget\" data-widget_type=\"text-editor.default\">\n\t\t\t\t<div class=\"elementor-widget-container\">\n\t\t\t\t\t\t\t\t\t<ul><li>Chatbot de IA que redujo el tiempo de respuesta del servicio de atenci\u00f3n al cliente en un 60%<\/li><li>Embudo de ventas donde la IA eval\u00faa y prioriza los leads autom\u00e1ticamente + env\u00eda una propuesta inicial por correo electr\u00f3nico.<\/li><li>Asistente de publicaciones en redes sociales que traduce y publica contenidos en diferentes idiomas y perfiles.<\/li><li>Chatbot que genera documentos a partir de las conversaciones y gestiona la comunicaci\u00f3n posterior de forma autom\u00e1tica.<\/li><\/ul>\t\t\t\t\t\t\t\t<\/div>\n\t\t\t\t<\/div>\n\t\t\t\t\t<\/div>\n\t\t<\/div>\n\t\t\t\t\t<\/div>\n\t\t<\/section>\n\t\t\t\t\t<\/div>\n\t\t<\/div>\n\t\t\t\t\t<\/div>\n\t\t<\/section>\n\t\t\t\t<section class=\"elementor-section elementor-top-section elementor-element elementor-element-5111287 elementor-section-boxed elementor-section-height-default elementor-section-height-default\" data-id=\"5111287\" data-element_type=\"section\" data-e-type=\"section\" data-settings=\"{&quot;background_background&quot;:&quot;classic&quot;}\">\n\t\t\t\t\t\t<div class=\"elementor-container elementor-column-gap-no\">\n\t\t\t\t\t<div class=\"elementor-column elementor-col-100 elementor-top-column elementor-element elementor-element-ed66693\" data-id=\"ed66693\" data-element_type=\"column\" data-e-type=\"column\">\n\t\t\t<div class=\"elementor-widget-wrap elementor-element-populated\">\n\t\t\t\t\t\t<div class=\"elementor-element elementor-element-c17336f elementor-widget elementor-widget-heading\" data-id=\"c17336f\" data-element_type=\"widget\" data-e-type=\"widget\" data-widget_type=\"heading.default\">\n\t\t\t\t<div class=\"elementor-widget-container\">\n\t\t\t\t\t<h2 class=\"elementor-heading-title elementor-size-default\">\u00bfQu\u00e9 se puede automatizar?\u200b<\/h2>\t\t\t\t<\/div>\n\t\t\t\t<\/div>\n\t\t\t\t<section class=\"elementor-section elementor-inner-section elementor-element elementor-element-9fab0f6 elementor-section-height-min-height elementor-section-content-top elementor-section-boxed elementor-section-height-default\" data-id=\"9fab0f6\" data-element_type=\"section\" data-e-type=\"section\">\n\t\t\t\t\t\t<div class=\"elementor-container elementor-column-gap-default\">\n\t\t\t\t\t<div class=\"elementor-column elementor-col-50 elementor-inner-column elementor-element elementor-element-85bbadb\" data-id=\"85bbadb\" data-element_type=\"column\" data-e-type=\"column\">\n\t\t\t<div class=\"elementor-widget-wrap elementor-element-populated\">\n\t\t\t\t\t\t<div class=\"elementor-element elementor-element-d526199 elementor-invisible elementor-widget elementor-widget-image-box\" data-id=\"d526199\" data-element_type=\"widget\" data-e-type=\"widget\" data-settings=\"{&quot;_animation&quot;:&quot;fadeIn&quot;,&quot;_animation_delay&quot;:0.3}\" data-widget_type=\"image-box.default\">\n\t\t\t\t<div class=\"elementor-widget-container\">\n\t\t\t\t\t<div class=\"elementor-image-box-wrapper\"><div class=\"elementor-image-box-content\"><h3 class=\"elementor-image-box-title\">Ventas y marketing<\/h3><p class=\"elementor-image-box-description\">Puntuaci\u00f3n de leads, seguimiento, ofertas personalizadas con chatbot + automatizaci\u00f3n<\/p><\/div><\/div>\t\t\t\t<\/div>\n\t\t\t\t<\/div>\n\t\t\t\t<div class=\"elementor-element elementor-element-0605c6a elementor-invisible elementor-widget elementor-widget-image-box\" data-id=\"0605c6a\" data-element_type=\"widget\" data-e-type=\"widget\" data-settings=\"{&quot;_animation&quot;:&quot;fadeIn&quot;,&quot;_animation_delay&quot;:0.3}\" data-widget_type=\"image-box.default\">\n\t\t\t\t<div class=\"elementor-widget-container\">\n\t\t\t\t\t<div class=\"elementor-image-box-wrapper\"><div class=\"elementor-image-box-content\"><h3 class=\"elementor-image-box-title\">Comunicaci\u00f3n y atenci\u00f3n al cliente<\/h3><p class=\"elementor-image-box-description\">Asistentes de IA que gestionan consultas recurrentes y\/o recopilan comentarios.<\/p><\/div><\/div>\t\t\t\t<\/div>\n\t\t\t\t<\/div>\n\t\t\t\t<div class=\"elementor-element elementor-element-c4f50a2 elementor-invisible elementor-widget elementor-widget-image-box\" data-id=\"c4f50a2\" data-element_type=\"widget\" data-e-type=\"widget\" data-settings=\"{&quot;_animation&quot;:&quot;fadeIn&quot;,&quot;_animation_delay&quot;:0.3}\" data-widget_type=\"image-box.default\">\n\t\t\t\t<div class=\"elementor-widget-container\">\n\t\t\t\t\t<div class=\"elementor-image-box-wrapper\"><div class=\"elementor-image-box-content\"><h3 class=\"elementor-image-box-title\">Flujos de trabajo internos de la empresa<\/h3><p class=\"elementor-image-box-description\">Notificaciones en Slack\/Teams y similares, creaci\u00f3n de documentos, supervisi\u00f3n de proyectos.<\/p><\/div><\/div>\t\t\t\t<\/div>\n\t\t\t\t<\/div>\n\t\t\t\t\t<\/div>\n\t\t<\/div>\n\t\t\t\t<div class=\"elementor-column elementor-col-50 elementor-inner-column elementor-element elementor-element-c267d80\" data-id=\"c267d80\" data-element_type=\"column\" data-e-type=\"column\">\n\t\t\t<div class=\"elementor-widget-wrap elementor-element-populated\">\n\t\t\t\t\t\t<div class=\"elementor-element elementor-element-6059b6c elementor-invisible elementor-widget elementor-widget-image-box\" data-id=\"6059b6c\" data-element_type=\"widget\" data-e-type=\"widget\" data-settings=\"{&quot;_animation&quot;:&quot;fadeIn&quot;,&quot;_animation_delay&quot;:0.3}\" data-widget_type=\"image-box.default\">\n\t\t\t\t<div class=\"elementor-widget-container\">\n\t\t\t\t\t<div class=\"elementor-image-box-wrapper\"><div class=\"elementor-image-box-content\"><h3 class=\"elementor-image-box-title\">An\u00e1lisis de datos e informes<\/h3><p class=\"elementor-image-box-description\">La IA interpreta los datos y elabora informes autom\u00e1ticamente.\n<\/p><\/div><\/div>\t\t\t\t<\/div>\n\t\t\t\t<\/div>\n\t\t\t\t<div class=\"elementor-element elementor-element-751469a elementor-invisible elementor-widget elementor-widget-image-box\" data-id=\"751469a\" data-element_type=\"widget\" data-e-type=\"widget\" data-settings=\"{&quot;_animation&quot;:&quot;fadeIn&quot;,&quot;_animation_delay&quot;:0.3}\" data-widget_type=\"image-box.default\">\n\t\t\t\t<div class=\"elementor-widget-container\">\n\t\t\t\t\t<div class=\"elementor-image-box-wrapper\"><div class=\"elementor-image-box-content\"><h3 class=\"elementor-image-box-title\">Contenido e ideas<\/h3><p class=\"elementor-image-box-description\">Descripciones de productos, publicaciones, recomendaciones basadas en el contenido.<\/p><\/div><\/div>\t\t\t\t<\/div>\n\t\t\t\t<\/div>\n\t\t\t\t\t<\/div>\n\t\t<\/div>\n\t\t\t\t\t<\/div>\n\t\t<\/section>\n\t\t\t\t\t<\/div>\n\t\t<\/div>\n\t\t\t\t\t<\/div>\n\t\t<\/section>\n\t\t\t\t<section class=\"elementor-section elementor-top-section elementor-element elementor-element-787ce9cc elementor-section-boxed elementor-section-height-default elementor-section-height-default\" data-id=\"787ce9cc\" data-element_type=\"section\" data-e-type=\"section\">\n\t\t\t\t\t\t<div class=\"elementor-container elementor-column-gap-default\">\n\t\t\t\t\t<div class=\"elementor-column elementor-col-50 elementor-top-column elementor-element elementor-element-33acb819\" data-id=\"33acb819\" data-element_type=\"column\" data-e-type=\"column\">\n\t\t\t<div class=\"elementor-widget-wrap elementor-element-populated\">\n\t\t\t\t\t\t<div class=\"elementor-element elementor-element-85321cc elementor-widget elementor-widget-text-editor\" data-id=\"85321cc\" data-element_type=\"widget\" data-e-type=\"widget\" data-widget_type=\"text-editor.default\">\n\t\t\t\t<div class=\"elementor-widget-container\">\n\t\t\t\t\t\t\t\t\t<h2>\u00bfCu\u00e1nto tiempo y dinero est\u00e1 perdiendo actualmente?<\/h2><p class=\"p1\">Si una actividad repetitiva le toma a una persona 10 minutos y ocurre 20 veces al d\u00eda, eso supone m\u00e1s de 60 horas de trabajo al mes.<\/p><p class=\"p1\">La IA puede recuperar ese tiempo, sin comprometer la calidad.<\/p>\t\t\t\t\t\t\t\t<\/div>\n\t\t\t\t<\/div>\n\t\t\t\t\t<\/div>\n\t\t<\/div>\n\t\t\t\t<div class=\"elementor-column elementor-col-50 elementor-top-column elementor-element elementor-element-91ac5f0\" data-id=\"91ac5f0\" data-element_type=\"column\" data-e-type=\"column\">\n\t\t\t<div class=\"elementor-widget-wrap elementor-element-populated\">\n\t\t\t\t\t\t<section class=\"elementor-section elementor-inner-section elementor-element elementor-element-10ba1ce elementor-section-boxed elementor-section-height-default elementor-section-height-default\" data-id=\"10ba1ce\" data-element_type=\"section\" data-e-type=\"section\">\n\t\t\t\t\t\t<div class=\"elementor-container elementor-column-gap-default\">\n\t\t\t\t\t<div class=\"elementor-column elementor-col-50 elementor-inner-column elementor-element elementor-element-07f3a7f\" data-id=\"07f3a7f\" data-element_type=\"column\" data-e-type=\"column\">\n\t\t\t<div class=\"elementor-widget-wrap elementor-element-populated\">\n\t\t\t\t\t\t<div class=\"elementor-element elementor-element-2ab7b86 elementor-widget elementor-widget-cost_calculator_slider_box\" data-id=\"2ab7b86\" data-element_type=\"widget\" data-e-type=\"widget\" data-widget_type=\"cost_calculator_slider_box.default\">\n\t\t\t\t<div class=\"elementor-widget-container\">\n\t\t\t\t\t<div class=\"cost-calculator-box cost-calculator-clearfix\"><label>\u00bfCu\u00e1nto tiempo se dedica a realizar tareas repetitivas cada mes?<\/label>\r\n\t\t<input type=\"hidden\" name=\"slider-box-label\" value=\"\u00bfCu\u00e1nto tiempo se dedica a realizar tareas repetitivas cada mes?\"><div class=\"cost-slider-container\">\r\n\t\t\t<input id=\"aeg\" class=\"cost-calculator-cost-slider-input cost-calculator-cost-slider-input-hidden\" name=\"slider-box\" type=\"number\" value=\"56\" step=\"1\"><input id=\"aeg-value\" type=\"hidden\" value=\"56\" data-default=\"56\"><div class=\"cost-calculator-cost-slider\" data-value=\"56\" data-step=\"1\" data-min=\"0\" data-max=\"160\" data-input=\"aeg\" data-currencyAfter=\"h\" data-value-input=\"aeg-value\" data-price=\"1\"><\/div>\r\n\t\t<\/div>\r\n\t<\/div>\t\t\t\t<\/div>\n\t\t\t\t<\/div>\n\t\t\t\t\t<\/div>\n\t\t<\/div>\n\t\t\t\t<div class=\"elementor-column elementor-col-50 elementor-inner-column elementor-element elementor-element-2dcac21\" data-id=\"2dcac21\" data-element_type=\"column\" data-e-type=\"column\">\n\t\t\t<div class=\"elementor-widget-wrap elementor-element-populated\">\n\t\t\t\t\t\t<div class=\"elementor-element elementor-element-7f8deb8 elementor-widget elementor-widget-cost_calculator_slider_box\" data-id=\"7f8deb8\" data-element_type=\"widget\" data-e-type=\"widget\" data-widget_type=\"cost_calculator_slider_box.default\">\n\t\t\t\t<div class=\"elementor-widget-container\">\n\t\t\t\t\t<div class=\"cost-calculator-box cost-calculator-clearfix\"><label>Coste por hora bruto o coste por hora interno estimado.<\/label>\r\n\t\t<input type=\"hidden\" name=\"slider-box-label\" value=\"Coste por hora bruto o coste por hora interno estimado.\"><div class=\"cost-slider-container\">\r\n\t\t\t<input id=\"hind\" class=\"cost-calculator-cost-slider-input cost-calculator-cost-slider-input-hidden\" name=\"slider-box\" type=\"number\" value=\"30\" step=\"1\"><input id=\"hind-value\" type=\"hidden\" value=\"30\" data-default=\"30\"><div class=\"cost-calculator-cost-slider\" data-value=\"30\" data-step=\"1\" data-min=\"0\" data-max=\"130\" data-input=\"hind\" data-currencyAfter=\"\u20ac\" data-value-input=\"hind-value\" data-price=\"1\"><\/div>\r\n\t\t<\/div>\r\n\t<\/div>\t\t\t\t<\/div>\n\t\t\t\t<\/div>\n\t\t\t\t\t<\/div>\n\t\t<\/div>\n\t\t\t\t\t<\/div>\n\t\t<\/section>\n\t\t\t\t<div class=\"elementor-element elementor-element-52654dd elementor-widget elementor-widget-spacer\" data-id=\"52654dd\" data-element_type=\"widget\" data-e-type=\"widget\" data-widget_type=\"spacer.default\">\n\t\t\t\t<div class=\"elementor-widget-container\">\n\t\t\t\t\t\t\t<div class=\"elementor-spacer\">\n\t\t\t<div class=\"elementor-spacer-inner\"><\/div>\n\t\t<\/div>\n\t\t\t\t\t\t<\/div>\n\t\t\t\t<\/div>\n\t\t\t\t<div class=\"elementor-element elementor-element-d4b9d5c cost-calculator-summary-price elementor-widget elementor-widget-cost_calculator_summary_box\" data-id=\"d4b9d5c\" data-element_type=\"widget\" data-e-type=\"widget\" data-widget_type=\"cost_calculator_summary_box.default\">\n\t\t\t\t<div class=\"elementor-widget-container\">\n\t\t\t\t\t<div class=\"cost-calculator-box cost-calculator-summary-box cost-calculator-clearfix\">\r\n\t\t<span class=\"cost-calculator-summary-price\" id=\"cost\"><span class=\"cost-calculator-currency\">La automatizaci\u00f3n con IA puede ahorrar a su empresa  <\/span>0.00<span class=\"cost-calculator-currency\">\u20ac al mes  <\/span><\/span><p class=\"cost-calculator-price-description\">El c\u00e1lculo utiliza un ahorro medio por IA del 65%  <\/p><input type=\"hidden\" id=\"cost-total\" name=\"total_cost\" value=\"La automatizaci\u00f3n con IA puede ahorrar a su empresa  0.00\u20ac al mes  \">\r\n\t<input type=\"hidden\" id=\"cost-total-value\" name=\"total_cost-value\" value=\"0\">\r\n\t<input type=\"hidden\" name=\"total_cost-summarylabel\" value=\"Tasa de ahorro mensual\">\r\n\t<\/div>\t\t\t\t<\/div>\n\t\t\t\t<\/div>\n\t\t\t\t<div class=\"elementor-element elementor-element-4a367fc elementor-widget elementor-widget-text-editor\" data-id=\"4a367fc\" data-element_type=\"widget\" data-e-type=\"widget\" data-widget_type=\"text-editor.default\">\n\t\t\t\t<div class=\"elementor-widget-container\">\n\t\t\t\t\t\t\t\t\t<p>Esta es solo una tarea de trabajo \u2013 <br>\u00bfcu\u00e1ntos procesos similares tiene su equipo al mes?<\/p>\t\t\t\t\t\t\t\t<\/div>\n\t\t\t\t<\/div>\n\t\t\t\t\t<\/div>\n\t\t<\/div>\n\t\t\t\t\t<\/div>\n\t\t<\/section>\n\t\t\t\t<section class=\"elementor-section elementor-top-section elementor-element elementor-element-1638df4f elementor-section-content-middle elementor-section-height-min-height elementor-section-boxed elementor-section-height-default elementor-section-items-middle\" data-id=\"1638df4f\" data-element_type=\"section\" data-e-type=\"section\" data-settings=\"{&quot;background_background&quot;:&quot;classic&quot;}\">\n\t\t\t\t\t\t<div class=\"elementor-container elementor-column-gap-default\">\n\t\t\t\t\t<div class=\"elementor-column elementor-col-100 elementor-top-column elementor-element elementor-element-3b770ad4\" data-id=\"3b770ad4\" data-element_type=\"column\" data-e-type=\"column\">\n\t\t\t<div class=\"elementor-widget-wrap elementor-element-populated\">\n\t\t\t\t\t\t<div class=\"elementor-element elementor-element-a04f3f1 elementor-widget elementor-widget-heading\" data-id=\"a04f3f1\" data-element_type=\"widget\" data-e-type=\"widget\" data-widget_type=\"heading.default\">\n\t\t\t\t<div class=\"elementor-widget-container\">\n\t\t\t\t\t<h2 class=\"elementor-heading-title elementor-size-default\">\u00bfC\u00f3mo poner en marcha las automatizaciones en la empresa?<\/h2>\t\t\t\t<\/div>\n\t\t\t\t<\/div>\n\t\t\t\t<div class=\"elementor-element elementor-element-57a1a15d elementor-widget elementor-widget-text-editor\" data-id=\"57a1a15d\" data-element_type=\"widget\" data-e-type=\"widget\" data-widget_type=\"text-editor.default\">\n\t\t\t\t<div class=\"elementor-widget-container\">\n\t\t\t\t\t\t\t\t\t<p>La automatizaci\u00f3n con IA no es un paquete cerrado, sino una soluci\u00f3n que nace de los objetivos, procesos y situaci\u00f3n actual de su empresa.<br>Cada empresa es diferente; por eso no empezamos con el trabajo, sino con una conversaci\u00f3n.<\/p>\t\t\t\t\t\t\t\t<\/div>\n\t\t\t\t<\/div>\n\t\t\t\t<div class=\"elementor-element elementor-element-5518a384 elementor-widget elementor-widget-heading\" data-id=\"5518a384\" data-element_type=\"widget\" data-e-type=\"widget\" data-widget_type=\"heading.default\">\n\t\t\t\t<div class=\"elementor-widget-container\">\n\t\t\t\t\t<h3 class=\"elementor-heading-title elementor-size-default\">Reserve 30 minutos y hablemos\n<\/h3>\t\t\t\t<\/div>\n\t\t\t\t<\/div>\n\t\t\t\t<div class=\"elementor-element elementor-element-2650caa3 elementor-widget__width-initial elementor-widget elementor-widget-text-editor\" data-id=\"2650caa3\" data-element_type=\"widget\" data-e-type=\"widget\" data-widget_type=\"text-editor.default\">\n\t\t\t\t<div class=\"elementor-widget-container\">\n\t\t\t\t\t\t\t\t\t<p>\u2713 d\u00f3nde se encuentra la mayor oportunidad de ahorro de tiempo o automatizaci\u00f3n en su empresa<\/p><p>\u2713 si una soluci\u00f3n de IA es realmente razonable en ese caso<\/p><p>\u2713 si lo es, cu\u00e1l podr\u00eda ser el primer paso pr\u00e1ctico<\/p>\t\t\t\t\t\t\t\t<\/div>\n\t\t\t\t<\/div>\n\t\t\t\t<div class=\"elementor-element elementor-element-1febf46b elementor-align-center elementor-widget elementor-widget-button\" data-id=\"1febf46b\" data-element_type=\"widget\" data-e-type=\"widget\" data-widget_type=\"button.default\">\n\t\t\t\t<div class=\"elementor-widget-container\">\n\t\t\t\t\t\t\t\t\t<div class=\"elementor-button-wrapper\">\n\t\t\t\t\t<a class=\"elementor-button elementor-button-link elementor-size-sm\" href=\"https:\/\/calendly.com\/riin-aas-ra\/30min\" target=\"_blank\" rel=\"noopener\">\n\t\t\t\t\t\t<span class=\"elementor-button-content-wrapper\">\n\t\t\t\t\t\t<span class=\"elementor-button-icon\">\n\t\t\t\t<i aria-hidden=\"true\" class=\"fas fa-angle-double-right\"><\/i>\t\t\t<\/span>\n\t\t\t\t\t\t\t\t\t<span class=\"elementor-button-text\">Reserve una llamada de 30 minutos<\/span>\n\t\t\t\t\t<\/span>\n\t\t\t\t\t<\/a>\n\t\t\t\t<\/div>\n\t\t\t\t\t\t\t\t<\/div>\n\t\t\t\t<\/div>\n\t\t\t\t<div class=\"elementor-element elementor-element-d56a431 elementor-widget elementor-widget-text-editor\" data-id=\"d56a431\" data-element_type=\"widget\" data-e-type=\"widget\" data-widget_type=\"text-editor.default\">\n\t\t\t\t<div class=\"elementor-widget-container\">\n\t\t\t\t\t\t\t\t\t<p>Sin discursos de venta. Simplemente analizaremos si la automatizaci\u00f3n podr\u00eda funcionar en su empresa y c\u00f3mo. <\/p>\t\t\t\t\t\t\t\t<\/div>\n\t\t\t\t<\/div>\n\t\t\t\t\t<\/div>\n\t\t<\/div>\n\t\t\t\t\t<\/div>\n\t\t<\/section>\n\t\t\t\t<\/div>\n\t\t","protected":false},"excerpt":{"rendered":"<p>Hacemos que su negocio funcione de manera m\u00e1s inteligente: la IA se encarga del trabajo repetitivo para que las personas se centren en lo que realmente importa. Creamos flujos de trabajo basados en inteligencia artificial que automatizan las actividades repetitivas, el an\u00e1lisis y la comunicaci\u00f3n.El resultado es menos trabajo manual, decisiones m\u00e1s r\u00e1pidas y una [&hellip;]<\/p>\n","protected":false},"author":1,"featured_media":0,"parent":0,"menu_order":0,"comment_status":"closed","ping_status":"closed","template":"","meta":{"footnotes":""},"class_list":["post-13016","page","type-page","status-publish","hentry"],"astra-portfolio-type":null,"astra-site-call-to-action":null,"_links":{"self":[{"href":"https:\/\/riin.eu\/es\/wp-json\/wp\/v2\/pages\/13016","targetHints":{"allow":["GET"]}}],"collection":[{"href":"https:\/\/riin.eu\/es\/wp-json\/wp\/v2\/pages"}],"about":[{"href":"https:\/\/riin.eu\/es\/wp-json\/wp\/v2\/types\/page"}],"author":[{"embeddable":true,"href":"https:\/\/riin.eu\/es\/wp-json\/wp\/v2\/users\/1"}],"replies":[{"embeddable":true,"href":"https:\/\/riin.eu\/es\/wp-json\/wp\/v2\/comments?post=13016"}],"version-history":[{"count":2,"href":"https:\/\/riin.eu\/es\/wp-json\/wp\/v2\/pages\/13016\/revisions"}],"predecessor-version":[{"id":13019,"href":"https:\/\/riin.eu\/es\/wp-json\/wp\/v2\/pages\/13016\/revisions\/13019"}],"wp:attachment":[{"href":"https:\/\/riin.eu\/es\/wp-json\/wp\/v2\/media?parent=13016"}],"curies":[{"name":"wp","href":"https:\/\/api.w.org\/{rel}","templated":true}]}}