{"id":12935,"date":"2018-04-06T10:40:58","date_gmt":"2018-04-06T07:40:58","guid":{"rendered":"https:\/\/riin.eu\/contacto\/politica-de-privacidad\/"},"modified":"2018-04-06T10:40:58","modified_gmt":"2018-04-06T07:40:58","slug":"politica-de-privacidad","status":"publish","type":"page","link":"https:\/\/riin.eu\/es\/contacto\/politica-de-privacidad\/","title":{"rendered":"Pol\u00edtica de privacidad"},"content":{"rendered":"<section id=\"section-5b15280e4a096\" class=\" fw-main-row-custom fw-main-row-top auto fw-section-position-back tf-sh-606054abfd9905c77006654d8f2f44a6 \">\n<div class=\"fw-container\">\n<div class=\"fw-row\">\n<div id=\"column-5b15280e4a30c\" class=\"fw-col-sm-12 tf-sh-18d03a419b7eaf90fe3a48841d24a179\">\n<div class=\"fw-wrap-col-inner clearfix \">\n<div class=\"fw-col-inner\">\n<div class=\"fw-divider-space space-md clearfix\"><span style=\"font-size: inherit; font-family: -apple-system, BlinkMacSystemFont, 'Segoe UI', Roboto, 'Helvetica Neue', Arial, 'Noto Sans', sans-serif, 'Apple Color Emoji', 'Segoe UI Emoji', 'Segoe UI Symbol', 'Noto Color Emoji';\">Vigente desde el 25.05.2018<\/span><\/div>\n<\/div>\n<\/div>\n<\/div>\n<\/div>\n<div class=\"fw-row\">\n<div id=\"column-5b15280e4a7a1\" class=\"fw-col-sm-12 tf-sh-18d03a419b7eaf90fe3a48841d24a179\">\n<div class=\"fw-wrap-col-inner clearfix \">\n<div class=\"fw-col-inner\">\n<div class=\"fw-text-box tf-sh-ac524de5f9b620bc72281ce4f783fdc8 \">\n<div class=\"fw-text-inner\">\n<p>Las condiciones de privacidad regulan el tratamiento de los datos personales y el uso de cookies en el sitio web https:\/\/riin.eu (en adelante, el sitio web) de RA Meedia O\u00dc (en adelante, RA Meedia O\u00dc o riin.eu).<\/p>\n<p>Por favor, lea atentamente las condiciones de privacidad para comprender c\u00f3mo podemos tratar sus datos.<\/p>\n<p>En el sitio web de RA Meedia O\u00dc, ubicado en https:\/\/riin.eu, protegemos la privacidad de los clientes y usuarios. La presente pol\u00edtica de privacidad ofrece una visi\u00f3n general de nuestras pr\u00e1cticas en relaci\u00f3n con la recopilaci\u00f3n y el uso de la informaci\u00f3n. RA Meedia O\u00dc se reserva el derecho de modificar las condiciones de privacidad de forma unilateral y sin previo aviso, con el fin de asegurar su cumplimiento con la legislaci\u00f3n. La versi\u00f3n m\u00e1s reciente de las condiciones de privacidad siempre estar\u00e1 disponible en el sitio web.   <\/p>\n<h3><strong>DEFINICIONES<\/strong><\/h3>\n<p>El <strong>tratamiento de datos personales<\/strong> es cualquier actividad realizada con los datos personales del usuario del sitio web (en adelante, el <em>usuario<\/em>): recopilaci\u00f3n, procesamiento, almacenamiento, rectificaci\u00f3n o eliminaci\u00f3n de los datos.<\/p>\n<p>Los <strong>usuarios<\/strong> son todas las personas que visitan el sitio web, consumen servicios o transmiten informaci\u00f3n a RA Meedia O\u00dc por su parte. Por ejemplo, leer art\u00edculos, solicitar servicios o ponerse en contacto con RA Meedia O\u00dc a trav\u00e9s del correo electr\u00f3nico o del formulario de contacto. <\/p>\n<p>Los <strong>servicios<\/strong> son todos los productos y servicios gratuitos y de pago ofrecidos por RA Meedia O\u00dc, incluidos libros electr\u00f3nicos, videocursos, videogu\u00edas, etc.<\/p>\n<h3>TRATAMIENTO DE DATOS PERSONALES<\/h3>\n<p>Al utilizar el sitio web, el usuario da su consentimiento para el tratamiento de sus datos de acuerdo con las presentes condiciones de privacidad.<\/p>\n<p>RA Meedia O\u00dc recopila los siguientes datos personales de los usuarios a trav\u00e9s del sitio web de las formas que se describen a continuaci\u00f3n:<\/p>\n<ul>\n<li><strong>direcci\u00f3n de correo electr\u00f3nico del usuario<\/strong>: cuando el usuario se suscribe a la lista de correo o env\u00eda un correo electr\u00f3nico;<\/li>\n<li><strong>nombre y direcci\u00f3n de correo electr\u00f3nico del usuario<\/strong>: al enviar el formulario de contacto por parte del usuario;<\/li>\n<li><strong>estad\u00edsticas de visitas al sitio web<\/strong>: mediante Google Analytics y Facebook Pixel.<\/li>\n<\/ul>\n<h3>USO DE LOS DATOS PERSONALES<\/h3>\n<p>RA Meedia O\u00dc utiliza los datos personales:<\/p>\n<ul>\n<li>para la <strong>prestaci\u00f3n del servicio<\/strong> al usuario, por ejemplo, para la celebraci\u00f3n y ejecuci\u00f3n de contratos, la comunicaci\u00f3n con el usuario y el env\u00edo de facturas;<\/li>\n<li>para el <strong>env\u00edo de notificaciones<\/strong> a la direcci\u00f3n de correo electr\u00f3nico del usuario sobre nuevos art\u00edculos, servicios y campa\u00f1as, pero solo con el consentimiento previo del usuario.<\/li>\n<\/ul>\n<p>RA Meedia utiliza las estad\u00edsticas de visitas al sitio web para <strong>mejorar la experiencia del usuario<\/strong> y para un <strong>marketing m\u00e1s eficaz.<\/strong><\/p>\n<p>El usuario tiene derecho en todo momento a prohibir el tratamiento de sus datos personales, excepto cuando sea necesario para el cumplimiento de una reclamaci\u00f3n derivada de un contrato, incluida la prestaci\u00f3n del servicio.<\/p>\n<h3><strong>TRANSFERENCIA DE DATOS PERSONALES A TERCEROS <\/strong><\/h3>\n<p>Un <strong>tercero<\/strong> es un socio contractual de RA Meedia O\u00dc que trata datos personales y a trav\u00e9s de cuyo producto o servicio RA Meedia O\u00dc ofrece servicios al usuario.<\/p>\n<p>RA Meedia O\u00dc utiliza para sus actividades diarias a terceros que ofrecen:<\/p>\n<ul>\n<li>un sistema de gesti\u00f3n y env\u00edo de correos electr\u00f3nicos,<\/li>\n<li>alojamiento del sitio web,<\/li>\n<li>an\u00e1lisis de las estad\u00edsticas de uso del sitio web;<\/li>\n<li>uso de redes sociales y an\u00e1lisis de estad\u00edsticas de redes sociales,<\/li>\n<li>uso de software de contabilidad,<\/li>\n<li>al socio colaborador, en la medida necesaria para la prestaci\u00f3n del servicio al usuario.<\/li>\n<\/ul>\n<p>Adem\u00e1s de lo anterior, RA Meedia O\u00dc divulgar\u00e1 los datos de los usuarios a las autoridades estatales autorizadas, a los organismos encargados de hacer cumplir la ley y a los tribunales. Asimismo, podemos compartir informaci\u00f3n para investigar, prevenir o tomar medidas en relaci\u00f3n con actividades ilegales o sospechas de fraude. <\/p>\n<h3><strong>CONSERVACI\u00d3N Y SEGURIDAD DE LOS DATOS PERSONALES<\/strong><\/h3>\n<p>RA Meedia O\u00dc conserva los datos personales durante el tiempo que sea necesario para cumplir con la finalidad o seg\u00fan lo exija la ley. Por ejemplo: <\/p>\n<ul>\n<li>los datos contables se conservan durante 7 a\u00f1os tras el cierre del ejercicio econ\u00f3mico<\/li>\n<li>la direcci\u00f3n de correo electr\u00f3nico de la lista de correo se conserva hasta que el usuario manifieste su deseo de ser eliminado de ella<\/li>\n<li>los datos enviados a trav\u00e9s del formulario de contacto se conservan hasta que el usuario haya recibido una respuesta<\/li>\n<\/ul>\n<p>RA Meedia O\u00dc aplica todas las medidas razonables para la protecci\u00f3n de los datos personales tratados. El acceso para modificar y tratar los datos personales solo est\u00e1 permitido a personas autorizadas para ello, y los datos personales de todos los usuarios se tratan como informaci\u00f3n confidencial. <\/p>\n<p>Si hace clic en alg\u00fan enlace de nuestra p\u00e1gina web que redirija al usuario desde el sitio web riin.eu a la p\u00e1gina web de una organizaci\u00f3n o empresa tercera, incluso si existe una relaci\u00f3n entre los sitios web, RA Meedia O\u00dc no tiene control sobre el sitio web del tercero ni se hace responsable de sus acciones. Al navegar desde nuestro sitio web al de un tercero, debe consultar la pol\u00edtica de privacidad de ese sitio por separado antes de compartir sus datos. <\/p>\n<h3><strong>DERECHOS DEL USUARIO<\/strong><\/h3>\n<p>El usuario tiene derecho en todo momento a:<\/p>\n<ul>\n<li>manifestar su deseo de acceder a sus propios datos;<\/li>\n<li>solicitar la rectificaci\u00f3n, complementaci\u00f3n o, en las condiciones previstas por la ley, la eliminaci\u00f3n de los datos personales;<\/li>\n<li>solicitar la limitaci\u00f3n del tratamiento de los datos personales;<\/li>\n<li>solicitar la portabilidad de los datos personales.<\/li>\n<\/ul>\n<p>Para ejercer sus derechos, el usuario debe enviar una solicitud en este sentido a la direcci\u00f3n de correo electr\u00f3nico kirjuta@riin.eu.<\/p>\n<p>Si el usuario pertenece a la lista de correo de RA Meedia O\u00dc, puede eliminarse de la misma y dejar de recibir correos a trav\u00e9s del enlace que figura al final del correo electr\u00f3nico.<\/p>\n<p>Para <strong>limitar el uso de cookies<\/strong>, el usuario puede realizar las selecciones correspondientes en los ajustes de su navegador.<\/p>\n<p>Si el usuario considera que se han vulnerado sus derechos en el tratamiento de sus datos personales, tiene derecho a dirigirse a la Inspecci\u00f3n de Protecci\u00f3n de Datos.<\/p>\n<h3><strong>COOKIES<\/strong><\/h3>\n<p>En el sitio web riin.eu se utilizan cookies con el fin de garantizar una mejor experiencia de usuario, una actividad de marketing m\u00e1s eficaz y para recopilar estad\u00edsticas de uso.<\/p>\n<p>Al utilizar el sitio web riin.eu, el usuario acepta el uso de cookies de la forma descrita en el presente procedimiento.<\/p>\n<p>Una <strong>cookie<\/strong> es un peque\u00f1o archivo de texto que el navegador guarda autom\u00e1ticamente en el dispositivo utilizado por el usuario. Las cookies pueden ser creadas por diferentes proveedores de servicios, como Google y Facebook. Los archivos de cookies no son peligrosos para el ordenador.  <\/p>\n<p>Existen dos tipos de cookies:<\/p>\n<p style=\"padding-left: 30px;\"><strong>Cookies persistentes<\/strong>, que permanecen de forma permanente en el archivo de cookies del ordenador del usuario. Pueden utilizarse, por ejemplo, para reconocer al usuario como visitante recurrente del sitio web y adaptar el contenido del mismo a sus necesidades o para recopilar datos estad\u00edsticos. <\/p>\n<p style=\"padding-left: 30px;\">Las <strong>cookies de sesi\u00f3n<\/strong> son temporales y desaparecen cuando el usuario abandona el sitio web o cierra su navegador. Las cookies de sesi\u00f3n pueden utilizarse para habilitar ciertas funciones del sitio web, como la solicitud de un servicio o producto, etc. <\/p>\n<p>Las cookies se utilizan para recopilar informaci\u00f3n sobre c\u00f3mo se utiliza el sitio web, con el fin de hacerlo m\u00e1s personal y f\u00e1cil de usar para los usuarios. Adem\u00e1s, las cookies ayudan a recopilar estad\u00edsticas de usuario, lo que permite medir y mejorar el rendimiento del sitio web y proporciona los datos b\u00e1sicos para llevar a cabo una actividad de marketing eficaz. <\/p>\n<p>Se considera que el usuario acepta las cookies si estas est\u00e1n permitidas en los ajustes de su navegador. A menudo, los navegadores permiten por defecto el almacenamiento de archivos de cookies en el dispositivo. <\/p>\n<p>El usuario tiene derecho a rechazar el almacenamiento de cookies en su ordenador. En caso de desearlo, el usuario debe modificar los ajustes de su navegador. <\/p>\n<p>Instrucciones para configurar los navegadores m\u00e1s utilizados:<\/p>\n<p style=\"padding-left: 30px;\"><a href=\"http:\/\/support.microsoft.com\/kb\/278835\" target=\"_blank\" rel=\"noopener noreferrer\">Internet Explorer<\/a><\/p>\n<p style=\"padding-left: 30px;\"><a href=\"https:\/\/support.google.com\/chrome\/answer\/95647?hl=en\" target=\"_blank\" rel=\"noopener noreferrer\">Chrome<\/a><\/p>\n<p style=\"padding-left: 30px;\"><a href=\"http:\/\/support.mozilla.org\/en-US\/kb\/Clear%20Recent%20History\" target=\"_blank\" rel=\"noopener noreferrer\">Firefox<\/a><\/p>\n<p style=\"padding-left: 30px;\"><a href=\"http:\/\/www.opera.com\/browser\/tutorials\/security\/privacy\" target=\"_blank\" rel=\"noopener noreferrer\">Opera<\/a><\/p>\n<p style=\"padding-left: 30px;\"><a href=\"https:\/\/support.apple.com\/guide\/safari\/manage-cookies-and-website-data-sfri11471\/mac\" target=\"_blank\" rel=\"noopener noreferrer\">Safari<\/a><\/p>\n<p>Al bloquear las cookies, el usuario debe tener en cuenta que es posible que algunas funciones del sitio web y las campa\u00f1as organizadas por nosotros dejen de estar disponibles.<\/p>\n<p>Para la recopilaci\u00f3n de estad\u00edsticas de uso, RA Meedia O\u00dc utiliza el servicio Google Analytics, recopilando datos sobre las subp\u00e1ginas visitadas, el tiempo de visita, el n\u00famero de visitas, los dispositivos utilizados, los canales de entrada y otras estad\u00edsticas.<\/p>\n<p>No obstante, Google Analytics puede recopilar datos sobre la actividad de los usuarios incluso sin utilizar archivos de cookies. Para evitar que Google Analytics pueda utilizar los datos, el usuario puede instalar en su dispositivo una aplicaci\u00f3n que bloquee Google Analytics: el <a href=\"https:\/\/tools.google.com\/dlpage\/gaoptout?hl=en\" target=\"_blank\" rel=\"noopener\">complemento de inhabilitaci\u00f3n para navegadores de Google Analytics<\/a>. <\/p>\n<p>A trav\u00e9s de los siguientes enlaces encontrar\u00e1 m\u00e1s informaci\u00f3n sobre los <a href=\"https:\/\/www.facebook.com\/ads\/about\/\" target=\"_blank\" rel=\"noopener\">anuncios de Facebook<\/a> y <a href=\"https:\/\/www.facebook.com\/business\/a\/facebook-pixel-tracking-benefits\" target=\"_blank\" rel=\"noopener\">Facebook Pixel<\/a>.<\/p>\n<h3><strong>MODIFICACI\u00d3N DE LAS CONDICIONES DE PRIVACIDAD<\/strong><\/h3>\n<p>RA Meedia O\u00dc se reserva el derecho de modificar las condiciones de privacidad de forma unilateral y sin previo aviso, con el fin de asegurar su cumplimiento con la legislaci\u00f3n. La versi\u00f3n m\u00e1s reciente de las condiciones de privacidad siempre estar\u00e1 disponible en el sitio web. <\/p>\n<p>Para cualquier duda que surja sobre las condiciones de privacidad y el tratamiento de datos, por favor p\u00f3ngase en contacto con nosotros en la direcci\u00f3n <a href=\"mailto:kirjuta@riin.eu\">kirjuta@riin.eu<\/a><\/p>\n<h3>DERECHOS DE AUTOR<\/h3>\n<p>A menos que se indique lo contrario, RA Meedia O\u00dc es el titular de los derechos de autor de todo el contenido del sitio web. Esto significa que el uso del contenido en cualquier forma (incluso parcial) solo est\u00e1 permitido con la autorizaci\u00f3n de RA Meedia O\u00dc. <\/p>\n<p>Cada copia debe ir acompa\u00f1ada de un enlace que remita a este sitio web.<\/p>\n<p><strong>Siempre estamos dispuestos a responder a preguntas adicionales sobre las condiciones de privacidad y el tratamiento de datos; por favor, p\u00f3ngase en contacto con nosotros en la direcci\u00f3n kirjuta@riin.eu<\/strong><\/p>\n<p><strong> <\/strong><\/p>\n<\/div>\n<\/div>\n<\/div>\n<\/div>\n<\/div>\n<\/div>\n<\/div>\n<\/section>\n<p><!-- 4a6127221652332eaf8e34978e1d9b31 --><\/p>\n","protected":false},"excerpt":{"rendered":"<p>Vigente desde el 25.05.2018 Las condiciones de privacidad regulan el tratamiento de los datos personales y el uso de cookies en el sitio web https:\/\/riin.eu (en adelante, el sitio web) de RA Meedia O\u00dc (en adelante, RA Meedia O\u00dc o riin.eu). Por favor, lea atentamente las condiciones de privacidad para comprender c\u00f3mo podemos tratar sus [&hellip;]<\/p>\n","protected":false},"author":1,"featured_media":0,"parent":12797,"menu_order":0,"comment_status":"closed","ping_status":"closed","template":"","meta":{"footnotes":""},"class_list":["post-12935","page","type-page","status-publish","hentry"],"astra-portfolio-type":null,"astra-site-call-to-action":null,"_links":{"self":[{"href":"https:\/\/riin.eu\/es\/wp-json\/wp\/v2\/pages\/12935","targetHints":{"allow":["GET"]}}],"collection":[{"href":"https:\/\/riin.eu\/es\/wp-json\/wp\/v2\/pages"}],"about":[{"href":"https:\/\/riin.eu\/es\/wp-json\/wp\/v2\/types\/page"}],"author":[{"embeddable":true,"href":"https:\/\/riin.eu\/es\/wp-json\/wp\/v2\/users\/1"}],"replies":[{"embeddable":true,"href":"https:\/\/riin.eu\/es\/wp-json\/wp\/v2\/comments?post=12935"}],"version-history":[{"count":0,"href":"https:\/\/riin.eu\/es\/wp-json\/wp\/v2\/pages\/12935\/revisions"}],"up":[{"embeddable":true,"href":"https:\/\/riin.eu\/es\/wp-json\/wp\/v2\/pages\/12797"}],"wp:attachment":[{"href":"https:\/\/riin.eu\/es\/wp-json\/wp\/v2\/media?parent=12935"}],"curies":[{"name":"wp","href":"https:\/\/api.w.org\/{rel}","templated":true}]}}