{"id":12900,"date":"2018-04-09T05:39:58","date_gmt":"2018-04-09T02:39:58","guid":{"rendered":"https:\/\/riin.eu\/video-y-animacion\/"},"modified":"2026-04-25T12:41:17","modified_gmt":"2026-04-25T09:41:17","slug":"video-y-animacion","status":"publish","type":"page","link":"https:\/\/riin.eu\/es\/video-y-animacion\/","title":{"rendered":"V\u00eddeo y animaci\u00f3n"},"content":{"rendered":"\t\t<div data-elementor-type=\"wp-page\" data-elementor-id=\"12900\" class=\"elementor elementor-12900 elementor-4353\" data-elementor-post-type=\"page\">\n\t\t\t\t\t\t<section class=\"elementor-section elementor-top-section elementor-element elementor-element-26a8432 elementor-section-content-middle elementor-section-boxed elementor-section-height-default elementor-section-height-default\" data-id=\"26a8432\" data-element_type=\"section\" data-e-type=\"section\">\n\t\t\t\t\t\t<div class=\"elementor-container elementor-column-gap-default\">\n\t\t\t\t\t<div class=\"elementor-column elementor-col-66 elementor-top-column elementor-element elementor-element-f7d1bba\" data-id=\"f7d1bba\" data-element_type=\"column\" data-e-type=\"column\">\n\t\t\t<div class=\"elementor-widget-wrap elementor-element-populated\">\n\t\t\t\t\t\t<div class=\"elementor-element elementor-element-d12952e elementor-widget elementor-widget-heading\" data-id=\"d12952e\" data-element_type=\"widget\" data-e-type=\"widget\" data-widget_type=\"heading.default\">\n\t\t\t\t<div class=\"elementor-widget-container\">\n\t\t\t\t\t<h1 class=\"elementor-heading-title elementor-size-default\">V\u00eddeo y animaci\u00f3n<\/h1>\t\t\t\t<\/div>\n\t\t\t\t<\/div>\n\t\t\t\t<div class=\"elementor-element elementor-element-32bccc3 elementor-widget elementor-widget-text-editor\" data-id=\"32bccc3\" data-element_type=\"widget\" data-e-type=\"widget\" data-widget_type=\"text-editor.default\">\n\t\t\t\t<div class=\"elementor-widget-container\">\n\t\t\t\t\t\t\t\t\t<p style=\"text-align: left;\"><strong>Si una imagen vale m\u00e1s que mil palabras, \u00a1con un v\u00eddeo puede contarle al espectador una historia completa!<\/strong> Un v\u00eddeo que utilice la paleta de colores, las fuentes y la identidad gr\u00e1fica de su empresa lo har\u00e1 reconocible y transmitir\u00e1 confianza visual.<\/p><p style=\"text-align: left;\" align=\"center\">Creo v\u00eddeos y\/o animaciones para su empresa con el objetivo de presentar su producto o servicio, aumentar las compras en su tienda online o mejorar su visibilidad en internet y redes sociales.<br>Existen diferentes tipos de v\u00eddeos: un v\u00eddeo <em>explainer<\/em> que cuente su historia, un v\u00eddeo tutorial con grabaci\u00f3n de pantalla para presentar alg\u00fan programa o, por qu\u00e9 no, una infograf\u00eda din\u00e1mica. La creaci\u00f3n de animaciones y la transmisi\u00f3n del mensaje de su empresa a trav\u00e9s de ellas es uno de mis trabajos favoritos \u00faltimamente. <a href=\"https:\/\/riin.eu\/es\/contacto\/\">P\u00f3ngase en contacto<\/a> conmigo, hablemos de todo y encontremos la soluci\u00f3n. <\/p>\t\t\t\t\t\t\t\t<\/div>\n\t\t\t\t<\/div>\n\t\t\t\t\t<\/div>\n\t\t<\/div>\n\t\t\t\t<div class=\"elementor-column elementor-col-33 elementor-top-column elementor-element elementor-element-de8d5c1\" data-id=\"de8d5c1\" data-element_type=\"column\" data-e-type=\"column\">\n\t\t\t<div class=\"elementor-widget-wrap elementor-element-populated\">\n\t\t\t\t\t\t<div class=\"elementor-element elementor-element-3b8d83a elementor-widget elementor-widget-image\" data-id=\"3b8d83a\" data-element_type=\"widget\" data-e-type=\"widget\" data-widget_type=\"image.default\">\n\t\t\t\t<div class=\"elementor-widget-container\">\n\t\t\t\t\t\t\t\t\t\t\t\t\t\t\t<img fetchpriority=\"high\" decoding=\"async\" width=\"500\" height=\"500\" src=\"https:\/\/riin.eu\/wp-content\/uploads\/2018\/04\/Untitled-design-2-1.webp\" class=\"attachment-full size-full wp-image-12901\" alt=\"V\u00eddeo y animaci\u00f3n | Riin.eu\" srcset=\"https:\/\/riin.eu\/wp-content\/uploads\/2018\/04\/Untitled-design-2-1.webp 500w, https:\/\/riin.eu\/wp-content\/uploads\/2018\/04\/Untitled-design-2-1-400x400.webp 400w, https:\/\/riin.eu\/wp-content\/uploads\/2018\/04\/Untitled-design-2-1-150x150.webp 150w\" sizes=\"(max-width: 500px) 100vw, 500px\" \/>\t\t\t\t\t\t\t\t\t\t\t\t\t\t\t<\/div>\n\t\t\t\t<\/div>\n\t\t\t\t\t<\/div>\n\t\t<\/div>\n\t\t\t\t\t<\/div>\n\t\t<\/section>\n\t\t\t\t<section class=\"elementor-section elementor-top-section elementor-element elementor-element-c3fc84d elementor-section-boxed elementor-section-height-default elementor-section-height-default\" data-id=\"c3fc84d\" data-element_type=\"section\" data-e-type=\"section\" data-settings=\"{&quot;background_background&quot;:&quot;classic&quot;}\">\n\t\t\t\t\t\t<div class=\"elementor-container elementor-column-gap-default\">\n\t\t\t\t\t<div class=\"elementor-column elementor-col-100 elementor-top-column elementor-element elementor-element-3d652d0\" data-id=\"3d652d0\" data-element_type=\"column\" data-e-type=\"column\">\n\t\t\t<div class=\"elementor-widget-wrap elementor-element-populated\">\n\t\t\t\t\t\t<div class=\"elementor-element elementor-element-7d0c9f0 elementor-widget elementor-widget-heading\" data-id=\"7d0c9f0\" data-element_type=\"widget\" data-e-type=\"widget\" data-widget_type=\"heading.default\">\n\t\t\t\t<div class=\"elementor-widget-container\">\n\t\t\t\t\t<h2 class=\"elementor-heading-title elementor-size-default\">\u00a1Vea un ejemplo!<\/h2>\t\t\t\t<\/div>\n\t\t\t\t<\/div>\n\t\t\t\t<section class=\"elementor-section elementor-inner-section elementor-element elementor-element-658e644 elementor-section-boxed elementor-section-height-default elementor-section-height-default\" data-id=\"658e644\" data-element_type=\"section\" data-e-type=\"section\">\n\t\t\t\t\t\t<div class=\"elementor-container elementor-column-gap-default\">\n\t\t\t\t\t<div class=\"elementor-column elementor-col-50 elementor-inner-column elementor-element elementor-element-b799015\" data-id=\"b799015\" data-element_type=\"column\" data-e-type=\"column\">\n\t\t\t<div class=\"elementor-widget-wrap elementor-element-populated\">\n\t\t\t\t\t\t<div class=\"elementor-element elementor-element-1757ac3 elementor-widget elementor-widget-video\" data-id=\"1757ac3\" data-element_type=\"widget\" data-e-type=\"widget\" data-settings=\"{&quot;video_type&quot;:&quot;hosted&quot;,&quot;controls&quot;:&quot;yes&quot;}\" data-widget_type=\"video.default\">\n\t\t\t\t<div class=\"elementor-widget-container\">\n\t\t\t\t\t\t\t<div class=\"e-hosted-video elementor-wrapper elementor-open-inline\">\n\t\t\t\t\t<video class=\"elementor-video\" src=\"https:\/\/riin.eu\/wp-content\/uploads\/2020\/04\/YqGZPGgf19oiwpt.mp4\" controls=\"\" preload=\"metadata\" controlsList=\"nodownload\"><\/video>\n\t\t\t\t<\/div>\n\t\t\t\t\t\t<\/div>\n\t\t\t\t<\/div>\n\t\t\t\t\t<\/div>\n\t\t<\/div>\n\t\t\t\t<div class=\"elementor-column elementor-col-50 elementor-inner-column elementor-element elementor-element-bfb5e0d\" data-id=\"bfb5e0d\" data-element_type=\"column\" data-e-type=\"column\">\n\t\t\t<div class=\"elementor-widget-wrap elementor-element-populated\">\n\t\t\t\t\t\t<div class=\"elementor-element elementor-element-54d93eb elementor-widget elementor-widget-video\" data-id=\"54d93eb\" data-element_type=\"widget\" data-e-type=\"widget\" data-settings=\"{&quot;youtube_url&quot;:&quot;https:\\\/\\\/youtu.be\\\/KfkIrWev3z8&quot;,&quot;video_type&quot;:&quot;youtube&quot;,&quot;controls&quot;:&quot;yes&quot;}\" data-widget_type=\"video.default\">\n\t\t\t\t<div class=\"elementor-widget-container\">\n\t\t\t\t\t\t\t<div class=\"elementor-wrapper elementor-open-inline\">\n\t\t\t<div class=\"elementor-video\"><\/div>\t\t<\/div>\n\t\t\t\t\t\t<\/div>\n\t\t\t\t<\/div>\n\t\t\t\t\t<\/div>\n\t\t<\/div>\n\t\t\t\t\t<\/div>\n\t\t<\/section>\n\t\t\t\t\t<\/div>\n\t\t<\/div>\n\t\t\t\t\t<\/div>\n\t\t<\/section>\n\t\t\t\t<section class=\"elementor-section elementor-top-section elementor-element elementor-element-3ecd093 elementor-section-content-middle elementor-section-boxed elementor-section-height-default elementor-section-height-default\" data-id=\"3ecd093\" data-element_type=\"section\" data-e-type=\"section\">\n\t\t\t\t\t\t<div class=\"elementor-container elementor-column-gap-default\">\n\t\t\t\t\t<div class=\"elementor-column elementor-col-50 elementor-top-column elementor-element elementor-element-141f193\" data-id=\"141f193\" data-element_type=\"column\" data-e-type=\"column\">\n\t\t\t<div class=\"elementor-widget-wrap elementor-element-populated\">\n\t\t\t\t\t\t<div class=\"elementor-element elementor-element-6a8ec85 elementor-widget elementor-widget-text-editor\" data-id=\"6a8ec85\" data-element_type=\"widget\" data-e-type=\"widget\" data-widget_type=\"text-editor.default\">\n\t\t\t\t<div class=\"elementor-widget-container\">\n\t\t\t\t\t\t\t\t\t<div><h2>Su nuevo v\u00eddeo o animaci\u00f3n&#8230;<\/h2><\/div><div><div><p>\u2713 Utiliza la identidad gr\u00e1fica de su empresa y es reconocible para el espectador<br>\u2713 Es capaz de explicar al cliente tanto el problema como la soluci\u00f3n en poco tiempo<br>\u2713 Utiliza la identidad gr\u00e1fica de su empresa, por lo que resultar\u00e1 familiar para el cliente<br>\u2713 Le hace visible en internet<br>\u2713 Aumenta la tasa de conversi\u00f3n de su tienda online<\/p><\/div><\/div>\t\t\t\t\t\t\t\t<\/div>\n\t\t\t\t<\/div>\n\t\t\t\t\t<\/div>\n\t\t<\/div>\n\t\t\t\t<div class=\"elementor-column elementor-col-50 elementor-top-column elementor-element elementor-element-55b92ef\" data-id=\"55b92ef\" data-element_type=\"column\" data-e-type=\"column\">\n\t\t\t<div class=\"elementor-widget-wrap elementor-element-populated\">\n\t\t\t\t\t\t<div class=\"elementor-element elementor-element-74285e9 elementor-align-center elementor-widget elementor-widget-global elementor-global-13509 elementor-global-4867 elementor-widget-button\" data-id=\"74285e9\" data-element_type=\"widget\" data-e-type=\"widget\" data-widget_type=\"button.default\">\n\t\t\t\t<div class=\"elementor-widget-container\">\n\t\t\t\t\t\t\t\t\t<div class=\"elementor-button-wrapper\">\n\t\t\t\t\t<a class=\"elementor-button elementor-button-link elementor-size-md\" href=\"https:\/\/riin.eu\/tehtud\/\">\n\t\t\t\t\t\t<span class=\"elementor-button-content-wrapper\">\n\t\t\t\t\t\t\t\t\t<span class=\"elementor-button-text\">Ver trabajos realizados<\/span>\n\t\t\t\t\t<\/span>\n\t\t\t\t\t<\/a>\n\t\t\t\t<\/div>\n\t\t\t\t\t\t\t\t<\/div>\n\t\t\t\t<\/div>\n\t\t\t\t<div class=\"elementor-element elementor-element-8725093 elementor-align-center elementor-widget elementor-widget-global elementor-global-13501 elementor-global-4870 elementor-widget-button\" data-id=\"8725093\" data-element_type=\"widget\" data-e-type=\"widget\" data-widget_type=\"button.default\">\n\t\t\t\t<div class=\"elementor-widget-container\">\n\t\t\t\t\t\t\t\t\t<div class=\"elementor-button-wrapper\">\n\t\t\t\t\t<a class=\"elementor-button elementor-button-link elementor-size-md\" href=\"https:\/\/riin.eu\/es\/contacto\/\">\n\t\t\t\t\t\t<span class=\"elementor-button-content-wrapper\">\n\t\t\t\t\t\t\t\t\t<span class=\"elementor-button-text\">Contactar<\/span>\n\t\t\t\t\t<\/span>\n\t\t\t\t\t<\/a>\n\t\t\t\t<\/div>\n\t\t\t\t\t\t\t\t<\/div>\n\t\t\t\t<\/div>\n\t\t\t\t\t<\/div>\n\t\t<\/div>\n\t\t\t\t\t<\/div>\n\t\t<\/section>\n\t\t\t\t<\/div>\n\t\t","protected":false},"excerpt":{"rendered":"<p>Si una imagen vale m\u00e1s que mil palabras, \u00a1con un v\u00eddeo puede contarle al espectador una historia completa! Un v\u00eddeo que utilice la paleta de colores, las fuentes y la identidad gr\u00e1fica de su empresa lo har\u00e1 reconocible y transmitir\u00e1 confianza visual. Creo v\u00eddeos y\/o animaciones para su empresa con el objetivo de presentar su [&hellip;]<\/p>\n","protected":false},"author":1,"featured_media":0,"parent":0,"menu_order":0,"comment_status":"closed","ping_status":"closed","template":"","meta":{"footnotes":""},"class_list":["post-12900","page","type-page","status-publish","hentry"],"astra-portfolio-type":null,"astra-site-call-to-action":null,"_links":{"self":[{"href":"https:\/\/riin.eu\/es\/wp-json\/wp\/v2\/pages\/12900","targetHints":{"allow":["GET"]}}],"collection":[{"href":"https:\/\/riin.eu\/es\/wp-json\/wp\/v2\/pages"}],"about":[{"href":"https:\/\/riin.eu\/es\/wp-json\/wp\/v2\/types\/page"}],"author":[{"embeddable":true,"href":"https:\/\/riin.eu\/es\/wp-json\/wp\/v2\/users\/1"}],"replies":[{"embeddable":true,"href":"https:\/\/riin.eu\/es\/wp-json\/wp\/v2\/comments?post=12900"}],"version-history":[{"count":1,"href":"https:\/\/riin.eu\/es\/wp-json\/wp\/v2\/pages\/12900\/revisions"}],"predecessor-version":[{"id":12902,"href":"https:\/\/riin.eu\/es\/wp-json\/wp\/v2\/pages\/12900\/revisions\/12902"}],"wp:attachment":[{"href":"https:\/\/riin.eu\/es\/wp-json\/wp\/v2\/media?parent=12900"}],"curies":[{"name":"wp","href":"https:\/\/api.w.org\/{rel}","templated":true}]}}