{"id":12891,"date":"2017-03-23T22:12:37","date_gmt":"2017-03-23T20:12:37","guid":{"rendered":"https:\/\/riin.eu\/gestion-de-redes-sociales\/"},"modified":"2026-04-25T12:41:05","modified_gmt":"2026-04-25T09:41:05","slug":"gestion-de-redes-sociales","status":"publish","type":"page","link":"https:\/\/riin.eu\/es\/gestion-de-redes-sociales\/","title":{"rendered":"Gesti\u00f3n de redes sociales"},"content":{"rendered":"\t\t<div data-elementor-type=\"wp-page\" data-elementor-id=\"12891\" class=\"elementor elementor-12891 elementor-3460\" data-elementor-post-type=\"page\">\n\t\t\t\t\t\t<section class=\"elementor-section elementor-top-section elementor-element elementor-element-7d878312 elementor-section-boxed elementor-section-height-default elementor-section-height-default\" data-id=\"7d878312\" data-element_type=\"section\" data-e-type=\"section\">\n\t\t\t\t\t\t<div class=\"elementor-container elementor-column-gap-default\">\n\t\t\t\t\t<div class=\"elementor-column elementor-col-66 elementor-top-column elementor-element elementor-element-40e8995f\" data-id=\"40e8995f\" data-element_type=\"column\" data-e-type=\"column\">\n\t\t\t<div class=\"elementor-widget-wrap elementor-element-populated\">\n\t\t\t\t\t\t<div class=\"elementor-element elementor-element-531a5bf elementor-widget elementor-widget-spacer\" data-id=\"531a5bf\" data-element_type=\"widget\" data-e-type=\"widget\" data-widget_type=\"spacer.default\">\n\t\t\t\t<div class=\"elementor-widget-container\">\n\t\t\t\t\t\t\t<div class=\"elementor-spacer\">\n\t\t\t<div class=\"elementor-spacer-inner\"><\/div>\n\t\t<\/div>\n\t\t\t\t\t\t<\/div>\n\t\t\t\t<\/div>\n\t\t\t\t<div class=\"elementor-element elementor-element-6c85428 elementor-widget elementor-widget-heading\" data-id=\"6c85428\" data-element_type=\"widget\" data-e-type=\"widget\" data-widget_type=\"heading.default\">\n\t\t\t\t<div class=\"elementor-widget-container\">\n\t\t\t\t\t<h1 class=\"elementor-heading-title elementor-size-default\">Gesti\u00f3n de redes sociales<\/h1>\t\t\t\t<\/div>\n\t\t\t\t<\/div>\n\t\t\t\t<div class=\"elementor-element elementor-element-cee7e99 elementor-widget elementor-widget-heading\" data-id=\"cee7e99\" data-element_type=\"widget\" data-e-type=\"widget\" data-widget_type=\"heading.default\">\n\t\t\t\t<div class=\"elementor-widget-container\">\n\t\t\t\t\t<h5 class=\"elementor-heading-title elementor-size-default\">En la gesti\u00f3n de los canales de redes sociales, tanto el dise\u00f1o como el contenido son fundamentales.<\/h5>\t\t\t\t<\/div>\n\t\t\t\t<\/div>\n\t\t\t\t<div class=\"elementor-element elementor-element-1e777693 elementor-widget elementor-widget-text-editor\" data-id=\"1e777693\" data-element_type=\"widget\" data-e-type=\"widget\" data-widget_type=\"text-editor.default\">\n\t\t\t\t<div class=\"elementor-widget-container\">\n\t\t\t\t\t\t\t\t\t<p>Crear\u00e9 para usted una p\u00e1gina de Facebook y\/o Instagram que funcione de manera \u00f3ptima: le ayudar\u00e9 con el branding, gestionar\u00e9 y crear\u00e9 contenido, crear\u00e9 y monitorizar\u00e9 juegos, <a style=\"box-sizing: border-box; outline: none;\" href=\"https:\/\/riin.eu\/teenused\/facebooki-reklaamid\/\">dise\u00f1ar\u00e9 y administrar\u00e9 anuncios<\/a>, etc.<\/p><p>En Facebook, tambi\u00e9n puedo ayudarle con la creaci\u00f3n de p\u00e1ginas HTML\/ pesta\u00f1as (por ejemplo, para suscripci\u00f3n a boletines, etc.), as\u00ed como con la inserci\u00f3n de productos. Si lo desea, tambi\u00e9n puedo formarle para que se convierta en un especialista en Facebook. En Instagram, llegar\u00e1 a aquellos clientes que buscan inspiraci\u00f3n y desean descubrir cosas de su agrado. \u00a1Al usar Instagram, puede presentar su empresa a trav\u00e9s de im\u00e1genes y v\u00eddeos exactamente como desee! El 60% de los usuarios de Instagram afirma que descubre nuevos productos precisamente a trav\u00e9s de esta plataforma.    <\/p><p>Le ayudar\u00e9 en la creaci\u00f3n de la estrategia de Instagram, la redacci\u00f3n de publicaciones, la preparaci\u00f3n del material visual y tambi\u00e9n en el uso de hashtags (#).<\/p><p>Tambi\u00e9n le ayudar\u00e9 a interpretar los informes y, bas\u00e1ndonos en la informaci\u00f3n obtenida, podremos analizar el \u00e9xito de las publicaciones y as\u00ed planificar futuras campa\u00f1as.<\/p>\t\t\t\t\t\t\t\t<\/div>\n\t\t\t\t<\/div>\n\t\t\t\t\t<\/div>\n\t\t<\/div>\n\t\t\t\t<div class=\"elementor-column elementor-col-33 elementor-top-column elementor-element elementor-element-2240d83\" data-id=\"2240d83\" data-element_type=\"column\" data-e-type=\"column\">\n\t\t\t<div class=\"elementor-widget-wrap elementor-element-populated\">\n\t\t\t\t\t\t<div class=\"elementor-element elementor-element-6ba3110 elementor-widget elementor-widget-image\" data-id=\"6ba3110\" data-element_type=\"widget\" data-e-type=\"widget\" data-widget_type=\"image.default\">\n\t\t\t\t<div class=\"elementor-widget-container\">\n\t\t\t\t\t\t\t\t\t\t\t\t\t\t\t<img fetchpriority=\"high\" decoding=\"async\" width=\"800\" height=\"800\" src=\"https:\/\/riin.eu\/wp-content\/uploads\/2020\/04\/Untitled-design.webp\" class=\"attachment-large size-large wp-image-12705\" alt=\"\" srcset=\"https:\/\/riin.eu\/wp-content\/uploads\/2020\/04\/Untitled-design.webp 900w, https:\/\/riin.eu\/wp-content\/uploads\/2020\/04\/Untitled-design-400x400.jpg 400w, https:\/\/riin.eu\/wp-content\/uploads\/2020\/04\/Untitled-design-150x150.jpg 150w, https:\/\/riin.eu\/wp-content\/uploads\/2020\/04\/Untitled-design-768x768.webp 768w\" sizes=\"(max-width: 800px) 100vw, 800px\" \/>\t\t\t\t\t\t\t\t\t\t\t\t\t\t\t<\/div>\n\t\t\t\t<\/div>\n\t\t\t\t\t<\/div>\n\t\t<\/div>\n\t\t\t\t\t<\/div>\n\t\t<\/section>\n\t\t\t\t<section class=\"elementor-section elementor-top-section elementor-element elementor-element-33a30d7 elementor-section-content-middle elementor-section-boxed elementor-section-height-default elementor-section-height-default\" data-id=\"33a30d7\" data-element_type=\"section\" data-e-type=\"section\" data-settings=\"{&quot;background_background&quot;:&quot;classic&quot;}\">\n\t\t\t\t\t\t<div class=\"elementor-container elementor-column-gap-default\">\n\t\t\t\t\t<div class=\"elementor-column elementor-col-100 elementor-top-column elementor-element elementor-element-009d8cc\" data-id=\"009d8cc\" data-element_type=\"column\" data-e-type=\"column\">\n\t\t\t<div class=\"elementor-widget-wrap elementor-element-populated\">\n\t\t\t\t\t\t<div class=\"elementor-element elementor-element-9bb9471 elementor-widget elementor-widget-global elementor-global-13627 elementor-global-6019 elementor-widget-text-editor\" data-id=\"9bb9471\" data-element_type=\"widget\" data-e-type=\"widget\" data-widget_type=\"text-editor.default\">\n\t\t\t\t<div class=\"elementor-widget-container\">\n\t\t\t\t\t\t\t\t\t<p>Gracias por su inter\u00e9s; en este momento no acepto nuevos clientes para la gesti\u00f3n de redes sociales. P\u00f3ngase en contacto conmigo si necesita ayuda con la <a href=\"https:\/\/riin.eu\/es\/tienda-online\/\">creaci\u00f3n de su tienda online<\/a> o su <a href=\"https:\/\/riin.eu\/es\/mantenimiento-de-sitios-web\/\">gesti\u00f3n<\/a>. <\/p>\t\t\t\t\t\t\t\t<\/div>\n\t\t\t\t<\/div>\n\t\t\t\t\t<\/div>\n\t\t<\/div>\n\t\t\t\t\t<\/div>\n\t\t<\/section>\n\t\t\t\t<section class=\"elementor-section elementor-top-section elementor-element elementor-element-908d196 elementor-section-boxed elementor-section-height-default elementor-section-height-default\" data-id=\"908d196\" data-element_type=\"section\" data-e-type=\"section\" data-settings=\"{&quot;background_background&quot;:&quot;classic&quot;}\">\n\t\t\t\t\t\t<div class=\"elementor-container elementor-column-gap-default\">\n\t\t\t\t\t<div class=\"elementor-column elementor-col-100 elementor-top-column elementor-element elementor-element-c53f778\" data-id=\"c53f778\" data-element_type=\"column\" data-e-type=\"column\">\n\t\t\t<div class=\"elementor-widget-wrap elementor-element-populated\">\n\t\t\t\t\t\t<div class=\"elementor-element elementor-element-f53483d elementor-widget elementor-widget-heading\" data-id=\"f53483d\" data-element_type=\"widget\" data-e-type=\"widget\" data-widget_type=\"heading.default\">\n\t\t\t\t<div class=\"elementor-widget-container\">\n\t\t\t\t\t<h2 class=\"elementor-heading-title elementor-size-default\">Proceso de gesti\u00f3n de redes sociales<\/h2>\t\t\t\t<\/div>\n\t\t\t\t<\/div>\n\t\t\t\t<div class=\"elementor-element elementor-element-d8698e2 elementor-widget elementor-widget-spacer\" data-id=\"d8698e2\" data-element_type=\"widget\" data-e-type=\"widget\" data-widget_type=\"spacer.default\">\n\t\t\t\t<div class=\"elementor-widget-container\">\n\t\t\t\t\t\t\t<div class=\"elementor-spacer\">\n\t\t\t<div class=\"elementor-spacer-inner\"><\/div>\n\t\t<\/div>\n\t\t\t\t\t\t<\/div>\n\t\t\t\t<\/div>\n\t\t\t\t<section class=\"elementor-section elementor-inner-section elementor-element elementor-element-b95381d elementor-section-boxed elementor-section-height-default elementor-section-height-default\" data-id=\"b95381d\" data-element_type=\"section\" data-e-type=\"section\">\n\t\t\t\t\t\t<div class=\"elementor-container elementor-column-gap-default\">\n\t\t\t\t\t<div class=\"elementor-column elementor-col-25 elementor-inner-column elementor-element elementor-element-daf9a1e\" data-id=\"daf9a1e\" data-element_type=\"column\" data-e-type=\"column\">\n\t\t\t<div class=\"elementor-widget-wrap elementor-element-populated\">\n\t\t\t\t\t\t<div class=\"elementor-element elementor-element-b8dd0a9 elementor-widget elementor-widget-heading\" data-id=\"b8dd0a9\" data-element_type=\"widget\" data-e-type=\"widget\" data-widget_type=\"heading.default\">\n\t\t\t\t<div class=\"elementor-widget-container\">\n\t\t\t\t\t<p class=\"elementor-heading-title elementor-size-default\">1. Producci\u00f3n de contenido<\/p>\t\t\t\t<\/div>\n\t\t\t\t<\/div>\n\t\t\t\t<div class=\"elementor-element elementor-element-2a2990c elementor-widget elementor-widget-text-editor\" data-id=\"2a2990c\" data-element_type=\"widget\" data-e-type=\"widget\" data-widget_type=\"text-editor.default\">\n\t\t\t\t<div class=\"elementor-widget-container\">\n\t\t\t\t\t\t\t\t\t<p>La base de todo es una p\u00e1gina de Facebook e Instagram correctamente cumplimentada: le ayudar\u00e9 a optimizar su p\u00e1gina de redes sociales. En reuniones peri\u00f3dicas, acordaremos el contenido de las publicaciones para el pr\u00f3ximo periodo, as\u00ed como las campa\u00f1as m\u00e1s importantes. <\/p>\t\t\t\t\t\t\t\t<\/div>\n\t\t\t\t<\/div>\n\t\t\t\t\t<\/div>\n\t\t<\/div>\n\t\t\t\t<div class=\"elementor-column elementor-col-25 elementor-inner-column elementor-element elementor-element-3be71a4\" data-id=\"3be71a4\" data-element_type=\"column\" data-e-type=\"column\">\n\t\t\t<div class=\"elementor-widget-wrap elementor-element-populated\">\n\t\t\t\t\t\t<div class=\"elementor-element elementor-element-08dfae3 elementor-widget elementor-widget-heading\" data-id=\"08dfae3\" data-element_type=\"widget\" data-e-type=\"widget\" data-widget_type=\"heading.default\">\n\t\t\t\t<div class=\"elementor-widget-container\">\n\t\t\t\t\t<p class=\"elementor-heading-title elementor-size-default\">2. Creaci\u00f3n de contenido<\/p>\t\t\t\t<\/div>\n\t\t\t\t<\/div>\n\t\t\t\t<div class=\"elementor-element elementor-element-99e1bd5 elementor-widget elementor-widget-text-editor\" data-id=\"99e1bd5\" data-element_type=\"widget\" data-e-type=\"widget\" data-widget_type=\"text-editor.default\">\n\t\t\t\t<div class=\"elementor-widget-container\">\n\t\t\t\t\t\t\t\t\t<p>Facebook e Instagram requieren enfoques diferentes en la creaci\u00f3n de contenido, tanto en el texto como en la imagen. Me encargar\u00e9 de que todas las publicaciones se realicen teniendo en cuenta los requisitos y las particularidades de cada canal de redes sociales espec\u00edfico. <\/p>\t\t\t\t\t\t\t\t<\/div>\n\t\t\t\t<\/div>\n\t\t\t\t\t<\/div>\n\t\t<\/div>\n\t\t\t\t<div class=\"elementor-column elementor-col-25 elementor-inner-column elementor-element elementor-element-72870e5\" data-id=\"72870e5\" data-element_type=\"column\" data-e-type=\"column\">\n\t\t\t<div class=\"elementor-widget-wrap elementor-element-populated\">\n\t\t\t\t\t\t<div class=\"elementor-element elementor-element-4d35d5f elementor-widget elementor-widget-heading\" data-id=\"4d35d5f\" data-element_type=\"widget\" data-e-type=\"widget\" data-widget_type=\"heading.default\">\n\t\t\t\t<div class=\"elementor-widget-container\">\n\t\t\t\t\t<p class=\"elementor-heading-title elementor-size-default\">3. Comunicaci\u00f3n inicial con el cliente<\/p>\t\t\t\t<\/div>\n\t\t\t\t<\/div>\n\t\t\t\t<div class=\"elementor-element elementor-element-be193b0 elementor-widget elementor-widget-text-editor\" data-id=\"be193b0\" data-element_type=\"widget\" data-e-type=\"widget\" data-widget_type=\"text-editor.default\">\n\t\t\t\t<div class=\"elementor-widget-container\">\n\t\t\t\t\t\t\t\t\t<p>Si lo desea, tambi\u00e9n puedo ayudarle con la comunicaci\u00f3n inicial con el cliente. Cada vez m\u00e1s clientes desean recibir una respuesta r\u00e1pida tanto a sus comentarios como a sus mensajes; yo me asegurar\u00e9 de que la reciban. <\/p>\t\t\t\t\t\t\t\t<\/div>\n\t\t\t\t<\/div>\n\t\t\t\t\t<\/div>\n\t\t<\/div>\n\t\t\t\t<div class=\"elementor-column elementor-col-25 elementor-inner-column elementor-element elementor-element-b7bf5f9\" data-id=\"b7bf5f9\" data-element_type=\"column\" data-e-type=\"column\">\n\t\t\t<div class=\"elementor-widget-wrap elementor-element-populated\">\n\t\t\t\t\t\t<div class=\"elementor-element elementor-element-27aeaca elementor-widget elementor-widget-heading\" data-id=\"27aeaca\" data-element_type=\"widget\" data-e-type=\"widget\" data-widget_type=\"heading.default\">\n\t\t\t\t<div class=\"elementor-widget-container\">\n\t\t\t\t\t<p class=\"elementor-heading-title elementor-size-default\">4. An\u00e1lisis e informes<\/p>\t\t\t\t<\/div>\n\t\t\t\t<\/div>\n\t\t\t\t<div class=\"elementor-element elementor-element-3acb715 elementor-widget elementor-widget-text-editor\" data-id=\"3acb715\" data-element_type=\"widget\" data-e-type=\"widget\" data-widget_type=\"text-editor.default\">\n\t\t\t\t<div class=\"elementor-widget-container\">\n\t\t\t\t\t\t\t\t\t<p>Podemos medir el \u00e9xito de las publicaciones mediante informes creados con la frecuencia adecuada. Tras el an\u00e1lisis, podremos planificar las acciones futuras teniendo en cuenta las preferencias del grupo objetivo de su empresa. <\/p>\t\t\t\t\t\t\t\t<\/div>\n\t\t\t\t<\/div>\n\t\t\t\t\t<\/div>\n\t\t<\/div>\n\t\t\t\t\t<\/div>\n\t\t<\/section>\n\t\t\t\t\t<\/div>\n\t\t<\/div>\n\t\t\t\t\t<\/div>\n\t\t<\/section>\n\t\t\t\t<section class=\"elementor-section elementor-top-section elementor-element elementor-element-2fc028f elementor-section-content-middle elementor-section-boxed elementor-section-height-default elementor-section-height-default\" data-id=\"2fc028f\" data-element_type=\"section\" data-e-type=\"section\">\n\t\t\t\t\t\t<div class=\"elementor-container elementor-column-gap-default\">\n\t\t\t\t\t<div class=\"elementor-column elementor-col-50 elementor-top-column elementor-element elementor-element-2676638\" data-id=\"2676638\" data-element_type=\"column\" data-e-type=\"column\">\n\t\t\t<div class=\"elementor-widget-wrap elementor-element-populated\">\n\t\t\t\t\t\t<div class=\"elementor-element elementor-element-a108da0 elementor-widget elementor-widget-text-editor\" data-id=\"a108da0\" data-element_type=\"widget\" data-e-type=\"widget\" data-widget_type=\"text-editor.default\">\n\t\t\t\t<div class=\"elementor-widget-container\">\n\t\t\t\t\t\t\t\t\t<div class=\"fw-heading fw-heading-left tf-sh-615530d3c9d6bcd566185c8eb6afdafc\"><h2 class=\"fw-special-title\">Al estar en las redes sociales\u2026<\/h2><\/div><div class=\"fw-text-box tf-sh-40b6d487caca97f669c7bfcdaf7a0b01 \"><div class=\"fw-text-inner\"><p>\u2713 puede impulsar su estrategia de marketing<br>\u2713 llegar\u00e1 m\u00e1s r\u00e1pido al cliente potencial<br>\u2713 al escuchar a sus seguidores, obtendr\u00e1 ideas para desarrollarse<br>\u2713 aumentar\u00e1 el reconocimiento de marca y la fidelidad de los clientes<br>\u2713 lo convertir\u00e1 en el canal de atenci\u00f3n al cliente m\u00e1s r\u00e1pido y eficiente<br>\u2713 podr\u00e1 aumentar el tr\u00e1fico hacia su sitio web<br>\u2713 podr\u00e1 transmitir informaci\u00f3n r\u00e1pidamente<br>\u2713 estar\u00e1 realmente presente para el cliente<\/p><\/div><\/div>\t\t\t\t\t\t\t\t<\/div>\n\t\t\t\t<\/div>\n\t\t\t\t\t<\/div>\n\t\t<\/div>\n\t\t\t\t<div class=\"elementor-column elementor-col-50 elementor-top-column elementor-element elementor-element-6f13e4c\" data-id=\"6f13e4c\" data-element_type=\"column\" data-e-type=\"column\">\n\t\t\t<div class=\"elementor-widget-wrap elementor-element-populated\">\n\t\t\t\t\t\t<div class=\"elementor-element elementor-element-85052f9 elementor-align-center elementor-widget elementor-widget-global elementor-global-13509 elementor-global-4867 elementor-widget-button\" data-id=\"85052f9\" data-element_type=\"widget\" data-e-type=\"widget\" data-widget_type=\"button.default\">\n\t\t\t\t<div class=\"elementor-widget-container\">\n\t\t\t\t\t\t\t\t\t<div class=\"elementor-button-wrapper\">\n\t\t\t\t\t<a class=\"elementor-button elementor-button-link elementor-size-md\" href=\"https:\/\/riin.eu\/tehtud\/\">\n\t\t\t\t\t\t<span class=\"elementor-button-content-wrapper\">\n\t\t\t\t\t\t\t\t\t<span class=\"elementor-button-text\">Ver trabajos realizados<\/span>\n\t\t\t\t\t<\/span>\n\t\t\t\t\t<\/a>\n\t\t\t\t<\/div>\n\t\t\t\t\t\t\t\t<\/div>\n\t\t\t\t<\/div>\n\t\t\t\t<div class=\"elementor-element elementor-element-23435cd elementor-align-center elementor-widget elementor-widget-global elementor-global-13501 elementor-global-4870 elementor-widget-button\" data-id=\"23435cd\" data-element_type=\"widget\" data-e-type=\"widget\" data-widget_type=\"button.default\">\n\t\t\t\t<div class=\"elementor-widget-container\">\n\t\t\t\t\t\t\t\t\t<div class=\"elementor-button-wrapper\">\n\t\t\t\t\t<a class=\"elementor-button elementor-button-link elementor-size-md\" href=\"https:\/\/riin.eu\/es\/contacto\/\">\n\t\t\t\t\t\t<span class=\"elementor-button-content-wrapper\">\n\t\t\t\t\t\t\t\t\t<span class=\"elementor-button-text\">Contactar<\/span>\n\t\t\t\t\t<\/span>\n\t\t\t\t\t<\/a>\n\t\t\t\t<\/div>\n\t\t\t\t\t\t\t\t<\/div>\n\t\t\t\t<\/div>\n\t\t\t\t\t<\/div>\n\t\t<\/div>\n\t\t\t\t\t<\/div>\n\t\t<\/section>\n\t\t\t\t<\/div>\n\t\t","protected":false},"excerpt":{"rendered":"<p>En la gesti\u00f3n de los canales de redes sociales, tanto el dise\u00f1o como el contenido son fundamentales. Crear\u00e9 para usted una p\u00e1gina de Facebook y\/o Instagram que funcione de manera \u00f3ptima: le ayudar\u00e9 con el branding, gestionar\u00e9 y crear\u00e9 contenido, crear\u00e9 y monitorizar\u00e9 juegos, dise\u00f1ar\u00e9 y administrar\u00e9 anuncios, etc. En Facebook, tambi\u00e9n puedo ayudarle con [&hellip;]<\/p>\n","protected":false},"author":1,"featured_media":0,"parent":0,"menu_order":0,"comment_status":"closed","ping_status":"closed","template":"","meta":{"footnotes":""},"class_list":["post-12891","page","type-page","status-publish","hentry"],"astra-portfolio-type":null,"astra-site-call-to-action":null,"_links":{"self":[{"href":"https:\/\/riin.eu\/es\/wp-json\/wp\/v2\/pages\/12891","targetHints":{"allow":["GET"]}}],"collection":[{"href":"https:\/\/riin.eu\/es\/wp-json\/wp\/v2\/pages"}],"about":[{"href":"https:\/\/riin.eu\/es\/wp-json\/wp\/v2\/types\/page"}],"author":[{"embeddable":true,"href":"https:\/\/riin.eu\/es\/wp-json\/wp\/v2\/users\/1"}],"replies":[{"embeddable":true,"href":"https:\/\/riin.eu\/es\/wp-json\/wp\/v2\/comments?post=12891"}],"version-history":[{"count":3,"href":"https:\/\/riin.eu\/es\/wp-json\/wp\/v2\/pages\/12891\/revisions"}],"predecessor-version":[{"id":12899,"href":"https:\/\/riin.eu\/es\/wp-json\/wp\/v2\/pages\/12891\/revisions\/12899"}],"wp:attachment":[{"href":"https:\/\/riin.eu\/es\/wp-json\/wp\/v2\/media?parent=12891"}],"curies":[{"name":"wp","href":"https:\/\/api.w.org\/{rel}","templated":true}]}}