{"id":12722,"date":"2016-09-19T21:09:11","date_gmt":"2016-09-19T18:09:11","guid":{"rendered":"https:\/\/riin.eu\/servicios\/"},"modified":"2026-04-25T13:37:31","modified_gmt":"2026-04-25T10:37:31","slug":"servicios","status":"publish","type":"page","link":"https:\/\/riin.eu\/es\/servicios\/","title":{"rendered":"SERVICIOS"},"content":{"rendered":"\t\t<div data-elementor-type=\"wp-page\" data-elementor-id=\"12722\" class=\"elementor elementor-12722 elementor-204\" data-elementor-post-type=\"page\">\n\t\t\t\t\t\t<section class=\"elementor-section elementor-top-section elementor-element elementor-element-5a4dcab9 elementor-section-boxed elementor-section-height-default elementor-section-height-default\" data-id=\"5a4dcab9\" data-element_type=\"section\" data-e-type=\"section\" data-settings=\"{&quot;background_background&quot;:&quot;classic&quot;}\">\n\t\t\t\t\t\t<div class=\"elementor-container elementor-column-gap-no\">\n\t\t\t\t\t<div class=\"elementor-column elementor-col-100 elementor-top-column elementor-element elementor-element-665a814c\" data-id=\"665a814c\" data-element_type=\"column\" data-e-type=\"column\">\n\t\t\t<div class=\"elementor-widget-wrap elementor-element-populated\">\n\t\t\t\t\t\t<div class=\"elementor-element elementor-element-2a45087b elementor-widget elementor-widget-heading\" data-id=\"2a45087b\" data-element_type=\"widget\" data-e-type=\"widget\" data-widget_type=\"heading.default\">\n\t\t\t\t<div class=\"elementor-widget-container\">\n\t\t\t\t\t<h2 class=\"elementor-heading-title elementor-size-default\">Servicios<\/h2>\t\t\t\t<\/div>\n\t\t\t\t<\/div>\n\t\t\t\t\t<\/div>\n\t\t<\/div>\n\t\t\t\t\t<\/div>\n\t\t<\/section>\n\t\t\t\t<section class=\"elementor-section elementor-top-section elementor-element elementor-element-bef3c17 elementor-section-boxed elementor-section-height-default elementor-section-height-default\" data-id=\"bef3c17\" data-element_type=\"section\" data-e-type=\"section\" data-settings=\"{&quot;background_background&quot;:&quot;classic&quot;}\">\n\t\t\t\t\t\t<div class=\"elementor-container elementor-column-gap-no\">\n\t\t\t\t\t<div class=\"elementor-column elementor-col-100 elementor-top-column elementor-element elementor-element-7e619a83\" data-id=\"7e619a83\" data-element_type=\"column\" data-e-type=\"column\">\n\t\t\t<div class=\"elementor-widget-wrap elementor-element-populated\">\n\t\t\t\t\t\t<section class=\"elementor-section elementor-inner-section elementor-element elementor-element-3467c66e elementor-section-height-min-height elementor-section-content-middle elementor-section-boxed elementor-section-height-default\" data-id=\"3467c66e\" data-element_type=\"section\" data-e-type=\"section\">\n\t\t\t\t\t\t<div class=\"elementor-container elementor-column-gap-default\">\n\t\t\t\t\t<div class=\"elementor-column elementor-col-33 elementor-inner-column elementor-element elementor-element-74be272b\" data-id=\"74be272b\" data-element_type=\"column\" data-e-type=\"column\">\n\t\t\t<div class=\"elementor-widget-wrap elementor-element-populated\">\n\t\t\t\t\t\t<div class=\"elementor-element elementor-element-36a2ff6d elementor-position-top elementor-invisible elementor-widget elementor-widget-image-box\" data-id=\"36a2ff6d\" data-element_type=\"widget\" data-e-type=\"widget\" data-settings=\"{&quot;_animation&quot;:&quot;fadeIn&quot;,&quot;_animation_delay&quot;:0.3}\" data-widget_type=\"image-box.default\">\n\t\t\t\t<div class=\"elementor-widget-container\">\n\t\t\t\t\t<div class=\"elementor-image-box-wrapper\"><figure class=\"elementor-image-box-img\"><a href=\"https:\/\/riin.eu\/es\/chatbot\/\" tabindex=\"-1\"><img fetchpriority=\"high\" decoding=\"async\" width=\"675\" height=\"675\" src=\"https:\/\/riin.eu\/wp-content\/uploads\/2024\/01\/Riin.eu-juturobot.webp\" class=\"attachment-full size-full wp-image-12723\" alt=\"\" srcset=\"https:\/\/riin.eu\/wp-content\/uploads\/2024\/01\/Riin.eu-juturobot.webp 675w, https:\/\/riin.eu\/wp-content\/uploads\/2024\/01\/Riin.eu-juturobot-400x400.webp 400w, https:\/\/riin.eu\/wp-content\/uploads\/2024\/01\/Riin.eu-juturobot-150x150.webp 150w, https:\/\/riin.eu\/wp-content\/uploads\/2024\/01\/elementor\/thumbs\/Riin.eu-juturobot-qht4n6fudf8ecplie4a9xxj4icl9fh58cxl780vp5g.png 322w, https:\/\/riin.eu\/wp-content\/uploads\/2024\/01\/elementor\/thumbs\/Riin.eu-juturobot-qht4n6fwt4t9kpwz7y0m637ul10iqzko4irjitu57o.png 522w\" sizes=\"(max-width: 675px) 100vw, 675px\" \/><\/a><\/figure><div class=\"elementor-image-box-content\"><h3 class=\"elementor-image-box-title\"><a href=\"https:\/\/riin.eu\/es\/chatbot\/\">Chatbot para sitio web o tienda online<\/a><\/h3><p class=\"elementor-image-box-description\">\u00a1Los chatbots han llegado para quedarse! Crear\u00e9 un chatbot que se encargue de la tediosa pero necesaria atenci\u00f3n al cliente, env\u00ede mensajes de marketing a los visitantes o incluso eduque sobre un tema espec\u00edfico. \u00a1Hay muchas opciones!  <\/p><\/div><\/div>\t\t\t\t<\/div>\n\t\t\t\t<\/div>\n\t\t\t\t\t<\/div>\n\t\t<\/div>\n\t\t\t\t<div class=\"elementor-column elementor-col-33 elementor-inner-column elementor-element elementor-element-261c302e\" data-id=\"261c302e\" data-element_type=\"column\" data-e-type=\"column\">\n\t\t\t<div class=\"elementor-widget-wrap elementor-element-populated\">\n\t\t\t\t\t\t<div class=\"elementor-element elementor-element-168fa9b elementor-position-top elementor-invisible elementor-widget elementor-widget-image-box\" data-id=\"168fa9b\" data-element_type=\"widget\" data-e-type=\"widget\" data-settings=\"{&quot;_animation&quot;:&quot;fadeIn&quot;,&quot;_animation_delay&quot;:0.3}\" data-widget_type=\"image-box.default\">\n\t\t\t\t<div class=\"elementor-widget-container\">\n\t\t\t\t\t<div class=\"elementor-image-box-wrapper\"><figure class=\"elementor-image-box-img\"><a href=\"https:\/\/riin.eu\/es\/marketing-por-correo-electronico\/\" tabindex=\"-1\"><img decoding=\"async\" width=\"900\" height=\"900\" src=\"https:\/\/riin.eu\/wp-content\/uploads\/2019\/06\/riin.eu-uudiskiri.jpg\" class=\"attachment-full size-full wp-image-12724\" alt=\"\" srcset=\"https:\/\/riin.eu\/wp-content\/uploads\/2019\/06\/riin.eu-uudiskiri.jpg 900w, https:\/\/riin.eu\/wp-content\/uploads\/2019\/06\/riin.eu-uudiskiri-400x400.jpg 400w, https:\/\/riin.eu\/wp-content\/uploads\/2019\/06\/riin.eu-uudiskiri-150x150.jpg 150w, https:\/\/riin.eu\/wp-content\/uploads\/2019\/06\/riin.eu-uudiskiri-768x768.jpg 768w\" sizes=\"(max-width: 900px) 100vw, 900px\" \/><\/a><\/figure><div class=\"elementor-image-box-content\"><h3 class=\"elementor-image-box-title\"><a href=\"https:\/\/riin.eu\/es\/marketing-por-correo-electronico\/\">Campa\u00f1as de correo electr\u00f3nico y automatizaciones<\/a><\/h3><p class=\"elementor-image-box-description\">El correo electr\u00f3nico es la base de las ventas y de las relaciones con los clientes. Crear\u00e9 un sistema que env\u00ede los mensajes adecuados en el momento oportuno: saludos, recordatorios y campa\u00f1as que funcionen incluso mientras usted descansa. <\/p><\/div><\/div>\t\t\t\t<\/div>\n\t\t\t\t<\/div>\n\t\t\t\t\t<\/div>\n\t\t<\/div>\n\t\t\t\t<div class=\"elementor-column elementor-col-33 elementor-inner-column elementor-element elementor-element-386367d9\" data-id=\"386367d9\" data-element_type=\"column\" data-e-type=\"column\">\n\t\t\t<div class=\"elementor-widget-wrap elementor-element-populated\">\n\t\t\t\t\t\t<div class=\"elementor-element elementor-element-5eda6558 elementor-position-top elementor-invisible elementor-widget elementor-widget-image-box\" data-id=\"5eda6558\" data-element_type=\"widget\" data-e-type=\"widget\" data-settings=\"{&quot;_animation&quot;:&quot;fadeIn&quot;,&quot;_animation_delay&quot;:0.3}\" data-widget_type=\"image-box.default\">\n\t\t\t\t<div class=\"elementor-widget-container\">\n\t\t\t\t\t<div class=\"elementor-image-box-wrapper\"><figure class=\"elementor-image-box-img\"><a href=\"https:\/\/riin.eu\/es\/automatizacion-con-ia\/\" tabindex=\"-1\"><img decoding=\"async\" width=\"500\" height=\"500\" src=\"https:\/\/riin.eu\/wp-content\/uploads\/2025\/10\/riin.eu-automatsioon.webp\" class=\"attachment-full size-full wp-image-12725\" alt=\"\" srcset=\"https:\/\/riin.eu\/wp-content\/uploads\/2025\/10\/riin.eu-automatsioon.webp 500w, https:\/\/riin.eu\/wp-content\/uploads\/2025\/10\/riin.eu-automatsioon-400x400.webp 400w, https:\/\/riin.eu\/wp-content\/uploads\/2025\/10\/riin.eu-automatsioon-150x150.webp 150w\" sizes=\"(max-width: 500px) 100vw, 500px\" \/><\/a><\/figure><div class=\"elementor-image-box-content\"><h3 class=\"elementor-image-box-title\"><a href=\"https:\/\/riin.eu\/es\/automatizacion-con-ia\/\">Automatizaciones de negocio y flujos de trabajo<\/a><\/h3><p class=\"elementor-image-box-description\">Automatice las tareas repetitivas y libere tiempo para el trabajo creativo. Crear\u00e9 flujos de trabajo inteligentes que conecten sus herramientas favoritas, transfieran datos y mantengan todo el sistema funcionando sin interrupciones, de forma autom\u00e1tica. \n<\/p><\/div><\/div>\t\t\t\t<\/div>\n\t\t\t\t<\/div>\n\t\t\t\t\t<\/div>\n\t\t<\/div>\n\t\t\t\t\t<\/div>\n\t\t<\/section>\n\t\t\t\t<section class=\"elementor-section elementor-inner-section elementor-element elementor-element-743163e6 elementor-section-height-min-height elementor-section-content-middle elementor-section-boxed elementor-section-height-default\" data-id=\"743163e6\" data-element_type=\"section\" data-e-type=\"section\">\n\t\t\t\t\t\t<div class=\"elementor-container elementor-column-gap-default\">\n\t\t\t\t\t<div class=\"elementor-column elementor-col-33 elementor-inner-column elementor-element elementor-element-14168d09\" data-id=\"14168d09\" data-element_type=\"column\" data-e-type=\"column\">\n\t\t\t<div class=\"elementor-widget-wrap elementor-element-populated\">\n\t\t\t\t\t\t<div class=\"elementor-element elementor-element-44e3079a elementor-position-top elementor-invisible elementor-widget elementor-widget-image-box\" data-id=\"44e3079a\" data-element_type=\"widget\" data-e-type=\"widget\" data-settings=\"{&quot;_animation&quot;:&quot;fadeIn&quot;,&quot;_animation_delay&quot;:0.3}\" data-widget_type=\"image-box.default\">\n\t\t\t\t<div class=\"elementor-widget-container\">\n\t\t\t\t\t<div class=\"elementor-image-box-wrapper\"><figure class=\"elementor-image-box-img\"><a href=\"https:\/\/riin.eu\/es\/mantenimiento-de-sitios-web\/\" tabindex=\"-1\"><img loading=\"lazy\" decoding=\"async\" width=\"75\" height=\"75\" src=\"https:\/\/riin.eu\/wp-content\/uploads\/2016\/09\/setting2.png\" class=\"attachment-full size-full wp-image-12726\" alt=\"Riin.eu mantenimiento del sitio web, mantenimiento de p\u00e1ginas web\" \/><\/a><\/figure><div class=\"elementor-image-box-content\"><h3 class=\"elementor-image-box-title\"><a href=\"https:\/\/riin.eu\/es\/mantenimiento-de-sitios-web\/\">Mantenimiento de sitios web<\/a><\/h3><p class=\"elementor-image-box-description\">Creo y gestiono sitios web en el sistema de gesti\u00f3n de contenidos WordPress. Un sitio web que funcione bien no es solo una tarjeta de presentaci\u00f3n para la empresa, sino un canal de ventas considerable. <\/p><\/div><\/div>\t\t\t\t<\/div>\n\t\t\t\t<\/div>\n\t\t\t\t\t<\/div>\n\t\t<\/div>\n\t\t\t\t<div class=\"elementor-column elementor-col-33 elementor-inner-column elementor-element elementor-element-3043cb6c\" data-id=\"3043cb6c\" data-element_type=\"column\" data-e-type=\"column\">\n\t\t\t<div class=\"elementor-widget-wrap elementor-element-populated\">\n\t\t\t\t\t\t<div class=\"elementor-element elementor-element-1f7ac308 elementor-position-top elementor-invisible elementor-widget elementor-widget-image-box\" data-id=\"1f7ac308\" data-element_type=\"widget\" data-e-type=\"widget\" data-settings=\"{&quot;_animation&quot;:&quot;fadeIn&quot;,&quot;_animation_delay&quot;:0.3}\" data-widget_type=\"image-box.default\">\n\t\t\t\t<div class=\"elementor-widget-container\">\n\t\t\t\t\t<div class=\"elementor-image-box-wrapper\"><figure class=\"elementor-image-box-img\"><a href=\"https:\/\/riin.eu\/es\/sitio-web\/\" tabindex=\"-1\"><img loading=\"lazy\" decoding=\"async\" width=\"75\" height=\"75\" src=\"https:\/\/riin.eu\/wp-content\/uploads\/2016\/09\/monitor.png\" class=\"attachment-full size-full wp-image-12727\" alt=\"Riin.eu sitios web tienda online creaci\u00f3n de sitios web\" \/><\/a><\/figure><div class=\"elementor-image-box-content\"><h3 class=\"elementor-image-box-title\"><a href=\"https:\/\/riin.eu\/es\/sitio-web\/\">Sitio web<\/a><\/h3><p class=\"elementor-image-box-description\">Sitios web adaptables a cualquier dispositivo que atraen al cliente desde el primer vistazo. Creaci\u00f3n de sitios web con el gestor de contenidos m\u00e1s popular: WordPress.  <\/p><\/div><\/div>\t\t\t\t<\/div>\n\t\t\t\t<\/div>\n\t\t\t\t\t<\/div>\n\t\t<\/div>\n\t\t\t\t<div class=\"elementor-column elementor-col-33 elementor-inner-column elementor-element elementor-element-23c613a1\" data-id=\"23c613a1\" data-element_type=\"column\" data-e-type=\"column\">\n\t\t\t<div class=\"elementor-widget-wrap elementor-element-populated\">\n\t\t\t\t\t\t<div class=\"elementor-element elementor-element-52fec9bc elementor-position-top elementor-invisible elementor-widget elementor-widget-image-box\" data-id=\"52fec9bc\" data-element_type=\"widget\" data-e-type=\"widget\" data-settings=\"{&quot;_animation&quot;:&quot;fadeIn&quot;,&quot;_animation_delay&quot;:0.3}\" data-widget_type=\"image-box.default\">\n\t\t\t\t<div class=\"elementor-widget-container\">\n\t\t\t\t\t<div class=\"elementor-image-box-wrapper\"><figure class=\"elementor-image-box-img\"><a href=\"https:\/\/riin.eu\/es\/tienda-online\/\" tabindex=\"-1\"><img loading=\"lazy\" decoding=\"async\" width=\"900\" height=\"900\" src=\"https:\/\/riin.eu\/wp-content\/uploads\/2020\/12\/Untitled-design.jpg\" class=\"attachment-full size-full wp-image-12728\" alt=\"tienda online, desarrollo de tienda online, creaci\u00f3n de tienda online\" srcset=\"https:\/\/riin.eu\/wp-content\/uploads\/2020\/12\/Untitled-design.jpg 900w, https:\/\/riin.eu\/wp-content\/uploads\/2020\/12\/Untitled-design-400x400.jpg 400w, https:\/\/riin.eu\/wp-content\/uploads\/2020\/12\/Untitled-design-150x150.webp 150w, https:\/\/riin.eu\/wp-content\/uploads\/2020\/12\/Untitled-design-768x768.jpg 768w, https:\/\/riin.eu\/wp-content\/uploads\/2020\/12\/elementor\/thumbs\/Untitled-design-p0hvnw70nubdxab2j2jq3uroqor6n1uaux33j1hr84.jpg 322w\" sizes=\"(max-width: 900px) 100vw, 900px\" \/><\/a><\/figure><div class=\"elementor-image-box-content\"><h3 class=\"elementor-image-box-title\"><a href=\"https:\/\/riin.eu\/es\/tienda-online\/\">Tienda online<\/a><\/h3><p class=\"elementor-image-box-description\">La creaci\u00f3n de una tienda online es una excelente oportunidad para mejorar las posibilidades de negocio. Preparo tiendas online en las que es posible vender tanto productos virtuales como f\u00edsicos. <\/p><\/div><\/div>\t\t\t\t<\/div>\n\t\t\t\t<\/div>\n\t\t\t\t\t<\/div>\n\t\t<\/div>\n\t\t\t\t\t<\/div>\n\t\t<\/section>\n\t\t\t\t<section class=\"elementor-section elementor-inner-section elementor-element elementor-element-77cec058 elementor-section-height-min-height elementor-section-content-middle elementor-section-boxed elementor-section-height-default\" data-id=\"77cec058\" data-element_type=\"section\" data-e-type=\"section\">\n\t\t\t\t\t\t<div class=\"elementor-container elementor-column-gap-default\">\n\t\t\t\t\t<div class=\"elementor-column elementor-col-100 elementor-inner-column elementor-element elementor-element-4a27de96\" data-id=\"4a27de96\" data-element_type=\"column\" data-e-type=\"column\">\n\t\t\t<div class=\"elementor-widget-wrap elementor-element-populated\">\n\t\t\t\t\t\t<div class=\"elementor-element elementor-element-1edd6f3f elementor-position-top elementor-invisible elementor-widget elementor-widget-image-box\" data-id=\"1edd6f3f\" data-element_type=\"widget\" data-e-type=\"widget\" data-settings=\"{&quot;_animation&quot;:&quot;fadeIn&quot;,&quot;_animation_delay&quot;:0.3}\" data-widget_type=\"image-box.default\">\n\t\t\t\t<div class=\"elementor-widget-container\">\n\t\t\t\t\t<div class=\"elementor-image-box-wrapper\"><figure class=\"elementor-image-box-img\"><a href=\"https:\/\/riin.eu\/es\/contacto\/\" tabindex=\"-1\"><img loading=\"lazy\" decoding=\"async\" width=\"75\" height=\"75\" src=\"https:\/\/riin.eu\/wp-content\/uploads\/2016\/09\/email.png\" class=\"attachment-full size-full wp-image-12729\" alt=\"Riin.eu bolet\u00edn de noticias\" \/><\/a><\/figure><div class=\"elementor-image-box-content\"><h3 class=\"elementor-image-box-title\"><a href=\"https:\/\/riin.eu\/es\/contacto\/\">Servicio web que no figura en esta lista<\/a><\/h3><p class=\"elementor-image-box-description\">Siempre estoy dispuesta a afrontar nuevos retos y, por ello, espero su propuesta\n\n<br><br>Escriba a riin@riin.eu <\/p><\/div><\/div>\t\t\t\t<\/div>\n\t\t\t\t<\/div>\n\t\t\t\t\t<\/div>\n\t\t<\/div>\n\t\t\t\t\t<\/div>\n\t\t<\/section>\n\t\t\t\t\t<\/div>\n\t\t<\/div>\n\t\t\t\t\t<\/div>\n\t\t<\/section>\n\t\t\t\t<\/div>\n\t\t","protected":false},"excerpt":{"rendered":"<p>Servicios Chatbot para sitio web o tienda online \u00a1Los chatbots han llegado para quedarse! Crear\u00e9 un chatbot que se encargue de la tediosa pero necesaria atenci\u00f3n al cliente, env\u00ede mensajes de marketing a los visitantes o incluso eduque sobre un tema espec\u00edfico. \u00a1Hay muchas opciones! Campa\u00f1as de correo electr\u00f3nico y automatizaciones El correo electr\u00f3nico es [&hellip;]<\/p>\n","protected":false},"author":1,"featured_media":0,"parent":0,"menu_order":0,"comment_status":"closed","ping_status":"closed","template":"","meta":{"footnotes":""},"class_list":["post-12722","page","type-page","status-publish","hentry"],"astra-portfolio-type":null,"astra-site-call-to-action":null,"_links":{"self":[{"href":"https:\/\/riin.eu\/es\/wp-json\/wp\/v2\/pages\/12722","targetHints":{"allow":["GET"]}}],"collection":[{"href":"https:\/\/riin.eu\/es\/wp-json\/wp\/v2\/pages"}],"about":[{"href":"https:\/\/riin.eu\/es\/wp-json\/wp\/v2\/types\/page"}],"author":[{"embeddable":true,"href":"https:\/\/riin.eu\/es\/wp-json\/wp\/v2\/users\/1"}],"replies":[{"embeddable":true,"href":"https:\/\/riin.eu\/es\/wp-json\/wp\/v2\/comments?post=12722"}],"version-history":[{"count":3,"href":"https:\/\/riin.eu\/es\/wp-json\/wp\/v2\/pages\/12722\/revisions"}],"predecessor-version":[{"id":13055,"href":"https:\/\/riin.eu\/es\/wp-json\/wp\/v2\/pages\/12722\/revisions\/13055"}],"wp:attachment":[{"href":"https:\/\/riin.eu\/es\/wp-json\/wp\/v2\/media?parent=12722"}],"curies":[{"name":"wp","href":"https:\/\/api.w.org\/{rel}","templated":true}]}}