{"id":12704,"date":"2017-01-18T21:58:31","date_gmt":"2017-01-18T19:58:31","guid":{"rendered":"https:\/\/riin.eu\/publicidad-en-facebook\/"},"modified":"2026-04-25T12:41:55","modified_gmt":"2026-04-25T09:41:55","slug":"publicidad-en-facebook","status":"publish","type":"page","link":"https:\/\/riin.eu\/es\/publicidad-en-facebook\/","title":{"rendered":"Publicidad en Facebook"},"content":{"rendered":"\t\t<div data-elementor-type=\"wp-page\" data-elementor-id=\"12704\" class=\"elementor elementor-12704 elementor-3242\" data-elementor-post-type=\"page\">\n\t\t\t\t\t\t<section class=\"elementor-section elementor-top-section elementor-element elementor-element-1cd9ed0 elementor-section-content-middle elementor-section-boxed elementor-section-height-default elementor-section-height-default\" data-id=\"1cd9ed0\" data-element_type=\"section\" data-e-type=\"section\">\n\t\t\t\t\t\t<div class=\"elementor-container elementor-column-gap-default\">\n\t\t\t\t\t<div class=\"elementor-column elementor-col-66 elementor-top-column elementor-element elementor-element-54ec52d0\" data-id=\"54ec52d0\" data-element_type=\"column\" data-e-type=\"column\">\n\t\t\t<div class=\"elementor-widget-wrap elementor-element-populated\">\n\t\t\t\t\t\t<div class=\"elementor-element elementor-element-fbd9afe elementor-widget elementor-widget-heading\" data-id=\"fbd9afe\" data-element_type=\"widget\" data-e-type=\"widget\" data-widget_type=\"heading.default\">\n\t\t\t\t<div class=\"elementor-widget-container\">\n\t\t\t\t\t<h1 class=\"elementor-heading-title elementor-size-default\">Publicidad en Facebook<\/h1>\t\t\t\t<\/div>\n\t\t\t\t<\/div>\n\t\t\t\t<div class=\"elementor-element elementor-element-61b9cfee elementor-widget elementor-widget-text-editor\" data-id=\"61b9cfee\" data-element_type=\"widget\" data-e-type=\"widget\" data-widget_type=\"text-editor.default\">\n\t\t\t\t<div class=\"elementor-widget-container\">\n\t\t\t\t\t\t\t\t\tCreo anuncios en Facebook e Instagram para su empresa que son llamativos y est\u00e1n dirigidos con precisi\u00f3n a su p\u00fablico objetivo. \u00a1La publicidad en Facebook llega a las personas que quieren y necesitan verla! Le ayudo a crear anuncios en Facebook teniendo en cuenta los datos demogr\u00e1ficos de su p\u00fablico objetivo, como la edad y la ubicaci\u00f3n. Adem\u00e1s, el p\u00fablico puede seleccionarse en funci\u00f3n de su comportamiento, intereses, lugar de trabajo, etc. Los anuncios se adaptan a los diferentes tama\u00f1os de los dispositivos. Ayudo a su empresa creando el anuncio tanto con texto como con im\u00e1genes y material de v\u00eddeo. Tanto durante como al final de la campa\u00f1a, se pueden elaborar informes y consultar los resultados de los anuncios. Mediante el an\u00e1lisis, es posible hacer que las futuras campa\u00f1as publicitarias sean a\u00fan m\u00e1s rentables. Los anuncios de Facebook se est\u00e1n convirtiendo en una parte del <a href=\"https:\/\/riin.eu\/teenused\/sotsiaalmeedia-haldamine\/\">servicio de gesti\u00f3n de redes sociales<\/a> y se complementan entre s\u00ed con gran \u00e9xito.       \t\t\t\t\t\t\t\t<\/div>\n\t\t\t\t<\/div>\n\t\t\t\t\t<\/div>\n\t\t<\/div>\n\t\t\t\t<div class=\"elementor-column elementor-col-33 elementor-top-column elementor-element elementor-element-a432a39\" data-id=\"a432a39\" data-element_type=\"column\" data-e-type=\"column\">\n\t\t\t<div class=\"elementor-widget-wrap elementor-element-populated\">\n\t\t\t\t\t\t<div class=\"elementor-element elementor-element-d5c0acf elementor-widget elementor-widget-image\" data-id=\"d5c0acf\" data-element_type=\"widget\" data-e-type=\"widget\" data-widget_type=\"image.default\">\n\t\t\t\t<div class=\"elementor-widget-container\">\n\t\t\t\t\t\t\t\t\t\t\t\t\t\t\t<img fetchpriority=\"high\" decoding=\"async\" width=\"900\" height=\"900\" src=\"https:\/\/riin.eu\/wp-content\/uploads\/2020\/04\/Untitled-design.webp\" class=\"attachment-full size-full wp-image-12705\" alt=\"\" srcset=\"https:\/\/riin.eu\/wp-content\/uploads\/2020\/04\/Untitled-design.webp 900w, https:\/\/riin.eu\/wp-content\/uploads\/2020\/04\/Untitled-design-400x400.jpg 400w, https:\/\/riin.eu\/wp-content\/uploads\/2020\/04\/Untitled-design-150x150.jpg 150w, https:\/\/riin.eu\/wp-content\/uploads\/2020\/04\/Untitled-design-768x768.webp 768w\" sizes=\"(max-width: 900px) 100vw, 900px\" \/>\t\t\t\t\t\t\t\t\t\t\t\t\t\t\t<\/div>\n\t\t\t\t<\/div>\n\t\t\t\t\t<\/div>\n\t\t<\/div>\n\t\t\t\t\t<\/div>\n\t\t<\/section>\n\t\t\t\t<section class=\"elementor-section elementor-top-section elementor-element elementor-element-1dbdf27 elementor-section-boxed elementor-section-height-default elementor-section-height-default\" data-id=\"1dbdf27\" data-element_type=\"section\" data-e-type=\"section\" data-settings=\"{&quot;background_background&quot;:&quot;classic&quot;}\">\n\t\t\t\t\t\t<div class=\"elementor-container elementor-column-gap-default\">\n\t\t\t\t\t<div class=\"elementor-column elementor-col-100 elementor-top-column elementor-element elementor-element-2310c0f\" data-id=\"2310c0f\" data-element_type=\"column\" data-e-type=\"column\">\n\t\t\t<div class=\"elementor-widget-wrap elementor-element-populated\">\n\t\t\t\t\t\t<div class=\"elementor-element elementor-element-b35ca8a elementor-widget elementor-widget-global elementor-global-13627 elementor-global-6019 elementor-widget-text-editor\" data-id=\"b35ca8a\" data-element_type=\"widget\" data-e-type=\"widget\" data-widget_type=\"text-editor.default\">\n\t\t\t\t<div class=\"elementor-widget-container\">\n\t\t\t\t\t\t\t\t\t<p>Gracias por su inter\u00e9s; en este momento no acepto nuevos clientes para la gesti\u00f3n de redes sociales. P\u00f3ngase en contacto conmigo si necesita ayuda con la <a href=\"https:\/\/riin.eu\/es\/tienda-online\/\">creaci\u00f3n de su tienda online<\/a> o su <a href=\"https:\/\/riin.eu\/es\/mantenimiento-de-sitios-web\/\">gesti\u00f3n<\/a>. <\/p>\t\t\t\t\t\t\t\t<\/div>\n\t\t\t\t<\/div>\n\t\t\t\t\t<\/div>\n\t\t<\/div>\n\t\t\t\t\t<\/div>\n\t\t<\/section>\n\t\t\t\t<section class=\"elementor-section elementor-top-section elementor-element elementor-element-6a15def elementor-section-boxed elementor-section-height-default elementor-section-height-default\" data-id=\"6a15def\" data-element_type=\"section\" data-e-type=\"section\" data-settings=\"{&quot;background_background&quot;:&quot;classic&quot;}\">\n\t\t\t\t\t\t<div class=\"elementor-container elementor-column-gap-default\">\n\t\t\t\t\t<div class=\"elementor-column elementor-col-100 elementor-top-column elementor-element elementor-element-16e1acf\" data-id=\"16e1acf\" data-element_type=\"column\" data-e-type=\"column\">\n\t\t\t<div class=\"elementor-widget-wrap elementor-element-populated\">\n\t\t\t\t\t\t<div class=\"elementor-element elementor-element-77f262e elementor-widget elementor-widget-heading\" data-id=\"77f262e\" data-element_type=\"widget\" data-e-type=\"widget\" data-widget_type=\"heading.default\">\n\t\t\t\t<div class=\"elementor-widget-container\">\n\t\t\t\t\t<h2 class=\"elementor-heading-title elementor-size-default\">C\u00f3mo funciona<\/h2>\t\t\t\t<\/div>\n\t\t\t\t<\/div>\n\t\t\t\t<div class=\"elementor-element elementor-element-453fd71 elementor-widget elementor-widget-spacer\" data-id=\"453fd71\" data-element_type=\"widget\" data-e-type=\"widget\" data-widget_type=\"spacer.default\">\n\t\t\t\t<div class=\"elementor-widget-container\">\n\t\t\t\t\t\t\t<div class=\"elementor-spacer\">\n\t\t\t<div class=\"elementor-spacer-inner\"><\/div>\n\t\t<\/div>\n\t\t\t\t\t\t<\/div>\n\t\t\t\t<\/div>\n\t\t\t\t<section class=\"elementor-section elementor-inner-section elementor-element elementor-element-3a5d108 elementor-section-boxed elementor-section-height-default elementor-section-height-default\" data-id=\"3a5d108\" data-element_type=\"section\" data-e-type=\"section\">\n\t\t\t\t\t\t<div class=\"elementor-container elementor-column-gap-default\">\n\t\t\t\t\t<div class=\"elementor-column elementor-col-25 elementor-inner-column elementor-element elementor-element-16f5967\" data-id=\"16f5967\" data-element_type=\"column\" data-e-type=\"column\">\n\t\t\t<div class=\"elementor-widget-wrap elementor-element-populated\">\n\t\t\t\t\t\t<div class=\"elementor-element elementor-element-1bf7de4 elementor-widget elementor-widget-heading\" data-id=\"1bf7de4\" data-element_type=\"widget\" data-e-type=\"widget\" data-widget_type=\"heading.default\">\n\t\t\t\t<div class=\"elementor-widget-container\">\n\t\t\t\t\t<h3 class=\"elementor-heading-title elementor-size-default\">1. \u00a1Defina el objetivo del anuncio!<\/h3>\t\t\t\t<\/div>\n\t\t\t\t<\/div>\n\t\t\t\t<div class=\"elementor-element elementor-element-4e4b342 elementor-widget elementor-widget-text-editor\" data-id=\"4e4b342\" data-element_type=\"widget\" data-e-type=\"widget\" data-widget_type=\"text-editor.default\">\n\t\t\t\t<div class=\"elementor-widget-container\">\n\t\t\t\t\t\t\t\t\t<p>Facebook ofrece excelentes oportunidades para aumentar la visibilidad de su empresa a trav\u00e9s de anuncios, ya sea para mejorar el reconocimiento de marca, dirigir al cliente a su sitio web, presentarle un producto o servicio, etc.<\/p>\t\t\t\t\t\t\t\t<\/div>\n\t\t\t\t<\/div>\n\t\t\t\t\t<\/div>\n\t\t<\/div>\n\t\t\t\t<div class=\"elementor-column elementor-col-25 elementor-inner-column elementor-element elementor-element-6e293ad\" data-id=\"6e293ad\" data-element_type=\"column\" data-e-type=\"column\">\n\t\t\t<div class=\"elementor-widget-wrap elementor-element-populated\">\n\t\t\t\t\t\t<div class=\"elementor-element elementor-element-e67cb72 elementor-widget elementor-widget-heading\" data-id=\"e67cb72\" data-element_type=\"widget\" data-e-type=\"widget\" data-widget_type=\"heading.default\">\n\t\t\t\t<div class=\"elementor-widget-container\">\n\t\t\t\t\t<h3 class=\"elementor-heading-title elementor-size-default\">2. Seleccione el p\u00fablico objetivo<\/h3>\t\t\t\t<\/div>\n\t\t\t\t<\/div>\n\t\t\t\t<div class=\"elementor-element elementor-element-cea2f68 elementor-widget elementor-widget-text-editor\" data-id=\"cea2f68\" data-element_type=\"widget\" data-e-type=\"widget\" data-widget_type=\"text-editor.default\">\n\t\t\t\t<div class=\"elementor-widget-container\">\n\t\t\t\t\t\t\t\t\t<p>Al anunciarse en Facebook, puede definir con gran precisi\u00f3n qui\u00e9n es la persona a la que desea mostrar el anuncio. De este modo, gastar\u00e1 menos dinero y solo recibir\u00e1n informaci\u00f3n sobre su empresa aquellos que realmente quieran verla. El p\u00fablico objetivo puede definirse tanto por datos demogr\u00e1ficos como por intereses, profesi\u00f3n y otras p\u00e1ginas marcadas con \u00abme gusta\u00bb.  <\/p>\t\t\t\t\t\t\t\t<\/div>\n\t\t\t\t<\/div>\n\t\t\t\t\t<\/div>\n\t\t<\/div>\n\t\t\t\t<div class=\"elementor-column elementor-col-25 elementor-inner-column elementor-element elementor-element-c15aa26\" data-id=\"c15aa26\" data-element_type=\"column\" data-e-type=\"column\">\n\t\t\t<div class=\"elementor-widget-wrap elementor-element-populated\">\n\t\t\t\t\t\t<div class=\"elementor-element elementor-element-c83dd26 elementor-widget elementor-widget-heading\" data-id=\"c83dd26\" data-element_type=\"widget\" data-e-type=\"widget\" data-widget_type=\"heading.default\">\n\t\t\t\t<div class=\"elementor-widget-container\">\n\t\t\t\t\t<h3 class=\"elementor-heading-title elementor-size-default\">3. Dirija los anuncios a clientes existentes<\/h3>\t\t\t\t<\/div>\n\t\t\t\t<\/div>\n\t\t\t\t<div class=\"elementor-element elementor-element-6a0c0ec elementor-widget elementor-widget-text-editor\" data-id=\"6a0c0ec\" data-element_type=\"widget\" data-e-type=\"widget\" data-widget_type=\"text-editor.default\">\n\t\t\t\t<div class=\"elementor-widget-container\">\n\t\t\t\t\t\t\t\t\t<p>Facebook ofrece la posibilidad de dirigir la publicidad a clientes que ya han realizado una compra o han visitado el sitio web. Puede vincular los datos de su empresa (como el correo electr\u00f3nico o el tel\u00e9fono) con los de Facebook. Es una buena oportunidad para recordarle su presencia al cliente y dirigirlo de nuevo a realizar una compra.  <\/p>\t\t\t\t\t\t\t\t<\/div>\n\t\t\t\t<\/div>\n\t\t\t\t\t<\/div>\n\t\t<\/div>\n\t\t\t\t<div class=\"elementor-column elementor-col-25 elementor-inner-column elementor-element elementor-element-2b7608d\" data-id=\"2b7608d\" data-element_type=\"column\" data-e-type=\"column\">\n\t\t\t<div class=\"elementor-widget-wrap elementor-element-populated\">\n\t\t\t\t\t\t<div class=\"elementor-element elementor-element-660d86c elementor-widget elementor-widget-heading\" data-id=\"660d86c\" data-element_type=\"widget\" data-e-type=\"widget\" data-widget_type=\"heading.default\">\n\t\t\t\t<div class=\"elementor-widget-container\">\n\t\t\t\t\t<h3 class=\"elementor-heading-title elementor-size-default\">4. An\u00fanciese con regularidad<\/h3>\t\t\t\t<\/div>\n\t\t\t\t<\/div>\n\t\t\t\t<div class=\"elementor-element elementor-element-aea29fc elementor-widget elementor-widget-text-editor\" data-id=\"aea29fc\" data-element_type=\"widget\" data-e-type=\"widget\" data-widget_type=\"text-editor.default\">\n\t\t\t\t<div class=\"elementor-widget-container\">\n\t\t\t\t\t\t\t\t\t<p>Para aumentar la visibilidad de su empresa, sin duda vale la pena anunciarse con regularidad. \u00a1Muestre ofertas especiales peri\u00f3dicamente, comparta publicaciones de blog o presente su empresa! Las posibilidades son ilimitadas, est\u00e1n segmentadas con precisi\u00f3n y ofrecen una excelente relaci\u00f3n calidad-precio.  <\/p>\t\t\t\t\t\t\t\t<\/div>\n\t\t\t\t<\/div>\n\t\t\t\t\t<\/div>\n\t\t<\/div>\n\t\t\t\t\t<\/div>\n\t\t<\/section>\n\t\t\t\t\t<\/div>\n\t\t<\/div>\n\t\t\t\t\t<\/div>\n\t\t<\/section>\n\t\t\t\t<section class=\"elementor-section elementor-top-section elementor-element elementor-element-31a07e1 elementor-section-content-middle elementor-section-boxed elementor-section-height-default elementor-section-height-default\" data-id=\"31a07e1\" data-element_type=\"section\" data-e-type=\"section\">\n\t\t\t\t\t\t<div class=\"elementor-container elementor-column-gap-default\">\n\t\t\t\t\t<div class=\"elementor-column elementor-col-50 elementor-top-column elementor-element elementor-element-cc190f6\" data-id=\"cc190f6\" data-element_type=\"column\" data-e-type=\"column\">\n\t\t\t<div class=\"elementor-widget-wrap elementor-element-populated\">\n\t\t\t\t\t\t<div class=\"elementor-element elementor-element-34be25f elementor-widget elementor-widget-text-editor\" data-id=\"34be25f\" data-element_type=\"widget\" data-e-type=\"widget\" data-widget_type=\"text-editor.default\">\n\t\t\t\t<div class=\"elementor-widget-container\">\n\t\t\t\t\t\t\t\t\t<div class=\"fw-heading fw-heading-left tf-sh-615530d3c9d6bcd566185c8eb6afdafc\"><h2 class=\"fw-special-title\">La publicidad en Facebook\u2026<\/h2><\/div><div class=\"fw-text-box tf-sh-40b6d487caca97f669c7bfcdaf7a0b01 \"><div class=\"fw-text-inner\"><p>\u2713 ofrece la oportunidad de mostrarse tanto a clientes actuales como potenciales<br>\u2713 ayuda a dirigir la publicidad a un p\u00fablico objetivo definido con precisi\u00f3n<br>\u2713 es un canal publicitario econ\u00f3mico pero, al mismo tiempo, muy exitoso<br>\u2713 ofrece la oportunidad de crear campa\u00f1as con diferentes contenidos<br>\u2713 puede utilizarse como un canal de informaci\u00f3n asequible<\/p><\/div><\/div>\t\t\t\t\t\t\t\t<\/div>\n\t\t\t\t<\/div>\n\t\t\t\t\t<\/div>\n\t\t<\/div>\n\t\t\t\t<div class=\"elementor-column elementor-col-50 elementor-top-column elementor-element elementor-element-071029f\" data-id=\"071029f\" data-element_type=\"column\" data-e-type=\"column\">\n\t\t\t<div class=\"elementor-widget-wrap elementor-element-populated\">\n\t\t\t\t\t\t<div class=\"elementor-element elementor-element-c68fa5e elementor-align-center elementor-widget elementor-widget-global elementor-global-13509 elementor-global-4867 elementor-widget-button\" data-id=\"c68fa5e\" data-element_type=\"widget\" data-e-type=\"widget\" data-widget_type=\"button.default\">\n\t\t\t\t<div class=\"elementor-widget-container\">\n\t\t\t\t\t\t\t\t\t<div class=\"elementor-button-wrapper\">\n\t\t\t\t\t<a class=\"elementor-button elementor-button-link elementor-size-md\" href=\"https:\/\/riin.eu\/tehtud\/\">\n\t\t\t\t\t\t<span class=\"elementor-button-content-wrapper\">\n\t\t\t\t\t\t\t\t\t<span class=\"elementor-button-text\">Ver trabajos realizados<\/span>\n\t\t\t\t\t<\/span>\n\t\t\t\t\t<\/a>\n\t\t\t\t<\/div>\n\t\t\t\t\t\t\t\t<\/div>\n\t\t\t\t<\/div>\n\t\t\t\t<div class=\"elementor-element elementor-element-d129d44 elementor-align-center elementor-widget elementor-widget-global elementor-global-13501 elementor-global-4870 elementor-widget-button\" data-id=\"d129d44\" data-element_type=\"widget\" data-e-type=\"widget\" data-widget_type=\"button.default\">\n\t\t\t\t<div class=\"elementor-widget-container\">\n\t\t\t\t\t\t\t\t\t<div class=\"elementor-button-wrapper\">\n\t\t\t\t\t<a class=\"elementor-button elementor-button-link elementor-size-md\" href=\"https:\/\/riin.eu\/es\/contacto\/\">\n\t\t\t\t\t\t<span class=\"elementor-button-content-wrapper\">\n\t\t\t\t\t\t\t\t\t<span class=\"elementor-button-text\">Contactar<\/span>\n\t\t\t\t\t<\/span>\n\t\t\t\t\t<\/a>\n\t\t\t\t<\/div>\n\t\t\t\t\t\t\t\t<\/div>\n\t\t\t\t<\/div>\n\t\t\t\t\t<\/div>\n\t\t<\/div>\n\t\t\t\t\t<\/div>\n\t\t<\/section>\n\t\t\t\t<\/div>\n\t\t","protected":false},"excerpt":{"rendered":"<p>Creo anuncios en Facebook e Instagram para su empresa que son llamativos y est\u00e1n dirigidos con precisi\u00f3n a su p\u00fablico objetivo. \u00a1La publicidad en Facebook llega a las personas que quieren y necesitan verla! Le ayudo a crear anuncios en Facebook teniendo en cuenta los datos demogr\u00e1ficos de su p\u00fablico objetivo, como la edad y [&hellip;]<\/p>\n","protected":false},"author":1,"featured_media":0,"parent":0,"menu_order":0,"comment_status":"closed","ping_status":"closed","template":"","meta":{"footnotes":""},"class_list":["post-12704","page","type-page","status-publish","hentry"],"astra-portfolio-type":null,"astra-site-call-to-action":null,"_links":{"self":[{"href":"https:\/\/riin.eu\/es\/wp-json\/wp\/v2\/pages\/12704","targetHints":{"allow":["GET"]}}],"collection":[{"href":"https:\/\/riin.eu\/es\/wp-json\/wp\/v2\/pages"}],"about":[{"href":"https:\/\/riin.eu\/es\/wp-json\/wp\/v2\/types\/page"}],"author":[{"embeddable":true,"href":"https:\/\/riin.eu\/es\/wp-json\/wp\/v2\/users\/1"}],"replies":[{"embeddable":true,"href":"https:\/\/riin.eu\/es\/wp-json\/wp\/v2\/comments?post=12704"}],"version-history":[{"count":3,"href":"https:\/\/riin.eu\/es\/wp-json\/wp\/v2\/pages\/12704\/revisions"}],"predecessor-version":[{"id":12806,"href":"https:\/\/riin.eu\/es\/wp-json\/wp\/v2\/pages\/12704\/revisions\/12806"}],"wp:attachment":[{"href":"https:\/\/riin.eu\/es\/wp-json\/wp\/v2\/media?parent=12704"}],"curies":[{"name":"wp","href":"https:\/\/api.w.org\/{rel}","templated":true}]}}