{"id":11286,"date":"2025-10-20T09:46:02","date_gmt":"2025-10-20T06:46:02","guid":{"rendered":"https:\/\/riin.eu\/ai-automation\/"},"modified":"2025-10-20T16:13:09","modified_gmt":"2025-10-20T13:13:09","slug":"ai-automation","status":"publish","type":"page","link":"https:\/\/riin.eu\/en\/ai-automation\/","title":{"rendered":"AI Automation"},"content":{"rendered":"\t\t<div data-elementor-type=\"wp-page\" data-elementor-id=\"11286\" class=\"elementor elementor-11286 elementor-11189\" data-elementor-post-type=\"page\">\n\t\t\t\t\t\t<section class=\"elementor-section elementor-top-section elementor-element elementor-element-5004cb7 elementor-section-content-middle elementor-section-height-min-height elementor-section-boxed elementor-section-height-default elementor-section-items-middle\" data-id=\"5004cb7\" data-element_type=\"section\" data-e-type=\"section\" data-settings=\"{&quot;background_background&quot;:&quot;classic&quot;}\">\n\t\t\t\t\t\t<div class=\"elementor-container elementor-column-gap-default\">\n\t\t\t\t\t<div class=\"elementor-column elementor-col-100 elementor-top-column elementor-element elementor-element-67d24552\" data-id=\"67d24552\" data-element_type=\"column\" data-e-type=\"column\">\n\t\t\t<div class=\"elementor-widget-wrap elementor-element-populated\">\n\t\t\t\t\t\t<div class=\"elementor-element elementor-element-3817235c elementor-widget elementor-widget-heading\" data-id=\"3817235c\" data-element_type=\"widget\" data-e-type=\"widget\" data-widget_type=\"heading.default\">\n\t\t\t\t<div class=\"elementor-widget-container\">\n\t\t\t\t\t<h1 class=\"elementor-heading-title elementor-size-default\">Paneme sinu \u00e4ri t\u00f6\u00f6le targemalt \u2013 AI teeb korduva t\u00f6\u00f6 \u00e4ra, inimesed keskenduvad p\u00e4ris asjadele.\n<\/h1>\t\t\t\t<\/div>\n\t\t\t\t<\/div>\n\t\t\t\t<div class=\"elementor-element elementor-element-168ca320 elementor-widget elementor-widget-text-editor\" data-id=\"168ca320\" data-element_type=\"widget\" data-e-type=\"widget\" data-widget_type=\"text-editor.default\">\n\t\t\t\t<div class=\"elementor-widget-container\">\n\t\t\t\t\t\t\t\t\t<p>Loome tehisintellektil p\u00f5hinevaid t\u00f6\u00f6vooge, mis automatiseerivad korduvad tegevused, anal\u00fc\u00fcsi ja suhtluse.<br \/>Tulemuseks on v\u00e4hem manuaalset t\u00f6\u00f6d, kiiremad otsused ja parem kliendikogemus.<\/p>\t\t\t\t\t\t\t\t<\/div>\n\t\t\t\t<\/div>\n\t\t\t\t\t<\/div>\n\t\t<\/div>\n\t\t\t\t\t<\/div>\n\t\t<\/section>\n\t\t\t\t<section class=\"elementor-section elementor-top-section elementor-element elementor-element-208c2396 elementor-section-boxed elementor-section-height-default elementor-section-height-default\" data-id=\"208c2396\" data-element_type=\"section\" data-e-type=\"section\">\n\t\t\t\t\t\t<div class=\"elementor-container elementor-column-gap-default\">\n\t\t\t\t\t<div class=\"elementor-column elementor-col-100 elementor-top-column elementor-element elementor-element-1842ef99\" data-id=\"1842ef99\" data-element_type=\"column\" data-e-type=\"column\">\n\t\t\t<div class=\"elementor-widget-wrap elementor-element-populated\">\n\t\t\t\t\t\t<section class=\"elementor-section elementor-inner-section elementor-element elementor-element-58282dfd elementor-section-boxed elementor-section-height-default elementor-section-height-default\" data-id=\"58282dfd\" data-element_type=\"section\" data-e-type=\"section\">\n\t\t\t\t\t\t<div class=\"elementor-container elementor-column-gap-default\">\n\t\t\t\t\t<div class=\"elementor-column elementor-col-50 elementor-inner-column elementor-element elementor-element-52052c22\" data-id=\"52052c22\" data-element_type=\"column\" data-e-type=\"column\">\n\t\t\t<div class=\"elementor-widget-wrap elementor-element-populated\">\n\t\t\t\t\t\t<div class=\"elementor-element elementor-element-f4c061a elementor-widget elementor-widget-heading\" data-id=\"f4c061a\" data-element_type=\"widget\" data-e-type=\"widget\" data-widget_type=\"heading.default\">\n\t\t\t\t<div class=\"elementor-widget-container\">\n\t\t\t\t\t<h2 class=\"elementor-heading-title elementor-size-default\">AI ei asenda inimesi. See vabastab nad korduvast t\u00f6\u00f6st.<\/h2>\t\t\t\t<\/div>\n\t\t\t\t<\/div>\n\t\t\t\t<div class=\"elementor-element elementor-element-12b1f1f3 elementor-widget elementor-widget-text-editor\" data-id=\"12b1f1f3\" data-element_type=\"widget\" data-e-type=\"widget\" data-widget_type=\"text-editor.default\">\n\t\t\t\t<div class=\"elementor-widget-container\">\n\t\t\t\t\t\t\t\t\t<p style=\"text-align: left;\">Automaatika pole ainult \u201ckiirem k\u00e4sit\u00f6\u00f6\u201d, vaid nutikam otsustamine.<br \/>AI \u00f5pib, kohandub ja optimeerib protsesse ajas.<\/p><ul><li style=\"text-align: left;\">V\u00e4hem k\u00e4sit\u00f6\u00f6d ja vigasid<\/li><li style=\"text-align: left;\">Kiirem otsustamine ja info liikumine<\/li><li style=\"text-align: left;\">S\u00e4\u00e4stetud t\u00f6\u00f6aeg ja kulud<\/li><li style=\"text-align: left;\">Tulemused, mida saab m\u00f5\u00f5ta<\/li><\/ul>\t\t\t\t\t\t\t\t<\/div>\n\t\t\t\t<\/div>\n\t\t\t\t\t<\/div>\n\t\t<\/div>\n\t\t\t\t<div class=\"elementor-column elementor-col-50 elementor-inner-column elementor-element elementor-element-74d5dc05\" data-id=\"74d5dc05\" data-element_type=\"column\" data-e-type=\"column\" data-settings=\"{&quot;background_background&quot;:&quot;classic&quot;}\">\n\t\t\t<div class=\"elementor-widget-wrap elementor-element-populated\">\n\t\t\t\t\t\t<div class=\"elementor-element elementor-element-522ae21 elementor-widget elementor-widget-heading\" data-id=\"522ae21\" data-element_type=\"widget\" data-e-type=\"widget\" data-widget_type=\"heading.default\">\n\t\t\t\t<div class=\"elementor-widget-container\">\n\t\t\t\t\t<h2 class=\"elementor-heading-title elementor-size-default\">N\u00e4ited kasutusest<\/h2>\t\t\t\t<\/div>\n\t\t\t\t<\/div>\n\t\t\t\t<div class=\"elementor-element elementor-element-8a304f8 elementor-widget elementor-widget-text-editor\" data-id=\"8a304f8\" data-element_type=\"widget\" data-e-type=\"widget\" data-widget_type=\"text-editor.default\">\n\t\t\t\t<div class=\"elementor-widget-container\">\n\t\t\t\t\t\t\t\t\t<ul><li>AI-juturobot, mis v\u00e4hendas klienditoe vastamise aega 60%<\/li><li>M\u00fc\u00fcgitoru, kus AI hindab, prioriseerib liidid automaatselt + saadab esmase pakkumise e-mailile.<\/li><li>Sotsiaalmeedia postituse abimees, mis t\u00f5lgib ja postitab postitused erinevas keeles ja erinevatesse profiilidesse.<\/li><li>Juturobot, mille vestluse tulemusel luuakse dokumendid ja haldab edasist suhtlust automaatselt.<\/li><\/ul>\t\t\t\t\t\t\t\t<\/div>\n\t\t\t\t<\/div>\n\t\t\t\t\t<\/div>\n\t\t<\/div>\n\t\t\t\t\t<\/div>\n\t\t<\/section>\n\t\t\t\t\t<\/div>\n\t\t<\/div>\n\t\t\t\t\t<\/div>\n\t\t<\/section>\n\t\t\t\t<section class=\"elementor-section elementor-top-section elementor-element elementor-element-5111287 elementor-section-boxed elementor-section-height-default elementor-section-height-default\" data-id=\"5111287\" data-element_type=\"section\" data-e-type=\"section\" data-settings=\"{&quot;background_background&quot;:&quot;classic&quot;}\">\n\t\t\t\t\t\t<div class=\"elementor-container elementor-column-gap-no\">\n\t\t\t\t\t<div class=\"elementor-column elementor-col-100 elementor-top-column elementor-element elementor-element-ed66693\" data-id=\"ed66693\" data-element_type=\"column\" data-e-type=\"column\">\n\t\t\t<div class=\"elementor-widget-wrap elementor-element-populated\">\n\t\t\t\t\t\t<div class=\"elementor-element elementor-element-c17336f elementor-widget elementor-widget-heading\" data-id=\"c17336f\" data-element_type=\"widget\" data-e-type=\"widget\" data-widget_type=\"heading.default\">\n\t\t\t\t<div class=\"elementor-widget-container\">\n\t\t\t\t\t<h2 class=\"elementor-heading-title elementor-size-default\">Mida automatiseerida?\u200b<\/h2>\t\t\t\t<\/div>\n\t\t\t\t<\/div>\n\t\t\t\t<section class=\"elementor-section elementor-inner-section elementor-element elementor-element-9fab0f6 elementor-section-height-min-height elementor-section-content-top elementor-section-boxed elementor-section-height-default\" data-id=\"9fab0f6\" data-element_type=\"section\" data-e-type=\"section\">\n\t\t\t\t\t\t<div class=\"elementor-container elementor-column-gap-default\">\n\t\t\t\t\t<div class=\"elementor-column elementor-col-50 elementor-inner-column elementor-element elementor-element-85bbadb\" data-id=\"85bbadb\" data-element_type=\"column\" data-e-type=\"column\">\n\t\t\t<div class=\"elementor-widget-wrap elementor-element-populated\">\n\t\t\t\t\t\t<div class=\"elementor-element elementor-element-d526199 elementor-invisible elementor-widget elementor-widget-image-box\" data-id=\"d526199\" data-element_type=\"widget\" data-e-type=\"widget\" data-settings=\"{&quot;_animation&quot;:&quot;fadeIn&quot;,&quot;_animation_delay&quot;:0.3}\" data-widget_type=\"image-box.default\">\n\t\t\t\t<div class=\"elementor-widget-container\">\n\t\t\t\t\t<div class=\"elementor-image-box-wrapper\"><div class=\"elementor-image-box-content\"><h3 class=\"elementor-image-box-title\">M\u00fc\u00fck ja turundus<\/h3><p class=\"elementor-image-box-description\">Lead scoring, j\u00e4relteavitused, isikup\u00e4rastatud pakkumised chatboti + automaatikaga<\/p><\/div><\/div>\t\t\t\t<\/div>\n\t\t\t\t<\/div>\n\t\t\t\t<div class=\"elementor-element elementor-element-0605c6a elementor-invisible elementor-widget elementor-widget-image-box\" data-id=\"0605c6a\" data-element_type=\"widget\" data-e-type=\"widget\" data-settings=\"{&quot;_animation&quot;:&quot;fadeIn&quot;,&quot;_animation_delay&quot;:0.3}\" data-widget_type=\"image-box.default\">\n\t\t\t\t<div class=\"elementor-widget-container\">\n\t\t\t\t\t<div class=\"elementor-image-box-wrapper\"><div class=\"elementor-image-box-content\"><h3 class=\"elementor-image-box-title\">Kliendisuhtlus ja tugi<\/h3><p class=\"elementor-image-box-description\">AI-assistendid, mis k\u00e4sitlevad korduvaid p\u00e4ringuid ja\/v\u00f5i koguvad tagasisidet.<\/p><\/div><\/div>\t\t\t\t<\/div>\n\t\t\t\t<\/div>\n\t\t\t\t<div class=\"elementor-element elementor-element-c4f50a2 elementor-invisible elementor-widget elementor-widget-image-box\" data-id=\"c4f50a2\" data-element_type=\"widget\" data-e-type=\"widget\" data-settings=\"{&quot;_animation&quot;:&quot;fadeIn&quot;,&quot;_animation_delay&quot;:0.3}\" data-widget_type=\"image-box.default\">\n\t\t\t\t<div class=\"elementor-widget-container\">\n\t\t\t\t\t<div class=\"elementor-image-box-wrapper\"><div class=\"elementor-image-box-content\"><h3 class=\"elementor-image-box-title\">Ettev\u00f5tte sisemised t\u00f6\u00f6vood<\/h3><p class=\"elementor-image-box-description\">Slack\/Teams jms teavitused, dokumentide loomine, projektide j\u00e4relevalve.<\/p><\/div><\/div>\t\t\t\t<\/div>\n\t\t\t\t<\/div>\n\t\t\t\t\t<\/div>\n\t\t<\/div>\n\t\t\t\t<div class=\"elementor-column elementor-col-50 elementor-inner-column elementor-element elementor-element-c267d80\" data-id=\"c267d80\" data-element_type=\"column\" data-e-type=\"column\">\n\t\t\t<div class=\"elementor-widget-wrap elementor-element-populated\">\n\t\t\t\t\t\t<div class=\"elementor-element elementor-element-6059b6c elementor-invisible elementor-widget elementor-widget-image-box\" data-id=\"6059b6c\" data-element_type=\"widget\" data-e-type=\"widget\" data-settings=\"{&quot;_animation&quot;:&quot;fadeIn&quot;,&quot;_animation_delay&quot;:0.3}\" data-widget_type=\"image-box.default\">\n\t\t\t\t<div class=\"elementor-widget-container\">\n\t\t\t\t\t<div class=\"elementor-image-box-wrapper\"><div class=\"elementor-image-box-content\"><h3 class=\"elementor-image-box-title\">Andmeanal\u00fc\u00fcs ja raportid<\/h3><p class=\"elementor-image-box-description\">AI t\u00f5lgendab andmeid ja koostab aruanded automaatselt.\n<\/p><\/div><\/div>\t\t\t\t<\/div>\n\t\t\t\t<\/div>\n\t\t\t\t<div class=\"elementor-element elementor-element-751469a elementor-invisible elementor-widget elementor-widget-image-box\" data-id=\"751469a\" data-element_type=\"widget\" data-e-type=\"widget\" data-settings=\"{&quot;_animation&quot;:&quot;fadeIn&quot;,&quot;_animation_delay&quot;:0.3}\" data-widget_type=\"image-box.default\">\n\t\t\t\t<div class=\"elementor-widget-container\">\n\t\t\t\t\t<div class=\"elementor-image-box-wrapper\"><div class=\"elementor-image-box-content\"><h3 class=\"elementor-image-box-title\">Sisu ja ideed<\/h3><p class=\"elementor-image-box-description\">Tootekirjeldused, postitused, sisup\u00f5hised soovitused.<\/p><\/div><\/div>\t\t\t\t<\/div>\n\t\t\t\t<\/div>\n\t\t\t\t\t<\/div>\n\t\t<\/div>\n\t\t\t\t\t<\/div>\n\t\t<\/section>\n\t\t\t\t\t<\/div>\n\t\t<\/div>\n\t\t\t\t\t<\/div>\n\t\t<\/section>\n\t\t\t\t<section class=\"elementor-section elementor-top-section elementor-element elementor-element-787ce9cc elementor-section-boxed elementor-section-height-default elementor-section-height-default\" data-id=\"787ce9cc\" data-element_type=\"section\" data-e-type=\"section\">\n\t\t\t\t\t\t<div class=\"elementor-container elementor-column-gap-default\">\n\t\t\t\t\t<div class=\"elementor-column elementor-col-50 elementor-top-column elementor-element elementor-element-33acb819\" data-id=\"33acb819\" data-element_type=\"column\" data-e-type=\"column\">\n\t\t\t<div class=\"elementor-widget-wrap elementor-element-populated\">\n\t\t\t\t\t\t<div class=\"elementor-element elementor-element-85321cc elementor-widget elementor-widget-text-editor\" data-id=\"85321cc\" data-element_type=\"widget\" data-e-type=\"widget\" data-widget_type=\"text-editor.default\">\n\t\t\t\t<div class=\"elementor-widget-container\">\n\t\t\t\t\t\t\t\t\t<h2>Kui palju aega ja raha sul praegu laual vedeleb?<\/h2><p class=\"p1\">Kui korduv tegevus v\u00f5tab inimesel 10 minutit ja juhtub 20 korda p\u00e4evas, teeb see \u00fcle 60 t\u00f6\u00f6tunni kuus.<\/p><p class=\"p1\">AI saab selle aja tagasi tuua \u2013 ilma kvaliteedis j\u00e4releandmiseta.<\/p>\t\t\t\t\t\t\t\t<\/div>\n\t\t\t\t<\/div>\n\t\t\t\t\t<\/div>\n\t\t<\/div>\n\t\t\t\t<div class=\"elementor-column elementor-col-50 elementor-top-column elementor-element elementor-element-91ac5f0\" data-id=\"91ac5f0\" data-element_type=\"column\" data-e-type=\"column\">\n\t\t\t<div class=\"elementor-widget-wrap elementor-element-populated\">\n\t\t\t\t\t\t<section class=\"elementor-section elementor-inner-section elementor-element elementor-element-10ba1ce elementor-section-boxed elementor-section-height-default elementor-section-height-default\" data-id=\"10ba1ce\" data-element_type=\"section\" data-e-type=\"section\">\n\t\t\t\t\t\t<div class=\"elementor-container elementor-column-gap-default\">\n\t\t\t\t\t<div class=\"elementor-column elementor-col-50 elementor-inner-column elementor-element elementor-element-07f3a7f\" data-id=\"07f3a7f\" data-element_type=\"column\" data-e-type=\"column\">\n\t\t\t<div class=\"elementor-widget-wrap elementor-element-populated\">\n\t\t\t\t\t\t<div class=\"elementor-element elementor-element-2ab7b86 elementor-widget elementor-widget-cost_calculator_slider_box\" data-id=\"2ab7b86\" data-element_type=\"widget\" data-e-type=\"widget\" data-widget_type=\"cost_calculator_slider_box.default\">\n\t\t\t\t<div class=\"elementor-widget-container\">\n\t\t\t\t\t<div class=\"cost-calculator-box cost-calculator-clearfix\"><label>Kui kaua kulub aega korduva \u00fclesannete t\u00e4itmisele igas kuus?<\/label>\r\n\t\t<input type=\"hidden\" name=\"slider-box-label\" value=\"Kui kaua kulub aega korduva \u00fclesannete t\u00e4itmisele igas kuus?\"><div class=\"cost-slider-container\">\r\n\t\t\t<input id=\"aeg\" class=\"cost-calculator-cost-slider-input cost-calculator-cost-slider-input-hidden\" name=\"slider-box\" type=\"number\" value=\"56\" step=\"1\"><input id=\"aeg-value\" type=\"hidden\" value=\"56\" data-default=\"56\"><div class=\"cost-calculator-cost-slider\" data-value=\"56\" data-step=\"1\" data-min=\"0\" data-max=\"160\" data-input=\"aeg\" data-currencyAfter=\"h\" data-value-input=\"aeg-value\" data-price=\"1\"><\/div>\r\n\t\t<\/div>\r\n\t<\/div>\t\t\t\t<\/div>\n\t\t\t\t<\/div>\n\t\t\t\t\t<\/div>\n\t\t<\/div>\n\t\t\t\t<div class=\"elementor-column elementor-col-50 elementor-inner-column elementor-element elementor-element-2dcac21\" data-id=\"2dcac21\" data-element_type=\"column\" data-e-type=\"column\">\n\t\t\t<div class=\"elementor-widget-wrap elementor-element-populated\">\n\t\t\t\t\t\t<div class=\"elementor-element elementor-element-7f8deb8 elementor-widget elementor-widget-cost_calculator_slider_box\" data-id=\"7f8deb8\" data-element_type=\"widget\" data-e-type=\"widget\" data-widget_type=\"cost_calculator_slider_box.default\">\n\t\t\t\t<div class=\"elementor-widget-container\">\n\t\t\t\t\t<div class=\"cost-calculator-box cost-calculator-clearfix\"><label>Brutona tunnikulu v\u00f5i hinnanguline sisemine tunnihind.<\/label>\r\n\t\t<input type=\"hidden\" name=\"slider-box-label\" value=\"Brutona tunnikulu v\u00f5i hinnanguline sisemine tunnihind.\"><div class=\"cost-slider-container\">\r\n\t\t\t<input id=\"hind\" class=\"cost-calculator-cost-slider-input cost-calculator-cost-slider-input-hidden\" name=\"slider-box\" type=\"number\" value=\"30\" step=\"1\"><input id=\"hind-value\" type=\"hidden\" value=\"30\" data-default=\"30\"><div class=\"cost-calculator-cost-slider\" data-value=\"30\" data-step=\"1\" data-min=\"0\" data-max=\"130\" data-input=\"hind\" data-currencyAfter=\"\u20ac\" data-value-input=\"hind-value\" data-price=\"1\"><\/div>\r\n\t\t<\/div>\r\n\t<\/div>\t\t\t\t<\/div>\n\t\t\t\t<\/div>\n\t\t\t\t\t<\/div>\n\t\t<\/div>\n\t\t\t\t\t<\/div>\n\t\t<\/section>\n\t\t\t\t<div class=\"elementor-element elementor-element-52654dd elementor-widget elementor-widget-spacer\" data-id=\"52654dd\" data-element_type=\"widget\" data-e-type=\"widget\" data-widget_type=\"spacer.default\">\n\t\t\t\t<div class=\"elementor-widget-container\">\n\t\t\t\t\t\t\t<div class=\"elementor-spacer\">\n\t\t\t<div class=\"elementor-spacer-inner\"><\/div>\n\t\t<\/div>\n\t\t\t\t\t\t<\/div>\n\t\t\t\t<\/div>\n\t\t\t\t<div class=\"elementor-element elementor-element-d4b9d5c cost-calculator-summary-price elementor-widget elementor-widget-cost_calculator_summary_box\" data-id=\"d4b9d5c\" data-element_type=\"widget\" data-e-type=\"widget\" data-widget_type=\"cost_calculator_summary_box.default\">\n\t\t\t\t<div class=\"elementor-widget-container\">\n\t\t\t\t\t<div class=\"cost-calculator-box cost-calculator-summary-box cost-calculator-clearfix\">\r\n\t\t<span class=\"cost-calculator-summary-price\" id=\"cost\"><span class=\"cost-calculator-currency\">AI automatsioon saab s\u00e4\u00e4sta Sinu ettev\u00f5ttele <\/span>0.00<span class=\"cost-calculator-currency\">\u20ac \u00fches kuus <\/span><\/span><p class=\"cost-calculator-price-description\">Arvutuses on kasutatud keskmist AI s\u00e4\u00e4stu 65% <\/p><input type=\"hidden\" id=\"cost-total\" name=\"total_cost\" value=\"AI automatsioon saab s\u00e4\u00e4sta Sinu ettev\u00f5ttele 0.00\u20ac \u00fches kuus \">\r\n\t<input type=\"hidden\" id=\"cost-total-value\" name=\"total_cost-value\" value=\"0\">\r\n\t<input type=\"hidden\" name=\"total_cost-summarylabel\" value=\"S\u00e4\u00e4stum\u00e4\u00e4r \u00fches kuus\">\r\n\t<\/div>\t\t\t\t<\/div>\n\t\t\t\t<\/div>\n\t\t\t\t<div class=\"elementor-element elementor-element-4a367fc elementor-widget elementor-widget-text-editor\" data-id=\"4a367fc\" data-element_type=\"widget\" data-e-type=\"widget\" data-widget_type=\"text-editor.default\">\n\t\t\t\t<div class=\"elementor-widget-container\">\n\t\t\t\t\t\t\t\t\t<p>See on ainult \u00fcks t\u00f6\u00f6\u00fclesanne \u2013 <br \/>mitu sarnast protsessi su tiimil kuus on?<\/p>\t\t\t\t\t\t\t\t<\/div>\n\t\t\t\t<\/div>\n\t\t\t\t\t<\/div>\n\t\t<\/div>\n\t\t\t\t\t<\/div>\n\t\t<\/section>\n\t\t\t\t<section class=\"elementor-section elementor-top-section elementor-element elementor-element-1638df4f elementor-section-content-middle elementor-section-height-min-height elementor-section-boxed elementor-section-height-default elementor-section-items-middle\" data-id=\"1638df4f\" data-element_type=\"section\" data-e-type=\"section\" data-settings=\"{&quot;background_background&quot;:&quot;classic&quot;}\">\n\t\t\t\t\t\t<div class=\"elementor-container elementor-column-gap-default\">\n\t\t\t\t\t<div class=\"elementor-column elementor-col-100 elementor-top-column elementor-element elementor-element-3b770ad4\" data-id=\"3b770ad4\" data-element_type=\"column\" data-e-type=\"column\">\n\t\t\t<div class=\"elementor-widget-wrap elementor-element-populated\">\n\t\t\t\t\t\t<div class=\"elementor-element elementor-element-a04f3f1 elementor-widget elementor-widget-heading\" data-id=\"a04f3f1\" data-element_type=\"widget\" data-e-type=\"widget\" data-widget_type=\"heading.default\">\n\t\t\t\t<div class=\"elementor-widget-container\">\n\t\t\t\t\t<h2 class=\"elementor-heading-title elementor-size-default\">Kuidas Sina saada oma ettev\u00f5ttesse automaatikad t\u00f6\u00f6le?<\/h2>\t\t\t\t<\/div>\n\t\t\t\t<\/div>\n\t\t\t\t<div class=\"elementor-element elementor-element-57a1a15d elementor-widget elementor-widget-text-editor\" data-id=\"57a1a15d\" data-element_type=\"widget\" data-e-type=\"widget\" data-widget_type=\"text-editor.default\">\n\t\t\t\t<div class=\"elementor-widget-container\">\n\t\t\t\t\t\t\t\t\t<p>AI-automaatika ei ole valmis pakett, vaid lahendus, mis s\u00fcnnib sinu ettev\u00f5tte eesm\u00e4rkidest, protsessidest ja t\u00e4nasest olukorrast.<br \/>Iga ettev\u00f5te on erinev \u2014 seep\u00e4rast ei alusta me mitte t\u00f6\u00f6dest, vaid vestlusest.<\/p>\t\t\t\t\t\t\t\t<\/div>\n\t\t\t\t<\/div>\n\t\t\t\t<div class=\"elementor-element elementor-element-5518a384 elementor-widget elementor-widget-heading\" data-id=\"5518a384\" data-element_type=\"widget\" data-e-type=\"widget\" data-widget_type=\"heading.default\">\n\t\t\t\t<div class=\"elementor-widget-container\">\n\t\t\t\t\t<h3 class=\"elementor-heading-title elementor-size-default\">Broneeri 30 minutit ja r\u00e4\u00e4gime l\u00e4bi\n<\/h3>\t\t\t\t<\/div>\n\t\t\t\t<\/div>\n\t\t\t\t<div class=\"elementor-element elementor-element-2650caa3 elementor-widget__width-initial elementor-widget elementor-widget-text-editor\" data-id=\"2650caa3\" data-element_type=\"widget\" data-e-type=\"widget\" data-widget_type=\"text-editor.default\">\n\t\t\t\t<div class=\"elementor-widget-container\">\n\t\t\t\t\t\t\t\t\t<p>\u2713 kus sinu ettev\u00f5ttes peitub suurim ajas\u00e4\u00e4stu v\u00f5i automatiseerimise v\u00f5imalus<\/p><p>\u2713 kas AI-lahendus on seal \u00fcldse m\u00f5istlik<\/p><p>\u2713 kui on, siis mis v\u00f5iks olla esimene praktiline samm<\/p>\t\t\t\t\t\t\t\t<\/div>\n\t\t\t\t<\/div>\n\t\t\t\t<div class=\"elementor-element elementor-element-1febf46b elementor-align-center elementor-widget elementor-widget-button\" data-id=\"1febf46b\" data-element_type=\"widget\" data-e-type=\"widget\" data-widget_type=\"button.default\">\n\t\t\t\t<div class=\"elementor-widget-container\">\n\t\t\t\t\t\t\t\t\t<div class=\"elementor-button-wrapper\">\n\t\t\t\t\t<a class=\"elementor-button elementor-button-link elementor-size-sm\" href=\"https:\/\/calendly.com\/riin-aas-ra\/30min\" target=\"_blank\" rel=\"noopener\">\n\t\t\t\t\t\t<span class=\"elementor-button-content-wrapper\">\n\t\t\t\t\t\t<span class=\"elementor-button-icon\">\n\t\t\t\t<i aria-hidden=\"true\" class=\"fas fa-angle-double-right\"><\/i>\t\t\t<\/span>\n\t\t\t\t\t\t\t\t\t<span class=\"elementor-button-text\">Broneeri 30-minutiline k\u00f5ne<\/span>\n\t\t\t\t\t<\/span>\n\t\t\t\t\t<\/a>\n\t\t\t\t<\/div>\n\t\t\t\t\t\t\t\t<\/div>\n\t\t\t\t<\/div>\n\t\t\t\t<div class=\"elementor-element elementor-element-d56a431 elementor-widget elementor-widget-text-editor\" data-id=\"d56a431\" data-element_type=\"widget\" data-e-type=\"widget\" data-widget_type=\"text-editor.default\">\n\t\t\t\t<div class=\"elementor-widget-container\">\n\t\t\t\t\t\t\t\t\t<p>Ilma m\u00fc\u00fcgijututa. Lihtsalt arutame, kas ja kuidas automaatika v\u00f5iks sinu ettev\u00f5ttes t\u00f6\u00f6le hakata.<\/p>\t\t\t\t\t\t\t\t<\/div>\n\t\t\t\t<\/div>\n\t\t\t\t\t<\/div>\n\t\t<\/div>\n\t\t\t\t\t<\/div>\n\t\t<\/section>\n\t\t\t\t<\/div>\n\t\t","protected":false},"excerpt":{"rendered":"<p>Make your Business Work Smarter \u2013 AI Handles Repetitive Tasks, Allowing People to Focus on What Truly Matters. We create AI-powered workflows that automate repetitive tasks, analysis, and communication.The result is less manual work, faster decisions, and an improved customer experience. AI doesn&#8217;t replace people. It frees them from repetitive work. Automation isn&#8217;t just &#8216;faster [&hellip;]<\/p>\n","protected":false},"author":1,"featured_media":0,"parent":0,"menu_order":0,"comment_status":"closed","ping_status":"closed","template":"","meta":{"footnotes":""},"class_list":["post-11286","page","type-page","status-publish","hentry"],"astra-portfolio-type":null,"astra-site-call-to-action":null,"_links":{"self":[{"href":"https:\/\/riin.eu\/en\/wp-json\/wp\/v2\/pages\/11286","targetHints":{"allow":["GET"]}}],"collection":[{"href":"https:\/\/riin.eu\/en\/wp-json\/wp\/v2\/pages"}],"about":[{"href":"https:\/\/riin.eu\/en\/wp-json\/wp\/v2\/types\/page"}],"author":[{"embeddable":true,"href":"https:\/\/riin.eu\/en\/wp-json\/wp\/v2\/users\/1"}],"replies":[{"embeddable":true,"href":"https:\/\/riin.eu\/en\/wp-json\/wp\/v2\/comments?post=11286"}],"version-history":[{"count":3,"href":"https:\/\/riin.eu\/en\/wp-json\/wp\/v2\/pages\/11286\/revisions"}],"predecessor-version":[{"id":11382,"href":"https:\/\/riin.eu\/en\/wp-json\/wp\/v2\/pages\/11286\/revisions\/11382"}],"wp:attachment":[{"href":"https:\/\/riin.eu\/en\/wp-json\/wp\/v2\/media?parent=11286"}],"curies":[{"name":"wp","href":"https:\/\/api.w.org\/{rel}","templated":true}]}}