{"id":14034,"date":"2026-05-15T13:18:09","date_gmt":"2026-05-15T10:18:09","guid":{"rendered":"https:\/\/riin.eu\/audit-der-widerrufsbelehrung\/"},"modified":"2026-05-15T16:35:16","modified_gmt":"2026-05-15T13:35:16","slug":"audit-der-widerrufsbelehrung","status":"publish","type":"page","link":"https:\/\/riin.eu\/de\/audit-der-widerrufsbelehrung\/","title":{"rendered":"Audit der Widerrufsbelehrung"},"content":{"rendered":"\t\t<div data-elementor-type=\"wp-page\" data-elementor-id=\"14034\" class=\"elementor elementor-14034 elementor-14021\" data-elementor-post-type=\"page\">\n\t\t\t\t\t\t<section class=\"elementor-section elementor-top-section elementor-element elementor-element-35c059ef elementor-section-content-middle elementor-section-height-min-height elementor-section-boxed elementor-section-height-default elementor-section-items-middle\" data-id=\"35c059ef\" data-element_type=\"section\" data-e-type=\"section\" data-settings=\"{&quot;background_background&quot;:&quot;classic&quot;}\">\n\t\t\t\t\t\t<div class=\"elementor-container elementor-column-gap-default\">\n\t\t\t\t\t<div class=\"elementor-column elementor-col-100 elementor-top-column elementor-element elementor-element-7f2112d8\" data-id=\"7f2112d8\" data-element_type=\"column\" data-e-type=\"column\">\n\t\t\t<div class=\"elementor-widget-wrap elementor-element-populated\">\n\t\t\t\t\t\t<div class=\"elementor-element elementor-element-7bd66b19 elementor-align-center elementor-widget elementor-widget-button\" data-id=\"7bd66b19\" data-element_type=\"widget\" data-e-type=\"widget\" data-widget_type=\"button.default\">\n\t\t\t\t<div class=\"elementor-widget-container\">\n\t\t\t\t\t\t\t\t\t<div class=\"elementor-button-wrapper\">\n\t\t\t\t\t<a class=\"elementor-button elementor-size-sm\" role=\"button\">\n\t\t\t\t\t\t<span class=\"elementor-button-content-wrapper\">\n\t\t\t\t\t\t\t\t\t<span class=\"elementor-button-text\">\u26a1 NEUE EU-ANFORDERUNGEN AB DEM 19.06.2026<\/span>\n\t\t\t\t\t<\/span>\n\t\t\t\t\t<\/a>\n\t\t\t\t<\/div>\n\t\t\t\t\t\t\t\t<\/div>\n\t\t\t\t<\/div>\n\t\t\t\t<div class=\"elementor-element elementor-element-598ff253 elementor-widget elementor-widget-heading\" data-id=\"598ff253\" data-element_type=\"widget\" data-e-type=\"widget\" data-widget_type=\"heading.default\">\n\t\t\t\t<div class=\"elementor-widget-container\">\n\t\t\t\t\t<h1 class=\"elementor-heading-title elementor-size-default\">Kostenloses Audit der Widerrufsbelehrung \u2013 Versand innerhalb von 24 Stunden\n\n<\/h1>\t\t\t\t<\/div>\n\t\t\t\t<\/div>\n\t\t\t\t<div class=\"elementor-element elementor-element-607c272d elementor-widget elementor-widget-text-editor\" data-id=\"607c272d\" data-element_type=\"widget\" data-e-type=\"widget\" data-widget_type=\"text-editor.default\">\n\t\t\t\t<div class=\"elementor-widget-container\">\n\t\t\t\t\t\t\t\t\t<p>Bis zum 19. Juni 2026 m\u00fcssen alle EU-Onlineshops der Richtlinie 2023\/2673 entsprechen. Senden Sie uns Ihre Bedingungen und Sie erhalten einen PDF-Bericht inklusive Checkliste. <\/p>\t\t\t\t\t\t\t\t<\/div>\n\t\t\t\t<\/div>\n\t\t\t\t\t<\/div>\n\t\t<\/div>\n\t\t\t\t\t<\/div>\n\t\t<\/section>\n\t\t<div class=\"elementor-element elementor-element-415226f0 e-flex e-con-boxed e-con e-parent\" data-id=\"415226f0\" data-element_type=\"container\" data-e-type=\"container\">\n\t\t\t\t\t<div class=\"e-con-inner\">\n\t\t<div class=\"elementor-element elementor-element-2217add7 e-con-full e-flex e-con e-child\" data-id=\"2217add7\" data-element_type=\"container\" data-e-type=\"container\">\n\t\t\t\t<div class=\"elementor-element elementor-element-1363c493 elementor-widget elementor-widget-heading\" data-id=\"1363c493\" data-element_type=\"widget\" data-e-type=\"widget\" data-widget_type=\"heading.default\">\n\t\t\t\t<div class=\"elementor-widget-container\">\n\t\t\t\t\t<h2 class=\"elementor-heading-title elementor-size-default\">EU-Richtlinie 2023\/2673 \u2014 was bedeutet das f\u00fcr Ihren E-Shop?<\/h2>\t\t\t\t<\/div>\n\t\t\t\t<\/div>\n\t\t\t\t<div class=\"elementor-element elementor-element-752fb21c elementor-widget elementor-widget-text-editor\" data-id=\"752fb21c\" data-element_type=\"widget\" data-e-type=\"widget\" data-widget_type=\"text-editor.default\">\n\t\t\t\t<div class=\"elementor-widget-container\">\n\t\t\t\t\t\t\t\t\tDie neue Verbraucherschutzrichtlinie der Europ\u00e4ischen Union verlangt, dass jeder E-Shop \u00fcber einen klaren und einfachen Widerrufsbutton verf\u00fcgt. Es reicht nicht mehr aus, nur eine Seite mit \u201eWiderrufsbelehrung\u201c zu haben \u2014 erforderlich ist ein aktiver, 4-stufiger Prozess. \n\n<span style=\"color: #000000;\">Wenn Ihr E-Shop bis zum 19. Juni 2026 nicht den Anforderungen entspricht, riskieren Sie Bu\u00dfgelder und den Verlust des Kundenvertrauens. <\/span>\t\t\t\t\t\t\t\t<\/div>\n\t\t\t\t<\/div>\n\t\t\t\t<\/div>\n\t\t<div class=\"elementor-element elementor-element-7ea677e0 e-con-full e-flex e-con e-child\" data-id=\"7ea677e0\" data-element_type=\"container\" data-e-type=\"container\">\n\t\t<div class=\"elementor-element elementor-element-64100fba e-grid e-con-full e-con e-child\" data-id=\"64100fba\" data-element_type=\"container\" data-e-type=\"container\">\n\t\t\t\t<div class=\"elementor-element elementor-element-c786905 elementor-cta--valign-middle elementor-cta--skin-classic elementor-animated-content elementor-bg-transform elementor-bg-transform-zoom-in elementor-widget elementor-widget-call-to-action\" data-id=\"c786905\" data-element_type=\"widget\" data-e-type=\"widget\" data-widget_type=\"call-to-action.default\">\n\t\t\t\t<div class=\"elementor-widget-container\">\n\t\t\t\t\t\t\t<div class=\"elementor-cta\">\n\t\t\t\t\t\t\t<div class=\"elementor-cta__content\">\n\t\t\t\t\n\t\t\t\t\t\t\t\t\t<span class=\"elementor-cta__title elementor-cta__content-item elementor-content-item\">\n\t\t\t\t\t\t19.06.26\t\t\t\t\t<\/span>\n\t\t\t\t\n\t\t\t\t\t\t\t\t\t<div class=\"elementor-cta__description elementor-cta__content-item elementor-content-item\">\n\t\t\t\t\t\tFrist f\u00fcr die Entwicklung\t\t\t\t\t<\/div>\n\t\t\t\t\n\t\t\t\t\t\t\t<\/div>\n\t\t\t\t\t\t<\/div>\n\t\t\t\t\t\t<\/div>\n\t\t\t\t<\/div>\n\t\t\t\t<div class=\"elementor-element elementor-element-325faf18 elementor-cta--valign-middle elementor-cta--skin-classic elementor-animated-content elementor-bg-transform elementor-bg-transform-zoom-in elementor-widget elementor-widget-call-to-action\" data-id=\"325faf18\" data-element_type=\"widget\" data-e-type=\"widget\" data-widget_type=\"call-to-action.default\">\n\t\t\t\t<div class=\"elementor-widget-container\">\n\t\t\t\t\t\t\t<div class=\"elementor-cta\">\n\t\t\t\t\t\t\t<div class=\"elementor-cta__content\">\n\t\t\t\t\n\t\t\t\t\t\t\t\t\t<span class=\"elementor-cta__title elementor-cta__content-item elementor-content-item\">\n\t\t\t\t\t\t4\t\t\t\t\t<\/span>\n\t\t\t\t\n\t\t\t\t\t\t\t\t\t<div class=\"elementor-cta__description elementor-cta__content-item elementor-content-item\">\n\t\t\t\t\t\tobligatorische Schritte\n\t\t\t\t\t<\/div>\n\t\t\t\t\n\t\t\t\t\t\t\t<\/div>\n\t\t\t\t\t\t<\/div>\n\t\t\t\t\t\t<\/div>\n\t\t\t\t<\/div>\n\t\t\t\t<div class=\"elementor-element elementor-element-7658f5b8 elementor-cta--valign-middle elementor-cta--skin-classic elementor-animated-content elementor-bg-transform elementor-bg-transform-zoom-in elementor-widget elementor-widget-call-to-action\" data-id=\"7658f5b8\" data-element_type=\"widget\" data-e-type=\"widget\" data-widget_type=\"call-to-action.default\">\n\t\t\t\t<div class=\"elementor-widget-container\">\n\t\t\t\t\t\t\t<div class=\"elementor-cta\">\n\t\t\t\t\t\t\t<div class=\"elementor-cta__content\">\n\t\t\t\t\n\t\t\t\t\t\t\t\t\t<span class=\"elementor-cta__title elementor-cta__content-item elementor-content-item\">\n\t\t\t\t\t\t14\t\t\t\t\t<\/span>\n\t\t\t\t\n\t\t\t\t\t\t\t\t\t<div class=\"elementor-cta__description elementor-cta__content-item elementor-content-item\">\n\t\t\t\t\t\tTage Widerrufsfrist\t\t\t\t\t<\/div>\n\t\t\t\t\n\t\t\t\t\t\t\t<\/div>\n\t\t\t\t\t\t<\/div>\n\t\t\t\t\t\t<\/div>\n\t\t\t\t<\/div>\n\t\t\t\t<div class=\"elementor-element elementor-element-20cce154 elementor-cta--valign-middle elementor-cta--skin-classic elementor-animated-content elementor-bg-transform elementor-bg-transform-zoom-in elementor-widget elementor-widget-call-to-action\" data-id=\"20cce154\" data-element_type=\"widget\" data-e-type=\"widget\" data-widget_type=\"call-to-action.default\">\n\t\t\t\t<div class=\"elementor-widget-container\">\n\t\t\t\t\t\t\t<div class=\"elementor-cta\">\n\t\t\t\t\t\t\t<div class=\"elementor-cta__content\">\n\t\t\t\t\n\t\t\t\t\t\t\t\t\t<span class=\"elementor-cta__title elementor-cta__content-item elementor-content-item\">\n\t\t\t\t\t\t27 +  \t\t\t\t\t<\/span>\n\t\t\t\t\n\t\t\t\t\t\t\t\t\t<div class=\"elementor-cta__description elementor-cta__content-item elementor-content-item\">\n\t\t\t\t\t\tEU-Land \t\t\t\t\t<\/div>\n\t\t\t\t\n\t\t\t\t\t\t\t<\/div>\n\t\t\t\t\t\t<\/div>\n\t\t\t\t\t\t<\/div>\n\t\t\t\t<\/div>\n\t\t\t\t<\/div>\n\t\t\t\t<\/div>\n\t\t\t\t\t<\/div>\n\t\t\t\t<\/div>\n\t\t<div class=\"elementor-element elementor-element-7df9abff e-flex e-con-boxed e-con e-parent\" data-id=\"7df9abff\" data-element_type=\"container\" data-e-type=\"container\" data-settings=\"{&quot;background_background&quot;:&quot;classic&quot;}\">\n\t\t\t\t\t<div class=\"e-con-inner\">\n\t\t<div class=\"elementor-element elementor-element-20afc911 e-con-full e-flex e-con e-child\" data-id=\"20afc911\" data-element_type=\"container\" data-e-type=\"container\">\n\t\t\t\t<div class=\"elementor-element elementor-element-1c751daa elementor-widget elementor-widget-heading\" data-id=\"1c751daa\" data-element_type=\"widget\" data-e-type=\"widget\" data-widget_type=\"heading.default\">\n\t\t\t\t<div class=\"elementor-widget-container\">\n\t\t\t\t\t<h2 class=\"elementor-heading-title elementor-size-default\">Was erhalten Sie, wenn Sie ein kostenloses Audit bestellen? <br><\/h2>\t\t\t\t<\/div>\n\t\t\t\t<\/div>\n\t\t\t\t<div class=\"elementor-element elementor-element-fd0763d elementor-widget elementor-widget-text-editor\" data-id=\"fd0763d\" data-element_type=\"widget\" data-e-type=\"widget\" data-widget_type=\"text-editor.default\">\n\t\t\t\t<div class=\"elementor-widget-container\">\n\t\t\t\t\t\t\t\t\t<p>Ich habe ein Plugin entwickelt, das Ihre Website <strong>technisch<\/strong> konform mit den EU-Anforderungen macht. Das Plugin deckt die technische Seite ab \u2013 Schaltfl\u00e4chen, Formulare, Kundenbenachrichtigungen. <\/p><div data-line=\"2\" data-line-type=\"context\" data-line-index=\"1\">Vor der Installation lohnt es sich jedoch, auch den <strong>Abschnitt zum Widerrufsrecht in den Verkaufsbedingungen<\/strong> zu pr\u00fcfen, der der EU-Richtlinie 2023\/2673 entsprechen muss.<\/div><div data-line=\"4\" data-line-type=\"context\" data-line-index=\"3\"> <\/div><div data-line=\"5\" data-line-type=\"context\" data-line-index=\"4\">Senden Sie mir Ihren aktuellen Abschnitt zum Widerrufsrecht aus den Verkaufsbedingungen.<\/div><div data-line=\"5\" data-line-type=\"context\" data-line-index=\"4\">Ich sende Ihnen innerhalb von 24 Stunden ein kostenloses Audit \u2013 einen PDF-Bericht mit korrigierten Formulierungen und Verbesserungsvorschl\u00e4gen.<\/div>\t\t\t\t\t\t\t\t<\/div>\n\t\t\t\t<\/div>\n\t\t<div class=\"elementor-element elementor-element-3829eb2b e-grid e-con-full e-con e-child\" data-id=\"3829eb2b\" data-element_type=\"container\" data-e-type=\"container\">\n\t\t\t\t<div class=\"elementor-element elementor-element-1335d31 elementor-invisible elementor-widget elementor-widget-image-box\" data-id=\"1335d31\" data-element_type=\"widget\" data-e-type=\"widget\" data-settings=\"{&quot;_animation&quot;:&quot;fadeIn&quot;,&quot;_animation_delay&quot;:0.3}\" data-widget_type=\"image-box.default\">\n\t\t\t\t<div class=\"elementor-widget-container\">\n\t\t\t\t\t<div class=\"elementor-image-box-wrapper\"><div class=\"elementor-image-box-content\"><h3 class=\"elementor-image-box-title\">PDF-Bericht<\/h3><p class=\"elementor-image-box-description\">Ihre aktuellen Bedingungen im Vergleich zur EU-Richtlinie und dem Verbraucherschutzgesetz Ihres Ziellandes.\n<\/p><\/div><\/div>\t\t\t\t<\/div>\n\t\t\t\t<\/div>\n\t\t\t\t<div class=\"elementor-element elementor-element-55019391 elementor-invisible elementor-widget elementor-widget-image-box\" data-id=\"55019391\" data-element_type=\"widget\" data-e-type=\"widget\" data-settings=\"{&quot;_animation&quot;:&quot;fadeIn&quot;,&quot;_animation_delay&quot;:0.3}\" data-widget_type=\"image-box.default\">\n\t\t\t\t<div class=\"elementor-widget-container\">\n\t\t\t\t\t<div class=\"elementor-image-box-wrapper\"><div class=\"elementor-image-box-content\"><h3 class=\"elementor-image-box-title\">Empfohlene Formulierung <\/h3><p class=\"elementor-image-box-description\">Korrigierte Widerrufsbelehrung mit [Platzhaltern] \u2013 kopieren Sie diese und passen Sie sie an Ihre Daten an.<\/p><\/div><\/div>\t\t\t\t<\/div>\n\t\t\t\t<\/div>\n\t\t\t\t<div class=\"elementor-element elementor-element-3c31b0b2 elementor-invisible elementor-widget elementor-widget-image-box\" data-id=\"3c31b0b2\" data-element_type=\"widget\" data-e-type=\"widget\" data-settings=\"{&quot;_animation&quot;:&quot;fadeIn&quot;,&quot;_animation_delay&quot;:0.3}\" data-widget_type=\"image-box.default\">\n\t\t\t\t<div class=\"elementor-widget-container\">\n\t\t\t\t\t<div class=\"elementor-image-box-wrapper\"><div class=\"elementor-image-box-content\"><h3 class=\"elementor-image-box-title\">Checkliste<\/h3><p class=\"elementor-image-box-description\">Eine konkrete Liste von Ma\u00dfnahmen. Gezielte Arbeit, damit Sie die Compliance-Anforderungen erf\u00fcllen. \n\n<\/p><\/div><\/div>\t\t\t\t<\/div>\n\t\t\t\t<\/div>\n\t\t\t\t<\/div>\n\t\t\t\t<\/div>\n\t\t\t\t\t<\/div>\n\t\t\t\t<\/div>\n\t\t<div class=\"elementor-element elementor-element-ada196d e-flex e-con-boxed e-con e-parent\" data-id=\"ada196d\" data-element_type=\"container\" data-e-type=\"container\">\n\t\t\t\t\t<div class=\"e-con-inner\">\n\t\t\t\t<div class=\"elementor-element elementor-element-6992377 elementor-widget elementor-widget-heading\" data-id=\"6992377\" data-element_type=\"widget\" data-e-type=\"widget\" data-widget_type=\"heading.default\">\n\t\t\t\t<div class=\"elementor-widget-container\">\n\t\t\t\t\t<h2 class=\"elementor-heading-title elementor-size-default\">Senden Sie Ihre Bedingungen f\u00fcr die Durchf\u00fchrung des Audits? <br><\/h2>\t\t\t\t<\/div>\n\t\t\t\t<\/div>\n\t\t\t\t<div class=\"elementor-element elementor-element-3e4f89c elementor-button-align-start elementor-widget elementor-widget-form\" data-id=\"3e4f89c\" data-element_type=\"widget\" data-e-type=\"widget\" data-settings=\"{&quot;step_next_label&quot;:&quot;Weiter&quot;,&quot;step_previous_label&quot;:&quot;Zur\\u00fcck&quot;,&quot;button_width&quot;:&quot;100&quot;,&quot;step_type&quot;:&quot;number_text&quot;,&quot;step_icon_shape&quot;:&quot;circle&quot;}\" data-widget_type=\"form.default\">\n\t\t\t\t<div class=\"elementor-widget-container\">\n\t\t\t\t\t\t\t<form class=\"elementor-form\" method=\"post\" name=\"Audit der Widerrufsbelehrung\" aria-label=\"Audit der Widerrufsbelehrung\">\n\t\t\t<input type=\"hidden\" name=\"post_id\" value=\"14034\"\/>\n\t\t\t<input type=\"hidden\" name=\"form_id\" value=\"3e4f89c\"\/>\n\t\t\t<input type=\"hidden\" name=\"referer_title\" value=\"Audit der Widerrufsbelehrung | Riin.eu\" \/>\n\n\t\t\t\t\t\t\t<input type=\"hidden\" name=\"queried_id\" value=\"14034\"\/>\n\t\t\t\n\t\t\t<div class=\"elementor-form-fields-wrapper elementor-labels-above\">\n\t\t\t\t\t\t\t\t<div class=\"elementor-field-type-text elementor-field-group elementor-column elementor-field-group-name elementor-col-50 elementor-field-required elementor-mark-required\">\n\t\t\t\t\t\t\t\t\t\t\t\t<label for=\"form-field-name\" class=\"elementor-field-label\">\n\t\t\t\t\t\t\t\tName\t\t\t\t\t\t\t<\/label>\n\t\t\t\t\t\t\t\t\t\t\t\t\t\t<input size=\"1\" type=\"text\" name=\"form_fields[name]\" id=\"form-field-name\" class=\"elementor-field elementor-size-sm  elementor-field-textual\" placeholder=\"Ihr Name\" required=\"required\">\n\t\t\t\t\t\t\t\t\t\t\t<\/div>\n\t\t\t\t\t\t\t\t<div class=\"elementor-field-type-email elementor-field-group elementor-column elementor-field-group-field_34c22e7 elementor-col-50 elementor-field-required elementor-mark-required\">\n\t\t\t\t\t\t\t\t\t\t\t\t<label for=\"form-field-field_34c22e7\" class=\"elementor-field-label\">\n\t\t\t\t\t\t\t\tE-Mail\t\t\t\t\t\t\t<\/label>\n\t\t\t\t\t\t\t\t\t\t\t\t\t\t<input size=\"1\" type=\"email\" name=\"form_fields[field_34c22e7]\" id=\"form-field-field_34c22e7\" class=\"elementor-field elementor-size-sm  elementor-field-textual\" placeholder=\"E-Mail-Adresse\" required=\"required\">\n\t\t\t\t\t\t\t\t\t\t\t<\/div>\n\t\t\t\t\t\t\t\t<div class=\"elementor-field-type-url elementor-field-group elementor-column elementor-field-group-field_a06e170 elementor-col-100 elementor-field-required elementor-mark-required\">\n\t\t\t\t\t\t\t\t\t\t\t\t<label for=\"form-field-field_a06e170\" class=\"elementor-field-label\">\n\t\t\t\t\t\t\t\tDie Adresse Ihres Onlineshops\t\t\t\t\t\t\t<\/label>\n\t\t\t\t\t\t\t\t\t\t\t\t\t\t<input size=\"1\" type=\"url\" name=\"form_fields[field_a06e170]\" id=\"form-field-field_a06e170\" class=\"elementor-field elementor-size-sm  elementor-field-textual\" placeholder=\"https:\/\/\u2026\" required=\"required\">\n\t\t\t\t\t\t\t\t\t\t\t<\/div>\n\t\t\t\t\t\t\t\t<div class=\"elementor-field-type-text elementor-field-group elementor-column elementor-field-group-field_ac0863e elementor-col-100 elementor-field-required elementor-mark-required\">\n\t\t\t\t\t\t\t\t\t\t\t\t<label for=\"form-field-field_ac0863e\" class=\"elementor-field-label\">\n\t\t\t\t\t\t\t\tL\u00e4nder, in denen Ihr Shop verkauft\t\t\t\t\t\t\t<\/label>\n\t\t\t\t\t\t\t\t\t\t\t\t\t\t<input size=\"1\" type=\"text\" name=\"form_fields[field_ac0863e]\" id=\"form-field-field_ac0863e\" class=\"elementor-field elementor-size-sm  elementor-field-textual\" placeholder=\"Estland \/ Estland, Finnland \/ ganz Europa\" required=\"required\">\n\t\t\t\t\t\t\t\t\t\t\t<\/div>\n\t\t\t\t\t\t\t\t<div class=\"elementor-field-type-text elementor-field-group elementor-column elementor-field-group-field_ac525f8 elementor-col-100 elementor-field-required elementor-mark-required\">\n\t\t\t\t\t\t\t\t\t\t\t\t<label for=\"form-field-field_ac525f8\" class=\"elementor-field-label\">\n\t\t\t\t\t\t\t\tWas Ihr Shop verkauft (ein Satz)\t\t\t\t\t\t\t<\/label>\n\t\t\t\t\t\t\t\t\t\t\t\t\t\t<input size=\"1\" type=\"text\" name=\"form_fields[field_ac525f8]\" id=\"form-field-field_ac525f8\" class=\"elementor-field elementor-size-sm  elementor-field-textual\" placeholder=\"Was verkauft Ihr Shop (ein Satz)? Z. B. Sportartikel und -bekleidung; Bastelbedarf, Kosmetikzubeh\u00f6r usw.  \" required=\"required\">\n\t\t\t\t\t\t\t\t\t\t\t<\/div>\n\t\t\t\t\t\t\t\t<div class=\"elementor-field-type-radio elementor-field-group elementor-column elementor-field-group-field_a0beb73 elementor-col-100 elementor-field-required elementor-mark-required\">\n\t\t\t\t\t\t\t\t\t\t\t\t<label for=\"form-field-field_a0beb73\" class=\"elementor-field-label\">\n\t\t\t\t\t\t\t\tSind die Verkaufsbedingungen in andere Sprachen \u00fcbersetzt?\t\t\t\t\t\t\t<\/label>\n\t\t\t\t\t\t<div class=\"elementor-field-subgroup  elementor-subgroup-inline\"><span class=\"elementor-field-option\"><input type=\"radio\" value=\"Ja\" id=\"form-field-field_a0beb73-0\" name=\"form_fields[field_a0beb73]\" required=\"required\"> <label for=\"form-field-field_a0beb73-0\">Ja<\/label><\/span><span class=\"elementor-field-option\"><input type=\"radio\" value=\"Nein\" id=\"form-field-field_a0beb73-1\" name=\"form_fields[field_a0beb73]\" required=\"required\"> <label for=\"form-field-field_a0beb73-1\">Nein<\/label><\/span><span class=\"elementor-field-option\"><input type=\"radio\" value=\"Nicht sicher\" id=\"form-field-field_a0beb73-2\" name=\"form_fields[field_a0beb73]\" required=\"required\"> <label for=\"form-field-field_a0beb73-2\">Nicht sicher<\/label><\/span><\/div>\t\t\t\t<\/div>\n\t\t\t\t\t\t\t\t<div class=\"elementor-field-type-textarea elementor-field-group elementor-column elementor-field-group-message elementor-col-100 elementor-field-required elementor-mark-required\">\n\t\t\t\t\t\t\t\t\t\t\t\t<label for=\"form-field-message\" class=\"elementor-field-label\">\n\t\t\t\t\t\t\t\tAktuelle Widerrufsbelehrung\t\t\t\t\t\t\t<\/label>\n\t\t\t\t\t\t<textarea class=\"elementor-field-textual elementor-field  elementor-size-sm\" name=\"form_fields[message]\" id=\"form-field-message\" rows=\"5\" placeholder=\"F\u00fcgen Sie Ihre aktuelle Widerrufsbelehrung hier ein\" required=\"required\"><\/textarea>\t\t\t\t<\/div>\n\t\t\t\t\t\t\t\t<div class=\"elementor-field-type-acceptance elementor-field-group elementor-column elementor-field-group-field_0a0f11f elementor-col-100 elementor-field-required elementor-mark-required\">\n\t\t\t\t\t\t\t<div class=\"elementor-field-subgroup\">\n\t\t\t<span class=\"elementor-field-option\">\n\t\t\t\t<input type=\"checkbox\" name=\"form_fields[field_0a0f11f]\" id=\"form-field-field_0a0f11f\" class=\"elementor-field elementor-size-sm  elementor-acceptance-field\" required=\"required\" checked=\"checked\">\n\t\t\t\t<label for=\"form-field-field_0a0f11f\">Ich erkl\u00e4re mich damit einverstanden, den Newsletter zu Themen der EU-Compliance zu erhalten<\/label>\t\t\t<\/span>\n\t\t<\/div>\n\t\t\t\t\t\t<\/div>\n\t\t\t\t\t\t\t\t<div class=\"elementor-field-type-acceptance elementor-field-group elementor-column elementor-field-group-field_04d94fe elementor-col-100 elementor-field-required elementor-mark-required\">\n\t\t\t\t\t\t\t<div class=\"elementor-field-subgroup\">\n\t\t\t<span class=\"elementor-field-option\">\n\t\t\t\t<input type=\"checkbox\" name=\"form_fields[field_04d94fe]\" id=\"form-field-field_04d94fe\" class=\"elementor-field elementor-size-sm  elementor-acceptance-field\" required=\"required\">\n\t\t\t\t<label for=\"form-field-field_04d94fe\">Ich habe die <a href=\"https:\/\/riin.eu\/de\/kontakt\/datenschutzerklaerung\/\" target:_blank=\"\">Datenschutzerkl\u00e4rung<\/a> gelesen<\/label>\t\t\t<\/span>\n\t\t<\/div>\n\t\t\t\t\t\t<\/div>\n\t\t\t\t\t\t\t\t<div class=\"elementor-field-group elementor-column elementor-field-type-submit elementor-col-100 e-form__buttons\">\n\t\t\t\t\t<button class=\"elementor-button elementor-size-sm\" type=\"submit\">\n\t\t\t\t\t\t<span class=\"elementor-button-content-wrapper\">\n\t\t\t\t\t\t\t\t\t\t\t\t\t\t\t<span class=\"elementor-button-icon\">\n\t\t\t\t\t\t\t\t\t<i aria-hidden=\"true\" class=\"fas fa-long-arrow-alt-right\"><\/i>\t\t\t\t\t\t\t\t\t\t\t\t\t\t\t\t\t<\/span>\n\t\t\t\t\t\t\t\t\t\t\t\t\t\t\t\t\t\t\t\t\t\t<span class=\"elementor-button-text\">Senden Sie mir das Audit <\/span>\n\t\t\t\t\t\t\t\t\t\t\t\t\t<\/span>\n\t\t\t\t\t<\/button>\n\t\t\t\t<\/div>\n\t\t\t<\/div>\n\t\t<\/form>\n\t\t\t\t\t\t<\/div>\n\t\t\t\t<\/div>\n\t\t\t\t\t<\/div>\n\t\t\t\t<\/div>\n\t\t\t\t<\/div>\n\t\t","protected":false},"excerpt":{"rendered":"<p>\u26a1 NEUE EU-ANFORDERUNGEN AB DEM 19.06.2026 Kostenloses Audit der Widerrufsbelehrung \u2013 Versand innerhalb von 24 Stunden Bis zum 19. Juni 2026 m\u00fcssen alle EU-Onlineshops der Richtlinie 2023\/2673 entsprechen. Senden Sie uns Ihre Bedingungen und Sie erhalten einen PDF-Bericht inklusive Checkliste. EU-Richtlinie 2023\/2673 \u2014 was bedeutet das f\u00fcr Ihren E-Shop? Die neue Verbraucherschutzrichtlinie der Europ\u00e4ischen Union [&hellip;]<\/p>\n","protected":false},"author":1,"featured_media":14287,"parent":0,"menu_order":0,"comment_status":"closed","ping_status":"closed","template":"","meta":{"footnotes":""},"class_list":["post-14034","page","type-page","status-publish","has-post-thumbnail","hentry"],"astra-portfolio-type":null,"astra-site-call-to-action":null,"_links":{"self":[{"href":"https:\/\/riin.eu\/de\/wp-json\/wp\/v2\/pages\/14034","targetHints":{"allow":["GET"]}}],"collection":[{"href":"https:\/\/riin.eu\/de\/wp-json\/wp\/v2\/pages"}],"about":[{"href":"https:\/\/riin.eu\/de\/wp-json\/wp\/v2\/types\/page"}],"author":[{"embeddable":true,"href":"https:\/\/riin.eu\/de\/wp-json\/wp\/v2\/users\/1"}],"replies":[{"embeddable":true,"href":"https:\/\/riin.eu\/de\/wp-json\/wp\/v2\/comments?post=14034"}],"version-history":[{"count":3,"href":"https:\/\/riin.eu\/de\/wp-json\/wp\/v2\/pages\/14034\/revisions"}],"predecessor-version":[{"id":14284,"href":"https:\/\/riin.eu\/de\/wp-json\/wp\/v2\/pages\/14034\/revisions\/14284"}],"wp:featuredmedia":[{"embeddable":true,"href":"https:\/\/riin.eu\/de\/wp-json\/wp\/v2\/media\/14287"}],"wp:attachment":[{"href":"https:\/\/riin.eu\/de\/wp-json\/wp\/v2\/media?parent=14034"}],"curies":[{"name":"wp","href":"https:\/\/api.w.org\/{rel}","templated":true}]}}