{"id":13061,"date":"2025-10-20T09:46:02","date_gmt":"2025-10-20T06:46:02","guid":{"rendered":"https:\/\/riin.eu\/ai-automatisierung\/"},"modified":"2026-04-25T13:37:42","modified_gmt":"2026-04-25T10:37:42","slug":"ai-automatisierung","status":"publish","type":"page","link":"https:\/\/riin.eu\/de\/ai-automatisierung\/","title":{"rendered":"AI-Automatisierung"},"content":{"rendered":"\t\t<div data-elementor-type=\"wp-page\" data-elementor-id=\"13061\" class=\"elementor elementor-13061 elementor-11189\" data-elementor-post-type=\"page\">\n\t\t\t\t\t\t<section class=\"elementor-section elementor-top-section elementor-element elementor-element-5004cb7 elementor-section-content-middle elementor-section-height-min-height elementor-section-boxed elementor-section-height-default elementor-section-items-middle\" data-id=\"5004cb7\" data-element_type=\"section\" data-e-type=\"section\" data-settings=\"{&quot;background_background&quot;:&quot;classic&quot;}\">\n\t\t\t\t\t\t<div class=\"elementor-container elementor-column-gap-default\">\n\t\t\t\t\t<div class=\"elementor-column elementor-col-100 elementor-top-column elementor-element elementor-element-67d24552\" data-id=\"67d24552\" data-element_type=\"column\" data-e-type=\"column\">\n\t\t\t<div class=\"elementor-widget-wrap elementor-element-populated\">\n\t\t\t\t\t\t<div class=\"elementor-element elementor-element-3817235c elementor-widget elementor-widget-heading\" data-id=\"3817235c\" data-element_type=\"widget\" data-e-type=\"widget\" data-widget_type=\"heading.default\">\n\t\t\t\t<div class=\"elementor-widget-container\">\n\t\t\t\t\t<h1 class=\"elementor-heading-title elementor-size-default\">Wir lassen Ihr Unternehmen intelligenter arbeiten \u2013 die KI erledigt die Routineaufgaben, damit sich die Menschen auf das Wesentliche konzentrieren k\u00f6nnen.\n<\/h1>\t\t\t\t<\/div>\n\t\t\t\t<\/div>\n\t\t\t\t<div class=\"elementor-element elementor-element-168ca320 elementor-widget elementor-widget-text-editor\" data-id=\"168ca320\" data-element_type=\"widget\" data-e-type=\"widget\" data-widget_type=\"text-editor.default\">\n\t\t\t\t<div class=\"elementor-widget-container\">\n\t\t\t\t\t\t\t\t\t<p>Wir erstellen auf k\u00fcnstlicher Intelligenz basierende Workflows, die wiederkehrende T\u00e4tigkeiten, Analysen und die Kommunikation automatisieren.<br>Das Ergebnis sind weniger manuelle Arbeit, schnellere Entscheidungen und ein besseres Kundenerlebnis.<\/p>\t\t\t\t\t\t\t\t<\/div>\n\t\t\t\t<\/div>\n\t\t\t\t\t<\/div>\n\t\t<\/div>\n\t\t\t\t\t<\/div>\n\t\t<\/section>\n\t\t\t\t<section class=\"elementor-section elementor-top-section elementor-element elementor-element-208c2396 elementor-section-boxed elementor-section-height-default elementor-section-height-default\" data-id=\"208c2396\" data-element_type=\"section\" data-e-type=\"section\">\n\t\t\t\t\t\t<div class=\"elementor-container elementor-column-gap-default\">\n\t\t\t\t\t<div class=\"elementor-column elementor-col-100 elementor-top-column elementor-element elementor-element-1842ef99\" data-id=\"1842ef99\" data-element_type=\"column\" data-e-type=\"column\">\n\t\t\t<div class=\"elementor-widget-wrap elementor-element-populated\">\n\t\t\t\t\t\t<section class=\"elementor-section elementor-inner-section elementor-element elementor-element-58282dfd elementor-section-boxed elementor-section-height-default elementor-section-height-default\" data-id=\"58282dfd\" data-element_type=\"section\" data-e-type=\"section\">\n\t\t\t\t\t\t<div class=\"elementor-container elementor-column-gap-default\">\n\t\t\t\t\t<div class=\"elementor-column elementor-col-50 elementor-inner-column elementor-element elementor-element-52052c22\" data-id=\"52052c22\" data-element_type=\"column\" data-e-type=\"column\">\n\t\t\t<div class=\"elementor-widget-wrap elementor-element-populated\">\n\t\t\t\t\t\t<div class=\"elementor-element elementor-element-f4c061a elementor-widget elementor-widget-heading\" data-id=\"f4c061a\" data-element_type=\"widget\" data-e-type=\"widget\" data-widget_type=\"heading.default\">\n\t\t\t\t<div class=\"elementor-widget-container\">\n\t\t\t\t\t<h2 class=\"elementor-heading-title elementor-size-default\">KI ersetzt keine Menschen. Sie befreit sie von repetitiven Aufgaben. <\/h2>\t\t\t\t<\/div>\n\t\t\t\t<\/div>\n\t\t\t\t<div class=\"elementor-element elementor-element-12b1f1f3 elementor-widget elementor-widget-text-editor\" data-id=\"12b1f1f3\" data-element_type=\"widget\" data-e-type=\"widget\" data-widget_type=\"text-editor.default\">\n\t\t\t\t<div class=\"elementor-widget-container\">\n\t\t\t\t\t\t\t\t\t<p style=\"text-align: left;\">Automatisierung ist nicht nur \u201eschnellere Handarbeit\u201c, sondern kl\u00fcgere Entscheidungsfindung.<br>KI lernt, passt sich an und optimiert Prozesse im Laufe der Zeit.<\/p><ul><li style=\"text-align: left;\">Weniger manuelle Arbeit und Fehler<\/li><li style=\"text-align: left;\">Schnellere Entscheidungsfindung und Informationsfluss<\/li><li style=\"text-align: left;\">Eingesparte Arbeitszeit und Kosten<\/li><li style=\"text-align: left;\">Messbare Ergebnisse<\/li><\/ul>\t\t\t\t\t\t\t\t<\/div>\n\t\t\t\t<\/div>\n\t\t\t\t\t<\/div>\n\t\t<\/div>\n\t\t\t\t<div class=\"elementor-column elementor-col-50 elementor-inner-column elementor-element elementor-element-74d5dc05\" data-id=\"74d5dc05\" data-element_type=\"column\" data-e-type=\"column\" data-settings=\"{&quot;background_background&quot;:&quot;classic&quot;}\">\n\t\t\t<div class=\"elementor-widget-wrap elementor-element-populated\">\n\t\t\t\t\t\t<div class=\"elementor-element elementor-element-522ae21 elementor-widget elementor-widget-heading\" data-id=\"522ae21\" data-element_type=\"widget\" data-e-type=\"widget\" data-widget_type=\"heading.default\">\n\t\t\t\t<div class=\"elementor-widget-container\">\n\t\t\t\t\t<h2 class=\"elementor-heading-title elementor-size-default\">Anwendungsbeispiele<\/h2>\t\t\t\t<\/div>\n\t\t\t\t<\/div>\n\t\t\t\t<div class=\"elementor-element elementor-element-8a304f8 elementor-widget elementor-widget-text-editor\" data-id=\"8a304f8\" data-element_type=\"widget\" data-e-type=\"widget\" data-widget_type=\"text-editor.default\">\n\t\t\t\t<div class=\"elementor-widget-container\">\n\t\t\t\t\t\t\t\t\t<ul><li>Ein KI-Chatbot, der die Antwortzeit im Kundensupport um 60 % reduzierte<\/li><li>Eine Sales-Pipeline, in der die KI Leads automatisch bewertet und priorisiert sowie ein Erstangebot per E-Mail versendet.<\/li><li>Ein Social-Media-Assistent, der Beitr\u00e4ge in verschiedene Sprachen \u00fcbersetzt und auf unterschiedlichen Profilen ver\u00f6ffentlicht.<\/li><li>Ein Chatbot, der basierend auf dem Gespr\u00e4chsverlauf Dokumente erstellt und die weitere Kommunikation automatisch verwaltet.<\/li><\/ul>\t\t\t\t\t\t\t\t<\/div>\n\t\t\t\t<\/div>\n\t\t\t\t\t<\/div>\n\t\t<\/div>\n\t\t\t\t\t<\/div>\n\t\t<\/section>\n\t\t\t\t\t<\/div>\n\t\t<\/div>\n\t\t\t\t\t<\/div>\n\t\t<\/section>\n\t\t\t\t<section class=\"elementor-section elementor-top-section elementor-element elementor-element-5111287 elementor-section-boxed elementor-section-height-default elementor-section-height-default\" data-id=\"5111287\" data-element_type=\"section\" data-e-type=\"section\" data-settings=\"{&quot;background_background&quot;:&quot;classic&quot;}\">\n\t\t\t\t\t\t<div class=\"elementor-container elementor-column-gap-no\">\n\t\t\t\t\t<div class=\"elementor-column elementor-col-100 elementor-top-column elementor-element elementor-element-ed66693\" data-id=\"ed66693\" data-element_type=\"column\" data-e-type=\"column\">\n\t\t\t<div class=\"elementor-widget-wrap elementor-element-populated\">\n\t\t\t\t\t\t<div class=\"elementor-element elementor-element-c17336f elementor-widget elementor-widget-heading\" data-id=\"c17336f\" data-element_type=\"widget\" data-e-type=\"widget\" data-widget_type=\"heading.default\">\n\t\t\t\t<div class=\"elementor-widget-container\">\n\t\t\t\t\t<h2 class=\"elementor-heading-title elementor-size-default\">Was l\u00e4sst sich automatisieren?<\/h2>\t\t\t\t<\/div>\n\t\t\t\t<\/div>\n\t\t\t\t<section class=\"elementor-section elementor-inner-section elementor-element elementor-element-9fab0f6 elementor-section-height-min-height elementor-section-content-top elementor-section-boxed elementor-section-height-default\" data-id=\"9fab0f6\" data-element_type=\"section\" data-e-type=\"section\">\n\t\t\t\t\t\t<div class=\"elementor-container elementor-column-gap-default\">\n\t\t\t\t\t<div class=\"elementor-column elementor-col-50 elementor-inner-column elementor-element elementor-element-85bbadb\" data-id=\"85bbadb\" data-element_type=\"column\" data-e-type=\"column\">\n\t\t\t<div class=\"elementor-widget-wrap elementor-element-populated\">\n\t\t\t\t\t\t<div class=\"elementor-element elementor-element-d526199 elementor-invisible elementor-widget elementor-widget-image-box\" data-id=\"d526199\" data-element_type=\"widget\" data-e-type=\"widget\" data-settings=\"{&quot;_animation&quot;:&quot;fadeIn&quot;,&quot;_animation_delay&quot;:0.3}\" data-widget_type=\"image-box.default\">\n\t\t\t\t<div class=\"elementor-widget-container\">\n\t\t\t\t\t<div class=\"elementor-image-box-wrapper\"><div class=\"elementor-image-box-content\"><h3 class=\"elementor-image-box-title\">Vertrieb und Marketing<\/h3><p class=\"elementor-image-box-description\">Lead-Scoring, Follow-ups, personalisierte Angebote mittels Chatbot und Automatisierung<\/p><\/div><\/div>\t\t\t\t<\/div>\n\t\t\t\t<\/div>\n\t\t\t\t<div class=\"elementor-element elementor-element-0605c6a elementor-invisible elementor-widget elementor-widget-image-box\" data-id=\"0605c6a\" data-element_type=\"widget\" data-e-type=\"widget\" data-settings=\"{&quot;_animation&quot;:&quot;fadeIn&quot;,&quot;_animation_delay&quot;:0.3}\" data-widget_type=\"image-box.default\">\n\t\t\t\t<div class=\"elementor-widget-container\">\n\t\t\t\t\t<div class=\"elementor-image-box-wrapper\"><div class=\"elementor-image-box-content\"><h3 class=\"elementor-image-box-title\">Kundenkommunikation und Support<\/h3><p class=\"elementor-image-box-description\">KI-Assistenten, die wiederkehrende Anfragen bearbeiten und\/oder Feedback einholen.<\/p><\/div><\/div>\t\t\t\t<\/div>\n\t\t\t\t<\/div>\n\t\t\t\t<div class=\"elementor-element elementor-element-c4f50a2 elementor-invisible elementor-widget elementor-widget-image-box\" data-id=\"c4f50a2\" data-element_type=\"widget\" data-e-type=\"widget\" data-settings=\"{&quot;_animation&quot;:&quot;fadeIn&quot;,&quot;_animation_delay&quot;:0.3}\" data-widget_type=\"image-box.default\">\n\t\t\t\t<div class=\"elementor-widget-container\">\n\t\t\t\t\t<div class=\"elementor-image-box-wrapper\"><div class=\"elementor-image-box-content\"><h3 class=\"elementor-image-box-title\">Interne Unternehmensabl\u00e4ufe<\/h3><p class=\"elementor-image-box-description\">Benachrichtigungen f\u00fcr Slack\/Teams etc., Dokumentenerstellung, Projekt\u00fcberwachung.<\/p><\/div><\/div>\t\t\t\t<\/div>\n\t\t\t\t<\/div>\n\t\t\t\t\t<\/div>\n\t\t<\/div>\n\t\t\t\t<div class=\"elementor-column elementor-col-50 elementor-inner-column elementor-element elementor-element-c267d80\" data-id=\"c267d80\" data-element_type=\"column\" data-e-type=\"column\">\n\t\t\t<div class=\"elementor-widget-wrap elementor-element-populated\">\n\t\t\t\t\t\t<div class=\"elementor-element elementor-element-6059b6c elementor-invisible elementor-widget elementor-widget-image-box\" data-id=\"6059b6c\" data-element_type=\"widget\" data-e-type=\"widget\" data-settings=\"{&quot;_animation&quot;:&quot;fadeIn&quot;,&quot;_animation_delay&quot;:0.3}\" data-widget_type=\"image-box.default\">\n\t\t\t\t<div class=\"elementor-widget-container\">\n\t\t\t\t\t<div class=\"elementor-image-box-wrapper\"><div class=\"elementor-image-box-content\"><h3 class=\"elementor-image-box-title\">Datenanalyse und Berichte<\/h3><p class=\"elementor-image-box-description\">KI interpretiert Daten und erstellt automatisch Berichte.\n<\/p><\/div><\/div>\t\t\t\t<\/div>\n\t\t\t\t<\/div>\n\t\t\t\t<div class=\"elementor-element elementor-element-751469a elementor-invisible elementor-widget elementor-widget-image-box\" data-id=\"751469a\" data-element_type=\"widget\" data-e-type=\"widget\" data-settings=\"{&quot;_animation&quot;:&quot;fadeIn&quot;,&quot;_animation_delay&quot;:0.3}\" data-widget_type=\"image-box.default\">\n\t\t\t\t<div class=\"elementor-widget-container\">\n\t\t\t\t\t<div class=\"elementor-image-box-wrapper\"><div class=\"elementor-image-box-content\"><h3 class=\"elementor-image-box-title\">Inhalte und Ideen<\/h3><p class=\"elementor-image-box-description\">Produktbeschreibungen, Beitr\u00e4ge, inhaltsbasierte Empfehlungen.<\/p><\/div><\/div>\t\t\t\t<\/div>\n\t\t\t\t<\/div>\n\t\t\t\t\t<\/div>\n\t\t<\/div>\n\t\t\t\t\t<\/div>\n\t\t<\/section>\n\t\t\t\t\t<\/div>\n\t\t<\/div>\n\t\t\t\t\t<\/div>\n\t\t<\/section>\n\t\t\t\t<section class=\"elementor-section elementor-top-section elementor-element elementor-element-787ce9cc elementor-section-boxed elementor-section-height-default elementor-section-height-default\" data-id=\"787ce9cc\" data-element_type=\"section\" data-e-type=\"section\">\n\t\t\t\t\t\t<div class=\"elementor-container elementor-column-gap-default\">\n\t\t\t\t\t<div class=\"elementor-column elementor-col-50 elementor-top-column elementor-element elementor-element-33acb819\" data-id=\"33acb819\" data-element_type=\"column\" data-e-type=\"column\">\n\t\t\t<div class=\"elementor-widget-wrap elementor-element-populated\">\n\t\t\t\t\t\t<div class=\"elementor-element elementor-element-85321cc elementor-widget elementor-widget-text-editor\" data-id=\"85321cc\" data-element_type=\"widget\" data-e-type=\"widget\" data-widget_type=\"text-editor.default\">\n\t\t\t\t<div class=\"elementor-widget-container\">\n\t\t\t\t\t\t\t\t\t<h2>Wie viel Zeit und Geld lassen Sie derzeit ungenutzt liegen?<\/h2><p class=\"p1\">Wenn eine wiederkehrende T\u00e4tigkeit eine Person 10 Minuten kostet und 20 Mal am Tag vorkommt, ergibt das \u00fcber 60 Arbeitsstunden pro Monat.<\/p><p class=\"p1\">KI kann diese Zeit zur\u00fcckgewinnen \u2013 ohne Kompromisse bei der Qualit\u00e4t.<\/p>\t\t\t\t\t\t\t\t<\/div>\n\t\t\t\t<\/div>\n\t\t\t\t\t<\/div>\n\t\t<\/div>\n\t\t\t\t<div class=\"elementor-column elementor-col-50 elementor-top-column elementor-element elementor-element-91ac5f0\" data-id=\"91ac5f0\" data-element_type=\"column\" data-e-type=\"column\">\n\t\t\t<div class=\"elementor-widget-wrap elementor-element-populated\">\n\t\t\t\t\t\t<section class=\"elementor-section elementor-inner-section elementor-element elementor-element-10ba1ce elementor-section-boxed elementor-section-height-default elementor-section-height-default\" data-id=\"10ba1ce\" data-element_type=\"section\" data-e-type=\"section\">\n\t\t\t\t\t\t<div class=\"elementor-container elementor-column-gap-default\">\n\t\t\t\t\t<div class=\"elementor-column elementor-col-50 elementor-inner-column elementor-element elementor-element-07f3a7f\" data-id=\"07f3a7f\" data-element_type=\"column\" data-e-type=\"column\">\n\t\t\t<div class=\"elementor-widget-wrap elementor-element-populated\">\n\t\t\t\t\t\t<div class=\"elementor-element elementor-element-2ab7b86 elementor-widget elementor-widget-cost_calculator_slider_box\" data-id=\"2ab7b86\" data-element_type=\"widget\" data-e-type=\"widget\" data-widget_type=\"cost_calculator_slider_box.default\">\n\t\t\t\t<div class=\"elementor-widget-container\">\n\t\t\t\t\t<div class=\"cost-calculator-box cost-calculator-clearfix\"><label>Wie viel Zeit wird jeden Monat f\u00fcr die Erledigung wiederkehrender Aufgaben aufgewendet?<\/label>\r\n\t\t<input type=\"hidden\" name=\"slider-box-label\" value=\"Wie viel Zeit wird jeden Monat f\u00fcr die Erledigung wiederkehrender Aufgaben aufgewendet?\"><div class=\"cost-slider-container\">\r\n\t\t\t<input id=\"aeg\" class=\"cost-calculator-cost-slider-input cost-calculator-cost-slider-input-hidden\" name=\"slider-box\" type=\"number\" value=\"56\" step=\"1\"><input id=\"aeg-value\" type=\"hidden\" value=\"56\" data-default=\"56\"><div class=\"cost-calculator-cost-slider\" data-value=\"56\" data-step=\"1\" data-min=\"0\" data-max=\"160\" data-input=\"aeg\" data-currencyAfter=\"Std.\" data-value-input=\"aeg-value\" data-price=\"1\"><\/div>\r\n\t\t<\/div>\r\n\t<\/div>\t\t\t\t<\/div>\n\t\t\t\t<\/div>\n\t\t\t\t\t<\/div>\n\t\t<\/div>\n\t\t\t\t<div class=\"elementor-column elementor-col-50 elementor-inner-column elementor-element elementor-element-2dcac21\" data-id=\"2dcac21\" data-element_type=\"column\" data-e-type=\"column\">\n\t\t\t<div class=\"elementor-widget-wrap elementor-element-populated\">\n\t\t\t\t\t\t<div class=\"elementor-element elementor-element-7f8deb8 elementor-widget elementor-widget-cost_calculator_slider_box\" data-id=\"7f8deb8\" data-element_type=\"widget\" data-e-type=\"widget\" data-widget_type=\"cost_calculator_slider_box.default\">\n\t\t\t\t<div class=\"elementor-widget-container\">\n\t\t\t\t\t<div class=\"cost-calculator-box cost-calculator-clearfix\"><label>Brutto-Stundenkosten oder gesch\u00e4tzter interner Stundensatz.<\/label>\r\n\t\t<input type=\"hidden\" name=\"slider-box-label\" value=\"Brutto-Stundenkosten oder gesch\u00e4tzter interner Stundensatz.\"><div class=\"cost-slider-container\">\r\n\t\t\t<input id=\"hind\" class=\"cost-calculator-cost-slider-input cost-calculator-cost-slider-input-hidden\" name=\"slider-box\" type=\"number\" value=\"30\" step=\"1\"><input id=\"hind-value\" type=\"hidden\" value=\"30\" data-default=\"30\"><div class=\"cost-calculator-cost-slider\" data-value=\"30\" data-step=\"1\" data-min=\"0\" data-max=\"130\" data-input=\"hind\" data-currencyAfter=\"\u20ac\" data-value-input=\"hind-value\" data-price=\"1\"><\/div>\r\n\t\t<\/div>\r\n\t<\/div>\t\t\t\t<\/div>\n\t\t\t\t<\/div>\n\t\t\t\t\t<\/div>\n\t\t<\/div>\n\t\t\t\t\t<\/div>\n\t\t<\/section>\n\t\t\t\t<div class=\"elementor-element elementor-element-52654dd elementor-widget elementor-widget-spacer\" data-id=\"52654dd\" data-element_type=\"widget\" data-e-type=\"widget\" data-widget_type=\"spacer.default\">\n\t\t\t\t<div class=\"elementor-widget-container\">\n\t\t\t\t\t\t\t<div class=\"elementor-spacer\">\n\t\t\t<div class=\"elementor-spacer-inner\"><\/div>\n\t\t<\/div>\n\t\t\t\t\t\t<\/div>\n\t\t\t\t<\/div>\n\t\t\t\t<div class=\"elementor-element elementor-element-d4b9d5c cost-calculator-summary-price elementor-widget elementor-widget-cost_calculator_summary_box\" data-id=\"d4b9d5c\" data-element_type=\"widget\" data-e-type=\"widget\" data-widget_type=\"cost_calculator_summary_box.default\">\n\t\t\t\t<div class=\"elementor-widget-container\">\n\t\t\t\t\t<div class=\"cost-calculator-box cost-calculator-summary-box cost-calculator-clearfix\">\r\n\t\t<span class=\"cost-calculator-summary-price\" id=\"cost\"><span class=\"cost-calculator-currency\">KI-Automatisierung kann Ihrem Unternehmen  <\/span>0.00<span class=\"cost-calculator-currency\">\u20ac pro Monat sparen  <\/span><\/span><p class=\"cost-calculator-price-description\">Die Berechnung basiert auf einer durchschnittlichen KI-Ersparnis von 65 %  <\/p><input type=\"hidden\" id=\"cost-total\" name=\"total_cost\" value=\"KI-Automatisierung kann Ihrem Unternehmen  0.00\u20ac pro Monat sparen  \">\r\n\t<input type=\"hidden\" id=\"cost-total-value\" name=\"total_cost-value\" value=\"0\">\r\n\t<input type=\"hidden\" name=\"total_cost-summarylabel\" value=\"Einsparungsrate pro Monat\">\r\n\t<\/div>\t\t\t\t<\/div>\n\t\t\t\t<\/div>\n\t\t\t\t<div class=\"elementor-element elementor-element-4a367fc elementor-widget elementor-widget-text-editor\" data-id=\"4a367fc\" data-element_type=\"widget\" data-e-type=\"widget\" data-widget_type=\"text-editor.default\">\n\t\t\t\t<div class=\"elementor-widget-container\">\n\t\t\t\t\t\t\t\t\t<p>Dies betrifft nur eine einzige Aufgabe \u2013 <br>wie viele \u00e4hnliche Prozesse hat Ihr Team pro Monat?<\/p>\t\t\t\t\t\t\t\t<\/div>\n\t\t\t\t<\/div>\n\t\t\t\t\t<\/div>\n\t\t<\/div>\n\t\t\t\t\t<\/div>\n\t\t<\/section>\n\t\t\t\t<section class=\"elementor-section elementor-top-section elementor-element elementor-element-1638df4f elementor-section-content-middle elementor-section-height-min-height elementor-section-boxed elementor-section-height-default elementor-section-items-middle\" data-id=\"1638df4f\" data-element_type=\"section\" data-e-type=\"section\" data-settings=\"{&quot;background_background&quot;:&quot;classic&quot;}\">\n\t\t\t\t\t\t<div class=\"elementor-container elementor-column-gap-default\">\n\t\t\t\t\t<div class=\"elementor-column elementor-col-100 elementor-top-column elementor-element elementor-element-3b770ad4\" data-id=\"3b770ad4\" data-element_type=\"column\" data-e-type=\"column\">\n\t\t\t<div class=\"elementor-widget-wrap elementor-element-populated\">\n\t\t\t\t\t\t<div class=\"elementor-element elementor-element-a04f3f1 elementor-widget elementor-widget-heading\" data-id=\"a04f3f1\" data-element_type=\"widget\" data-e-type=\"widget\" data-widget_type=\"heading.default\">\n\t\t\t\t<div class=\"elementor-widget-container\">\n\t\t\t\t\t<h2 class=\"elementor-heading-title elementor-size-default\">Wie bringt man Automatisierungen im Unternehmen zum Laufen?<\/h2>\t\t\t\t<\/div>\n\t\t\t\t<\/div>\n\t\t\t\t<div class=\"elementor-element elementor-element-57a1a15d elementor-widget elementor-widget-text-editor\" data-id=\"57a1a15d\" data-element_type=\"widget\" data-e-type=\"widget\" data-widget_type=\"text-editor.default\">\n\t\t\t\t<div class=\"elementor-widget-container\">\n\t\t\t\t\t\t\t\t\t<p>KI-Automatisierung ist kein fertiges Paket, sondern eine L\u00f6sung, die aus Ihren Unternehmenszielen, Prozessen und der aktuellen Situation entsteht.<br>Jedes Unternehmen ist anders \u2013 deshalb beginnen wir nicht mit der Arbeit, sondern mit einem Gespr\u00e4ch.<\/p>\t\t\t\t\t\t\t\t<\/div>\n\t\t\t\t<\/div>\n\t\t\t\t<div class=\"elementor-element elementor-element-5518a384 elementor-widget elementor-widget-heading\" data-id=\"5518a384\" data-element_type=\"widget\" data-e-type=\"widget\" data-widget_type=\"heading.default\">\n\t\t\t\t<div class=\"elementor-widget-container\">\n\t\t\t\t\t<h3 class=\"elementor-heading-title elementor-size-default\">Buchen Sie 30 Minuten und lassen Sie uns dar\u00fcber sprechen\n<\/h3>\t\t\t\t<\/div>\n\t\t\t\t<\/div>\n\t\t\t\t<div class=\"elementor-element elementor-element-2650caa3 elementor-widget__width-initial elementor-widget elementor-widget-text-editor\" data-id=\"2650caa3\" data-element_type=\"widget\" data-e-type=\"widget\" data-widget_type=\"text-editor.default\">\n\t\t\t\t<div class=\"elementor-widget-container\">\n\t\t\t\t\t\t\t\t\t<p>\u2713 wo in Ihrem Unternehmen das gr\u00f6\u00dfte Potenzial f\u00fcr Zeitersparnis oder Automatisierung liegt<\/p><p>\u2713 ob eine KI-L\u00f6sung dort \u00fcberhaupt sinnvoll ist<\/p><p>\u2713 falls ja, was der erste praktische Schritt sein k\u00f6nnte<\/p>\t\t\t\t\t\t\t\t<\/div>\n\t\t\t\t<\/div>\n\t\t\t\t<div class=\"elementor-element elementor-element-1febf46b elementor-align-center elementor-widget elementor-widget-button\" data-id=\"1febf46b\" data-element_type=\"widget\" data-e-type=\"widget\" data-widget_type=\"button.default\">\n\t\t\t\t<div class=\"elementor-widget-container\">\n\t\t\t\t\t\t\t\t\t<div class=\"elementor-button-wrapper\">\n\t\t\t\t\t<a class=\"elementor-button elementor-button-link elementor-size-sm\" href=\"https:\/\/calendly.com\/riin-aas-ra\/30min\" target=\"_blank\" rel=\"noopener\">\n\t\t\t\t\t\t<span class=\"elementor-button-content-wrapper\">\n\t\t\t\t\t\t<span class=\"elementor-button-icon\">\n\t\t\t\t<i aria-hidden=\"true\" class=\"fas fa-angle-double-right\"><\/i>\t\t\t<\/span>\n\t\t\t\t\t\t\t\t\t<span class=\"elementor-button-text\">Buchen Sie ein 30-min\u00fctiges Gespr\u00e4ch<\/span>\n\t\t\t\t\t<\/span>\n\t\t\t\t\t<\/a>\n\t\t\t\t<\/div>\n\t\t\t\t\t\t\t\t<\/div>\n\t\t\t\t<\/div>\n\t\t\t\t<div class=\"elementor-element elementor-element-d56a431 elementor-widget elementor-widget-text-editor\" data-id=\"d56a431\" data-element_type=\"widget\" data-e-type=\"widget\" data-widget_type=\"text-editor.default\">\n\t\t\t\t<div class=\"elementor-widget-container\">\n\t\t\t\t\t\t\t\t\t<p>Ohne Verkaufsgespr\u00e4ch. Wir besprechen einfach, ob und wie Automatisierung in Ihrem Unternehmen funktionieren k\u00f6nnte. <\/p>\t\t\t\t\t\t\t\t<\/div>\n\t\t\t\t<\/div>\n\t\t\t\t\t<\/div>\n\t\t<\/div>\n\t\t\t\t\t<\/div>\n\t\t<\/section>\n\t\t\t\t<\/div>\n\t\t","protected":false},"excerpt":{"rendered":"<p>Wir lassen Ihr Unternehmen intelligenter arbeiten \u2013 die KI erledigt die Routineaufgaben, damit sich die Menschen auf das Wesentliche konzentrieren k\u00f6nnen. Wir erstellen auf k\u00fcnstlicher Intelligenz basierende Workflows, die wiederkehrende T\u00e4tigkeiten, Analysen und die Kommunikation automatisieren.Das Ergebnis sind weniger manuelle Arbeit, schnellere Entscheidungen und ein besseres Kundenerlebnis. KI ersetzt keine Menschen. Sie befreit sie von [&hellip;]<\/p>\n","protected":false},"author":1,"featured_media":0,"parent":0,"menu_order":0,"comment_status":"closed","ping_status":"closed","template":"","meta":{"footnotes":""},"class_list":["post-13061","page","type-page","status-publish","hentry"],"astra-portfolio-type":null,"astra-site-call-to-action":null,"_links":{"self":[{"href":"https:\/\/riin.eu\/de\/wp-json\/wp\/v2\/pages\/13061","targetHints":{"allow":["GET"]}}],"collection":[{"href":"https:\/\/riin.eu\/de\/wp-json\/wp\/v2\/pages"}],"about":[{"href":"https:\/\/riin.eu\/de\/wp-json\/wp\/v2\/types\/page"}],"author":[{"embeddable":true,"href":"https:\/\/riin.eu\/de\/wp-json\/wp\/v2\/users\/1"}],"replies":[{"embeddable":true,"href":"https:\/\/riin.eu\/de\/wp-json\/wp\/v2\/comments?post=13061"}],"version-history":[{"count":2,"href":"https:\/\/riin.eu\/de\/wp-json\/wp\/v2\/pages\/13061\/revisions"}],"predecessor-version":[{"id":13063,"href":"https:\/\/riin.eu\/de\/wp-json\/wp\/v2\/pages\/13061\/revisions\/13063"}],"wp:attachment":[{"href":"https:\/\/riin.eu\/de\/wp-json\/wp\/v2\/media?parent=13061"}],"curies":[{"name":"wp","href":"https:\/\/api.w.org\/{rel}","templated":true}]}}