{"id":12937,"date":"2018-04-06T10:40:58","date_gmt":"2018-04-06T07:40:58","guid":{"rendered":"https:\/\/riin.eu\/kontakt\/datenschutzerklaerung\/"},"modified":"2026-04-25T12:42:23","modified_gmt":"2026-04-25T09:42:23","slug":"datenschutzerklaerung","status":"publish","type":"page","link":"https:\/\/riin.eu\/de\/kontakt\/datenschutzerklaerung\/","title":{"rendered":"Datenschutzerkl\u00e4rung"},"content":{"rendered":"<section id=\"section-5b15280e4a096\" class=\" fw-main-row-custom fw-main-row-top auto fw-section-position-back tf-sh-606054abfd9905c77006654d8f2f44a6 \">\n<div class=\"fw-container\">\n<div class=\"fw-row\">\n<div id=\"column-5b15280e4a30c\" class=\"fw-col-sm-12 tf-sh-18d03a419b7eaf90fe3a48841d24a179\">\n<div class=\"fw-wrap-col-inner clearfix \">\n<div class=\"fw-col-inner\">\n<div class=\"fw-divider-space space-md clearfix\"><span style=\"font-size: inherit; font-family: -apple-system, BlinkMacSystemFont, 'Segoe UI', Roboto, 'Helvetica Neue', Arial, 'Noto Sans', sans-serif, 'Apple Color Emoji', 'Segoe UI Emoji', 'Segoe UI Symbol', 'Noto Color Emoji';\">G\u00fcltig ab dem 25.05.2018<\/span><\/div>\n<\/div>\n<\/div>\n<\/div>\n<\/div>\n<div class=\"fw-row\">\n<div id=\"column-5b15280e4a7a1\" class=\"fw-col-sm-12 tf-sh-18d03a419b7eaf90fe3a48841d24a179\">\n<div class=\"fw-wrap-col-inner clearfix \">\n<div class=\"fw-col-inner\">\n<div class=\"fw-text-box tf-sh-ac524de5f9b620bc72281ce4f783fdc8 \">\n<div class=\"fw-text-inner\">\n<p>Die Datenschutzbestimmungen regeln die Verarbeitung personenbezogener Daten und die Verwendung von Cookies auf der Website https:\/\/riin.eu (nachfolgend Website genannt) der RA Meedia O\u00dc (nachfolgend RA Meedia O\u00dc oder riin.eu genannt).<\/p>\n<p>Bitte lesen Sie die Datenschutzbestimmungen sorgf\u00e4ltig durch, um zu verstehen, wie wir Ihre Daten verarbeiten k\u00f6nnen.<\/p>\n<p>Auf der Website der RA Meedia O\u00dc unter https:\/\/riin.eu sch\u00fctzen wir die Privatsph\u00e4re von Kunden und Nutzern. Diese Datenschutzerkl\u00e4rung gibt einen \u00dcberblick \u00fcber unsere Praktiken in Bezug auf die Erhebung und Verwendung von Informationen. RA Meedia O\u00dc beh\u00e4lt sich das Recht vor, die Datenschutzbestimmungen einseitig und ohne Vorank\u00fcndigung zu \u00e4ndern, um deren \u00dcbereinstimmung mit den Gesetzen zu gew\u00e4hrleisten. Die aktuellste Version der Datenschutzbestimmungen ist jederzeit auf der Website verf\u00fcgbar.   <\/p>\n<h3><strong>BEGRIFFSBESTIMMUNGEN<\/strong><\/h3>\n<p><strong>Verarbeitung personenbezogener Daten<\/strong> ist jede mit personenbezogenen Daten eines Website-Nutzers (nachfolgend <em>Nutzer<\/em> genannt) durchgef\u00fchrte Aktivit\u00e4t \u2013 Erhebung, Verarbeitung, Speicherung, Berichtigung oder L\u00f6schung von Daten.<\/p>\n<p><strong>Nutzer<\/strong> sind alle Personen, die die Website besuchen, Dienstleistungen in Anspruch nehmen oder Informationen an RA Meedia O\u00dc \u00fcbermitteln. Dazu geh\u00f6ren beispielsweise das Lesen von Artikeln, das Bestellen von Dienstleistungen oder die Kontaktaufnahme mit RA Meedia O\u00dc per E-Mail oder Kontaktformular. <\/p>\n<p><strong>Dienstleistungen<\/strong> sind alle von RA Meedia O\u00dc angebotenen kostenlosen und kostenpflichtigen Produkte und Dienstleistungen, einschlie\u00dflich E-Books, Videoschulungen, Videoanleitungen usw.<\/p>\n<h3>VERARBEITUNG PERSONENBEZOGENER DATEN<\/h3>\n<p>Durch die Nutzung der Website erkl\u00e4rt sich der Nutzer mit der Verarbeitung seiner Daten gem\u00e4\u00df diesen Datenschutzbestimmungen einverstanden.<\/p>\n<p>RA Meedia O\u00dc erhebt \u00fcber die Website die folgenden personenbezogenen Daten der Nutzer auf die nachfolgend beschriebene Weise:<\/p>\n<ul>\n<li><strong>E-Mail-Adresse des Nutzers<\/strong> \u2013 wenn der Nutzer den Newsletter abonniert oder eine E-Mail sendet;<\/li>\n<li><strong>Name und E-Mail-Adresse des Nutzers<\/strong> \u2013 bei \u00dcbermittlung durch den Nutzer \u00fcber das Kontaktformular;<\/li>\n<li><strong>Statistiken zur Website-Nutzung<\/strong> \u2013 mithilfe von Google Analytics und Facebook Pixel.<\/li>\n<\/ul>\n<h3>VERWENDUNG PERSONENBEZOGENER DATEN<\/h3>\n<p>RA Meedia O\u00dc verwendet personenbezogene Daten:<\/p>\n<ul>\n<li>zur <strong>Erbringung von Dienstleistungen<\/strong> f\u00fcr den Nutzer, zum Beispiel f\u00fcr den Abschluss und die Erf\u00fcllung von Vertr\u00e4gen, zur Kommunikation mit dem Nutzer und zur \u00dcbermittlung von Rechnungen;<\/li>\n<li>zum <strong>Versand von Benachrichtigungen<\/strong> \u00fcber neue Artikel, Dienstleistungen und Kampagnen an die E-Mail-Adresse des Nutzers, jedoch nur mit vorheriger Zustimmung des Nutzers.<\/li>\n<\/ul>\n<p>RA Meedia verwendet Statistiken zur Website-Nutzung, um die <strong>Nutzererfahrung auf der Website zu verbessern<\/strong> und f\u00fcr ein <strong>effektiveres Marketing.<\/strong><\/p>\n<p>Der Nutzer hat jederzeit das Recht, die Verarbeitung seiner personenbezogenen Daten zu untersagen, es sei denn, dies ist zur Erf\u00fcllung einer vertraglichen Anforderung, einschlie\u00dflich der Erbringung der Dienstleistung, erforderlich.<\/p>\n<h3><strong>WEITERGABE PERSONENBEZOGENER DATEN AN DRITTE <\/strong><\/h3>\n<p><strong>Dritter<\/strong> ist ein Vertragspartner von RA Meedia O\u00dc, der personenbezogene Daten verarbeitet und mit dessen Produkt oder Dienstleistung RA Meedia O\u00dc dem Nutzer Dienstleistungen anbietet.<\/p>\n<p>RA Meedia O\u00dc nutzt f\u00fcr ihre t\u00e4glichen Aktivit\u00e4ten Dritte, die Folgendes anbieten:<\/p>\n<ul>\n<li>ein System f\u00fcr den Versand und die Verwaltung von E-Mails,<\/li>\n<li>Website-Hosting,<\/li>\n<li>Analyse von Website-Nutzungsstatistiken;<\/li>\n<li>Nutzung sozialer Medien und Analyse von Social-Media-Statistiken,<\/li>\n<li>Nutzung von Buchhaltungssoftware.<\/li>\n<li>an Kooperationspartner in dem Umfang, der f\u00fcr die Erbringung der Dienstleistung f\u00fcr den Nutzer erforderlich ist.<\/li>\n<\/ul>\n<p>Zus\u00e4tzlich zu den oben genannten Punkten gibt RA Meedia O\u00dc Nutzerdaten an berechtigte staatliche Stellen, Strafverfolgungsbeh\u00f6rden und Gerichte weiter. Dar\u00fcber hinaus k\u00f6nnen wir Informationen weitergeben, um illegale Aktivit\u00e4ten oder Betrugsverdacht zu untersuchen, zu verhindern oder entsprechende Ma\u00dfnahmen zu ergreifen. <\/p>\n<h3><strong>SPEICHERUNG UND SICHERHEIT PERSONENBEZOGENER DATEN<\/strong><\/h3>\n<p>RA Meedia O\u00dc speichert personenbezogene Daten so lange, wie dies zur Erf\u00fcllung des Zwecks oder aufgrund gesetzlicher Bestimmungen erforderlich ist. Zum Beispiel: <\/p>\n<ul>\n<li>Buchhaltungsdaten werden 7 Jahre lang ab Ende des Gesch\u00e4ftsjahres aufbewahrt<\/li>\n<li>E-Mail-Adressen in der Mailingliste werden so lange gespeichert, bis der Nutzer den Wunsch \u00e4u\u00dfert, diese daraus zu entfernen<\/li>\n<li>\u00fcber das Kontaktformular \u00fcbermittelte Daten werden so lange gespeichert, bis der Nutzer eine Antwort erhalten hat<\/li>\n<\/ul>\n<p>RA Meedia O\u00dc ergreift alle angemessenen Ma\u00dfnahmen zum Schutz der verarbeiteten personenbezogenen Daten. Der Zugriff zur \u00c4nderung und Verarbeitung personenbezogener Daten ist nur autorisierten Personen gestattet, und die personenbezogenen Daten aller Nutzer werden als vertrauliche Informationen behandelt. <\/p>\n<p>Wenn Sie auf einen Link auf unserer Website klicken, der den Nutzer von der Website riin.eu auf die Website einer Drittorganisation oder eines Drittunternehmens weiterleitet, hat RA Meedia O\u00dc keine Kontrolle \u00fcber die Website des Dritten und ist nicht f\u00fcr die Aktivit\u00e4ten des Dritten verantwortlich, selbst wenn eine Verbindung zwischen den Websites besteht. Beim Navigieren von unserer Website zur Website eines Dritten sollten Sie sich vor der Weitergabe von Daten separat mit der Datenschutzerkl\u00e4rung dieser Seite vertraut machen. <\/p>\n<h3><strong>RECHTE DES NUTZERS<\/strong><\/h3>\n<p>Der Nutzer hat jederzeit das Recht:<\/p>\n<ul>\n<li>den Wunsch auf Zugang zu seinen eigenen Daten zu \u00e4u\u00dfern;<\/li>\n<li>die Berichtigung, Erg\u00e4nzung oder unter gesetzlich vorgesehenen Bedingungen die L\u00f6schung personenbezogener Daten zu verlangen;<\/li>\n<li>die Einschr\u00e4nkung der Verarbeitung personenbezogener Daten zu verlangen;<\/li>\n<li>die \u00dcbertragung personenbezogener Daten zu verlangen.<\/li>\n<\/ul>\n<p>Um seine Rechte auszu\u00fcben, muss der Nutzer eine entsprechende Anfrage an die E-Mail-Adresse kirjuta@riin.eu senden.<\/p>\n<p>Wenn der Nutzer der Mailingliste von RA Meedia O\u00dc angeh\u00f6rt, kann er sich \u00fcber den Link am Ende der E-Mail aus der Mailingliste l\u00f6schen und den Erhalt weiterer E-Mails ablehnen.<\/p>\n<p>Um die <strong>Verwendung von Cookies einzuschr\u00e4nken<\/strong>, kann der Nutzer entsprechende Einstellungen in seinem Webbrowser vornehmen.<\/p>\n<p>Wenn der Nutzer glaubt, dass seine Rechte bei der Verarbeitung personenbezogener Daten verletzt wurden, hat er das Recht, sich an die Datenschutzinspektion zu wenden.<\/p>\n<h3><strong>COOKIES<\/strong><\/h3>\n<p>Auf der Website riin.eu werden Cookies verwendet, um eine bessere Nutzererfahrung und effektivere Marketingaktivit\u00e4ten zu gew\u00e4hrleisten sowie Nutzungsstatistiken zu sammeln.<\/p>\n<p>Durch die Nutzung der Website riin.eu erkl\u00e4rt sich der Nutzer mit der Verwendung von Cookies in der in dieser Richtlinie beschriebenen Weise einverstanden.<\/p>\n<p><strong>Ein Cookie<\/strong> ist eine kleine Textdatei, die der Webbrowser automatisch auf dem vom Nutzer verwendeten Ger\u00e4t speichert. Cookies k\u00f6nnen von verschiedenen Dienstanbietern wie Google und Facebook erstellt werden. Cookie-Dateien sind f\u00fcr den Computer nicht gef\u00e4hrlich.  <\/p>\n<p>Es gibt zwei Arten von Cookies:<\/p>\n<p style=\"padding-left: 30px;\"><strong>Permanente Cookies<\/strong>, die dauerhaft in der Cookie-Datei auf dem Computer des Nutzers verbleiben. Sie k\u00f6nnen beispielsweise verwendet werden, um den Nutzer als wiederkehrenden Besucher der Website zu erkennen und den Inhalt der Website an die Bed\u00fcrfnisse des Nutzers anzupassen oder um statistische Daten zu sammeln. <\/p>\n<p style=\"padding-left: 30px;\"><strong>Sitzungscookies<\/strong> sind vor\u00fcbergehend und verschwinden, wenn der Nutzer die Website verl\u00e4sst oder seinen Webbrowser schlie\u00dft. Sitzungscookies k\u00f6nnen verwendet werden, um bestimmte Funktionen der Website zu erm\u00f6glichen, wie z. B. die Beantragung einer Dienstleistung oder eines Produkts. <\/p>\n<p>Cookies werden verwendet, um Informationen dar\u00fcber zu sammeln, wie die Website genutzt wird, um sie f\u00fcr die Nutzer pers\u00f6nlicher und benutzerfreundlicher zu gestalten. Dar\u00fcber hinaus helfen Cookies dabei, Nutzerstatistiken zu sammeln, die es erm\u00f6glichen, die Leistung der Website zu messen und zu verbessern, und die Basisdaten f\u00fcr die Durchf\u00fchrung effektiver Marketingaktivit\u00e4ten liefern. <\/p>\n<p>Der Nutzer gilt als mit Cookies einverstanden, wenn Cookies in seinen Browsereinstellungen aktiviert sind. Oftmals erlauben Webbrowser standardm\u00e4\u00dfig das Speichern von Cookie-Dateien auf dem Ger\u00e4t. <\/p>\n<p>Der Nutzer hat das Recht, das Speichern von Cookies auf dem Computer abzulehnen. In diesem Fall muss der Nutzer seine Browsereinstellungen \u00e4ndern. <\/p>\n<p>Anleitungen zur Einstellung der g\u00e4ngigsten Webbrowser:<\/p>\n<p style=\"padding-left: 30px;\"><a href=\"http:\/\/support.microsoft.com\/kb\/278835\" target=\"_blank\" rel=\"noopener noreferrer\">Internet Explorer<\/a><\/p>\n<p style=\"padding-left: 30px;\"><a href=\"https:\/\/support.google.com\/chrome\/answer\/95647?hl=en\" target=\"_blank\" rel=\"noopener noreferrer\">Chrome<\/a><\/p>\n<p style=\"padding-left: 30px;\"><a href=\"http:\/\/support.mozilla.org\/en-US\/kb\/Clear%20Recent%20History\" target=\"_blank\" rel=\"noopener noreferrer\">Firefox<\/a><\/p>\n<p style=\"padding-left: 30px;\"><a href=\"http:\/\/www.opera.com\/browser\/tutorials\/security\/privacy\" target=\"_blank\" rel=\"noopener noreferrer\">Opera<\/a><\/p>\n<p style=\"padding-left: 30px;\"><a href=\"https:\/\/support.apple.com\/guide\/safari\/manage-cookies-and-website-data-sfri11471\/mac\" target=\"_blank\" rel=\"noopener noreferrer\">Safari<\/a><\/p>\n<p>Beim Blockieren von Cookies muss der Nutzer ber\u00fccksichtigen, dass m\u00f6glicherweise nicht mehr alle Funktionen der Website sowie die von uns organisierten Kampagnen f\u00fcr den Nutzer verf\u00fcgbar sind.<\/p>\n<p>Zur Erhebung von Nutzungsstatistiken verwendet RA Meedia O\u00dc den Dienst Google Analytics und sammelt Daten \u00fcber besuchte Unterseiten, Besuchszeit, Anzahl der Besuche, verwendete Ger\u00e4te, Einstiegskan\u00e4le und andere Statistiken.<\/p>\n<p>Google Analytics kann jedoch auch ohne die Verwendung von Cookie-Dateien Daten \u00fcber die Aktivit\u00e4ten der Nutzer sammeln. Damit Google Analytics die Daten nicht verwenden kann, kann der Nutzer eine Anwendung zur Blockierung von Google Analytics auf seinem Ger\u00e4t installieren: <a href=\"https:\/\/tools.google.com\/dlpage\/gaoptout?hl=en\" target=\"_blank\" rel=\"noopener\">Browser-Add-on zur Deaktivierung von Google Analytics<\/a>. <\/p>\n<p>\u00dcber die folgenden Links finden Sie weitere Informationen zu <a href=\"https:\/\/www.facebook.com\/ads\/about\/\" target=\"_blank\" rel=\"noopener\">Facebook-Anzeigen<\/a> und dem <a href=\"https:\/\/www.facebook.com\/business\/a\/facebook-pixel-tracking-benefits\" target=\"_blank\" rel=\"noopener\">Facebook-Pixel<\/a>.<\/p>\n<h3><strong>\u00c4NDERUNG DER DATENSCHUTZBESTIMMUNGEN<\/strong><\/h3>\n<p>RA Meedia O\u00dc beh\u00e4lt sich das Recht vor, die Datenschutzbestimmungen einseitig und ohne Vorank\u00fcndigung zu \u00e4ndern, um deren \u00dcbereinstimmung mit den Gesetzen zu gew\u00e4hrleisten. Die aktuellste Version der Datenschutzbestimmungen ist jederzeit auf der Website verf\u00fcgbar. <\/p>\n<p>Bei Fragen zu den Datenschutzbestimmungen und der Datenverarbeitung kontaktieren Sie uns bitte unter <a href=\"mailto:kirjuta@riin.eu\">kirjuta@riin.eu<\/a><\/p>\n<h3>URHEBERRECHT<\/h3>\n<p>Sofern nicht anders angegeben, ist RA Meedia O\u00dc Inhaberin der Urheberrechte am gesamten Inhalt der Website. Dies bedeutet, dass die Nutzung des Inhalts in jeglicher Form (auch teilweise) nur mit Genehmigung von RA Meedia O\u00dc gestattet ist. <\/p>\n<p>Jeder Kopie muss ein Link beigef\u00fcgt werden, der auf diese Website verweist.<\/p>\n<p><strong>Wir sind jederzeit bereit, weitere Fragen zu den Datenschutzbestimmungen und der Datenverarbeitung zu beantworten. Bitte kontaktieren Sie uns unter kirjuta@riin.eu<\/strong><\/p>\n<p><strong> <\/strong><\/p>\n<\/div>\n<\/div>\n<\/div>\n<\/div>\n<\/div>\n<\/div>\n<\/div>\n<\/section>\n<p><!-- 4a6127221652332eaf8e34978e1d9b31 --><\/p>\n","protected":false},"excerpt":{"rendered":"<p>G\u00fcltig ab dem 25.05.2018 Die Datenschutzbestimmungen regeln die Verarbeitung personenbezogener Daten und die Verwendung von Cookies auf der Website https:\/\/riin.eu (nachfolgend Website genannt) der RA Meedia O\u00dc (nachfolgend RA Meedia O\u00dc oder riin.eu genannt). Bitte lesen Sie die Datenschutzbestimmungen sorgf\u00e4ltig durch, um zu verstehen, wie wir Ihre Daten verarbeiten k\u00f6nnen. Auf der Website der RA [&hellip;]<\/p>\n","protected":false},"author":1,"featured_media":0,"parent":12733,"menu_order":0,"comment_status":"closed","ping_status":"closed","template":"","meta":{"footnotes":""},"class_list":["post-12937","page","type-page","status-publish","hentry"],"astra-portfolio-type":null,"astra-site-call-to-action":null,"_links":{"self":[{"href":"https:\/\/riin.eu\/de\/wp-json\/wp\/v2\/pages\/12937","targetHints":{"allow":["GET"]}}],"collection":[{"href":"https:\/\/riin.eu\/de\/wp-json\/wp\/v2\/pages"}],"about":[{"href":"https:\/\/riin.eu\/de\/wp-json\/wp\/v2\/types\/page"}],"author":[{"embeddable":true,"href":"https:\/\/riin.eu\/de\/wp-json\/wp\/v2\/users\/1"}],"replies":[{"embeddable":true,"href":"https:\/\/riin.eu\/de\/wp-json\/wp\/v2\/comments?post=12937"}],"version-history":[{"count":1,"href":"https:\/\/riin.eu\/de\/wp-json\/wp\/v2\/pages\/12937\/revisions"}],"predecessor-version":[{"id":12939,"href":"https:\/\/riin.eu\/de\/wp-json\/wp\/v2\/pages\/12937\/revisions\/12939"}],"up":[{"embeddable":true,"href":"https:\/\/riin.eu\/de\/wp-json\/wp\/v2\/pages\/12733"}],"wp:attachment":[{"href":"https:\/\/riin.eu\/de\/wp-json\/wp\/v2\/media?parent=12937"}],"curies":[{"name":"wp","href":"https:\/\/api.w.org\/{rel}","templated":true}]}}