{"id":12904,"date":"2017-03-23T22:12:37","date_gmt":"2017-03-23T20:12:37","guid":{"rendered":"https:\/\/riin.eu\/social-media-management\/"},"modified":"2026-04-25T12:41:23","modified_gmt":"2026-04-25T09:41:23","slug":"social-media-management","status":"publish","type":"page","link":"https:\/\/riin.eu\/de\/social-media-management\/","title":{"rendered":"Social Media Management"},"content":{"rendered":"\t\t<div data-elementor-type=\"wp-page\" data-elementor-id=\"12904\" class=\"elementor elementor-12904 elementor-3460\" data-elementor-post-type=\"page\">\n\t\t\t\t\t\t<section class=\"elementor-section elementor-top-section elementor-element elementor-element-7d878312 elementor-section-boxed elementor-section-height-default elementor-section-height-default\" data-id=\"7d878312\" data-element_type=\"section\" data-e-type=\"section\">\n\t\t\t\t\t\t<div class=\"elementor-container elementor-column-gap-default\">\n\t\t\t\t\t<div class=\"elementor-column elementor-col-66 elementor-top-column elementor-element elementor-element-40e8995f\" data-id=\"40e8995f\" data-element_type=\"column\" data-e-type=\"column\">\n\t\t\t<div class=\"elementor-widget-wrap elementor-element-populated\">\n\t\t\t\t\t\t<div class=\"elementor-element elementor-element-531a5bf elementor-widget elementor-widget-spacer\" data-id=\"531a5bf\" data-element_type=\"widget\" data-e-type=\"widget\" data-widget_type=\"spacer.default\">\n\t\t\t\t<div class=\"elementor-widget-container\">\n\t\t\t\t\t\t\t<div class=\"elementor-spacer\">\n\t\t\t<div class=\"elementor-spacer-inner\"><\/div>\n\t\t<\/div>\n\t\t\t\t\t\t<\/div>\n\t\t\t\t<\/div>\n\t\t\t\t<div class=\"elementor-element elementor-element-6c85428 elementor-widget elementor-widget-heading\" data-id=\"6c85428\" data-element_type=\"widget\" data-e-type=\"widget\" data-widget_type=\"heading.default\">\n\t\t\t\t<div class=\"elementor-widget-container\">\n\t\t\t\t\t<h1 class=\"elementor-heading-title elementor-size-default\">Social Media Management<\/h1>\t\t\t\t<\/div>\n\t\t\t\t<\/div>\n\t\t\t\t<div class=\"elementor-element elementor-element-cee7e99 elementor-widget elementor-widget-heading\" data-id=\"cee7e99\" data-element_type=\"widget\" data-e-type=\"widget\" data-widget_type=\"heading.default\">\n\t\t\t\t<div class=\"elementor-widget-container\">\n\t\t\t\t\t<h5 class=\"elementor-heading-title elementor-size-default\">Bei der Verwaltung von Social-Media-Kan\u00e4len sind sowohl das Design als auch der Inhalt entscheidend.<\/h5>\t\t\t\t<\/div>\n\t\t\t\t<\/div>\n\t\t\t\t<div class=\"elementor-element elementor-element-1e777693 elementor-widget elementor-widget-text-editor\" data-id=\"1e777693\" data-element_type=\"widget\" data-e-type=\"widget\" data-widget_type=\"text-editor.default\">\n\t\t\t\t<div class=\"elementor-widget-container\">\n\t\t\t\t\t\t\t\t\t<p>Ich erstelle f\u00fcr Sie eine gut funktionierende Facebook- und\/oder Instagram-Seite \u2013 ich unterst\u00fctze Sie beim Branding, verwalte und erstelle Inhalte, erstelle und \u00fcberwache Gewinnspiele, <a style=\"box-sizing: border-box; outline: none;\" href=\"https:\/\/riin.eu\/teenused\/facebooki-reklaamid\/\">konzipiere und administriere Werbeanzeigen<\/a> usw.<\/p><p>Auf Facebook unterst\u00fctze ich Sie auch bei der Erstellung von HTML-Seiten\/ Tabs (z. B. Anmeldung zum Newsletter usw.) sowie beim Einpflegen von Produkten. Auf Wunsch schule ich Sie auch zum Facebook-Spezialisten. Auf Instagram erreichen Sie jene Kunden, die sich inspirieren lassen und Neues entdecken m\u00f6chten. Durch die Nutzung von Instagram k\u00f6nnen Sie Ihr Unternehmen durch Bilder und Videos genau so pr\u00e4sentieren, wie Sie es sich w\u00fcnschen! 60 % der Instagram-Nutzer geben an, dass sie gerade \u00fcber Instagram auf neue Produkte aufmerksam werden.    <\/p><p>Ich unterst\u00fctze Sie bei der Erstellung einer Instagram-Strategie, der Ausarbeitung von Beitr\u00e4gen, der Erstellung von Bildmaterial sowie bei der Verwendung von Hashtags (#).<\/p><p>Ich helfe Ihnen auch bei der Auswertung von Berichten. Basierend auf den gewonnenen Informationen k\u00f6nnen wir den Erfolg der Beitr\u00e4ge analysieren und so zuk\u00fcnftige Kampagnen planen.<\/p>\t\t\t\t\t\t\t\t<\/div>\n\t\t\t\t<\/div>\n\t\t\t\t\t<\/div>\n\t\t<\/div>\n\t\t\t\t<div class=\"elementor-column elementor-col-33 elementor-top-column elementor-element elementor-element-2240d83\" data-id=\"2240d83\" data-element_type=\"column\" data-e-type=\"column\">\n\t\t\t<div class=\"elementor-widget-wrap elementor-element-populated\">\n\t\t\t\t\t\t<div class=\"elementor-element elementor-element-6ba3110 elementor-widget elementor-widget-image\" data-id=\"6ba3110\" data-element_type=\"widget\" data-e-type=\"widget\" data-widget_type=\"image.default\">\n\t\t\t\t<div class=\"elementor-widget-container\">\n\t\t\t\t\t\t\t\t\t\t\t\t\t\t\t<img fetchpriority=\"high\" decoding=\"async\" width=\"800\" height=\"800\" src=\"https:\/\/riin.eu\/wp-content\/uploads\/2020\/04\/Untitled-design.webp\" class=\"attachment-large size-large wp-image-12700\" alt=\"\" srcset=\"https:\/\/riin.eu\/wp-content\/uploads\/2020\/04\/Untitled-design.webp 900w, https:\/\/riin.eu\/wp-content\/uploads\/2020\/04\/Untitled-design-400x400.jpg 400w, https:\/\/riin.eu\/wp-content\/uploads\/2020\/04\/Untitled-design-150x150.jpg 150w, https:\/\/riin.eu\/wp-content\/uploads\/2020\/04\/Untitled-design-768x768.webp 768w\" sizes=\"(max-width: 800px) 100vw, 800px\" \/>\t\t\t\t\t\t\t\t\t\t\t\t\t\t\t<\/div>\n\t\t\t\t<\/div>\n\t\t\t\t\t<\/div>\n\t\t<\/div>\n\t\t\t\t\t<\/div>\n\t\t<\/section>\n\t\t\t\t<section class=\"elementor-section elementor-top-section elementor-element elementor-element-33a30d7 elementor-section-content-middle elementor-section-boxed elementor-section-height-default elementor-section-height-default\" data-id=\"33a30d7\" data-element_type=\"section\" data-e-type=\"section\" data-settings=\"{&quot;background_background&quot;:&quot;classic&quot;}\">\n\t\t\t\t\t\t<div class=\"elementor-container elementor-column-gap-default\">\n\t\t\t\t\t<div class=\"elementor-column elementor-col-100 elementor-top-column elementor-element elementor-element-009d8cc\" data-id=\"009d8cc\" data-element_type=\"column\" data-e-type=\"column\">\n\t\t\t<div class=\"elementor-widget-wrap elementor-element-populated\">\n\t\t\t\t\t\t<div class=\"elementor-element elementor-element-9bb9471 elementor-widget elementor-widget-global elementor-global-13631 elementor-global-6019 elementor-widget-text-editor\" data-id=\"9bb9471\" data-element_type=\"widget\" data-e-type=\"widget\" data-widget_type=\"text-editor.default\">\n\t\t\t\t<div class=\"elementor-widget-container\">\n\t\t\t\t\t\t\t\t\t<p>Vielen Dank f\u00fcr Ihr Interesse \u2013 momentan nehme ich keine neuen Kunden f\u00fcr das Social Media Management an! Kontaktieren Sie mich bitte, wenn Sie Hilfe bei der <a href=\"https:\/\/riin.eu\/de\/e-shop\/\">Erstellung eines E-Shops<\/a> oder bei dessen <a href=\"https:\/\/riin.eu\/de\/website-wartung\/\">Verwaltung<\/a> ben\u00f6tigen. <\/p>\t\t\t\t\t\t\t\t<\/div>\n\t\t\t\t<\/div>\n\t\t\t\t\t<\/div>\n\t\t<\/div>\n\t\t\t\t\t<\/div>\n\t\t<\/section>\n\t\t\t\t<section class=\"elementor-section elementor-top-section elementor-element elementor-element-908d196 elementor-section-boxed elementor-section-height-default elementor-section-height-default\" data-id=\"908d196\" data-element_type=\"section\" data-e-type=\"section\" data-settings=\"{&quot;background_background&quot;:&quot;classic&quot;}\">\n\t\t\t\t\t\t<div class=\"elementor-container elementor-column-gap-default\">\n\t\t\t\t\t<div class=\"elementor-column elementor-col-100 elementor-top-column elementor-element elementor-element-c53f778\" data-id=\"c53f778\" data-element_type=\"column\" data-e-type=\"column\">\n\t\t\t<div class=\"elementor-widget-wrap elementor-element-populated\">\n\t\t\t\t\t\t<div class=\"elementor-element elementor-element-f53483d elementor-widget elementor-widget-heading\" data-id=\"f53483d\" data-element_type=\"widget\" data-e-type=\"widget\" data-widget_type=\"heading.default\">\n\t\t\t\t<div class=\"elementor-widget-container\">\n\t\t\t\t\t<h2 class=\"elementor-heading-title elementor-size-default\">Der Prozess des Social Media Managements<\/h2>\t\t\t\t<\/div>\n\t\t\t\t<\/div>\n\t\t\t\t<div class=\"elementor-element elementor-element-d8698e2 elementor-widget elementor-widget-spacer\" data-id=\"d8698e2\" data-element_type=\"widget\" data-e-type=\"widget\" data-widget_type=\"spacer.default\">\n\t\t\t\t<div class=\"elementor-widget-container\">\n\t\t\t\t\t\t\t<div class=\"elementor-spacer\">\n\t\t\t<div class=\"elementor-spacer-inner\"><\/div>\n\t\t<\/div>\n\t\t\t\t\t\t<\/div>\n\t\t\t\t<\/div>\n\t\t\t\t<section class=\"elementor-section elementor-inner-section elementor-element elementor-element-b95381d elementor-section-boxed elementor-section-height-default elementor-section-height-default\" data-id=\"b95381d\" data-element_type=\"section\" data-e-type=\"section\">\n\t\t\t\t\t\t<div class=\"elementor-container elementor-column-gap-default\">\n\t\t\t\t\t<div class=\"elementor-column elementor-col-25 elementor-inner-column elementor-element elementor-element-daf9a1e\" data-id=\"daf9a1e\" data-element_type=\"column\" data-e-type=\"column\">\n\t\t\t<div class=\"elementor-widget-wrap elementor-element-populated\">\n\t\t\t\t\t\t<div class=\"elementor-element elementor-element-b8dd0a9 elementor-widget elementor-widget-heading\" data-id=\"b8dd0a9\" data-element_type=\"widget\" data-e-type=\"widget\" data-widget_type=\"heading.default\">\n\t\t\t\t<div class=\"elementor-widget-container\">\n\t\t\t\t\t<p class=\"elementor-heading-title elementor-size-default\">1. Content-Produktion<\/p>\t\t\t\t<\/div>\n\t\t\t\t<\/div>\n\t\t\t\t<div class=\"elementor-element elementor-element-2a2990c elementor-widget elementor-widget-text-editor\" data-id=\"2a2990c\" data-element_type=\"widget\" data-e-type=\"widget\" data-widget_type=\"text-editor.default\">\n\t\t\t\t<div class=\"elementor-widget-container\">\n\t\t\t\t\t\t\t\t\t<p>Die Basis f\u00fcr alles ist eine korrekt ausgef\u00fcllte Facebook- und Instagram-Seite \u2013 ich helfe Ihnen bei der Optimierung Ihrer Social-Media-Pr\u00e4senz. In regelm\u00e4\u00dfigen Terminen vereinbaren wir die Inhalte der Beitr\u00e4ge f\u00fcr den n\u00e4chsten Zeitraum sowie gr\u00f6\u00dfere Kampagnen. <\/p>\t\t\t\t\t\t\t\t<\/div>\n\t\t\t\t<\/div>\n\t\t\t\t\t<\/div>\n\t\t<\/div>\n\t\t\t\t<div class=\"elementor-column elementor-col-25 elementor-inner-column elementor-element elementor-element-3be71a4\" data-id=\"3be71a4\" data-element_type=\"column\" data-e-type=\"column\">\n\t\t\t<div class=\"elementor-widget-wrap elementor-element-populated\">\n\t\t\t\t\t\t<div class=\"elementor-element elementor-element-08dfae3 elementor-widget elementor-widget-heading\" data-id=\"08dfae3\" data-element_type=\"widget\" data-e-type=\"widget\" data-widget_type=\"heading.default\">\n\t\t\t\t<div class=\"elementor-widget-container\">\n\t\t\t\t\t<p class=\"elementor-heading-title elementor-size-default\">2. Content-Erstellung<\/p>\t\t\t\t<\/div>\n\t\t\t\t<\/div>\n\t\t\t\t<div class=\"elementor-element elementor-element-99e1bd5 elementor-widget elementor-widget-text-editor\" data-id=\"99e1bd5\" data-element_type=\"widget\" data-e-type=\"widget\" data-widget_type=\"text-editor.default\">\n\t\t\t\t<div class=\"elementor-widget-container\">\n\t\t\t\t\t\t\t\t\t<p>Facebook und Instagram erfordern bei der Erstellung von Inhalten unterschiedliche Ans\u00e4tze in Bezug auf Text und Bild. Ich sorge daf\u00fcr, dass alle Beitr\u00e4ge unter Ber\u00fccksichtigung der Anforderungen und Besonderheiten des jeweiligen Social-Media-Kanals erstellt werden. <\/p>\t\t\t\t\t\t\t\t<\/div>\n\t\t\t\t<\/div>\n\t\t\t\t\t<\/div>\n\t\t<\/div>\n\t\t\t\t<div class=\"elementor-column elementor-col-25 elementor-inner-column elementor-element elementor-element-72870e5\" data-id=\"72870e5\" data-element_type=\"column\" data-e-type=\"column\">\n\t\t\t<div class=\"elementor-widget-wrap elementor-element-populated\">\n\t\t\t\t\t\t<div class=\"elementor-element elementor-element-4d35d5f elementor-widget elementor-widget-heading\" data-id=\"4d35d5f\" data-element_type=\"widget\" data-e-type=\"widget\" data-widget_type=\"heading.default\">\n\t\t\t\t<div class=\"elementor-widget-container\">\n\t\t\t\t\t<p class=\"elementor-heading-title elementor-size-default\">3. Erstmalige Kundenkommunikation<\/p>\t\t\t\t<\/div>\n\t\t\t\t<\/div>\n\t\t\t\t<div class=\"elementor-element elementor-element-be193b0 elementor-widget elementor-widget-text-editor\" data-id=\"be193b0\" data-element_type=\"widget\" data-e-type=\"widget\" data-widget_type=\"text-editor.default\">\n\t\t\t\t<div class=\"elementor-widget-container\">\n\t\t\t\t\t\t\t\t\t<p>Auf Wunsch unterst\u00fctze ich Sie auch bei der ersten Kundenkommunikation. Immer mehr Kunden erwarten eine schnelle R\u00fcckmeldung auf ihre Kommentare oder Nachrichten \u2013 ich sorge daf\u00fcr, dass sie diese erhalten. <\/p>\t\t\t\t\t\t\t\t<\/div>\n\t\t\t\t<\/div>\n\t\t\t\t\t<\/div>\n\t\t<\/div>\n\t\t\t\t<div class=\"elementor-column elementor-col-25 elementor-inner-column elementor-element elementor-element-b7bf5f9\" data-id=\"b7bf5f9\" data-element_type=\"column\" data-e-type=\"column\">\n\t\t\t<div class=\"elementor-widget-wrap elementor-element-populated\">\n\t\t\t\t\t\t<div class=\"elementor-element elementor-element-27aeaca elementor-widget elementor-widget-heading\" data-id=\"27aeaca\" data-element_type=\"widget\" data-e-type=\"widget\" data-widget_type=\"heading.default\">\n\t\t\t\t<div class=\"elementor-widget-container\">\n\t\t\t\t\t<p class=\"elementor-heading-title elementor-size-default\">4. Analyse und Berichterstattung<\/p>\t\t\t\t<\/div>\n\t\t\t\t<\/div>\n\t\t\t\t<div class=\"elementor-element elementor-element-3acb715 elementor-widget elementor-widget-text-editor\" data-id=\"3acb715\" data-element_type=\"widget\" data-e-type=\"widget\" data-widget_type=\"text-editor.default\">\n\t\t\t\t<div class=\"elementor-widget-container\">\n\t\t\t\t\t\t\t\t\t<p>Den Erfolg der Beitr\u00e4ge k\u00f6nnen wir anhand von Berichten messen, die in angemessenen Abst\u00e4nden erstellt werden. Nach der Analyse k\u00f6nnen wir zuk\u00fcnftige Aktivit\u00e4ten planen, die genau auf die Vorlieben der Zielgruppe Ihres Unternehmens zugeschnitten sind. <\/p>\t\t\t\t\t\t\t\t<\/div>\n\t\t\t\t<\/div>\n\t\t\t\t\t<\/div>\n\t\t<\/div>\n\t\t\t\t\t<\/div>\n\t\t<\/section>\n\t\t\t\t\t<\/div>\n\t\t<\/div>\n\t\t\t\t\t<\/div>\n\t\t<\/section>\n\t\t\t\t<section class=\"elementor-section elementor-top-section elementor-element elementor-element-2fc028f elementor-section-content-middle elementor-section-boxed elementor-section-height-default elementor-section-height-default\" data-id=\"2fc028f\" data-element_type=\"section\" data-e-type=\"section\">\n\t\t\t\t\t\t<div class=\"elementor-container elementor-column-gap-default\">\n\t\t\t\t\t<div class=\"elementor-column elementor-col-50 elementor-top-column elementor-element elementor-element-2676638\" data-id=\"2676638\" data-element_type=\"column\" data-e-type=\"column\">\n\t\t\t<div class=\"elementor-widget-wrap elementor-element-populated\">\n\t\t\t\t\t\t<div class=\"elementor-element elementor-element-a108da0 elementor-widget elementor-widget-text-editor\" data-id=\"a108da0\" data-element_type=\"widget\" data-e-type=\"widget\" data-widget_type=\"text-editor.default\">\n\t\t\t\t<div class=\"elementor-widget-container\">\n\t\t\t\t\t\t\t\t\t<div class=\"fw-heading fw-heading-left tf-sh-615530d3c9d6bcd566185c8eb6afdafc\"><h2 class=\"fw-special-title\">Durch Ihre Pr\u00e4senz in den sozialen Medien \u2026<\/h2><\/div><div class=\"fw-text-box tf-sh-40b6d487caca97f669c7bfcdaf7a0b01 \"><div class=\"fw-text-inner\"><p>\u2713 k\u00f6nnen Sie Ihre Marketingstrategie f\u00f6rdern<br>\u2713 erreichen Sie potenzielle Kunden schneller<br>\u2713 erhalten Sie durch das Zuh\u00f6ren Ihrer Follower Ideen f\u00fcr die Weiterentwicklung<br>\u2713 steigern Sie die Markenbekanntheit und die Kundenloyalit\u00e4t<br>\u2713 machen Sie soziale Medien zum schnellsten und besten Kundendienstkanal<br>\u2713 k\u00f6nnen Sie den Traffic auf Ihrer Website erh\u00f6hen<br>\u2713 k\u00f6nnen Sie Informationen schnell verbreiten<br>\u2713 sind Sie f\u00fcr den Kunden real pr\u00e4sent<\/p><\/div><\/div>\t\t\t\t\t\t\t\t<\/div>\n\t\t\t\t<\/div>\n\t\t\t\t\t<\/div>\n\t\t<\/div>\n\t\t\t\t<div class=\"elementor-column elementor-col-50 elementor-top-column elementor-element elementor-element-6f13e4c\" data-id=\"6f13e4c\" data-element_type=\"column\" data-e-type=\"column\">\n\t\t\t<div class=\"elementor-widget-wrap elementor-element-populated\">\n\t\t\t\t\t\t<div class=\"elementor-element elementor-element-85052f9 elementor-align-center elementor-widget elementor-widget-global elementor-global-13513 elementor-global-4867 elementor-widget-button\" data-id=\"85052f9\" data-element_type=\"widget\" data-e-type=\"widget\" data-widget_type=\"button.default\">\n\t\t\t\t<div class=\"elementor-widget-container\">\n\t\t\t\t\t\t\t\t\t<div class=\"elementor-button-wrapper\">\n\t\t\t\t\t<a class=\"elementor-button elementor-button-link elementor-size-md\" href=\"https:\/\/riin.eu\/tehtud\/\">\n\t\t\t\t\t\t<span class=\"elementor-button-content-wrapper\">\n\t\t\t\t\t\t\t\t\t<span class=\"elementor-button-text\">Portfolio ansehen<\/span>\n\t\t\t\t\t<\/span>\n\t\t\t\t\t<\/a>\n\t\t\t\t<\/div>\n\t\t\t\t\t\t\t\t<\/div>\n\t\t\t\t<\/div>\n\t\t\t\t<div class=\"elementor-element elementor-element-23435cd elementor-align-center elementor-widget elementor-widget-global elementor-global-13505 elementor-global-4870 elementor-widget-button\" data-id=\"23435cd\" data-element_type=\"widget\" data-e-type=\"widget\" data-widget_type=\"button.default\">\n\t\t\t\t<div class=\"elementor-widget-container\">\n\t\t\t\t\t\t\t\t\t<div class=\"elementor-button-wrapper\">\n\t\t\t\t\t<a class=\"elementor-button elementor-button-link elementor-size-md\" href=\"https:\/\/riin.eu\/de\/kontakt\/\">\n\t\t\t\t\t\t<span class=\"elementor-button-content-wrapper\">\n\t\t\t\t\t\t\t\t\t<span class=\"elementor-button-text\">Kontakt aufnehmen<\/span>\n\t\t\t\t\t<\/span>\n\t\t\t\t\t<\/a>\n\t\t\t\t<\/div>\n\t\t\t\t\t\t\t\t<\/div>\n\t\t\t\t<\/div>\n\t\t\t\t\t<\/div>\n\t\t<\/div>\n\t\t\t\t\t<\/div>\n\t\t<\/section>\n\t\t\t\t<\/div>\n\t\t","protected":false},"excerpt":{"rendered":"<p>Bei der Verwaltung von Social-Media-Kan\u00e4len sind sowohl das Design als auch der Inhalt entscheidend. Ich erstelle f\u00fcr Sie eine gut funktionierende Facebook- und\/oder Instagram-Seite \u2013 ich unterst\u00fctze Sie beim Branding, verwalte und erstelle Inhalte, erstelle und \u00fcberwache Gewinnspiele, konzipiere und administriere Werbeanzeigen usw. Auf Facebook unterst\u00fctze ich Sie auch bei der Erstellung von HTML-Seiten\/ Tabs [&hellip;]<\/p>\n","protected":false},"author":1,"featured_media":0,"parent":0,"menu_order":0,"comment_status":"closed","ping_status":"closed","template":"","meta":{"footnotes":""},"class_list":["post-12904","page","type-page","status-publish","hentry"],"astra-portfolio-type":null,"astra-site-call-to-action":null,"_links":{"self":[{"href":"https:\/\/riin.eu\/de\/wp-json\/wp\/v2\/pages\/12904","targetHints":{"allow":["GET"]}}],"collection":[{"href":"https:\/\/riin.eu\/de\/wp-json\/wp\/v2\/pages"}],"about":[{"href":"https:\/\/riin.eu\/de\/wp-json\/wp\/v2\/types\/page"}],"author":[{"embeddable":true,"href":"https:\/\/riin.eu\/de\/wp-json\/wp\/v2\/users\/1"}],"replies":[{"embeddable":true,"href":"https:\/\/riin.eu\/de\/wp-json\/wp\/v2\/comments?post=12904"}],"version-history":[{"count":3,"href":"https:\/\/riin.eu\/de\/wp-json\/wp\/v2\/pages\/12904\/revisions"}],"predecessor-version":[{"id":12909,"href":"https:\/\/riin.eu\/de\/wp-json\/wp\/v2\/pages\/12904\/revisions\/12909"}],"wp:attachment":[{"href":"https:\/\/riin.eu\/de\/wp-json\/wp\/v2\/media?parent=12904"}],"curies":[{"name":"wp","href":"https:\/\/api.w.org\/{rel}","templated":true}]}}