{"id":12767,"date":"2016-11-13T20:55:44","date_gmt":"2016-11-13T18:55:44","guid":{"rendered":"https:\/\/riin.eu\/design-und-corporate-design\/"},"modified":"2026-04-25T12:37:58","modified_gmt":"2026-04-25T09:37:58","slug":"design-und-corporate-design","status":"publish","type":"page","link":"https:\/\/riin.eu\/de\/design-und-corporate-design\/","title":{"rendered":"Design und Corporate Design"},"content":{"rendered":"\t\t<div data-elementor-type=\"wp-page\" data-elementor-id=\"12767\" class=\"elementor elementor-12767 elementor-2963\" data-elementor-post-type=\"page\">\n\t\t\t\t\t\t<section class=\"elementor-section elementor-top-section elementor-element elementor-element-38da1032 elementor-section-content-middle elementor-section-boxed elementor-section-height-default elementor-section-height-default\" data-id=\"38da1032\" data-element_type=\"section\" data-e-type=\"section\">\n\t\t\t\t\t\t<div class=\"elementor-container elementor-column-gap-default\">\n\t\t\t\t\t<div class=\"elementor-column elementor-col-66 elementor-top-column elementor-element elementor-element-6dcd3b1e\" data-id=\"6dcd3b1e\" data-element_type=\"column\" data-e-type=\"column\">\n\t\t\t<div class=\"elementor-widget-wrap elementor-element-populated\">\n\t\t\t\t\t\t<div class=\"elementor-element elementor-element-951dc51 elementor-widget elementor-widget-heading\" data-id=\"951dc51\" data-element_type=\"widget\" data-e-type=\"widget\" data-widget_type=\"heading.default\">\n\t\t\t\t<div class=\"elementor-widget-container\">\n\t\t\t\t\t<h1 class=\"elementor-heading-title elementor-size-default\">Design und Corporate Design<\/h1>\t\t\t\t<\/div>\n\t\t\t\t<\/div>\n\t\t\t\t<div class=\"elementor-element elementor-element-e761dac elementor-widget elementor-widget-text-editor\" data-id=\"e761dac\" data-element_type=\"widget\" data-e-type=\"widget\" data-widget_type=\"text-editor.default\">\n\t\t\t\t<div class=\"elementor-widget-container\">\n\t\t\t\t\t\t\t\t\t<p>Das Corporate Design (Grafikdesign) schafft Wiedererkennungswert f\u00fcr Kunden und hilft ihnen, sich mit Ihrem Unternehmen zu identifizieren. Ein durchg\u00e4ngiger Bildstil oder ein \u00e4hnliches Farbschema festigt das visuelle Image Ihres Unternehmens. <\/p><p>Das Corporate Design wird besonders in den sozialen Medien wichtig, wo jeder Kanal seine eigenen Anforderungen hat, damit ein Bild optimal pr\u00e4sentiert wird. Ebenso wirken Kampagnen vertraut, wenn sie \u00fcber verschiedene Kan\u00e4le (Social Media, Printwerbung, Newsletter usw.) hinweg funktionieren und der Stil in allen Kan\u00e4len einheitlich bleibt. <\/p><p>Ich erstelle f\u00fcr Ihr Unternehmen ein Corporate Design, das auf der Website, in der E-Mail-Signatur, auf Social-Media-Seiten sowie auf Dokumentenvorlagen visuell einheitlich ist. Dies festigt und st\u00e4rkt das Wesen Ihrer Aktivit\u00e4ten als einheitliche Marke. <\/p>\t\t\t\t\t\t\t\t<\/div>\n\t\t\t\t<\/div>\n\t\t\t\t\t<\/div>\n\t\t<\/div>\n\t\t\t\t<div class=\"elementor-column elementor-col-33 elementor-top-column elementor-element elementor-element-25a1af6\" data-id=\"25a1af6\" data-element_type=\"column\" data-e-type=\"column\">\n\t\t\t<div class=\"elementor-widget-wrap elementor-element-populated\">\n\t\t\t\t\t\t<div class=\"elementor-element elementor-element-1d4eea6 elementor-widget elementor-widget-image\" data-id=\"1d4eea6\" data-element_type=\"widget\" data-e-type=\"widget\" data-widget_type=\"image.default\">\n\t\t\t\t<div class=\"elementor-widget-container\">\n\t\t\t\t\t\t\t\t\t\t\t\t\t\t\t<img fetchpriority=\"high\" decoding=\"async\" width=\"900\" height=\"900\" src=\"https:\/\/riin.eu\/wp-content\/uploads\/2019\/06\/riin.eu-disain-ja-tunnusgraafika.jpg\" class=\"attachment-full size-full wp-image-12768\" alt=\"\" srcset=\"https:\/\/riin.eu\/wp-content\/uploads\/2019\/06\/riin.eu-disain-ja-tunnusgraafika.jpg 900w, https:\/\/riin.eu\/wp-content\/uploads\/2019\/06\/riin.eu-disain-ja-tunnusgraafika-400x400.jpg 400w, https:\/\/riin.eu\/wp-content\/uploads\/2019\/06\/riin.eu-disain-ja-tunnusgraafika-150x150.jpg 150w, https:\/\/riin.eu\/wp-content\/uploads\/2019\/06\/riin.eu-disain-ja-tunnusgraafika-768x768.jpg 768w\" sizes=\"(max-width: 900px) 100vw, 900px\" \/>\t\t\t\t\t\t\t\t\t\t\t\t\t\t\t<\/div>\n\t\t\t\t<\/div>\n\t\t\t\t\t<\/div>\n\t\t<\/div>\n\t\t\t\t\t<\/div>\n\t\t<\/section>\n\t\t\t\t<section class=\"elementor-section elementor-top-section elementor-element elementor-element-626f356 elementor-section-boxed elementor-section-height-default elementor-section-height-default\" data-id=\"626f356\" data-element_type=\"section\" data-e-type=\"section\" data-settings=\"{&quot;background_background&quot;:&quot;classic&quot;}\">\n\t\t\t\t\t\t<div class=\"elementor-container elementor-column-gap-default\">\n\t\t\t\t\t<div class=\"elementor-column elementor-col-100 elementor-top-column elementor-element elementor-element-a5d4335\" data-id=\"a5d4335\" data-element_type=\"column\" data-e-type=\"column\">\n\t\t\t<div class=\"elementor-widget-wrap elementor-element-populated\">\n\t\t\t\t\t\t<div class=\"elementor-element elementor-element-89226e6 elementor-widget elementor-widget-heading\" data-id=\"89226e6\" data-element_type=\"widget\" data-e-type=\"widget\" data-widget_type=\"heading.default\">\n\t\t\t\t<div class=\"elementor-widget-container\">\n\t\t\t\t\t<h2 class=\"elementor-heading-title elementor-size-default\">Referenzen<\/h2>\t\t\t\t<\/div>\n\t\t\t\t<\/div>\n\t\t\t\t<div class=\"elementor-element elementor-element-a50f452 elementor-widget elementor-widget-spacer\" data-id=\"a50f452\" data-element_type=\"widget\" data-e-type=\"widget\" data-widget_type=\"spacer.default\">\n\t\t\t\t<div class=\"elementor-widget-container\">\n\t\t\t\t\t\t\t<div class=\"elementor-spacer\">\n\t\t\t<div class=\"elementor-spacer-inner\"><\/div>\n\t\t<\/div>\n\t\t\t\t\t\t<\/div>\n\t\t\t\t<\/div>\n\t\t\t\t<div class=\"elementor-element elementor-element-c947a21 elementor-widget elementor-widget-image-gallery\" data-id=\"c947a21\" data-element_type=\"widget\" data-e-type=\"widget\" data-widget_type=\"image-gallery.default\">\n\t\t\t\t<div class=\"elementor-widget-container\">\n\t\t\t\t\t\t\t<div class=\"elementor-image-gallery\">\n\t\t\t<div id='gallery-1' class='gallery galleryid-12767 gallery-columns-5 gallery-size-thumbnail'><figure class='gallery-item'>\n\t\t\t<div class='gallery-icon landscape'>\n\t\t\t\t<a data-elementor-open-lightbox=\"yes\" data-elementor-lightbox-slideshow=\"c947a21\" data-elementor-lightbox-title=\"Bolighus\" data-e-action-hash=\"#elementor-action%3Aaction%3Dlightbox%26settings%3DeyJpZCI6MTI3NjksInVybCI6Imh0dHBzOlwvXC9yaWluLmV1XC93cC1jb250ZW50XC91cGxvYWRzXC8yMDIwXC8wNFwvQm9saWdodXMtZTE1ODYwMTQ2NzIyMzMuanBnIiwic2xpZGVzaG93IjoiYzk0N2EyMSJ9\" href='https:\/\/riin.eu\/wp-content\/uploads\/2020\/04\/Bolighus-e1586014672233.jpg'><img decoding=\"async\" width=\"150\" height=\"150\" src=\"https:\/\/riin.eu\/wp-content\/uploads\/2020\/04\/Bolighus-e1586014672233-150x150.jpg\" class=\"attachment-thumbnail size-thumbnail\" alt=\"\" \/><\/a>\n\t\t\t<\/div><\/figure><figure class='gallery-item'>\n\t\t\t<div class='gallery-icon landscape'>\n\t\t\t\t<a data-elementor-open-lightbox=\"yes\" data-elementor-lightbox-slideshow=\"c947a21\" data-elementor-lightbox-title=\"Riin.eu Referenzen Logo Design und Corporate Design\" data-e-action-hash=\"#elementor-action%3Aaction%3Dlightbox%26settings%3DeyJpZCI6MTI3NzAsInVybCI6Imh0dHBzOlwvXC9yaWluLmV1XC93cC1jb250ZW50XC91cGxvYWRzXC8yMDE3XC8wN1wvNi53ZWJwIiwic2xpZGVzaG93IjoiYzk0N2EyMSJ9\" href='https:\/\/riin.eu\/wp-content\/uploads\/2017\/07\/6.webp'><img decoding=\"async\" width=\"150\" height=\"150\" src=\"https:\/\/riin.eu\/wp-content\/uploads\/2017\/07\/6-150x150.webp\" class=\"attachment-thumbnail size-thumbnail\" alt=\"Riin.eu Referenzen Logo Design und Corporate Design\" \/><\/a>\n\t\t\t<\/div><\/figure><figure class='gallery-item'>\n\t\t\t<div class='gallery-icon landscape'>\n\t\t\t\t<a data-elementor-open-lightbox=\"yes\" data-elementor-lightbox-slideshow=\"c947a21\" data-elementor-lightbox-title=\"3\" data-e-action-hash=\"#elementor-action%3Aaction%3Dlightbox%26settings%3DeyJpZCI6MTI3NzEsInVybCI6Imh0dHBzOlwvXC9yaWluLmV1XC93cC1jb250ZW50XC91cGxvYWRzXC8yMDE3XC8wN1wvMy53ZWJwIiwic2xpZGVzaG93IjoiYzk0N2EyMSJ9\" href='https:\/\/riin.eu\/wp-content\/uploads\/2017\/07\/3.webp'><img loading=\"lazy\" decoding=\"async\" width=\"150\" height=\"150\" src=\"https:\/\/riin.eu\/wp-content\/uploads\/2017\/07\/3-150x150.webp\" class=\"attachment-thumbnail size-thumbnail\" alt=\"\" \/><\/a>\n\t\t\t<\/div><\/figure><figure class='gallery-item'>\n\t\t\t<div class='gallery-icon landscape'>\n\t\t\t\t<a data-elementor-open-lightbox=\"yes\" data-elementor-lightbox-slideshow=\"c947a21\" data-elementor-lightbox-title=\"Riin.eu Referenzen Logo Design und Corporate Design\" data-e-action-hash=\"#elementor-action%3Aaction%3Dlightbox%26settings%3DeyJpZCI6MTI3NzIsInVybCI6Imh0dHBzOlwvXC9yaWluLmV1XC93cC1jb250ZW50XC91cGxvYWRzXC8yMDE3XC8wN1wvMi53ZWJwIiwic2xpZGVzaG93IjoiYzk0N2EyMSJ9\" href='https:\/\/riin.eu\/wp-content\/uploads\/2017\/07\/2.webp'><img loading=\"lazy\" decoding=\"async\" width=\"150\" height=\"150\" src=\"https:\/\/riin.eu\/wp-content\/uploads\/2017\/07\/2-150x150.webp\" class=\"attachment-thumbnail size-thumbnail\" alt=\"Riin.eu Referenzen Logo Design und Corporate Design\" \/><\/a>\n\t\t\t<\/div><\/figure><figure class='gallery-item'>\n\t\t\t<div class='gallery-icon landscape'>\n\t\t\t\t<a data-elementor-open-lightbox=\"yes\" data-elementor-lightbox-slideshow=\"c947a21\" data-elementor-lightbox-title=\"Riin.eu Referenzen Logo Design und Corporate Design\" data-e-action-hash=\"#elementor-action%3Aaction%3Dlightbox%26settings%3DeyJpZCI6MTI3NzMsInVybCI6Imh0dHBzOlwvXC9yaWluLmV1XC93cC1jb250ZW50XC91cGxvYWRzXC8yMDE3XC8wN1wvNS53ZWJwIiwic2xpZGVzaG93IjoiYzk0N2EyMSJ9\" href='https:\/\/riin.eu\/wp-content\/uploads\/2017\/07\/5.webp'><img loading=\"lazy\" decoding=\"async\" width=\"150\" height=\"150\" src=\"https:\/\/riin.eu\/wp-content\/uploads\/2017\/07\/5-150x150.webp\" class=\"attachment-thumbnail size-thumbnail\" alt=\"Riin.eu Referenzen Logo Design und Corporate Design\" \/><\/a>\n\t\t\t<\/div><\/figure>\n\t\t<\/div>\n\t\t<\/div>\n\t\t\t\t\t\t<\/div>\n\t\t\t\t<\/div>\n\t\t\t\t\t<\/div>\n\t\t<\/div>\n\t\t\t\t\t<\/div>\n\t\t<\/section>\n\t\t\t\t<section class=\"elementor-section elementor-top-section elementor-element elementor-element-c90527c elementor-section-content-middle elementor-section-boxed elementor-section-height-default elementor-section-height-default\" data-id=\"c90527c\" data-element_type=\"section\" data-e-type=\"section\">\n\t\t\t\t\t\t<div class=\"elementor-container elementor-column-gap-default\">\n\t\t\t\t\t<div class=\"elementor-column elementor-col-50 elementor-top-column elementor-element elementor-element-8651b7d\" data-id=\"8651b7d\" data-element_type=\"column\" data-e-type=\"column\">\n\t\t\t<div class=\"elementor-widget-wrap elementor-element-populated\">\n\t\t\t\t\t\t<div class=\"elementor-element elementor-element-2f62a25 elementor-widget elementor-widget-text-editor\" data-id=\"2f62a25\" data-element_type=\"widget\" data-e-type=\"widget\" data-widget_type=\"text-editor.default\">\n\t\t\t\t<div class=\"elementor-widget-container\">\n\t\t\t\t\t\t\t\t\t<div class=\"fw-heading fw-heading-left tf-sh-615530d3c9d6bcd566185c8eb6afdafc\"><h2 class=\"fw-special-title\">Einheitliches Corporate Design \u2026<\/h2><\/div><div class=\"fw-text-box tf-sh-40b6d487caca97f669c7bfcdaf7a0b01 \"><div class=\"fw-text-inner\"><p>\u2713 schafft Wiedererkennungswert f\u00fcr Kunden<br>\u2713 festigt das visuelle Image Ihres Unternehmens<br>\u2713 pr\u00e4sentiert Ihr Unternehmen korrekt in verschiedenen Kan\u00e4len<br>\u2713 vereinheitlicht Kampagnen \u00fcber verschiedene Kan\u00e4le hinweg<\/p><\/div><\/div>\t\t\t\t\t\t\t\t<\/div>\n\t\t\t\t<\/div>\n\t\t\t\t\t<\/div>\n\t\t<\/div>\n\t\t\t\t<div class=\"elementor-column elementor-col-50 elementor-top-column elementor-element elementor-element-8048dd9\" data-id=\"8048dd9\" data-element_type=\"column\" data-e-type=\"column\">\n\t\t\t<div class=\"elementor-widget-wrap elementor-element-populated\">\n\t\t\t\t\t\t<div class=\"elementor-element elementor-element-7c9b89a elementor-align-center elementor-widget elementor-widget-global elementor-global-13513 elementor-global-4867 elementor-widget-button\" data-id=\"7c9b89a\" data-element_type=\"widget\" data-e-type=\"widget\" data-widget_type=\"button.default\">\n\t\t\t\t<div class=\"elementor-widget-container\">\n\t\t\t\t\t\t\t\t\t<div class=\"elementor-button-wrapper\">\n\t\t\t\t\t<a class=\"elementor-button elementor-button-link elementor-size-md\" href=\"https:\/\/riin.eu\/tehtud\/\">\n\t\t\t\t\t\t<span class=\"elementor-button-content-wrapper\">\n\t\t\t\t\t\t\t\t\t<span class=\"elementor-button-text\">Portfolio ansehen<\/span>\n\t\t\t\t\t<\/span>\n\t\t\t\t\t<\/a>\n\t\t\t\t<\/div>\n\t\t\t\t\t\t\t\t<\/div>\n\t\t\t\t<\/div>\n\t\t\t\t<div class=\"elementor-element elementor-element-642e5c6 elementor-align-center elementor-widget elementor-widget-global elementor-global-13505 elementor-global-4870 elementor-widget-button\" data-id=\"642e5c6\" data-element_type=\"widget\" data-e-type=\"widget\" data-widget_type=\"button.default\">\n\t\t\t\t<div class=\"elementor-widget-container\">\n\t\t\t\t\t\t\t\t\t<div class=\"elementor-button-wrapper\">\n\t\t\t\t\t<a class=\"elementor-button elementor-button-link elementor-size-md\" href=\"https:\/\/riin.eu\/de\/kontakt\/\">\n\t\t\t\t\t\t<span class=\"elementor-button-content-wrapper\">\n\t\t\t\t\t\t\t\t\t<span class=\"elementor-button-text\">Kontakt aufnehmen<\/span>\n\t\t\t\t\t<\/span>\n\t\t\t\t\t<\/a>\n\t\t\t\t<\/div>\n\t\t\t\t\t\t\t\t<\/div>\n\t\t\t\t<\/div>\n\t\t\t\t\t<\/div>\n\t\t<\/div>\n\t\t\t\t\t<\/div>\n\t\t<\/section>\n\t\t\t\t<\/div>\n\t\t","protected":false},"excerpt":{"rendered":"<p>Das Corporate Design (Grafikdesign) schafft Wiedererkennungswert f\u00fcr Kunden und hilft ihnen, sich mit Ihrem Unternehmen zu identifizieren. Ein durchg\u00e4ngiger Bildstil oder ein \u00e4hnliches Farbschema festigt das visuelle Image Ihres Unternehmens. Das Corporate Design wird besonders in den sozialen Medien wichtig, wo jeder Kanal seine eigenen Anforderungen hat, damit ein Bild optimal pr\u00e4sentiert wird. Ebenso wirken [&hellip;]<\/p>\n","protected":false},"author":1,"featured_media":0,"parent":0,"menu_order":0,"comment_status":"closed","ping_status":"closed","template":"","meta":{"footnotes":""},"class_list":["post-12767","page","type-page","status-publish","hentry"],"astra-portfolio-type":null,"astra-site-call-to-action":null,"_links":{"self":[{"href":"https:\/\/riin.eu\/de\/wp-json\/wp\/v2\/pages\/12767","targetHints":{"allow":["GET"]}}],"collection":[{"href":"https:\/\/riin.eu\/de\/wp-json\/wp\/v2\/pages"}],"about":[{"href":"https:\/\/riin.eu\/de\/wp-json\/wp\/v2\/types\/page"}],"author":[{"embeddable":true,"href":"https:\/\/riin.eu\/de\/wp-json\/wp\/v2\/users\/1"}],"replies":[{"embeddable":true,"href":"https:\/\/riin.eu\/de\/wp-json\/wp\/v2\/comments?post=12767"}],"version-history":[{"count":3,"href":"https:\/\/riin.eu\/de\/wp-json\/wp\/v2\/pages\/12767\/revisions"}],"predecessor-version":[{"id":12776,"href":"https:\/\/riin.eu\/de\/wp-json\/wp\/v2\/pages\/12767\/revisions\/12776"}],"wp:attachment":[{"href":"https:\/\/riin.eu\/de\/wp-json\/wp\/v2\/media?parent=12767"}],"curies":[{"name":"wp","href":"https:\/\/api.w.org\/{rel}","templated":true}]}}