{"id":12710,"date":"2016-09-19T21:09:11","date_gmt":"2016-09-19T18:09:11","guid":{"rendered":"https:\/\/riin.eu\/dienstleistungen\/"},"modified":"2026-04-25T13:37:42","modified_gmt":"2026-04-25T10:37:42","slug":"dienstleistungen","status":"publish","type":"page","link":"https:\/\/riin.eu\/de\/dienstleistungen\/","title":{"rendered":"DIENSTLEISTUNGEN"},"content":{"rendered":"\t\t<div data-elementor-type=\"wp-page\" data-elementor-id=\"12710\" class=\"elementor elementor-12710 elementor-204\" data-elementor-post-type=\"page\">\n\t\t\t\t\t\t<section class=\"elementor-section elementor-top-section elementor-element elementor-element-5a4dcab9 elementor-section-boxed elementor-section-height-default elementor-section-height-default\" data-id=\"5a4dcab9\" data-element_type=\"section\" data-e-type=\"section\" data-settings=\"{&quot;background_background&quot;:&quot;classic&quot;}\">\n\t\t\t\t\t\t<div class=\"elementor-container elementor-column-gap-no\">\n\t\t\t\t\t<div class=\"elementor-column elementor-col-100 elementor-top-column elementor-element elementor-element-665a814c\" data-id=\"665a814c\" data-element_type=\"column\" data-e-type=\"column\">\n\t\t\t<div class=\"elementor-widget-wrap elementor-element-populated\">\n\t\t\t\t\t\t<div class=\"elementor-element elementor-element-2a45087b elementor-widget elementor-widget-heading\" data-id=\"2a45087b\" data-element_type=\"widget\" data-e-type=\"widget\" data-widget_type=\"heading.default\">\n\t\t\t\t<div class=\"elementor-widget-container\">\n\t\t\t\t\t<h2 class=\"elementor-heading-title elementor-size-default\">Dienstleistungen<\/h2>\t\t\t\t<\/div>\n\t\t\t\t<\/div>\n\t\t\t\t\t<\/div>\n\t\t<\/div>\n\t\t\t\t\t<\/div>\n\t\t<\/section>\n\t\t\t\t<section class=\"elementor-section elementor-top-section elementor-element elementor-element-bef3c17 elementor-section-boxed elementor-section-height-default elementor-section-height-default\" data-id=\"bef3c17\" data-element_type=\"section\" data-e-type=\"section\" data-settings=\"{&quot;background_background&quot;:&quot;classic&quot;}\">\n\t\t\t\t\t\t<div class=\"elementor-container elementor-column-gap-no\">\n\t\t\t\t\t<div class=\"elementor-column elementor-col-100 elementor-top-column elementor-element elementor-element-7e619a83\" data-id=\"7e619a83\" data-element_type=\"column\" data-e-type=\"column\">\n\t\t\t<div class=\"elementor-widget-wrap elementor-element-populated\">\n\t\t\t\t\t\t<section class=\"elementor-section elementor-inner-section elementor-element elementor-element-3467c66e elementor-section-height-min-height elementor-section-content-middle elementor-section-boxed elementor-section-height-default\" data-id=\"3467c66e\" data-element_type=\"section\" data-e-type=\"section\">\n\t\t\t\t\t\t<div class=\"elementor-container elementor-column-gap-default\">\n\t\t\t\t\t<div class=\"elementor-column elementor-col-33 elementor-inner-column elementor-element elementor-element-74be272b\" data-id=\"74be272b\" data-element_type=\"column\" data-e-type=\"column\">\n\t\t\t<div class=\"elementor-widget-wrap elementor-element-populated\">\n\t\t\t\t\t\t<div class=\"elementor-element elementor-element-36a2ff6d elementor-position-top elementor-invisible elementor-widget elementor-widget-image-box\" data-id=\"36a2ff6d\" data-element_type=\"widget\" data-e-type=\"widget\" data-settings=\"{&quot;_animation&quot;:&quot;fadeIn&quot;,&quot;_animation_delay&quot;:0.3}\" data-widget_type=\"image-box.default\">\n\t\t\t\t<div class=\"elementor-widget-container\">\n\t\t\t\t\t<div class=\"elementor-image-box-wrapper\"><figure class=\"elementor-image-box-img\"><a href=\"https:\/\/riin.eu\/de\/chatbot\/\" tabindex=\"-1\"><img fetchpriority=\"high\" decoding=\"async\" width=\"675\" height=\"675\" src=\"https:\/\/riin.eu\/wp-content\/uploads\/2024\/01\/Riin.eu-juturobot.webp\" class=\"attachment-full size-full wp-image-12711\" alt=\"\" srcset=\"https:\/\/riin.eu\/wp-content\/uploads\/2024\/01\/Riin.eu-juturobot.webp 675w, https:\/\/riin.eu\/wp-content\/uploads\/2024\/01\/Riin.eu-juturobot-400x400.webp 400w, https:\/\/riin.eu\/wp-content\/uploads\/2024\/01\/Riin.eu-juturobot-150x150.webp 150w, https:\/\/riin.eu\/wp-content\/uploads\/2024\/01\/elementor\/thumbs\/Riin.eu-juturobot-qht4n6fudf8ecplie4a9xxj4icl9fh58cxl780vp5g.png 322w, https:\/\/riin.eu\/wp-content\/uploads\/2024\/01\/elementor\/thumbs\/Riin.eu-juturobot-qht4n6fwt4t9kpwz7y0m637ul10iqzko4irjitu57o.png 522w\" sizes=\"(max-width: 675px) 100vw, 675px\" \/><\/a><\/figure><div class=\"elementor-image-box-content\"><h3 class=\"elementor-image-box-title\"><a href=\"https:\/\/riin.eu\/de\/chatbot\/\">Chatbot f\u00fcr Website oder E-Shop<\/a><\/h3><p class=\"elementor-image-box-description\">Chatbots sind gekommen, um zu bleiben! Ich erstelle einen Chatbot, der den m\u00fchsamen, aber notwendigen Kundenservice \u00fcbernimmt, Marketingbotschaften an Besucher \u00fcbermittelt oder \u00fcber spezifische Themen informiert. Die M\u00f6glichkeiten sind vielf\u00e4ltig!  <\/p><\/div><\/div>\t\t\t\t<\/div>\n\t\t\t\t<\/div>\n\t\t\t\t\t<\/div>\n\t\t<\/div>\n\t\t\t\t<div class=\"elementor-column elementor-col-33 elementor-inner-column elementor-element elementor-element-261c302e\" data-id=\"261c302e\" data-element_type=\"column\" data-e-type=\"column\">\n\t\t\t<div class=\"elementor-widget-wrap elementor-element-populated\">\n\t\t\t\t\t\t<div class=\"elementor-element elementor-element-168fa9b elementor-position-top elementor-invisible elementor-widget elementor-widget-image-box\" data-id=\"168fa9b\" data-element_type=\"widget\" data-e-type=\"widget\" data-settings=\"{&quot;_animation&quot;:&quot;fadeIn&quot;,&quot;_animation_delay&quot;:0.3}\" data-widget_type=\"image-box.default\">\n\t\t\t\t<div class=\"elementor-widget-container\">\n\t\t\t\t\t<div class=\"elementor-image-box-wrapper\"><figure class=\"elementor-image-box-img\"><a href=\"https:\/\/riin.eu\/de\/e-mail-marketing\/\" tabindex=\"-1\"><img decoding=\"async\" width=\"900\" height=\"900\" src=\"https:\/\/riin.eu\/wp-content\/uploads\/2019\/06\/riin.eu-uudiskiri.jpg\" class=\"attachment-full size-full wp-image-12712\" alt=\"\" srcset=\"https:\/\/riin.eu\/wp-content\/uploads\/2019\/06\/riin.eu-uudiskiri.jpg 900w, https:\/\/riin.eu\/wp-content\/uploads\/2019\/06\/riin.eu-uudiskiri-400x400.jpg 400w, https:\/\/riin.eu\/wp-content\/uploads\/2019\/06\/riin.eu-uudiskiri-150x150.jpg 150w, https:\/\/riin.eu\/wp-content\/uploads\/2019\/06\/riin.eu-uudiskiri-768x768.jpg 768w\" sizes=\"(max-width: 900px) 100vw, 900px\" \/><\/a><\/figure><div class=\"elementor-image-box-content\"><h3 class=\"elementor-image-box-title\"><a href=\"https:\/\/riin.eu\/de\/e-mail-marketing\/\">E-Mail-Kampagnen und Automatisierungen<\/a><\/h3><p class=\"elementor-image-box-description\">E-Mails sind das Fundament f\u00fcr Vertrieb und Kundenbeziehungen. Ich erstelle ein System, das die richtigen Nachrichten zur richtigen Zeit versendet \u2013 Begr\u00fc\u00dfungen, Erinnerungen und Kampagnen, die auch dann funktionieren, wenn Sie sich ausruhen. <\/p><\/div><\/div>\t\t\t\t<\/div>\n\t\t\t\t<\/div>\n\t\t\t\t\t<\/div>\n\t\t<\/div>\n\t\t\t\t<div class=\"elementor-column elementor-col-33 elementor-inner-column elementor-element elementor-element-386367d9\" data-id=\"386367d9\" data-element_type=\"column\" data-e-type=\"column\">\n\t\t\t<div class=\"elementor-widget-wrap elementor-element-populated\">\n\t\t\t\t\t\t<div class=\"elementor-element elementor-element-5eda6558 elementor-position-top elementor-invisible elementor-widget elementor-widget-image-box\" data-id=\"5eda6558\" data-element_type=\"widget\" data-e-type=\"widget\" data-settings=\"{&quot;_animation&quot;:&quot;fadeIn&quot;,&quot;_animation_delay&quot;:0.3}\" data-widget_type=\"image-box.default\">\n\t\t\t\t<div class=\"elementor-widget-container\">\n\t\t\t\t\t<div class=\"elementor-image-box-wrapper\"><figure class=\"elementor-image-box-img\"><a href=\"https:\/\/riin.eu\/de\/ai-automatisierung\/\" tabindex=\"-1\"><img decoding=\"async\" width=\"500\" height=\"500\" src=\"https:\/\/riin.eu\/wp-content\/uploads\/2025\/10\/riin.eu-automatsioon.webp\" class=\"attachment-full size-full wp-image-12713\" alt=\"\" srcset=\"https:\/\/riin.eu\/wp-content\/uploads\/2025\/10\/riin.eu-automatsioon.webp 500w, https:\/\/riin.eu\/wp-content\/uploads\/2025\/10\/riin.eu-automatsioon-400x400.webp 400w, https:\/\/riin.eu\/wp-content\/uploads\/2025\/10\/riin.eu-automatsioon-150x150.webp 150w\" sizes=\"(max-width: 500px) 100vw, 500px\" \/><\/a><\/figure><div class=\"elementor-image-box-content\"><h3 class=\"elementor-image-box-title\"><a href=\"https:\/\/riin.eu\/de\/ai-automatisierung\/\">Gesch\u00e4ftsautomatisierungen und Workflows<\/a><\/h3><p class=\"elementor-image-box-description\">Automatisieren Sie wiederkehrende Aufgaben und gewinnen Sie Zeit f\u00fcr kreative Arbeit. Ich erstelle intelligente Workflows, die Ihre bevorzugten Tools verbinden, Daten weiterleiten und das gesamte System reibungslos am Laufen halten \u2013 ganz automatisch. \n<\/p><\/div><\/div>\t\t\t\t<\/div>\n\t\t\t\t<\/div>\n\t\t\t\t\t<\/div>\n\t\t<\/div>\n\t\t\t\t\t<\/div>\n\t\t<\/section>\n\t\t\t\t<section class=\"elementor-section elementor-inner-section elementor-element elementor-element-743163e6 elementor-section-height-min-height elementor-section-content-middle elementor-section-boxed elementor-section-height-default\" data-id=\"743163e6\" data-element_type=\"section\" data-e-type=\"section\">\n\t\t\t\t\t\t<div class=\"elementor-container elementor-column-gap-default\">\n\t\t\t\t\t<div class=\"elementor-column elementor-col-33 elementor-inner-column elementor-element elementor-element-14168d09\" data-id=\"14168d09\" data-element_type=\"column\" data-e-type=\"column\">\n\t\t\t<div class=\"elementor-widget-wrap elementor-element-populated\">\n\t\t\t\t\t\t<div class=\"elementor-element elementor-element-44e3079a elementor-position-top elementor-invisible elementor-widget elementor-widget-image-box\" data-id=\"44e3079a\" data-element_type=\"widget\" data-e-type=\"widget\" data-settings=\"{&quot;_animation&quot;:&quot;fadeIn&quot;,&quot;_animation_delay&quot;:0.3}\" data-widget_type=\"image-box.default\">\n\t\t\t\t<div class=\"elementor-widget-container\">\n\t\t\t\t\t<div class=\"elementor-image-box-wrapper\"><figure class=\"elementor-image-box-img\"><a href=\"https:\/\/riin.eu\/de\/website-wartung\/\" tabindex=\"-1\"><img loading=\"lazy\" decoding=\"async\" width=\"75\" height=\"75\" src=\"https:\/\/riin.eu\/wp-content\/uploads\/2016\/09\/setting2.png\" class=\"attachment-full size-full wp-image-12714\" alt=\"Riin.eu Website-Wartung, Webseiten-Pflege\" \/><\/a><\/figure><div class=\"elementor-image-box-content\"><h3 class=\"elementor-image-box-title\"><a href=\"https:\/\/riin.eu\/de\/website-wartung\/\">Website-Wartung<\/a><\/h3><p class=\"elementor-image-box-description\">Ich erstelle und verwalte Websites mit dem WordPress-Content-Management-System. Eine gut funktionierende Website ist f\u00fcr ein Unternehmen nicht nur eine Visitenkarte, sondern ein ernstzunehmender Vertriebskanal. <\/p><\/div><\/div>\t\t\t\t<\/div>\n\t\t\t\t<\/div>\n\t\t\t\t\t<\/div>\n\t\t<\/div>\n\t\t\t\t<div class=\"elementor-column elementor-col-33 elementor-inner-column elementor-element elementor-element-3043cb6c\" data-id=\"3043cb6c\" data-element_type=\"column\" data-e-type=\"column\">\n\t\t\t<div class=\"elementor-widget-wrap elementor-element-populated\">\n\t\t\t\t\t\t<div class=\"elementor-element elementor-element-1f7ac308 elementor-position-top elementor-invisible elementor-widget elementor-widget-image-box\" data-id=\"1f7ac308\" data-element_type=\"widget\" data-e-type=\"widget\" data-settings=\"{&quot;_animation&quot;:&quot;fadeIn&quot;,&quot;_animation_delay&quot;:0.3}\" data-widget_type=\"image-box.default\">\n\t\t\t\t<div class=\"elementor-widget-container\">\n\t\t\t\t\t<div class=\"elementor-image-box-wrapper\"><figure class=\"elementor-image-box-img\"><a href=\"https:\/\/riin.eu\/de\/website\/\" tabindex=\"-1\"><img loading=\"lazy\" decoding=\"async\" width=\"75\" height=\"75\" src=\"https:\/\/riin.eu\/wp-content\/uploads\/2016\/09\/monitor.png\" class=\"attachment-full size-full wp-image-12715\" alt=\"Riin.eu Websites E-Shop Website-Erstellung\" \/><\/a><\/figure><div class=\"elementor-image-box-content\"><h3 class=\"elementor-image-box-title\"><a href=\"https:\/\/riin.eu\/de\/website\/\">Website<\/a><\/h3><p class=\"elementor-image-box-description\">Responsive Websites, die sich an das jeweilige Ger\u00e4t anpassen und den Kunden vom ersten Augenblick an ansprechen. Website-Erstellung mit dem beliebtesten CMS \u2013 WordPress.  <\/p><\/div><\/div>\t\t\t\t<\/div>\n\t\t\t\t<\/div>\n\t\t\t\t\t<\/div>\n\t\t<\/div>\n\t\t\t\t<div class=\"elementor-column elementor-col-33 elementor-inner-column elementor-element elementor-element-23c613a1\" data-id=\"23c613a1\" data-element_type=\"column\" data-e-type=\"column\">\n\t\t\t<div class=\"elementor-widget-wrap elementor-element-populated\">\n\t\t\t\t\t\t<div class=\"elementor-element elementor-element-52fec9bc elementor-position-top elementor-invisible elementor-widget elementor-widget-image-box\" data-id=\"52fec9bc\" data-element_type=\"widget\" data-e-type=\"widget\" data-settings=\"{&quot;_animation&quot;:&quot;fadeIn&quot;,&quot;_animation_delay&quot;:0.3}\" data-widget_type=\"image-box.default\">\n\t\t\t\t<div class=\"elementor-widget-container\">\n\t\t\t\t\t<div class=\"elementor-image-box-wrapper\"><figure class=\"elementor-image-box-img\"><a href=\"https:\/\/riin.eu\/de\/e-shop\/\" tabindex=\"-1\"><img loading=\"lazy\" decoding=\"async\" width=\"900\" height=\"900\" src=\"https:\/\/riin.eu\/wp-content\/uploads\/2020\/12\/Untitled-design.jpg\" class=\"attachment-full size-full wp-image-12716\" alt=\"E-Shop, E-Shop-Erstellung\" srcset=\"https:\/\/riin.eu\/wp-content\/uploads\/2020\/12\/Untitled-design.jpg 900w, https:\/\/riin.eu\/wp-content\/uploads\/2020\/12\/Untitled-design-400x400.jpg 400w, https:\/\/riin.eu\/wp-content\/uploads\/2020\/12\/Untitled-design-150x150.webp 150w, https:\/\/riin.eu\/wp-content\/uploads\/2020\/12\/Untitled-design-768x768.jpg 768w, https:\/\/riin.eu\/wp-content\/uploads\/2020\/12\/elementor\/thumbs\/Untitled-design-p0hvnw70nubdxab2j2jq3uroqor6n1uaux33j1hr84.jpg 322w\" sizes=\"(max-width: 900px) 100vw, 900px\" \/><\/a><\/figure><div class=\"elementor-image-box-content\"><h3 class=\"elementor-image-box-title\"><a href=\"https:\/\/riin.eu\/de\/e-shop\/\">E-Shop<\/a><\/h3><p class=\"elementor-image-box-description\">Die Erstellung eines E-Shops ist eine hervorragende M\u00f6glichkeit, Ihre Gesch\u00e4ftschancen zu verbessern. Ich erstelle einen E-Shop, in dem sowohl virtuelle als auch physische Produkte verkauft werden k\u00f6nnen. <\/p><\/div><\/div>\t\t\t\t<\/div>\n\t\t\t\t<\/div>\n\t\t\t\t\t<\/div>\n\t\t<\/div>\n\t\t\t\t\t<\/div>\n\t\t<\/section>\n\t\t\t\t<section class=\"elementor-section elementor-inner-section elementor-element elementor-element-77cec058 elementor-section-height-min-height elementor-section-content-middle elementor-section-boxed elementor-section-height-default\" data-id=\"77cec058\" data-element_type=\"section\" data-e-type=\"section\">\n\t\t\t\t\t\t<div class=\"elementor-container elementor-column-gap-default\">\n\t\t\t\t\t<div class=\"elementor-column elementor-col-100 elementor-inner-column elementor-element elementor-element-4a27de96\" data-id=\"4a27de96\" data-element_type=\"column\" data-e-type=\"column\">\n\t\t\t<div class=\"elementor-widget-wrap elementor-element-populated\">\n\t\t\t\t\t\t<div class=\"elementor-element elementor-element-1edd6f3f elementor-position-top elementor-invisible elementor-widget elementor-widget-image-box\" data-id=\"1edd6f3f\" data-element_type=\"widget\" data-e-type=\"widget\" data-settings=\"{&quot;_animation&quot;:&quot;fadeIn&quot;,&quot;_animation_delay&quot;:0.3}\" data-widget_type=\"image-box.default\">\n\t\t\t\t<div class=\"elementor-widget-container\">\n\t\t\t\t\t<div class=\"elementor-image-box-wrapper\"><figure class=\"elementor-image-box-img\"><a href=\"https:\/\/riin.eu\/de\/kontakt\/\" tabindex=\"-1\"><img loading=\"lazy\" decoding=\"async\" width=\"75\" height=\"75\" src=\"https:\/\/riin.eu\/wp-content\/uploads\/2016\/09\/email.png\" class=\"attachment-full size-full wp-image-12717\" alt=\"Riin.eu Newsletter\" \/><\/a><\/figure><div class=\"elementor-image-box-content\"><h3 class=\"elementor-image-box-title\"><a href=\"https:\/\/riin.eu\/de\/kontakt\/\">Web-Dienstleistung, die nicht in dieser Liste aufgef\u00fchrt ist<\/a><\/h3><p class=\"elementor-image-box-description\">Ich bin immer bereit f\u00fcr neue Herausforderungen und freue mich daher auf Ihre Anfrage.\n\n<br><br>Schreiben Sie an riin@riin.eu <\/p><\/div><\/div>\t\t\t\t<\/div>\n\t\t\t\t<\/div>\n\t\t\t\t\t<\/div>\n\t\t<\/div>\n\t\t\t\t\t<\/div>\n\t\t<\/section>\n\t\t\t\t\t<\/div>\n\t\t<\/div>\n\t\t\t\t\t<\/div>\n\t\t<\/section>\n\t\t\t\t<\/div>\n\t\t","protected":false},"excerpt":{"rendered":"<p>Dienstleistungen Chatbot f\u00fcr Website oder E-Shop Chatbots sind gekommen, um zu bleiben! Ich erstelle einen Chatbot, der den m\u00fchsamen, aber notwendigen Kundenservice \u00fcbernimmt, Marketingbotschaften an Besucher \u00fcbermittelt oder \u00fcber spezifische Themen informiert. Die M\u00f6glichkeiten sind vielf\u00e4ltig! E-Mail-Kampagnen und Automatisierungen E-Mails sind das Fundament f\u00fcr Vertrieb und Kundenbeziehungen. Ich erstelle ein System, das die richtigen Nachrichten [&hellip;]<\/p>\n","protected":false},"author":1,"featured_media":0,"parent":0,"menu_order":0,"comment_status":"closed","ping_status":"closed","template":"","meta":{"footnotes":""},"class_list":["post-12710","page","type-page","status-publish","hentry"],"astra-portfolio-type":null,"astra-site-call-to-action":null,"_links":{"self":[{"href":"https:\/\/riin.eu\/de\/wp-json\/wp\/v2\/pages\/12710","targetHints":{"allow":["GET"]}}],"collection":[{"href":"https:\/\/riin.eu\/de\/wp-json\/wp\/v2\/pages"}],"about":[{"href":"https:\/\/riin.eu\/de\/wp-json\/wp\/v2\/types\/page"}],"author":[{"embeddable":true,"href":"https:\/\/riin.eu\/de\/wp-json\/wp\/v2\/users\/1"}],"replies":[{"embeddable":true,"href":"https:\/\/riin.eu\/de\/wp-json\/wp\/v2\/comments?post=12710"}],"version-history":[{"count":3,"href":"https:\/\/riin.eu\/de\/wp-json\/wp\/v2\/pages\/12710\/revisions"}],"predecessor-version":[{"id":13064,"href":"https:\/\/riin.eu\/de\/wp-json\/wp\/v2\/pages\/12710\/revisions\/13064"}],"wp:attachment":[{"href":"https:\/\/riin.eu\/de\/wp-json\/wp\/v2\/media?parent=12710"}],"curies":[{"name":"wp","href":"https:\/\/api.w.org\/{rel}","templated":true}]}}