{"id":12699,"date":"2017-01-18T21:58:31","date_gmt":"2017-01-18T19:58:31","guid":{"rendered":"https:\/\/riin.eu\/facebook-werbung\/"},"modified":"2026-04-25T12:39:54","modified_gmt":"2026-04-25T09:39:54","slug":"facebook-werbung","status":"publish","type":"page","link":"https:\/\/riin.eu\/de\/facebook-werbung\/","title":{"rendered":"Facebook-Werbung"},"content":{"rendered":"\t\t<div data-elementor-type=\"wp-page\" data-elementor-id=\"12699\" class=\"elementor elementor-12699 elementor-3242\" data-elementor-post-type=\"page\">\n\t\t\t\t\t\t<section class=\"elementor-section elementor-top-section elementor-element elementor-element-1cd9ed0 elementor-section-content-middle elementor-section-boxed elementor-section-height-default elementor-section-height-default\" data-id=\"1cd9ed0\" data-element_type=\"section\" data-e-type=\"section\">\n\t\t\t\t\t\t<div class=\"elementor-container elementor-column-gap-default\">\n\t\t\t\t\t<div class=\"elementor-column elementor-col-66 elementor-top-column elementor-element elementor-element-54ec52d0\" data-id=\"54ec52d0\" data-element_type=\"column\" data-e-type=\"column\">\n\t\t\t<div class=\"elementor-widget-wrap elementor-element-populated\">\n\t\t\t\t\t\t<div class=\"elementor-element elementor-element-fbd9afe elementor-widget elementor-widget-heading\" data-id=\"fbd9afe\" data-element_type=\"widget\" data-e-type=\"widget\" data-widget_type=\"heading.default\">\n\t\t\t\t<div class=\"elementor-widget-container\">\n\t\t\t\t\t<h1 class=\"elementor-heading-title elementor-size-default\">Facebook-Werbung<\/h1>\t\t\t\t<\/div>\n\t\t\t\t<\/div>\n\t\t\t\t<div class=\"elementor-element elementor-element-61b9cfee elementor-widget elementor-widget-text-editor\" data-id=\"61b9cfee\" data-element_type=\"widget\" data-e-type=\"widget\" data-widget_type=\"text-editor.default\">\n\t\t\t\t<div class=\"elementor-widget-container\">\n\t\t\t\t\t\t\t\t\tIch erstelle f\u00fcr Ihr Unternehmen Facebook- und Instagram-Anzeigen, die auffallen und auf eine pr\u00e4zise definierte Zielgruppe ausgerichtet sind. Facebook-Anzeigen erreichen Menschen, die sie sehen wollen und m\u00fcssen! Ich helfe Ihnen bei der Erstellung von Facebook-Anzeigen unter Ber\u00fccksichtigung demografischer Daten wie Alter und Standort. Dar\u00fcber hinaus kann die Zielgruppe basierend auf ihrem Verhalten, ihren Interessen, ihrem Arbeitsplatz usw. ausgew\u00e4hlt werden. Die Anzeigen passen sich an verschiedene Ger\u00e4tegr\u00f6\u00dfen an. Ich unterst\u00fctze Ihr Unternehmen bei der Erstellung von Anzeigen mit Text-, Bild- und Videomaterial. Sowohl w\u00e4hrend als auch am Ende der Kampagne k\u00f6nnen Berichte erstellt und die Ergebnisse der Anzeigen eingesehen werden. Durch Analysen k\u00f6nnen zuk\u00fcnftige Werbekampagnen noch profitabler gestaltet werden. Facebook-Anzeigen werden zu einem Teil des <a href=\"https:\/\/riin.eu\/teenused\/sotsiaalmeedia-haldamine\/\">Social-Media-Management-Services<\/a> und unterst\u00fctzen sich gegenseitig sehr erfolgreich.       \t\t\t\t\t\t\t\t<\/div>\n\t\t\t\t<\/div>\n\t\t\t\t\t<\/div>\n\t\t<\/div>\n\t\t\t\t<div class=\"elementor-column elementor-col-33 elementor-top-column elementor-element elementor-element-a432a39\" data-id=\"a432a39\" data-element_type=\"column\" data-e-type=\"column\">\n\t\t\t<div class=\"elementor-widget-wrap elementor-element-populated\">\n\t\t\t\t\t\t<div class=\"elementor-element elementor-element-d5c0acf elementor-widget elementor-widget-image\" data-id=\"d5c0acf\" data-element_type=\"widget\" data-e-type=\"widget\" data-widget_type=\"image.default\">\n\t\t\t\t<div class=\"elementor-widget-container\">\n\t\t\t\t\t\t\t\t\t\t\t\t\t\t\t<img fetchpriority=\"high\" decoding=\"async\" width=\"900\" height=\"900\" src=\"https:\/\/riin.eu\/wp-content\/uploads\/2020\/04\/Untitled-design.webp\" class=\"attachment-full size-full wp-image-12700\" alt=\"\" srcset=\"https:\/\/riin.eu\/wp-content\/uploads\/2020\/04\/Untitled-design.webp 900w, https:\/\/riin.eu\/wp-content\/uploads\/2020\/04\/Untitled-design-400x400.jpg 400w, https:\/\/riin.eu\/wp-content\/uploads\/2020\/04\/Untitled-design-150x150.jpg 150w, https:\/\/riin.eu\/wp-content\/uploads\/2020\/04\/Untitled-design-768x768.webp 768w\" sizes=\"(max-width: 900px) 100vw, 900px\" \/>\t\t\t\t\t\t\t\t\t\t\t\t\t\t\t<\/div>\n\t\t\t\t<\/div>\n\t\t\t\t\t<\/div>\n\t\t<\/div>\n\t\t\t\t\t<\/div>\n\t\t<\/section>\n\t\t\t\t<section class=\"elementor-section elementor-top-section elementor-element elementor-element-1dbdf27 elementor-section-boxed elementor-section-height-default elementor-section-height-default\" data-id=\"1dbdf27\" data-element_type=\"section\" data-e-type=\"section\" data-settings=\"{&quot;background_background&quot;:&quot;classic&quot;}\">\n\t\t\t\t\t\t<div class=\"elementor-container elementor-column-gap-default\">\n\t\t\t\t\t<div class=\"elementor-column elementor-col-100 elementor-top-column elementor-element elementor-element-2310c0f\" data-id=\"2310c0f\" data-element_type=\"column\" data-e-type=\"column\">\n\t\t\t<div class=\"elementor-widget-wrap elementor-element-populated\">\n\t\t\t\t\t\t<div class=\"elementor-element elementor-element-b35ca8a elementor-widget elementor-widget-global elementor-global-13631 elementor-global-6019 elementor-widget-text-editor\" data-id=\"b35ca8a\" data-element_type=\"widget\" data-e-type=\"widget\" data-widget_type=\"text-editor.default\">\n\t\t\t\t<div class=\"elementor-widget-container\">\n\t\t\t\t\t\t\t\t\t<p>Vielen Dank f\u00fcr Ihr Interesse \u2013 momentan nehme ich keine neuen Kunden f\u00fcr das Social Media Management an! Kontaktieren Sie mich bitte, wenn Sie Hilfe bei der <a href=\"https:\/\/riin.eu\/de\/e-shop\/\">Erstellung eines E-Shops<\/a> oder bei dessen <a href=\"https:\/\/riin.eu\/de\/website-wartung\/\">Verwaltung<\/a> ben\u00f6tigen. <\/p>\t\t\t\t\t\t\t\t<\/div>\n\t\t\t\t<\/div>\n\t\t\t\t\t<\/div>\n\t\t<\/div>\n\t\t\t\t\t<\/div>\n\t\t<\/section>\n\t\t\t\t<section class=\"elementor-section elementor-top-section elementor-element elementor-element-6a15def elementor-section-boxed elementor-section-height-default elementor-section-height-default\" data-id=\"6a15def\" data-element_type=\"section\" data-e-type=\"section\" data-settings=\"{&quot;background_background&quot;:&quot;classic&quot;}\">\n\t\t\t\t\t\t<div class=\"elementor-container elementor-column-gap-default\">\n\t\t\t\t\t<div class=\"elementor-column elementor-col-100 elementor-top-column elementor-element elementor-element-16e1acf\" data-id=\"16e1acf\" data-element_type=\"column\" data-e-type=\"column\">\n\t\t\t<div class=\"elementor-widget-wrap elementor-element-populated\">\n\t\t\t\t\t\t<div class=\"elementor-element elementor-element-77f262e elementor-widget elementor-widget-heading\" data-id=\"77f262e\" data-element_type=\"widget\" data-e-type=\"widget\" data-widget_type=\"heading.default\">\n\t\t\t\t<div class=\"elementor-widget-container\">\n\t\t\t\t\t<h2 class=\"elementor-heading-title elementor-size-default\">Wie es funktioniert<\/h2>\t\t\t\t<\/div>\n\t\t\t\t<\/div>\n\t\t\t\t<div class=\"elementor-element elementor-element-453fd71 elementor-widget elementor-widget-spacer\" data-id=\"453fd71\" data-element_type=\"widget\" data-e-type=\"widget\" data-widget_type=\"spacer.default\">\n\t\t\t\t<div class=\"elementor-widget-container\">\n\t\t\t\t\t\t\t<div class=\"elementor-spacer\">\n\t\t\t<div class=\"elementor-spacer-inner\"><\/div>\n\t\t<\/div>\n\t\t\t\t\t\t<\/div>\n\t\t\t\t<\/div>\n\t\t\t\t<section class=\"elementor-section elementor-inner-section elementor-element elementor-element-3a5d108 elementor-section-boxed elementor-section-height-default elementor-section-height-default\" data-id=\"3a5d108\" data-element_type=\"section\" data-e-type=\"section\">\n\t\t\t\t\t\t<div class=\"elementor-container elementor-column-gap-default\">\n\t\t\t\t\t<div class=\"elementor-column elementor-col-25 elementor-inner-column elementor-element elementor-element-16f5967\" data-id=\"16f5967\" data-element_type=\"column\" data-e-type=\"column\">\n\t\t\t<div class=\"elementor-widget-wrap elementor-element-populated\">\n\t\t\t\t\t\t<div class=\"elementor-element elementor-element-1bf7de4 elementor-widget elementor-widget-heading\" data-id=\"1bf7de4\" data-element_type=\"widget\" data-e-type=\"widget\" data-widget_type=\"heading.default\">\n\t\t\t\t<div class=\"elementor-widget-container\">\n\t\t\t\t\t<h3 class=\"elementor-heading-title elementor-size-default\">1. Legen Sie ein Ziel f\u00fcr die Anzeige fest!<\/h3>\t\t\t\t<\/div>\n\t\t\t\t<\/div>\n\t\t\t\t<div class=\"elementor-element elementor-element-4e4b342 elementor-widget elementor-widget-text-editor\" data-id=\"4e4b342\" data-element_type=\"widget\" data-e-type=\"widget\" data-widget_type=\"text-editor.default\">\n\t\t\t\t<div class=\"elementor-widget-container\">\n\t\t\t\t\t\t\t\t\t<p>Facebook bietet hervorragende M\u00f6glichkeiten, die Sichtbarkeit Ihres Unternehmens durch Anzeigen zu erh\u00f6hen \u2013 sei es durch die Steigerung der Markenbekanntheit, die Leitung von Kunden auf Ihre Website, die Vorstellung eines Produkts oder einer Dienstleistung oder \u00c4hnliches.<\/p>\t\t\t\t\t\t\t\t<\/div>\n\t\t\t\t<\/div>\n\t\t\t\t\t<\/div>\n\t\t<\/div>\n\t\t\t\t<div class=\"elementor-column elementor-col-25 elementor-inner-column elementor-element elementor-element-6e293ad\" data-id=\"6e293ad\" data-element_type=\"column\" data-e-type=\"column\">\n\t\t\t<div class=\"elementor-widget-wrap elementor-element-populated\">\n\t\t\t\t\t\t<div class=\"elementor-element elementor-element-e67cb72 elementor-widget elementor-widget-heading\" data-id=\"e67cb72\" data-element_type=\"widget\" data-e-type=\"widget\" data-widget_type=\"heading.default\">\n\t\t\t\t<div class=\"elementor-widget-container\">\n\t\t\t\t\t<h3 class=\"elementor-heading-title elementor-size-default\">2. W\u00e4hlen Sie die Zielgruppe aus<\/h3>\t\t\t\t<\/div>\n\t\t\t\t<\/div>\n\t\t\t\t<div class=\"elementor-element elementor-element-cea2f68 elementor-widget elementor-widget-text-editor\" data-id=\"cea2f68\" data-element_type=\"widget\" data-e-type=\"widget\" data-widget_type=\"text-editor.default\">\n\t\t\t\t<div class=\"elementor-widget-container\">\n\t\t\t\t\t\t\t\t\t<p>Bei Werbung auf Facebook k\u00f6nnen Sie sehr genau festlegen, welcher Person die Anzeige gezeigt werden soll. Auf diese Weise geben Sie weniger Geld aus und nur diejenigen erhalten Informationen \u00fcber Ihr Unternehmen, die diese auch wirklich sehen wollen. Die Zielgruppe kann sowohl nach demografischen Daten als auch nach Interessen, Beruf und anderen mit \u201eGef\u00e4llt mir\u201c markierten Seiten bestimmt werden.  <\/p>\t\t\t\t\t\t\t\t<\/div>\n\t\t\t\t<\/div>\n\t\t\t\t\t<\/div>\n\t\t<\/div>\n\t\t\t\t<div class=\"elementor-column elementor-col-25 elementor-inner-column elementor-element elementor-element-c15aa26\" data-id=\"c15aa26\" data-element_type=\"column\" data-e-type=\"column\">\n\t\t\t<div class=\"elementor-widget-wrap elementor-element-populated\">\n\t\t\t\t\t\t<div class=\"elementor-element elementor-element-c83dd26 elementor-widget elementor-widget-heading\" data-id=\"c83dd26\" data-element_type=\"widget\" data-e-type=\"widget\" data-widget_type=\"heading.default\">\n\t\t\t\t<div class=\"elementor-widget-container\">\n\t\t\t\t\t<h3 class=\"elementor-heading-title elementor-size-default\">3. Richten Sie Anzeigen an bestehende Kunden<\/h3>\t\t\t\t<\/div>\n\t\t\t\t<\/div>\n\t\t\t\t<div class=\"elementor-element elementor-element-6a0c0ec elementor-widget elementor-widget-text-editor\" data-id=\"6a0c0ec\" data-element_type=\"widget\" data-e-type=\"widget\" data-widget_type=\"text-editor.default\">\n\t\t\t\t<div class=\"elementor-widget-container\">\n\t\t\t\t\t\t\t\t\t<p>Facebook bietet die M\u00f6glichkeit, Anzeigen gezielt an Kunden zu richten, die bereits einen Kauf get\u00e4tigt oder die Website besucht haben. Sie k\u00f6nnen Ihre Unternehmensdaten (z. B. E-Mail oder Telefonnummer) mit denen von Facebook abgleichen. Dies ist eine gute Gelegenheit, sich bei Ihren Kunden in Erinnerung zu rufen und sie zum erneuten Kauf zu bewegen.  <\/p>\t\t\t\t\t\t\t\t<\/div>\n\t\t\t\t<\/div>\n\t\t\t\t\t<\/div>\n\t\t<\/div>\n\t\t\t\t<div class=\"elementor-column elementor-col-25 elementor-inner-column elementor-element elementor-element-2b7608d\" data-id=\"2b7608d\" data-element_type=\"column\" data-e-type=\"column\">\n\t\t\t<div class=\"elementor-widget-wrap elementor-element-populated\">\n\t\t\t\t\t\t<div class=\"elementor-element elementor-element-660d86c elementor-widget elementor-widget-heading\" data-id=\"660d86c\" data-element_type=\"widget\" data-e-type=\"widget\" data-widget_type=\"heading.default\">\n\t\t\t\t<div class=\"elementor-widget-container\">\n\t\t\t\t\t<h3 class=\"elementor-heading-title elementor-size-default\">4. Werben Sie regelm\u00e4\u00dfig<\/h3>\t\t\t\t<\/div>\n\t\t\t\t<\/div>\n\t\t\t\t<div class=\"elementor-element elementor-element-aea29fc elementor-widget elementor-widget-text-editor\" data-id=\"aea29fc\" data-element_type=\"widget\" data-e-type=\"widget\" data-widget_type=\"text-editor.default\">\n\t\t\t\t<div class=\"elementor-widget-container\">\n\t\t\t\t\t\t\t\t\t<p>Um die Sichtbarkeit Ihres Unternehmens zu erh\u00f6hen, lohnt es sich definitiv, regelm\u00e4\u00dfig zu werben. Schalten Sie regelm\u00e4\u00dfig Sonderangebote, zeigen Sie Blogbeitr\u00e4ge oder stellen Sie Ihr Unternehmen vor! Die M\u00f6glichkeiten sind unbegrenzt, pr\u00e4zise ausgerichtet und bieten ein sehr gutes Preis-Leistungs-Verh\u00e4ltnis.  <\/p>\t\t\t\t\t\t\t\t<\/div>\n\t\t\t\t<\/div>\n\t\t\t\t\t<\/div>\n\t\t<\/div>\n\t\t\t\t\t<\/div>\n\t\t<\/section>\n\t\t\t\t\t<\/div>\n\t\t<\/div>\n\t\t\t\t\t<\/div>\n\t\t<\/section>\n\t\t\t\t<section class=\"elementor-section elementor-top-section elementor-element elementor-element-31a07e1 elementor-section-content-middle elementor-section-boxed elementor-section-height-default elementor-section-height-default\" data-id=\"31a07e1\" data-element_type=\"section\" data-e-type=\"section\">\n\t\t\t\t\t\t<div class=\"elementor-container elementor-column-gap-default\">\n\t\t\t\t\t<div class=\"elementor-column elementor-col-50 elementor-top-column elementor-element elementor-element-cc190f6\" data-id=\"cc190f6\" data-element_type=\"column\" data-e-type=\"column\">\n\t\t\t<div class=\"elementor-widget-wrap elementor-element-populated\">\n\t\t\t\t\t\t<div class=\"elementor-element elementor-element-34be25f elementor-widget elementor-widget-text-editor\" data-id=\"34be25f\" data-element_type=\"widget\" data-e-type=\"widget\" data-widget_type=\"text-editor.default\">\n\t\t\t\t<div class=\"elementor-widget-container\">\n\t\t\t\t\t\t\t\t\t<div class=\"fw-heading fw-heading-left tf-sh-615530d3c9d6bcd566185c8eb6afdafc\"><h2 class=\"fw-special-title\">Werbung auf Facebook \u2026<\/h2><\/div><div class=\"fw-text-box tf-sh-40b6d487caca97f669c7bfcdaf7a0b01 \"><div class=\"fw-text-inner\"><p>\u2713 bietet die M\u00f6glichkeit, sich sowohl bestehenden als auch potenziellen Kunden zu pr\u00e4sentieren<br>\u2713 hilft dabei, Werbung auf eine genau definierte Zielgruppe auszurichten<br>\u2713 ist ein kosteng\u00fcnstiger und zugleich sehr erfolgreicher Werbekanal<br>\u2713 bietet die M\u00f6glichkeit, Kampagnen mit unterschiedlichen Inhalten zu erstellen<br>\u2713 kann als preiswerter Informationskanal genutzt werden<\/p><\/div><\/div>\t\t\t\t\t\t\t\t<\/div>\n\t\t\t\t<\/div>\n\t\t\t\t\t<\/div>\n\t\t<\/div>\n\t\t\t\t<div class=\"elementor-column elementor-col-50 elementor-top-column elementor-element elementor-element-071029f\" data-id=\"071029f\" data-element_type=\"column\" data-e-type=\"column\">\n\t\t\t<div class=\"elementor-widget-wrap elementor-element-populated\">\n\t\t\t\t\t\t<div class=\"elementor-element elementor-element-c68fa5e elementor-align-center elementor-widget elementor-widget-global elementor-global-13513 elementor-global-4867 elementor-widget-button\" data-id=\"c68fa5e\" data-element_type=\"widget\" data-e-type=\"widget\" data-widget_type=\"button.default\">\n\t\t\t\t<div class=\"elementor-widget-container\">\n\t\t\t\t\t\t\t\t\t<div class=\"elementor-button-wrapper\">\n\t\t\t\t\t<a class=\"elementor-button elementor-button-link elementor-size-md\" href=\"https:\/\/riin.eu\/tehtud\/\">\n\t\t\t\t\t\t<span class=\"elementor-button-content-wrapper\">\n\t\t\t\t\t\t\t\t\t<span class=\"elementor-button-text\">Portfolio ansehen<\/span>\n\t\t\t\t\t<\/span>\n\t\t\t\t\t<\/a>\n\t\t\t\t<\/div>\n\t\t\t\t\t\t\t\t<\/div>\n\t\t\t\t<\/div>\n\t\t\t\t<div class=\"elementor-element elementor-element-d129d44 elementor-align-center elementor-widget elementor-widget-global elementor-global-13505 elementor-global-4870 elementor-widget-button\" data-id=\"d129d44\" data-element_type=\"widget\" data-e-type=\"widget\" data-widget_type=\"button.default\">\n\t\t\t\t<div class=\"elementor-widget-container\">\n\t\t\t\t\t\t\t\t\t<div class=\"elementor-button-wrapper\">\n\t\t\t\t\t<a class=\"elementor-button elementor-button-link elementor-size-md\" href=\"https:\/\/riin.eu\/de\/kontakt\/\">\n\t\t\t\t\t\t<span class=\"elementor-button-content-wrapper\">\n\t\t\t\t\t\t\t\t\t<span class=\"elementor-button-text\">Kontakt aufnehmen<\/span>\n\t\t\t\t\t<\/span>\n\t\t\t\t\t<\/a>\n\t\t\t\t<\/div>\n\t\t\t\t\t\t\t\t<\/div>\n\t\t\t\t<\/div>\n\t\t\t\t\t<\/div>\n\t\t<\/div>\n\t\t\t\t\t<\/div>\n\t\t<\/section>\n\t\t\t\t<\/div>\n\t\t","protected":false},"excerpt":{"rendered":"<p>Ich erstelle f\u00fcr Ihr Unternehmen Facebook- und Instagram-Anzeigen, die auffallen und auf eine pr\u00e4zise definierte Zielgruppe ausgerichtet sind. Facebook-Anzeigen erreichen Menschen, die sie sehen wollen und m\u00fcssen! Ich helfe Ihnen bei der Erstellung von Facebook-Anzeigen unter Ber\u00fccksichtigung demografischer Daten wie Alter und Standort. Dar\u00fcber hinaus kann die Zielgruppe basierend auf ihrem Verhalten, ihren Interessen, ihrem [&hellip;]<\/p>\n","protected":false},"author":1,"featured_media":0,"parent":0,"menu_order":0,"comment_status":"closed","ping_status":"closed","template":"","meta":{"footnotes":""},"class_list":["post-12699","page","type-page","status-publish","hentry"],"astra-portfolio-type":null,"astra-site-call-to-action":null,"_links":{"self":[{"href":"https:\/\/riin.eu\/de\/wp-json\/wp\/v2\/pages\/12699","targetHints":{"allow":["GET"]}}],"collection":[{"href":"https:\/\/riin.eu\/de\/wp-json\/wp\/v2\/pages"}],"about":[{"href":"https:\/\/riin.eu\/de\/wp-json\/wp\/v2\/types\/page"}],"author":[{"embeddable":true,"href":"https:\/\/riin.eu\/de\/wp-json\/wp\/v2\/users\/1"}],"replies":[{"embeddable":true,"href":"https:\/\/riin.eu\/de\/wp-json\/wp\/v2\/comments?post=12699"}],"version-history":[{"count":3,"href":"https:\/\/riin.eu\/de\/wp-json\/wp\/v2\/pages\/12699\/revisions"}],"predecessor-version":[{"id":12741,"href":"https:\/\/riin.eu\/de\/wp-json\/wp\/v2\/pages\/12699\/revisions\/12741"}],"wp:attachment":[{"href":"https:\/\/riin.eu\/de\/wp-json\/wp\/v2\/media?parent=12699"}],"curies":[{"name":"wp","href":"https:\/\/api.w.org\/{rel}","templated":true}]}}